{"id":15625,"date":"2017-03-07T19:42:31","date_gmt":"2017-03-07T18:42:31","guid":{"rendered":"http:\/\/heisserhamster.de\/waermflasche\/?post_type=product&#038;p=15625"},"modified":"2025-11-19T16:35:26","modified_gmt":"2025-11-19T15:35:26","slug":"20-liter-waermflasche-mit-strickbezug-aus-baumwolle-maigruen","status":"publish","type":"product","link":"https:\/\/heisserhamster.de\/waermflasche\/produkt\/20-liter-waermflasche-mit-strickbezug-aus-baumwolle-maigruen\/","title":{"rendered":"2,0 Liter W\u00e4rmflasche mit Strickbezug aus Baumwolle &#8220;Maigr\u00fcn&#8221;"},"content":{"rendered":"<h4 class=\"bodytext\"><b>Wir verwenden nur hochwertige W\u00e4rmflaschen aus kontrollierter Produktion:<br \/>\n<\/b><\/h4>\n<h4><strong>\u00ae Naturgummi-W\u00e4rmflaschen<\/strong><br \/>\n<strong>aus Latex von FSC-zertifizierten W\u00e4ldern<\/strong><\/h4>\n<h4>Diese Naturgummi-W\u00e4rmflaschen werden produziert aus Naturlatex, welches in FSC zertifizierten<br \/>\nW\u00e4ldern gewonnen wird.<\/h4>\n<h4>Es sind weltweit die einzigen W\u00e4rmflaschen, die entsprechend der FSC-Richtlinien gefertigt werden!<\/h4>\n<h4>Dabei entspricht der technische Produktionsprozess und die eingehaltenen Standards den Regeln der T\u00dcV<br \/>\nBauart-Pr\u00fcfung.<\/h4>\n<h4>Weiche, hochwertige, waschbare Flauscbez\u00fcge in Velourqualit\u00e4t.<\/h4>\n<p>&nbsp;<\/p>\n<div class=\"addtoany_share_save_container addtoany_content_bottom\"><\/div>\n","protected":false},"excerpt":{"rendered":"<p>Wir verwenden nur hochwertige W\u00e4rmflaschen aus kontrollierter Produktion: \u00ae Naturgummi-W\u00e4rmflaschen aus Latex von FSC-zertifizierten W\u00e4ldern Diese Naturgummi-W\u00e4rmflaschen werden produziert aus Naturlatex, welches in FSC zertifizierten W\u00e4ldern gewonnen wird. Es sind weltweit die einzigen W\u00e4rmflaschen, die entsprechend der FSC-Richtlinien gefertigt werden! Dabei entspricht der technische Produktionsprozess und die eingehaltenen Standards den Regeln der T\u00dcV Bauart-Pr\u00fcfung. Weiche, hochwertige, waschbare Flauscbez\u00fcge in Velourqualit\u00e4t. [&hellip;]<\/p>\n","protected":false},"featured_media":31275,"template":"","meta":[],"product_brand":[],"product_cat":[102],"product_tag":[560,559],"class_list":{"0":"post-15625","1":"product","2":"type-product","3":"status-publish","4":"has-post-thumbnail","6":"product_cat-der-zoo","7":"product_tag-marktplatz","8":"product_tag-no-min-qty","10":"first","11":"instock","12":"taxable","13":"shipping-taxable","14":"purchasable","15":"product-type-simple"},"yoast_head":"<!-- This site is optimized with the Yoast SEO plugin v27.0 - https:\/\/yoast.com\/product\/yoast-seo-wordpress\/ -->\n<title>2,0 Liter W\u00e4rmflasche mit Strickbezug aus Baumwolle &quot;Maigr\u00fcn&quot; -<\/title>\n<meta name=\"robots\" content=\"index, follow, max-snippet:-1, max-image-preview:large, max-video-preview:-1\" \/>\n<link rel=\"canonical\" href=\"https:\/\/heisserhamster.de\/waermflasche\/produkt\/20-liter-waermflasche-mit-strickbezug-aus-baumwolle-maigruen\/\" \/>\n<meta property=\"og:locale\" content=\"de_DE\" \/>\n<meta property=\"og:type\" content=\"article\" \/>\n<meta property=\"og:title\" content=\"2,0 Liter W\u00e4rmflasche mit Strickbezug aus Baumwolle &quot;Maigr\u00fcn&quot; -\" \/>\n<meta property=\"og:description\" content=\"Wir verwenden nur hochwertige W\u00e4rmflaschen aus kontrollierter Produktion: \u00ae Naturgummi-W\u00e4rmflaschen aus Latex von FSC-zertifizierten W\u00e4ldern Diese Naturgummi-W\u00e4rmflaschen werden produziert aus Naturlatex, welches in FSC zertifizierten W\u00e4ldern gewonnen wird. Es sind weltweit die einzigen W\u00e4rmflaschen, die entsprechend der FSC-Richtlinien gefertigt werden! Dabei entspricht der technische Produktionsprozess und die eingehaltenen Standards den Regeln der T\u00dcV Bauart-Pr\u00fcfung. Weiche, hochwertige, waschbare Flauscbez\u00fcge in Velourqualit\u00e4t. [&hellip;]\" \/>\n<meta property=\"og:url\" content=\"https:\/\/heisserhamster.de\/waermflasche\/produkt\/20-liter-waermflasche-mit-strickbezug-aus-baumwolle-maigruen\/\" \/>\n<meta property=\"article:modified_time\" content=\"2025-11-19T15:35:26+00:00\" \/>\n<meta property=\"og:image\" content=\"https:\/\/heisserhamster.de\/waermflasche\/wp-content\/uploads\/2017\/03\/heisserhamster_hot-water-bottle-punktdesign-may-green.jpg\" \/>\n\t<meta property=\"og:image:width\" content=\"600\" \/>\n\t<meta property=\"og:image:height\" content=\"600\" \/>\n\t<meta property=\"og:image:type\" content=\"image\/jpeg\" \/>\n<meta name=\"twitter:card\" content=\"summary_large_image\" \/>\n<meta name=\"twitter:label1\" content=\"Gesch\u00e4tzte Lesezeit\" \/>\n\t<meta name=\"twitter:data1\" content=\"1\u00a0Minute\" \/>\n<script type=\"application\/ld+json\" class=\"yoast-schema-graph\">{\"@context\":\"https:\/\/schema.org\",\"@graph\":[{\"@type\":\"WebPage\",\"@id\":\"https:\/\/heisserhamster.de\/waermflasche\/produkt\/20-liter-waermflasche-mit-strickbezug-aus-baumwolle-maigruen\/\",\"url\":\"https:\/\/heisserhamster.de\/waermflasche\/produkt\/20-liter-waermflasche-mit-strickbezug-aus-baumwolle-maigruen\/\",\"name\":\"2,0 Liter W\u00e4rmflasche mit Strickbezug aus Baumwolle \\\"Maigr\u00fcn\\\" -\",\"isPartOf\":{\"@id\":\"https:\/\/heisserhamster.de\/waermflasche\/#website\"},\"primaryImageOfPage\":{\"@id\":\"https:\/\/heisserhamster.de\/waermflasche\/produkt\/20-liter-waermflasche-mit-strickbezug-aus-baumwolle-maigruen\/#primaryimage\"},\"image\":{\"@id\":\"https:\/\/heisserhamster.de\/waermflasche\/produkt\/20-liter-waermflasche-mit-strickbezug-aus-baumwolle-maigruen\/#primaryimage\"},\"thumbnailUrl\":\"https:\/\/heisserhamster.de\/waermflasche\/wp-content\/uploads\/2017\/03\/heisserhamster_hot-water-bottle-punktdesign-may-green.jpg\",\"datePublished\":\"2017-03-07T18:42:31+00:00\",\"dateModified\":\"2025-11-19T15:35:26+00:00\",\"breadcrumb\":{\"@id\":\"https:\/\/heisserhamster.de\/waermflasche\/produkt\/20-liter-waermflasche-mit-strickbezug-aus-baumwolle-maigruen\/#breadcrumb\"},\"inLanguage\":\"de\",\"potentialAction\":[{\"@type\":\"ReadAction\",\"target\":[\"https:\/\/heisserhamster.de\/waermflasche\/produkt\/20-liter-waermflasche-mit-strickbezug-aus-baumwolle-maigruen\/\"]}]},{\"@type\":\"ImageObject\",\"inLanguage\":\"de\",\"@id\":\"https:\/\/heisserhamster.de\/waermflasche\/produkt\/20-liter-waermflasche-mit-strickbezug-aus-baumwolle-maigruen\/#primaryimage\",\"url\":\"https:\/\/heisserhamster.de\/waermflasche\/wp-content\/uploads\/2017\/03\/heisserhamster_hot-water-bottle-punktdesign-may-green.jpg\",\"contentUrl\":\"https:\/\/heisserhamster.de\/waermflasche\/wp-content\/uploads\/2017\/03\/heisserhamster_hot-water-bottle-punktdesign-may-green.jpg\",\"width\":600,\"height\":600},{\"@type\":\"BreadcrumbList\",\"@id\":\"https:\/\/heisserhamster.de\/waermflasche\/produkt\/20-liter-waermflasche-mit-strickbezug-aus-baumwolle-maigruen\/#breadcrumb\",\"itemListElement\":[{\"@type\":\"ListItem\",\"position\":1,\"name\":\"Startseite\",\"item\":\"https:\/\/heisserhamster.de\/waermflasche\/\"},{\"@type\":\"ListItem\",\"position\":2,\"name\":\"Produkte\",\"item\":\"https:\/\/heisserhamster.de\/waermflasche\/shop\/\"},{\"@type\":\"ListItem\",\"position\":3,\"name\":\"2,0 Liter W\u00e4rmflasche mit Strickbezug aus Baumwolle &#8220;Maigr\u00fcn&#8221;\"}]},{\"@type\":\"WebSite\",\"@id\":\"https:\/\/heisserhamster.de\/waermflasche\/#website\",\"url\":\"https:\/\/heisserhamster.de\/waermflasche\/\",\"name\":\"\",\"description\":\"\",\"potentialAction\":[{\"@type\":\"SearchAction\",\"target\":{\"@type\":\"EntryPoint\",\"urlTemplate\":\"https:\/\/heisserhamster.de\/waermflasche\/?s={search_term_string}\"},\"query-input\":{\"@type\":\"PropertyValueSpecification\",\"valueRequired\":true,\"valueName\":\"search_term_string\"}}],\"inLanguage\":\"de\"}]}<\/script>\n<!-- \/ Yoast SEO plugin. -->","yoast_head_json":{"title":"2,0 Liter W\u00e4rmflasche mit Strickbezug aus Baumwolle \"Maigr\u00fcn\" -","robots":{"index":"index","follow":"follow","max-snippet":"max-snippet:-1","max-image-preview":"max-image-preview:large","max-video-preview":"max-video-preview:-1"},"canonical":"https:\/\/heisserhamster.de\/waermflasche\/produkt\/20-liter-waermflasche-mit-strickbezug-aus-baumwolle-maigruen\/","og_locale":"de_DE","og_type":"article","og_title":"2,0 Liter W\u00e4rmflasche mit Strickbezug aus Baumwolle \"Maigr\u00fcn\" -","og_description":"Wir verwenden nur hochwertige W\u00e4rmflaschen aus kontrollierter Produktion: \u00ae Naturgummi-W\u00e4rmflaschen aus Latex von FSC-zertifizierten W\u00e4ldern Diese Naturgummi-W\u00e4rmflaschen werden produziert aus Naturlatex, welches in FSC zertifizierten W\u00e4ldern gewonnen wird. Es sind weltweit die einzigen W\u00e4rmflaschen, die entsprechend der FSC-Richtlinien gefertigt werden! Dabei entspricht der technische Produktionsprozess und die eingehaltenen Standards den Regeln der T\u00dcV Bauart-Pr\u00fcfung. Weiche, hochwertige, waschbare Flauscbez\u00fcge in Velourqualit\u00e4t. [&hellip;]","og_url":"https:\/\/heisserhamster.de\/waermflasche\/produkt\/20-liter-waermflasche-mit-strickbezug-aus-baumwolle-maigruen\/","article_modified_time":"2025-11-19T15:35:26+00:00","og_image":[{"width":600,"height":600,"url":"https:\/\/heisserhamster.de\/waermflasche\/wp-content\/uploads\/2017\/03\/heisserhamster_hot-water-bottle-punktdesign-may-green.jpg","type":"image\/jpeg"}],"twitter_card":"summary_large_image","twitter_misc":{"Gesch\u00e4tzte Lesezeit":"1\u00a0Minute"},"schema":{"@context":"https:\/\/schema.org","@graph":[{"@type":"WebPage","@id":"https:\/\/heisserhamster.de\/waermflasche\/produkt\/20-liter-waermflasche-mit-strickbezug-aus-baumwolle-maigruen\/","url":"https:\/\/heisserhamster.de\/waermflasche\/produkt\/20-liter-waermflasche-mit-strickbezug-aus-baumwolle-maigruen\/","name":"2,0 Liter W\u00e4rmflasche mit Strickbezug aus Baumwolle \"Maigr\u00fcn\" -","isPartOf":{"@id":"https:\/\/heisserhamster.de\/waermflasche\/#website"},"primaryImageOfPage":{"@id":"https:\/\/heisserhamster.de\/waermflasche\/produkt\/20-liter-waermflasche-mit-strickbezug-aus-baumwolle-maigruen\/#primaryimage"},"image":{"@id":"https:\/\/heisserhamster.de\/waermflasche\/produkt\/20-liter-waermflasche-mit-strickbezug-aus-baumwolle-maigruen\/#primaryimage"},"thumbnailUrl":"https:\/\/heisserhamster.de\/waermflasche\/wp-content\/uploads\/2017\/03\/heisserhamster_hot-water-bottle-punktdesign-may-green.jpg","datePublished":"2017-03-07T18:42:31+00:00","dateModified":"2025-11-19T15:35:26+00:00","breadcrumb":{"@id":"https:\/\/heisserhamster.de\/waermflasche\/produkt\/20-liter-waermflasche-mit-strickbezug-aus-baumwolle-maigruen\/#breadcrumb"},"inLanguage":"de","potentialAction":[{"@type":"ReadAction","target":["https:\/\/heisserhamster.de\/waermflasche\/produkt\/20-liter-waermflasche-mit-strickbezug-aus-baumwolle-maigruen\/"]}]},{"@type":"ImageObject","inLanguage":"de","@id":"https:\/\/heisserhamster.de\/waermflasche\/produkt\/20-liter-waermflasche-mit-strickbezug-aus-baumwolle-maigruen\/#primaryimage","url":"https:\/\/heisserhamster.de\/waermflasche\/wp-content\/uploads\/2017\/03\/heisserhamster_hot-water-bottle-punktdesign-may-green.jpg","contentUrl":"https:\/\/heisserhamster.de\/waermflasche\/wp-content\/uploads\/2017\/03\/heisserhamster_hot-water-bottle-punktdesign-may-green.jpg","width":600,"height":600},{"@type":"BreadcrumbList","@id":"https:\/\/heisserhamster.de\/waermflasche\/produkt\/20-liter-waermflasche-mit-strickbezug-aus-baumwolle-maigruen\/#breadcrumb","itemListElement":[{"@type":"ListItem","position":1,"name":"Startseite","item":"https:\/\/heisserhamster.de\/waermflasche\/"},{"@type":"ListItem","position":2,"name":"Produkte","item":"https:\/\/heisserhamster.de\/waermflasche\/shop\/"},{"@type":"ListItem","position":3,"name":"2,0 Liter W\u00e4rmflasche mit Strickbezug aus Baumwolle &#8220;Maigr\u00fcn&#8221;"}]},{"@type":"WebSite","@id":"https:\/\/heisserhamster.de\/waermflasche\/#website","url":"https:\/\/heisserhamster.de\/waermflasche\/","name":"","description":"","potentialAction":[{"@type":"SearchAction","target":{"@type":"EntryPoint","urlTemplate":"https:\/\/heisserhamster.de\/waermflasche\/?s={search_term_string}"},"query-input":{"@type":"PropertyValueSpecification","valueRequired":true,"valueName":"search_term_string"}}],"inLanguage":"de"}]}},"_links":{"self":[{"href":"https:\/\/heisserhamster.de\/waermflasche\/wp-json\/wp\/v2\/product\/15625","targetHints":{"allow":["GET"]}}],"collection":[{"href":"https:\/\/heisserhamster.de\/waermflasche\/wp-json\/wp\/v2\/product"}],"about":[{"href":"https:\/\/heisserhamster.de\/waermflasche\/wp-json\/wp\/v2\/types\/product"}],"wp:featuredmedia":[{"embeddable":true,"href":"https:\/\/heisserhamster.de\/waermflasche\/wp-json\/wp\/v2\/media\/31275"}],"wp:attachment":[{"href":"https:\/\/heisserhamster.de\/waermflasche\/wp-json\/wp\/v2\/media?parent=15625"}],"wp:term":[{"taxonomy":"product_brand","embeddable":true,"href":"https:\/\/heisserhamster.de\/waermflasche\/wp-json\/wp\/v2\/product_brand?post=15625"},{"taxonomy":"product_cat","embeddable":true,"href":"https:\/\/heisserhamster.de\/waermflasche\/wp-json\/wp\/v2\/product_cat?post=15625"},{"taxonomy":"product_tag","embeddable":true,"href":"https:\/\/heisserhamster.de\/waermflasche\/wp-json\/wp\/v2\/product_tag?post=15625"}],"curies":[{"name":"wp","href":"https:\/\/api.w.org\/{rel}","templated":true}]}}