{"id":15337,"date":"2017-03-02T18:07:27","date_gmt":"2017-03-02T17:07:27","guid":{"rendered":"http:\/\/heisserhamster.de\/waermflasche\/?post_type=product&#038;p=15337"},"modified":"2025-11-12T10:42:15","modified_gmt":"2025-11-12T09:42:15","slug":"%e2%9d%a4-herzwaermflasche-aus-feinem-micro-fleece","status":"publish","type":"product","link":"https:\/\/heisserhamster.de\/waermflasche\/produkt\/%e2%9d%a4-herzwaermflasche-aus-feinem-micro-fleece\/","title":{"rendered":"\u2764 Herzw\u00e4rmflasche aus feinem Micro-Fleece"},"content":{"rendered":"<h4>Qualitativ hochwertige W\u00e4rmflasche in Herzform. Die W\u00e4rmflasche hat ein Fassungsverm\u00f6gen von 0,7 Liter und der Fleecebezug ist aus 100% Polyester in rot. Der Bezug ist nach \u00d6ko-Tex Standard 100 hergestellt und entspricht somit allen n\u00f6tigen Vorgaben f\u00fcr eine Schadstofffreie Herstellung. Die folgenden Merkmale sprechen f\u00fcr sich: 2 Jahre Garantie, mit fugenloser Verarbeitung im Flaschenhals, Material geruchsneutral und recyclingf\u00e4hig, nicht verblassende Farben, T\u00dcV gepr\u00fcft, entsprechen der British Standard Norm B.S. 1970:2012, schlanke Halsform mit extra gro\u00dfem Einf\u00fcllgewinde (29 mm), CE Auszeichnung als Medizinprodukt gem. Richtlinie \u00fcber Medizinprodukte (93\/42 EWG).<\/h4>\n<ul>\n<li>\n<h4>Fassungsverm\u00f6gen: 0,7 Liter<\/h4>\n<\/li>\n<li>\n<h4>Bezug: Micro-Fleece aus 100% Polyester<\/h4>\n<\/li>\n<li>\n<h4>Besonderheit: T\u00dcV gepr\u00fcft, Bezug nach \u00d6ko-Tex Standard 100<\/h4>\n<\/li>\n<li>\n<h4>Farbe: rot<\/h4>\n<\/li>\n<\/ul>\n","protected":false},"excerpt":{"rendered":"<h3 class=\"western\">F\u00fcge Text zu Deiner W\u00e4rmflasche hinzu:<\/h3>\n<ol>\n<li>Gib Deinen Wunschtext oben rechts im <strong>Textfeld<\/strong> ein und f\u00fcge ihn hinzu ( max. 5 Zeilen sonst wird die Stickerei zu klein )<strong><br \/>\n<\/strong><\/li>\n<li>Auf der W\u00e4rmflasche kannst Du die Farbe und Schriftart nach deinen W\u00fcnschen ausw\u00e4hlen und sofort sehen wie es aussieht.<\/li>\n<li>Passe sie durch Ziehen an die richtige Position bzw. durch das \u00c4ndern der Gr\u00f6\u00dfe Deinen W\u00fcnschen an.<\/li>\n<li>Die verf\u00fcgbare zu bestickende Fl\u00e4che ist ca. 14 x 14 cm<\/li>\n<li>Bitte verwende keine Emojis oder Tastaturk\u00fcrzel<\/li>\n<\/ol>\n<p>&nbsp;<\/p>\n<h3 class=\"western\">F\u00fcge ein Motiv zu Deiner W\u00e4rmflasche hinzu:<\/h3>\n<ol>\n<li>Lade Dein Motiv, Logo o.\u00e4. oben rechts im <strong>Motivfeld<\/strong> hoch (<span data-defaulttext=\"Click or drop images here\">Mindestgr\u00f6\u00dfe 200 x 200 Pixel, 72 dpi, Dateiformat: jpg, svg, pdf, png<\/span> )<strong><br \/>\n<\/strong><\/li>\n<li>Du kannst sofort sehen wie Dein Motiv auf der W\u00e4rmflasche wirkt.<\/li>\n<li>Passe sie durch Ziehen an die richtige Position bzw. durch das \u00c4ndern der Gr\u00f6\u00dfe Deinen W\u00fcnschen an.<\/li>\n<li>Die verf\u00fcgbare zu bestickende Fl\u00e4che ist ca. 14 x 14 cm<\/li>\n<\/ol>\n<p>&nbsp;<\/p>\n<h4>Hast Du besondere W\u00fcnsche oder einen super Idee die verwirklicht werden soll?<\/h4>\n<h4>Dann schreibe uns, wir helfen Dir bei Deiner individuellen W\u00e4rmflasche<\/h4>\n<h4><a href=\"https:\/\/heisserhamster.de\/waermflasche\/kontakt\/\">post@heisserhamster.de \ud83d\udce9<\/a><\/h4>\n","protected":false},"featured_media":14817,"template":"","meta":[],"product_brand":[],"product_cat":[75],"product_tag":[],"class_list":{"0":"post-15337","1":"product","2":"type-product","3":"status-publish","4":"has-post-thumbnail","6":"product_cat-herzwaermflaschen","8":"first","9":"outofstock","10":"taxable","11":"shipping-taxable","12":"purchasable","13":"product-type-simple"},"yoast_head":"<!-- This site is optimized with the Yoast SEO plugin v27.0 - https:\/\/yoast.com\/product\/yoast-seo-wordpress\/ -->\n<title>\u2764 Herzw\u00e4rmflasche aus feinem Micro-Fleece -<\/title>\n<meta name=\"robots\" content=\"index, follow, max-snippet:-1, max-image-preview:large, max-video-preview:-1\" \/>\n<link rel=\"canonical\" href=\"https:\/\/heisserhamster.de\/waermflasche\/produkt\/\u2764-herzwaermflasche-aus-feinem-micro-fleece\/\" \/>\n<meta property=\"og:locale\" content=\"de_DE\" \/>\n<meta property=\"og:type\" content=\"article\" \/>\n<meta property=\"og:title\" content=\"\u2764 Herzw\u00e4rmflasche aus feinem Micro-Fleece -\" \/>\n<meta property=\"og:description\" content=\"F\u00fcge Text zu Deiner W\u00e4rmflasche hinzu:   Gib Deinen Wunschtext oben rechts im Textfeld ein und f\u00fcge ihn hinzu ( max. 5 Zeilen sonst wird die Stickerei zu klein )   Auf der W\u00e4rmflasche kannst Du die Farbe und Schriftart nach deinen W\u00fcnschen ausw\u00e4hlen und sofort sehen wie es aussieht.  Passe sie durch Ziehen an die richtige Position bzw. durch das \u00c4ndern der Gr\u00f6\u00dfe Deinen W\u00fcnschen an.  Die verf\u00fcgbare zu bestickende Fl\u00e4che ist ca. 14 x 14 cm  Bitte verwende keine Emojis oder Tastaturk\u00fcrzel  &nbsp; F\u00fcge ein Motiv zu Deiner W\u00e4rmflasche hinzu:   Lade Dein Motiv, Logo o.\u00e4. oben rechts im Motivfeld hoch (Mindestgr\u00f6\u00dfe 200 x 200 Pixel, 72 dpi, Dateiformat: jpg, svg, pdf, png )   Du kannst sofort sehen wie Dein Motiv auf der W\u00e4rmflasche wirkt.  Passe sie durch Ziehen an die richtige Position bzw. durch das \u00c4ndern der Gr\u00f6\u00dfe Deinen W\u00fcnschen an.  Die verf\u00fcgbare zu bestickende Fl\u00e4che ist ca. 14 x 14 cm  &nbsp; Hast Du besondere W\u00fcnsche oder einen super Idee die verwirklicht werden soll? Dann schreibe uns, wir helfen Dir bei Deiner individuellen W\u00e4rmflasche post@heisserhamster.de \ud83d\udce9\" \/>\n<meta property=\"og:url\" content=\"https:\/\/heisserhamster.de\/waermflasche\/produkt\/\u2764-herzwaermflasche-aus-feinem-micro-fleece\/\" \/>\n<meta property=\"article:modified_time\" content=\"2025-11-12T09:42:15+00:00\" \/>\n<meta property=\"og:image\" content=\"https:\/\/heisserhamster.de\/waermflasche\/wp-content\/uploads\/2017\/02\/Basic.jpg\" \/>\n\t<meta property=\"og:image:width\" content=\"600\" \/>\n\t<meta property=\"og:image:height\" content=\"600\" \/>\n\t<meta property=\"og:image:type\" content=\"image\/jpeg\" \/>\n<meta name=\"twitter:card\" content=\"summary_large_image\" \/>\n<meta name=\"twitter:label1\" content=\"Gesch\u00e4tzte Lesezeit\" \/>\n\t<meta name=\"twitter:data1\" content=\"1\u00a0Minute\" \/>\n<script type=\"application\/ld+json\" class=\"yoast-schema-graph\">{\"@context\":\"https:\/\/schema.org\",\"@graph\":[{\"@type\":\"WebPage\",\"@id\":\"https:\/\/heisserhamster.de\/waermflasche\/produkt\/%e2%9d%a4-herzwaermflasche-aus-feinem-micro-fleece\/\",\"url\":\"https:\/\/heisserhamster.de\/waermflasche\/produkt\/%e2%9d%a4-herzwaermflasche-aus-feinem-micro-fleece\/\",\"name\":\"\u2764 Herzw\u00e4rmflasche aus feinem Micro-Fleece -\",\"isPartOf\":{\"@id\":\"https:\/\/heisserhamster.de\/waermflasche\/#website\"},\"primaryImageOfPage\":{\"@id\":\"https:\/\/heisserhamster.de\/waermflasche\/produkt\/%e2%9d%a4-herzwaermflasche-aus-feinem-micro-fleece\/#primaryimage\"},\"image\":{\"@id\":\"https:\/\/heisserhamster.de\/waermflasche\/produkt\/%e2%9d%a4-herzwaermflasche-aus-feinem-micro-fleece\/#primaryimage\"},\"thumbnailUrl\":\"https:\/\/heisserhamster.de\/waermflasche\/wp-content\/uploads\/2017\/02\/Basic.jpg\",\"datePublished\":\"2017-03-02T17:07:27+00:00\",\"dateModified\":\"2025-11-12T09:42:15+00:00\",\"breadcrumb\":{\"@id\":\"https:\/\/heisserhamster.de\/waermflasche\/produkt\/%e2%9d%a4-herzwaermflasche-aus-feinem-micro-fleece\/#breadcrumb\"},\"inLanguage\":\"de\",\"potentialAction\":[{\"@type\":\"ReadAction\",\"target\":[\"https:\/\/heisserhamster.de\/waermflasche\/produkt\/%e2%9d%a4-herzwaermflasche-aus-feinem-micro-fleece\/\"]}]},{\"@type\":\"ImageObject\",\"inLanguage\":\"de\",\"@id\":\"https:\/\/heisserhamster.de\/waermflasche\/produkt\/%e2%9d%a4-herzwaermflasche-aus-feinem-micro-fleece\/#primaryimage\",\"url\":\"https:\/\/heisserhamster.de\/waermflasche\/wp-content\/uploads\/2017\/02\/Basic.jpg\",\"contentUrl\":\"https:\/\/heisserhamster.de\/waermflasche\/wp-content\/uploads\/2017\/02\/Basic.jpg\",\"width\":600,\"height\":600},{\"@type\":\"BreadcrumbList\",\"@id\":\"https:\/\/heisserhamster.de\/waermflasche\/produkt\/%e2%9d%a4-herzwaermflasche-aus-feinem-micro-fleece\/#breadcrumb\",\"itemListElement\":[{\"@type\":\"ListItem\",\"position\":1,\"name\":\"Startseite\",\"item\":\"https:\/\/heisserhamster.de\/waermflasche\/\"},{\"@type\":\"ListItem\",\"position\":2,\"name\":\"Produkte\",\"item\":\"https:\/\/heisserhamster.de\/waermflasche\/shop\/\"},{\"@type\":\"ListItem\",\"position\":3,\"name\":\"\u2764 Herzw\u00e4rmflasche aus feinem Micro-Fleece\"}]},{\"@type\":\"WebSite\",\"@id\":\"https:\/\/heisserhamster.de\/waermflasche\/#website\",\"url\":\"https:\/\/heisserhamster.de\/waermflasche\/\",\"name\":\"\",\"description\":\"\",\"potentialAction\":[{\"@type\":\"SearchAction\",\"target\":{\"@type\":\"EntryPoint\",\"urlTemplate\":\"https:\/\/heisserhamster.de\/waermflasche\/?s={search_term_string}\"},\"query-input\":{\"@type\":\"PropertyValueSpecification\",\"valueRequired\":true,\"valueName\":\"search_term_string\"}}],\"inLanguage\":\"de\"}]}<\/script>\n<!-- \/ Yoast SEO plugin. -->","yoast_head_json":{"title":"\u2764 Herzw\u00e4rmflasche aus feinem Micro-Fleece -","robots":{"index":"index","follow":"follow","max-snippet":"max-snippet:-1","max-image-preview":"max-image-preview:large","max-video-preview":"max-video-preview:-1"},"canonical":"https:\/\/heisserhamster.de\/waermflasche\/produkt\/\u2764-herzwaermflasche-aus-feinem-micro-fleece\/","og_locale":"de_DE","og_type":"article","og_title":"\u2764 Herzw\u00e4rmflasche aus feinem Micro-Fleece -","og_description":"F\u00fcge Text zu Deiner W\u00e4rmflasche hinzu:   Gib Deinen Wunschtext oben rechts im Textfeld ein und f\u00fcge ihn hinzu ( max. 5 Zeilen sonst wird die Stickerei zu klein )   Auf der W\u00e4rmflasche kannst Du die Farbe und Schriftart nach deinen W\u00fcnschen ausw\u00e4hlen und sofort sehen wie es aussieht.  Passe sie durch Ziehen an die richtige Position bzw. durch das \u00c4ndern der Gr\u00f6\u00dfe Deinen W\u00fcnschen an.  Die verf\u00fcgbare zu bestickende Fl\u00e4che ist ca. 14 x 14 cm  Bitte verwende keine Emojis oder Tastaturk\u00fcrzel  &nbsp; F\u00fcge ein Motiv zu Deiner W\u00e4rmflasche hinzu:   Lade Dein Motiv, Logo o.\u00e4. oben rechts im Motivfeld hoch (Mindestgr\u00f6\u00dfe 200 x 200 Pixel, 72 dpi, Dateiformat: jpg, svg, pdf, png )   Du kannst sofort sehen wie Dein Motiv auf der W\u00e4rmflasche wirkt.  Passe sie durch Ziehen an die richtige Position bzw. durch das \u00c4ndern der Gr\u00f6\u00dfe Deinen W\u00fcnschen an.  Die verf\u00fcgbare zu bestickende Fl\u00e4che ist ca. 14 x 14 cm  &nbsp; Hast Du besondere W\u00fcnsche oder einen super Idee die verwirklicht werden soll? Dann schreibe uns, wir helfen Dir bei Deiner individuellen W\u00e4rmflasche post@heisserhamster.de \ud83d\udce9","og_url":"https:\/\/heisserhamster.de\/waermflasche\/produkt\/\u2764-herzwaermflasche-aus-feinem-micro-fleece\/","article_modified_time":"2025-11-12T09:42:15+00:00","og_image":[{"width":600,"height":600,"url":"https:\/\/heisserhamster.de\/waermflasche\/wp-content\/uploads\/2017\/02\/Basic.jpg","type":"image\/jpeg"}],"twitter_card":"summary_large_image","twitter_misc":{"Gesch\u00e4tzte Lesezeit":"1\u00a0Minute"},"schema":{"@context":"https:\/\/schema.org","@graph":[{"@type":"WebPage","@id":"https:\/\/heisserhamster.de\/waermflasche\/produkt\/%e2%9d%a4-herzwaermflasche-aus-feinem-micro-fleece\/","url":"https:\/\/heisserhamster.de\/waermflasche\/produkt\/%e2%9d%a4-herzwaermflasche-aus-feinem-micro-fleece\/","name":"\u2764 Herzw\u00e4rmflasche aus feinem Micro-Fleece -","isPartOf":{"@id":"https:\/\/heisserhamster.de\/waermflasche\/#website"},"primaryImageOfPage":{"@id":"https:\/\/heisserhamster.de\/waermflasche\/produkt\/%e2%9d%a4-herzwaermflasche-aus-feinem-micro-fleece\/#primaryimage"},"image":{"@id":"https:\/\/heisserhamster.de\/waermflasche\/produkt\/%e2%9d%a4-herzwaermflasche-aus-feinem-micro-fleece\/#primaryimage"},"thumbnailUrl":"https:\/\/heisserhamster.de\/waermflasche\/wp-content\/uploads\/2017\/02\/Basic.jpg","datePublished":"2017-03-02T17:07:27+00:00","dateModified":"2025-11-12T09:42:15+00:00","breadcrumb":{"@id":"https:\/\/heisserhamster.de\/waermflasche\/produkt\/%e2%9d%a4-herzwaermflasche-aus-feinem-micro-fleece\/#breadcrumb"},"inLanguage":"de","potentialAction":[{"@type":"ReadAction","target":["https:\/\/heisserhamster.de\/waermflasche\/produkt\/%e2%9d%a4-herzwaermflasche-aus-feinem-micro-fleece\/"]}]},{"@type":"ImageObject","inLanguage":"de","@id":"https:\/\/heisserhamster.de\/waermflasche\/produkt\/%e2%9d%a4-herzwaermflasche-aus-feinem-micro-fleece\/#primaryimage","url":"https:\/\/heisserhamster.de\/waermflasche\/wp-content\/uploads\/2017\/02\/Basic.jpg","contentUrl":"https:\/\/heisserhamster.de\/waermflasche\/wp-content\/uploads\/2017\/02\/Basic.jpg","width":600,"height":600},{"@type":"BreadcrumbList","@id":"https:\/\/heisserhamster.de\/waermflasche\/produkt\/%e2%9d%a4-herzwaermflasche-aus-feinem-micro-fleece\/#breadcrumb","itemListElement":[{"@type":"ListItem","position":1,"name":"Startseite","item":"https:\/\/heisserhamster.de\/waermflasche\/"},{"@type":"ListItem","position":2,"name":"Produkte","item":"https:\/\/heisserhamster.de\/waermflasche\/shop\/"},{"@type":"ListItem","position":3,"name":"\u2764 Herzw\u00e4rmflasche aus feinem Micro-Fleece"}]},{"@type":"WebSite","@id":"https:\/\/heisserhamster.de\/waermflasche\/#website","url":"https:\/\/heisserhamster.de\/waermflasche\/","name":"","description":"","potentialAction":[{"@type":"SearchAction","target":{"@type":"EntryPoint","urlTemplate":"https:\/\/heisserhamster.de\/waermflasche\/?s={search_term_string}"},"query-input":{"@type":"PropertyValueSpecification","valueRequired":true,"valueName":"search_term_string"}}],"inLanguage":"de"}]}},"_links":{"self":[{"href":"https:\/\/heisserhamster.de\/waermflasche\/wp-json\/wp\/v2\/product\/15337","targetHints":{"allow":["GET"]}}],"collection":[{"href":"https:\/\/heisserhamster.de\/waermflasche\/wp-json\/wp\/v2\/product"}],"about":[{"href":"https:\/\/heisserhamster.de\/waermflasche\/wp-json\/wp\/v2\/types\/product"}],"wp:featuredmedia":[{"embeddable":true,"href":"https:\/\/heisserhamster.de\/waermflasche\/wp-json\/wp\/v2\/media\/14817"}],"wp:attachment":[{"href":"https:\/\/heisserhamster.de\/waermflasche\/wp-json\/wp\/v2\/media?parent=15337"}],"wp:term":[{"taxonomy":"product_brand","embeddable":true,"href":"https:\/\/heisserhamster.de\/waermflasche\/wp-json\/wp\/v2\/product_brand?post=15337"},{"taxonomy":"product_cat","embeddable":true,"href":"https:\/\/heisserhamster.de\/waermflasche\/wp-json\/wp\/v2\/product_cat?post=15337"},{"taxonomy":"product_tag","embeddable":true,"href":"https:\/\/heisserhamster.de\/waermflasche\/wp-json\/wp\/v2\/product_tag?post=15337"}],"curies":[{"name":"wp","href":"https:\/\/api.w.org\/{rel}","templated":true}]}}