{"id":14753,"date":"2017-02-22T14:23:27","date_gmt":"2017-02-22T13:23:27","guid":{"rendered":"http:\/\/heisserhamster.de\/waermflasche\/?post_type=product&#038;p=14753"},"modified":"2025-11-13T11:00:50","modified_gmt":"2025-11-13T10:00:50","slug":"kamelhaar-bezug-gepruefter-waermflasche","status":"publish","type":"product","link":"https:\/\/heisserhamster.de\/waermflasche\/produkt\/kamelhaar-bezug-gepruefter-waermflasche\/","title":{"rendered":"Kamelhaar-Bezug mit T\u00dcV gepr\u00fcfter W\u00e4rmflasche"},"content":{"rendered":"<p class=\"bodytext\"><b>Wir verwenden nur hochwertige W\u00e4rmflaschen aus kontrollierter Produktion:<br \/>\n<\/b><\/p>\n<ul>\n<li>Sie entsprechen dem British Standard BS1970:2012 und sind T\u00dcV gepr\u00fcft.<\/li>\n<li>Sie sind mit dem CE Kennzeichen ausgestattet, da es sich um Medizinprodukte gem\u00e4\u00df der Richtlinie \u00fcber Medizinprodukte 93\/42\/EWG handelt.<\/li>\n<li>Sie sind Geruchsneutral und recyclingf\u00e4hig<\/li>\n<li>Sie haben einen fugenlosen Flaschenhals<\/li>\n<li>Sie haben brillante nicht verblassende Farben<\/li>\n<li>Sie haben eine schlanke Halsform mit extra gro\u00dfem Einf\u00fcllgewinde, zum sicheren Einf\u00fcllen von hei\u00dfem Wasser.<\/li>\n<li>Produktinfos zur W\u00e4rmflasche \u2013 Gr\u00f6\u00dfe: ca. 20 x 33 cm \u2013 2,0 l Fassungsverm\u00f6gen<\/li>\n<li>Bezug aus <strong>100% reiner Kamelhaarwolle<\/strong><\/li>\n<\/ul>\n<p>&nbsp;<\/p>\n<p>&nbsp;<\/p>\n","protected":false},"excerpt":{"rendered":"<h3 class=\"western\">F\u00fcge Text zu Deiner W\u00e4rmflasche hinzu:<\/h3>\n<ol>\n<li>Gib Deinen Wunschtext oben rechts im Textfeld ein und f\u00fcge ihn hinzu ( max. 5 Zeilen sonst wird die Stickerei zu klein )<strong><span style=\"color: #27ae60;\"><br \/>\n<\/span><\/strong><\/li>\n<li>Auf der W\u00e4rmflasche kannst Du die Farbe und Schriftart nach deinen W\u00fcnschen ausw\u00e4hlen und sofort sehen wie es aussieht.<\/li>\n<li>Passe sie durch Ziehen an die richtige Position bzw. durch das \u00c4ndern der Gr\u00f6\u00dfe Deinen W\u00fcnschen an.<\/li>\n<li>Die verf\u00fcgbare zu bestickende Fl\u00e4che ist ca. 14 x 14 cm<\/li>\n<li>Bitte verwende keine Emojis oder Tastaturk\u00fcrzel<\/li>\n<\/ol>\n<h5>M\u00f6chtest Du ein eigenes Motiv, Logo auf Deiner W\u00e4rmflasche gestickt haben? Dann schreibe uns, wir machen Dir ein unglaubliches Angebot <a href=\"https:\/\/heisserhamster.de\/waermflasche\/kontakt\/\">post@heisserhamster.de<\/a><\/h5>\n","protected":false},"featured_media":15113,"template":"","meta":[],"product_brand":[],"product_cat":[82],"product_tag":[],"class_list":{"0":"post-14753","1":"product","2":"type-product","3":"status-publish","4":"has-post-thumbnail","6":"product_cat-bezuege-aus-kamelhaar","8":"first","9":"outofstock","10":"taxable","11":"shipping-taxable","12":"purchasable","13":"product-type-simple"},"yoast_head":"<!-- This site is optimized with the Yoast SEO plugin v27.0 - https:\/\/yoast.com\/product\/yoast-seo-wordpress\/ -->\n<title>Kamelhaar-Bezug mit T\u00dcV gepr\u00fcfter W\u00e4rmflasche -<\/title>\n<meta name=\"robots\" content=\"index, follow, max-snippet:-1, max-image-preview:large, max-video-preview:-1\" \/>\n<link rel=\"canonical\" href=\"https:\/\/heisserhamster.de\/waermflasche\/produkt\/kamelhaar-bezug-gepruefter-waermflasche\/\" \/>\n<meta property=\"og:locale\" content=\"de_DE\" \/>\n<meta property=\"og:type\" content=\"article\" \/>\n<meta property=\"og:title\" content=\"Kamelhaar-Bezug mit T\u00dcV gepr\u00fcfter W\u00e4rmflasche -\" \/>\n<meta property=\"og:description\" content=\"F\u00fcge Text zu Deiner W\u00e4rmflasche hinzu:   Gib Deinen Wunschtext oben rechts im Textfeld ein und f\u00fcge ihn hinzu ( max. 5 Zeilen sonst wird die Stickerei zu klein )   Auf der W\u00e4rmflasche kannst Du die Farbe und Schriftart nach deinen W\u00fcnschen ausw\u00e4hlen und sofort sehen wie es aussieht.  Passe sie durch Ziehen an die richtige Position bzw. durch das \u00c4ndern der Gr\u00f6\u00dfe Deinen W\u00fcnschen an.  Die verf\u00fcgbare zu bestickende Fl\u00e4che ist ca. 14 x 14 cm  Bitte verwende keine Emojis oder Tastaturk\u00fcrzel  M\u00f6chtest Du ein eigenes Motiv, Logo auf Deiner W\u00e4rmflasche gestickt haben? Dann schreibe uns, wir machen Dir ein unglaubliches Angebot post@heisserhamster.de\" \/>\n<meta property=\"og:url\" content=\"https:\/\/heisserhamster.de\/waermflasche\/produkt\/kamelhaar-bezug-gepruefter-waermflasche\/\" \/>\n<meta property=\"article:modified_time\" content=\"2025-11-13T10:00:50+00:00\" \/>\n<meta property=\"og:image\" content=\"https:\/\/heisserhamster.de\/waermflasche\/wp-content\/uploads\/2017\/02\/Waermflaschenbezug-aus-Kamelhaar-1.jpg\" \/>\n\t<meta property=\"og:image:width\" content=\"600\" \/>\n\t<meta property=\"og:image:height\" content=\"600\" \/>\n\t<meta property=\"og:image:type\" content=\"image\/jpeg\" \/>\n<meta name=\"twitter:card\" content=\"summary_large_image\" \/>\n<meta name=\"twitter:label1\" content=\"Gesch\u00e4tzte Lesezeit\" \/>\n\t<meta name=\"twitter:data1\" content=\"1\u00a0Minute\" \/>\n<script type=\"application\/ld+json\" class=\"yoast-schema-graph\">{\"@context\":\"https:\/\/schema.org\",\"@graph\":[{\"@type\":\"WebPage\",\"@id\":\"https:\/\/heisserhamster.de\/waermflasche\/produkt\/kamelhaar-bezug-gepruefter-waermflasche\/\",\"url\":\"https:\/\/heisserhamster.de\/waermflasche\/produkt\/kamelhaar-bezug-gepruefter-waermflasche\/\",\"name\":\"Kamelhaar-Bezug mit T\u00dcV gepr\u00fcfter W\u00e4rmflasche -\",\"isPartOf\":{\"@id\":\"https:\/\/heisserhamster.de\/waermflasche\/#website\"},\"primaryImageOfPage\":{\"@id\":\"https:\/\/heisserhamster.de\/waermflasche\/produkt\/kamelhaar-bezug-gepruefter-waermflasche\/#primaryimage\"},\"image\":{\"@id\":\"https:\/\/heisserhamster.de\/waermflasche\/produkt\/kamelhaar-bezug-gepruefter-waermflasche\/#primaryimage\"},\"thumbnailUrl\":\"https:\/\/heisserhamster.de\/waermflasche\/wp-content\/uploads\/2017\/02\/Waermflaschenbezug-aus-Kamelhaar-1.jpg\",\"datePublished\":\"2017-02-22T13:23:27+00:00\",\"dateModified\":\"2025-11-13T10:00:50+00:00\",\"breadcrumb\":{\"@id\":\"https:\/\/heisserhamster.de\/waermflasche\/produkt\/kamelhaar-bezug-gepruefter-waermflasche\/#breadcrumb\"},\"inLanguage\":\"de\",\"potentialAction\":[{\"@type\":\"ReadAction\",\"target\":[\"https:\/\/heisserhamster.de\/waermflasche\/produkt\/kamelhaar-bezug-gepruefter-waermflasche\/\"]}]},{\"@type\":\"ImageObject\",\"inLanguage\":\"de\",\"@id\":\"https:\/\/heisserhamster.de\/waermflasche\/produkt\/kamelhaar-bezug-gepruefter-waermflasche\/#primaryimage\",\"url\":\"https:\/\/heisserhamster.de\/waermflasche\/wp-content\/uploads\/2017\/02\/Waermflaschenbezug-aus-Kamelhaar-1.jpg\",\"contentUrl\":\"https:\/\/heisserhamster.de\/waermflasche\/wp-content\/uploads\/2017\/02\/Waermflaschenbezug-aus-Kamelhaar-1.jpg\",\"width\":600,\"height\":600,\"caption\":\"Waermflaschenbezug-aus-Kamelhaar\"},{\"@type\":\"BreadcrumbList\",\"@id\":\"https:\/\/heisserhamster.de\/waermflasche\/produkt\/kamelhaar-bezug-gepruefter-waermflasche\/#breadcrumb\",\"itemListElement\":[{\"@type\":\"ListItem\",\"position\":1,\"name\":\"Startseite\",\"item\":\"https:\/\/heisserhamster.de\/waermflasche\/\"},{\"@type\":\"ListItem\",\"position\":2,\"name\":\"Produkte\",\"item\":\"https:\/\/heisserhamster.de\/waermflasche\/shop\/\"},{\"@type\":\"ListItem\",\"position\":3,\"name\":\"Kamelhaar-Bezug mit T\u00dcV gepr\u00fcfter W\u00e4rmflasche\"}]},{\"@type\":\"WebSite\",\"@id\":\"https:\/\/heisserhamster.de\/waermflasche\/#website\",\"url\":\"https:\/\/heisserhamster.de\/waermflasche\/\",\"name\":\"\",\"description\":\"\",\"potentialAction\":[{\"@type\":\"SearchAction\",\"target\":{\"@type\":\"EntryPoint\",\"urlTemplate\":\"https:\/\/heisserhamster.de\/waermflasche\/?s={search_term_string}\"},\"query-input\":{\"@type\":\"PropertyValueSpecification\",\"valueRequired\":true,\"valueName\":\"search_term_string\"}}],\"inLanguage\":\"de\"}]}<\/script>\n<!-- \/ Yoast SEO plugin. -->","yoast_head_json":{"title":"Kamelhaar-Bezug mit T\u00dcV gepr\u00fcfter W\u00e4rmflasche -","robots":{"index":"index","follow":"follow","max-snippet":"max-snippet:-1","max-image-preview":"max-image-preview:large","max-video-preview":"max-video-preview:-1"},"canonical":"https:\/\/heisserhamster.de\/waermflasche\/produkt\/kamelhaar-bezug-gepruefter-waermflasche\/","og_locale":"de_DE","og_type":"article","og_title":"Kamelhaar-Bezug mit T\u00dcV gepr\u00fcfter W\u00e4rmflasche -","og_description":"F\u00fcge Text zu Deiner W\u00e4rmflasche hinzu:   Gib Deinen Wunschtext oben rechts im Textfeld ein und f\u00fcge ihn hinzu ( max. 5 Zeilen sonst wird die Stickerei zu klein )   Auf der W\u00e4rmflasche kannst Du die Farbe und Schriftart nach deinen W\u00fcnschen ausw\u00e4hlen und sofort sehen wie es aussieht.  Passe sie durch Ziehen an die richtige Position bzw. durch das \u00c4ndern der Gr\u00f6\u00dfe Deinen W\u00fcnschen an.  Die verf\u00fcgbare zu bestickende Fl\u00e4che ist ca. 14 x 14 cm  Bitte verwende keine Emojis oder Tastaturk\u00fcrzel  M\u00f6chtest Du ein eigenes Motiv, Logo auf Deiner W\u00e4rmflasche gestickt haben? Dann schreibe uns, wir machen Dir ein unglaubliches Angebot post@heisserhamster.de","og_url":"https:\/\/heisserhamster.de\/waermflasche\/produkt\/kamelhaar-bezug-gepruefter-waermflasche\/","article_modified_time":"2025-11-13T10:00:50+00:00","og_image":[{"width":600,"height":600,"url":"https:\/\/heisserhamster.de\/waermflasche\/wp-content\/uploads\/2017\/02\/Waermflaschenbezug-aus-Kamelhaar-1.jpg","type":"image\/jpeg"}],"twitter_card":"summary_large_image","twitter_misc":{"Gesch\u00e4tzte Lesezeit":"1\u00a0Minute"},"schema":{"@context":"https:\/\/schema.org","@graph":[{"@type":"WebPage","@id":"https:\/\/heisserhamster.de\/waermflasche\/produkt\/kamelhaar-bezug-gepruefter-waermflasche\/","url":"https:\/\/heisserhamster.de\/waermflasche\/produkt\/kamelhaar-bezug-gepruefter-waermflasche\/","name":"Kamelhaar-Bezug mit T\u00dcV gepr\u00fcfter W\u00e4rmflasche -","isPartOf":{"@id":"https:\/\/heisserhamster.de\/waermflasche\/#website"},"primaryImageOfPage":{"@id":"https:\/\/heisserhamster.de\/waermflasche\/produkt\/kamelhaar-bezug-gepruefter-waermflasche\/#primaryimage"},"image":{"@id":"https:\/\/heisserhamster.de\/waermflasche\/produkt\/kamelhaar-bezug-gepruefter-waermflasche\/#primaryimage"},"thumbnailUrl":"https:\/\/heisserhamster.de\/waermflasche\/wp-content\/uploads\/2017\/02\/Waermflaschenbezug-aus-Kamelhaar-1.jpg","datePublished":"2017-02-22T13:23:27+00:00","dateModified":"2025-11-13T10:00:50+00:00","breadcrumb":{"@id":"https:\/\/heisserhamster.de\/waermflasche\/produkt\/kamelhaar-bezug-gepruefter-waermflasche\/#breadcrumb"},"inLanguage":"de","potentialAction":[{"@type":"ReadAction","target":["https:\/\/heisserhamster.de\/waermflasche\/produkt\/kamelhaar-bezug-gepruefter-waermflasche\/"]}]},{"@type":"ImageObject","inLanguage":"de","@id":"https:\/\/heisserhamster.de\/waermflasche\/produkt\/kamelhaar-bezug-gepruefter-waermflasche\/#primaryimage","url":"https:\/\/heisserhamster.de\/waermflasche\/wp-content\/uploads\/2017\/02\/Waermflaschenbezug-aus-Kamelhaar-1.jpg","contentUrl":"https:\/\/heisserhamster.de\/waermflasche\/wp-content\/uploads\/2017\/02\/Waermflaschenbezug-aus-Kamelhaar-1.jpg","width":600,"height":600,"caption":"Waermflaschenbezug-aus-Kamelhaar"},{"@type":"BreadcrumbList","@id":"https:\/\/heisserhamster.de\/waermflasche\/produkt\/kamelhaar-bezug-gepruefter-waermflasche\/#breadcrumb","itemListElement":[{"@type":"ListItem","position":1,"name":"Startseite","item":"https:\/\/heisserhamster.de\/waermflasche\/"},{"@type":"ListItem","position":2,"name":"Produkte","item":"https:\/\/heisserhamster.de\/waermflasche\/shop\/"},{"@type":"ListItem","position":3,"name":"Kamelhaar-Bezug mit T\u00dcV gepr\u00fcfter W\u00e4rmflasche"}]},{"@type":"WebSite","@id":"https:\/\/heisserhamster.de\/waermflasche\/#website","url":"https:\/\/heisserhamster.de\/waermflasche\/","name":"","description":"","potentialAction":[{"@type":"SearchAction","target":{"@type":"EntryPoint","urlTemplate":"https:\/\/heisserhamster.de\/waermflasche\/?s={search_term_string}"},"query-input":{"@type":"PropertyValueSpecification","valueRequired":true,"valueName":"search_term_string"}}],"inLanguage":"de"}]}},"_links":{"self":[{"href":"https:\/\/heisserhamster.de\/waermflasche\/wp-json\/wp\/v2\/product\/14753","targetHints":{"allow":["GET"]}}],"collection":[{"href":"https:\/\/heisserhamster.de\/waermflasche\/wp-json\/wp\/v2\/product"}],"about":[{"href":"https:\/\/heisserhamster.de\/waermflasche\/wp-json\/wp\/v2\/types\/product"}],"wp:featuredmedia":[{"embeddable":true,"href":"https:\/\/heisserhamster.de\/waermflasche\/wp-json\/wp\/v2\/media\/15113"}],"wp:attachment":[{"href":"https:\/\/heisserhamster.de\/waermflasche\/wp-json\/wp\/v2\/media?parent=14753"}],"wp:term":[{"taxonomy":"product_brand","embeddable":true,"href":"https:\/\/heisserhamster.de\/waermflasche\/wp-json\/wp\/v2\/product_brand?post=14753"},{"taxonomy":"product_cat","embeddable":true,"href":"https:\/\/heisserhamster.de\/waermflasche\/wp-json\/wp\/v2\/product_cat?post=14753"},{"taxonomy":"product_tag","embeddable":true,"href":"https:\/\/heisserhamster.de\/waermflasche\/wp-json\/wp\/v2\/product_tag?post=14753"}],"curies":[{"name":"wp","href":"https:\/\/api.w.org\/{rel}","templated":true}]}}