{"id":100,"date":"2017-02-21T09:47:47","date_gmt":"2017-02-21T08:47:47","guid":{"rendered":"http:\/\/heisserhamster.de\/waermflasche\/?post_type=product&#038;p=100"},"modified":"2025-11-12T21:24:13","modified_gmt":"2025-11-12T20:24:13","slug":"fleece-bezug-rot-mit-tuev-gepruefter-waermflasche","status":"publish","type":"product","link":"https:\/\/heisserhamster.de\/waermflasche\/produkt\/fleece-bezug-rot-mit-tuev-gepruefter-waermflasche\/","title":{"rendered":"Fleece Bezug > rot < mit T\u00dcV gepr\u00fcfter W\u00e4rmflasche"},"content":{"rendered":"<h5 class=\"bodytext\"><strong>Wir verwenden nur hochwertige W\u00e4rmflaschen aus kontrollierter Produktion:<\/strong><b><br \/>\n<\/b><\/h5>\n<ul>\n<li>\n<h5>Sie entsprechen dem British Standard BS1970:2012 und sind T\u00dcV gepr\u00fcft.<\/h5>\n<\/li>\n<li>\n<h5>Sie sind mit dem CE Kennzeichen ausgestattet, da es sich um Medizinprodukte gem\u00e4\u00df der Richtlinie \u00fcber Medizinprodukte 93\/42\/EWG handelt.<\/h5>\n<\/li>\n<li>\n<h5>Sie sind Geruchsneutral und recyclingf\u00e4hig<\/h5>\n<\/li>\n<li>\n<h5>Sie haben einen fugenlosen Flaschenhals<\/h5>\n<\/li>\n<li>\n<h5>Sie haben eine schlanke Halsform mit extra gro\u00dfem Einf\u00fcllgewinde, zum sicheren Einf\u00fcllen von hei\u00dfem Wasser.<\/h5>\n<\/li>\n<li>\n<h5>Produktinfos zur W\u00e4rmflasche \u2013 Gr\u00f6\u00dfe: ca. 20 x 33 cm \u2013 2,0 l Fassungsverm\u00f6gen<\/h5>\n<\/li>\n<li>\n<h5>Der Bezug ist aus Microfleece (Thermo-Fleece, 100 % PL)<\/h5>\n<\/li>\n<li><img decoding=\"async\" id=\"tinymce-editor-image-276ede43-3d3b-4be0-ba81-438d452b66b3\" class=\"tinymce-editor-image tinymce-editor-image-276ede43-3d3b-4be0-ba81-438d452b66b3\" src=\"https:\/\/www.s-w-stoffe.com\/media\/image\/91\/8c\/1f\/30-Grad-Schongang.jpg\" alt=\"30-Grad-Schongang\" data-src=\"media\/image\/30-Grad-Schongang.jpg\" \/>\u00a0<img decoding=\"async\" id=\"tinymce-editor-image-f13d567d-106a-4ee9-b947-27b2e4165f7e\" class=\"tinymce-editor-image tinymce-editor-image-f13d567d-106a-4ee9-b947-27b2e4165f7e\" src=\"https:\/\/www.s-w-stoffe.com\/media\/image\/39\/4d\/93\/Buegeln-geringe-Temperatur-bei-110-Grad.jpg\" alt=\"Buegeln-geringe-Temperatur-bei-110-Grad\" data-src=\"media\/image\/Buegeln-geringe-Temperatur-bei-110-Grad.jpg\" \/>\u00a0<img decoding=\"async\" id=\"tinymce-editor-image-11613f16-9bef-4e08-9aa4-8a38104bfb28\" class=\"tinymce-editor-image tinymce-editor-image-11613f16-9bef-4e08-9aa4-8a38104bfb28\" src=\"https:\/\/www.s-w-stoffe.com\/media\/image\/44\/00\/a0\/Bleichen-nicht-erlaubt.jpg\" alt=\"Bleichen-nicht-erlaubt\" data-src=\"media\/image\/Bleichen-nicht-erlaubt.jpg\" \/>\u00a0<img decoding=\"async\" id=\"tinymce-editor-image-ad811432-9ea1-476b-a15c-d1676597da00\" class=\"tinymce-editor-image tinymce-editor-image-ad811432-9ea1-476b-a15c-d1676597da00\" src=\"https:\/\/www.s-w-stoffe.com\/media\/image\/0d\/2b\/b7\/P-chemische-Reinigung-mit-PER.jpg\" alt=\"P-chemische-Reinigung-mit-PER\" data-src=\"media\/image\/P-chemische-Reinigung-mit-PER.jpg\" \/>\u00a0<img decoding=\"async\" id=\"tinymce-editor-image-acb28292-9dd5-415c-97b2-169ff32d2db6\" class=\"tinymce-editor-image tinymce-editor-image-acb28292-9dd5-415c-97b2-169ff32d2db6\" src=\"https:\/\/www.s-w-stoffe.com\/media\/image\/95\/f5\/36\/Trockner-verboten.jpg\" alt=\"Trockner-verboten\" data-src=\"media\/image\/Trockner-verboten.jpg\" \/><\/li>\n<\/ul>\n<p>&nbsp;<\/p>\n<h5>Hast Du besondere W\u00fcnsche oder einen super Idee die verwirklicht werden soll?<\/h5>\n<h5>Dann schreibe uns, wir helfen Dir bei Deiner individuellen W\u00e4rmflasche.<\/h5>\n<h5><\/h5>\n<h4><strong><a href=\"https:\/\/heisserhamster.de\/waermflasche\/kontakt\/\">post@heisserhamster.de \ud83d\udce9<\/a><\/strong><\/h4>\n<h5><\/h5>\n","protected":false},"excerpt":{"rendered":"<h3 class=\"western\">F\u00fcge Text zu Deiner W\u00e4rmflasche hinzu:<\/h3>\n<ol>\n<li>Gib Deinen Wunschtext oben links im <strong>Textfeld<\/strong> ein und f\u00fcge ihn hinzu ( max. 5 Zeilen sonst wird die Stickerei zu klein )<strong><br \/>\n<\/strong><\/li>\n<li>Auf der W\u00e4rmflasche kannst Du die Farbe und Schriftart nach deinen W\u00fcnschen ausw\u00e4hlen und sofort sehen wie es aussieht.<\/li>\n<li>Passe sie durch Ziehen an die richtige Position bzw. durch das \u00c4ndern der Gr\u00f6\u00dfe Deinen W\u00fcnschen an.<\/li>\n<li>Die verf\u00fcgbare zu bestickende Fl\u00e4che ist ca. 14 x 14 cm<\/li>\n<li>Bitte verwende keine Emojis oder Tastaturk\u00fcrzel<\/li>\n<\/ol>\n<h3 class=\"western\">F\u00fcge ein Motiv zu Deiner W\u00e4rmflasche hinzu:<\/h3>\n<ol>\n<li>Lade Dein Motiv, Logo o.\u00e4. oben links im <strong>Motivfeld<\/strong> hoch (<span data-defaulttext=\"Click or drop images here\">Mindestgr\u00f6\u00dfe 200 x 200 Pixel, 72 dpi, Dateiformat: jpg, svg, pdf, png<\/span> )<strong><br \/>\n<\/strong><\/li>\n<li>Du kannst sofort sehen wie Dein Motiv auf der W\u00e4rmflasche wirkt.<\/li>\n<li>Passe sie durch Ziehen an die richtige Position bzw. durch das \u00c4ndern der Gr\u00f6\u00dfe Deinen W\u00fcnschen an.<\/li>\n<li>Die verf\u00fcgbare zu bestickende Fl\u00e4che ist ca. 14 x 14 cm<\/li>\n<\/ol>\n","protected":false},"featured_media":30860,"template":"","meta":[],"product_brand":[],"product_cat":[70],"product_tag":[],"class_list":{"0":"post-100","1":"product","2":"type-product","3":"status-publish","4":"has-post-thumbnail","6":"product_cat-bezuege-aus-fleece","8":"first","9":"instock","10":"taxable","11":"shipping-taxable","12":"purchasable","13":"product-type-simple"},"yoast_head":"<!-- This site is optimized with the Yoast SEO plugin v27.0 - https:\/\/yoast.com\/product\/yoast-seo-wordpress\/ -->\n<title>Fleece Bezug - rot - mit T\u00dcV gepr\u00fcfter W\u00e4rmflasche<\/title>\n<meta name=\"description\" content=\"Dieser Fleece Bezug - rot - mit T\u00dcV gepr\u00fcfter W\u00e4rmflasche ist einmalig! Deine W\u00e4rmflasche individuell mit eigenem Motiv bedruckt,bestickt, selbst gestalten.\" \/>\n<meta name=\"robots\" content=\"index, follow, max-snippet:-1, max-image-preview:large, max-video-preview:-1\" \/>\n<link rel=\"canonical\" href=\"https:\/\/heisserhamster.de\/waermflasche\/produkt\/fleece-bezug-rot-mit-tuev-gepruefter-waermflasche\/\" \/>\n<meta property=\"og:locale\" content=\"de_DE\" \/>\n<meta property=\"og:type\" content=\"article\" \/>\n<meta property=\"og:title\" content=\"Fleece Bezug - rot - mit T\u00dcV gepr\u00fcfter W\u00e4rmflasche\" \/>\n<meta property=\"og:description\" content=\"Dieser Fleece Bezug - rot - mit T\u00dcV gepr\u00fcfter W\u00e4rmflasche ist einmalig! Deine W\u00e4rmflasche individuell mit eigenem Motiv bedruckt,bestickt, selbst gestalten.\" \/>\n<meta property=\"og:url\" content=\"https:\/\/heisserhamster.de\/waermflasche\/produkt\/fleece-bezug-rot-mit-tuev-gepruefter-waermflasche\/\" \/>\n<meta property=\"article:modified_time\" content=\"2025-11-12T20:24:13+00:00\" \/>\n<meta property=\"og:image\" content=\"https:\/\/heisserhamster.de\/waermflasche\/wp-content\/uploads\/2017\/02\/Fleece-Waermflaschenbezug-rot.jpg\" \/>\n\t<meta property=\"og:image:width\" content=\"600\" \/>\n\t<meta property=\"og:image:height\" content=\"600\" \/>\n\t<meta property=\"og:image:type\" content=\"image\/jpeg\" \/>\n<meta name=\"twitter:card\" content=\"summary_large_image\" \/>\n<meta name=\"twitter:label1\" content=\"Gesch\u00e4tzte Lesezeit\" \/>\n\t<meta name=\"twitter:data1\" content=\"2\u00a0Minuten\" \/>\n<script type=\"application\/ld+json\" class=\"yoast-schema-graph\">{\"@context\":\"https:\/\/schema.org\",\"@graph\":[{\"@type\":\"WebPage\",\"@id\":\"https:\/\/heisserhamster.de\/waermflasche\/produkt\/fleece-bezug-rot-mit-tuev-gepruefter-waermflasche\/\",\"url\":\"https:\/\/heisserhamster.de\/waermflasche\/produkt\/fleece-bezug-rot-mit-tuev-gepruefter-waermflasche\/\",\"name\":\"Fleece Bezug - rot - mit T\u00dcV gepr\u00fcfter W\u00e4rmflasche\",\"isPartOf\":{\"@id\":\"https:\/\/heisserhamster.de\/waermflasche\/#website\"},\"primaryImageOfPage\":{\"@id\":\"https:\/\/heisserhamster.de\/waermflasche\/produkt\/fleece-bezug-rot-mit-tuev-gepruefter-waermflasche\/#primaryimage\"},\"image\":{\"@id\":\"https:\/\/heisserhamster.de\/waermflasche\/produkt\/fleece-bezug-rot-mit-tuev-gepruefter-waermflasche\/#primaryimage\"},\"thumbnailUrl\":\"https:\/\/heisserhamster.de\/waermflasche\/wp-content\/uploads\/2017\/02\/Fleece-Waermflaschenbezug-rot.jpg\",\"datePublished\":\"2017-02-21T08:47:47+00:00\",\"dateModified\":\"2025-11-12T20:24:13+00:00\",\"description\":\"Dieser Fleece Bezug - rot - mit T\u00dcV gepr\u00fcfter W\u00e4rmflasche ist einmalig! Deine W\u00e4rmflasche individuell mit eigenem Motiv bedruckt,bestickt, selbst gestalten.\",\"breadcrumb\":{\"@id\":\"https:\/\/heisserhamster.de\/waermflasche\/produkt\/fleece-bezug-rot-mit-tuev-gepruefter-waermflasche\/#breadcrumb\"},\"inLanguage\":\"de\",\"potentialAction\":[{\"@type\":\"ReadAction\",\"target\":[\"https:\/\/heisserhamster.de\/waermflasche\/produkt\/fleece-bezug-rot-mit-tuev-gepruefter-waermflasche\/\"]}]},{\"@type\":\"ImageObject\",\"inLanguage\":\"de\",\"@id\":\"https:\/\/heisserhamster.de\/waermflasche\/produkt\/fleece-bezug-rot-mit-tuev-gepruefter-waermflasche\/#primaryimage\",\"url\":\"https:\/\/heisserhamster.de\/waermflasche\/wp-content\/uploads\/2017\/02\/Fleece-Waermflaschenbezug-rot.jpg\",\"contentUrl\":\"https:\/\/heisserhamster.de\/waermflasche\/wp-content\/uploads\/2017\/02\/Fleece-Waermflaschenbezug-rot.jpg\",\"width\":600,\"height\":600},{\"@type\":\"BreadcrumbList\",\"@id\":\"https:\/\/heisserhamster.de\/waermflasche\/produkt\/fleece-bezug-rot-mit-tuev-gepruefter-waermflasche\/#breadcrumb\",\"itemListElement\":[{\"@type\":\"ListItem\",\"position\":1,\"name\":\"Startseite\",\"item\":\"https:\/\/heisserhamster.de\/waermflasche\/\"},{\"@type\":\"ListItem\",\"position\":2,\"name\":\"Produkte\",\"item\":\"https:\/\/heisserhamster.de\/waermflasche\/shop\/\"},{\"@type\":\"ListItem\",\"position\":3,\"name\":\"Fleece Bezug > rot < mit T\u00dcV gepr\u00fcfter W\u00e4rmflasche\"}]},{\"@type\":\"WebSite\",\"@id\":\"https:\/\/heisserhamster.de\/waermflasche\/#website\",\"url\":\"https:\/\/heisserhamster.de\/waermflasche\/\",\"name\":\"\",\"description\":\"\",\"potentialAction\":[{\"@type\":\"SearchAction\",\"target\":{\"@type\":\"EntryPoint\",\"urlTemplate\":\"https:\/\/heisserhamster.de\/waermflasche\/?s={search_term_string}\"},\"query-input\":{\"@type\":\"PropertyValueSpecification\",\"valueRequired\":true,\"valueName\":\"search_term_string\"}}],\"inLanguage\":\"de\"}]}<\/script>\n<!-- \/ Yoast SEO plugin. -->","yoast_head_json":{"title":"Fleece Bezug - rot - mit T\u00dcV gepr\u00fcfter W\u00e4rmflasche","description":"Dieser Fleece Bezug - rot - mit T\u00dcV gepr\u00fcfter W\u00e4rmflasche ist einmalig! Deine W\u00e4rmflasche individuell mit eigenem Motiv bedruckt,bestickt, selbst gestalten.","robots":{"index":"index","follow":"follow","max-snippet":"max-snippet:-1","max-image-preview":"max-image-preview:large","max-video-preview":"max-video-preview:-1"},"canonical":"https:\/\/heisserhamster.de\/waermflasche\/produkt\/fleece-bezug-rot-mit-tuev-gepruefter-waermflasche\/","og_locale":"de_DE","og_type":"article","og_title":"Fleece Bezug - rot - mit T\u00dcV gepr\u00fcfter W\u00e4rmflasche","og_description":"Dieser Fleece Bezug - rot - mit T\u00dcV gepr\u00fcfter W\u00e4rmflasche ist einmalig! Deine W\u00e4rmflasche individuell mit eigenem Motiv bedruckt,bestickt, selbst gestalten.","og_url":"https:\/\/heisserhamster.de\/waermflasche\/produkt\/fleece-bezug-rot-mit-tuev-gepruefter-waermflasche\/","article_modified_time":"2025-11-12T20:24:13+00:00","og_image":[{"width":600,"height":600,"url":"https:\/\/heisserhamster.de\/waermflasche\/wp-content\/uploads\/2017\/02\/Fleece-Waermflaschenbezug-rot.jpg","type":"image\/jpeg"}],"twitter_card":"summary_large_image","twitter_misc":{"Gesch\u00e4tzte Lesezeit":"2\u00a0Minuten"},"schema":{"@context":"https:\/\/schema.org","@graph":[{"@type":"WebPage","@id":"https:\/\/heisserhamster.de\/waermflasche\/produkt\/fleece-bezug-rot-mit-tuev-gepruefter-waermflasche\/","url":"https:\/\/heisserhamster.de\/waermflasche\/produkt\/fleece-bezug-rot-mit-tuev-gepruefter-waermflasche\/","name":"Fleece Bezug - rot - mit T\u00dcV gepr\u00fcfter W\u00e4rmflasche","isPartOf":{"@id":"https:\/\/heisserhamster.de\/waermflasche\/#website"},"primaryImageOfPage":{"@id":"https:\/\/heisserhamster.de\/waermflasche\/produkt\/fleece-bezug-rot-mit-tuev-gepruefter-waermflasche\/#primaryimage"},"image":{"@id":"https:\/\/heisserhamster.de\/waermflasche\/produkt\/fleece-bezug-rot-mit-tuev-gepruefter-waermflasche\/#primaryimage"},"thumbnailUrl":"https:\/\/heisserhamster.de\/waermflasche\/wp-content\/uploads\/2017\/02\/Fleece-Waermflaschenbezug-rot.jpg","datePublished":"2017-02-21T08:47:47+00:00","dateModified":"2025-11-12T20:24:13+00:00","description":"Dieser Fleece Bezug - rot - mit T\u00dcV gepr\u00fcfter W\u00e4rmflasche ist einmalig! Deine W\u00e4rmflasche individuell mit eigenem Motiv bedruckt,bestickt, selbst gestalten.","breadcrumb":{"@id":"https:\/\/heisserhamster.de\/waermflasche\/produkt\/fleece-bezug-rot-mit-tuev-gepruefter-waermflasche\/#breadcrumb"},"inLanguage":"de","potentialAction":[{"@type":"ReadAction","target":["https:\/\/heisserhamster.de\/waermflasche\/produkt\/fleece-bezug-rot-mit-tuev-gepruefter-waermflasche\/"]}]},{"@type":"ImageObject","inLanguage":"de","@id":"https:\/\/heisserhamster.de\/waermflasche\/produkt\/fleece-bezug-rot-mit-tuev-gepruefter-waermflasche\/#primaryimage","url":"https:\/\/heisserhamster.de\/waermflasche\/wp-content\/uploads\/2017\/02\/Fleece-Waermflaschenbezug-rot.jpg","contentUrl":"https:\/\/heisserhamster.de\/waermflasche\/wp-content\/uploads\/2017\/02\/Fleece-Waermflaschenbezug-rot.jpg","width":600,"height":600},{"@type":"BreadcrumbList","@id":"https:\/\/heisserhamster.de\/waermflasche\/produkt\/fleece-bezug-rot-mit-tuev-gepruefter-waermflasche\/#breadcrumb","itemListElement":[{"@type":"ListItem","position":1,"name":"Startseite","item":"https:\/\/heisserhamster.de\/waermflasche\/"},{"@type":"ListItem","position":2,"name":"Produkte","item":"https:\/\/heisserhamster.de\/waermflasche\/shop\/"},{"@type":"ListItem","position":3,"name":"Fleece Bezug > rot < mit T\u00dcV gepr\u00fcfter W\u00e4rmflasche"}]},{"@type":"WebSite","@id":"https:\/\/heisserhamster.de\/waermflasche\/#website","url":"https:\/\/heisserhamster.de\/waermflasche\/","name":"","description":"","potentialAction":[{"@type":"SearchAction","target":{"@type":"EntryPoint","urlTemplate":"https:\/\/heisserhamster.de\/waermflasche\/?s={search_term_string}"},"query-input":{"@type":"PropertyValueSpecification","valueRequired":true,"valueName":"search_term_string"}}],"inLanguage":"de"}]}},"_links":{"self":[{"href":"https:\/\/heisserhamster.de\/waermflasche\/wp-json\/wp\/v2\/product\/100","targetHints":{"allow":["GET"]}}],"collection":[{"href":"https:\/\/heisserhamster.de\/waermflasche\/wp-json\/wp\/v2\/product"}],"about":[{"href":"https:\/\/heisserhamster.de\/waermflasche\/wp-json\/wp\/v2\/types\/product"}],"wp:featuredmedia":[{"embeddable":true,"href":"https:\/\/heisserhamster.de\/waermflasche\/wp-json\/wp\/v2\/media\/30860"}],"wp:attachment":[{"href":"https:\/\/heisserhamster.de\/waermflasche\/wp-json\/wp\/v2\/media?parent=100"}],"wp:term":[{"taxonomy":"product_brand","embeddable":true,"href":"https:\/\/heisserhamster.de\/waermflasche\/wp-json\/wp\/v2\/product_brand?post=100"},{"taxonomy":"product_cat","embeddable":true,"href":"https:\/\/heisserhamster.de\/waermflasche\/wp-json\/wp\/v2\/product_cat?post=100"},{"taxonomy":"product_tag","embeddable":true,"href":"https:\/\/heisserhamster.de\/waermflasche\/wp-json\/wp\/v2\/product_tag?post=100"}],"curies":[{"name":"wp","href":"https:\/\/api.w.org\/{rel}","templated":true}]}}