{"id":9,"date":"2014-05-28T13:06:10","date_gmt":"2014-05-28T11:06:10","guid":{"rendered":"http:\/\/cardinal.swiftideas.com\/asset-reference\/?page_id=9"},"modified":"2025-11-20T09:49:00","modified_gmt":"2025-11-20T08:49:00","slug":"individuell-bestickt","status":"publish","type":"page","link":"https:\/\/heisserhamster.de\/waermflasche\/","title":{"rendered":"Individuell bestickt"},"content":{"rendered":"<section class=\"wpb-content-wrapper\"><p>[vc_row][vc_column][vc_column_text][spb_blank_spacer height=&#8221;60px&#8221; width=&#8221;1\/1&#8243; el_position=&#8221;first last&#8221;] [spb_row element_name=&#8221;Row&#8221; wrap_type=&#8221;full-width&#8221; row_bg_type=&#8221;color&#8221; color_row_height=&#8221;content-height&#8221; bg_type=&#8221;cover&#8221; parallax_image_height=&#8221;content-height&#8221; parallax_image_movement=&#8221;fixed&#8221; parallax_image_speed=&#8221;0.5&#8243; bg_video_loop=&#8221;yes&#8221; parallax_video_height=&#8221;window-height&#8221; row_top_style=&#8221;none&#8221; row_bottom_style=&#8221;none&#8221; parallax_video_overlay=&#8221;none&#8221; row_overlay_opacity=&#8221;0&#8243; remove_element_spacing=&#8221;no&#8221; row_col_pos=&#8221;default&#8221; row_expanding=&#8221;no&#8221; row_animation=&#8221;none&#8221; row_animation_delay=&#8221;0&#8243; minimize_row=&#8221;no&#8221; width=&#8221;1\/1&#8243; el_position=&#8221;first last&#8221;] [spb_text_block animation=&#8221;none&#8221; animation_delay=&#8221;0&#8243; simplified_controls=&#8221;yes&#8221; custom_css_percentage=&#8221;no&#8221; padding_vertical=&#8221;0&#8243; padding_horizontal=&#8221;0&#8243; margin_vertical=&#8221;0&#8243; custom_css=&#8221;margin-top: 0px;margin-bottom: 0px;&#8221; border_size=&#8221;0&#8243; border_styling_global=&#8221;default&#8221; width=&#8221;1\/1&#8243; el_position=&#8221;first last&#8221;]<\/p>\n<section class=\"row \">\n<div class=\"spb_content_element col-sm-12 spb_text_column\">\n<div class=\"spb-asset-content\">\n<h2 style=\"text-align: center;\">DIE W\u00c4RMFLASCHEN-MANUFAKTUR<\/h2>\n<\/div>\n<\/div>\n<\/section>\n<p data-wp-editing=\"1\"><img loading=\"lazy\" decoding=\"async\" class=\"aligncenter wp-image-31219 size-medium\" src=\"https:\/\/heisserhamster.de\/waermflasche\/wp-content\/uploads\/2025\/11\/image-2-300x300.png\" alt=\"\" width=\"300\" height=\"300\" \/>[\/spb_text_block] [spb_text_block animation=&#8221;none&#8221; animation_delay=&#8221;0&#8243; simplified_controls=&#8221;yes&#8221; custom_css_percentage=&#8221;no&#8221; padding_vertical=&#8221;0&#8243; padding_horizontal=&#8221;0&#8243; margin_vertical=&#8221;0&#8243; custom_css=&#8221;margin-top: 0px;margin-bottom: 0px;&#8221; border_size=&#8221;0&#8243; border_styling_global=&#8221;default&#8221; width=&#8221;1\/1&#8243; el_position=&#8221;first last&#8221;]<\/p>\n<section class=\"row \">\n<div class=\"spb_content_element col-sm-12 spb_text_column\">\n<div class=\"spb-asset-content\">\n<h3 style=\"text-align: center;\">Wir fertigen Deine individuell gestaltete W\u00e4rmflasche ab einer <strong>St\u00fcckzahl von 50<\/strong><\/h3>\n<h3 style=\"text-align: center;\">und sind seit 2011 spezialisiert auf hochwertige Bez\u00fcge und deren Veredlung.<\/h3>\n<p>&nbsp;<\/p>\n<h3 style=\"text-align: center;\">Eure individuelle W\u00e4rmflasche wird von uns in liebevoller Handarbeit in Deutschland gefertigt.<\/h3>\n<h3 style=\"text-align: center;\">Die W\u00e4rmflaschen sind nat\u00fcrlich T\u00dcV gepr\u00fcft und zertifiziert.<\/h3>\n<h3><\/h3>\n<\/div>\n<\/div>\n<\/section>\n<p>&nbsp;<\/p>\n<section class=\"row \">\n<div class=\"spb_content_element col-sm-12 spb_text_column\">\n<div class=\"spb-asset-content\">\n<h2 style=\"text-align: center;\"><em>&#8220;&#8230;der absolute Warmsinn!&#8221;<\/em><\/h2>\n<h3><\/h3>\n<h3 style=\"text-align: center;\">W\u00e4hle hier die Qualit\u00e4t und Farbe Deines W\u00e4rmflaschenbezuges aus<\/h3>\n<\/div>\n<\/div>\n<\/section>\n<p>[spb_icon_box title=&#8221;FLEECE&#8221; box_type=&#8221;standard&#8221; animate_svg=&#8221;no&#8221; target=&#8221;_self&#8221; animation=&#8221;none&#8221; animation_delay=&#8221;0&#8243; animated_box_style=&#8221;coloured&#8221; animated_box_rounded=&#8221;yes&#8221; width=&#8221;1\/4&#8243; el_position=&#8221;first&#8221;]<\/p>\n<section class=\"row \">\n<div class=\"spb_content_element col-sm-12 spb_text_column\">\n<div class=\"spb-asset-content\">\n<p><a href=\"http:\/\/heisserhamster.de\/waermflasche\/de\/bezuege-aus-fleece\/\"><img loading=\"lazy\" decoding=\"async\" class=\"aligncenter wp-image-101 size-full\" src=\"http:\/\/heisserhamster.de\/waermflasche\/wp-content\/uploads\/2017\/02\/Fleece-W\u00e4rmflaschenbezug-rot.jpg\" width=\"600\" height=\"600\" \/><\/a><\/p>\n<\/div>\n<\/div>\n<\/section>\n<p>&nbsp;<\/p>\n<p>&nbsp;<\/p>\n<p>[\/spb_icon_box] [spb_icon_box title=&#8221;SCHURWOLLE&#8221; box_type=&#8221;standard&#8221; animate_svg=&#8221;no&#8221; target=&#8221;_self&#8221; animation=&#8221;none&#8221; animation_delay=&#8221;0&#8243; animated_box_style=&#8221;coloured&#8221; animated_box_rounded=&#8221;yes&#8221; width=&#8221;1\/4&#8243;]<\/p>\n<p><a href=\"http:\/\/heisserhamster.de\/waermflasche\/bezuege-aus-schurwolle\/\"><img loading=\"lazy\" decoding=\"async\" class=\"aligncenter wp-image-15115 size-full\" src=\"http:\/\/heisserhamster.de\/waermflasche\/wp-content\/uploads\/2017\/02\/Schurwolle-Bezug-grau.jpg\" alt=\"Schurwolle-Bezug- grau\" width=\"600\" height=\"600\" srcset=\"https:\/\/heisserhamster.de\/waermflasche\/wp-content\/uploads\/2017\/02\/Schurwolle-Bezug-grau.jpg 600w, https:\/\/heisserhamster.de\/waermflasche\/wp-content\/uploads\/2017\/02\/Schurwolle-Bezug-grau-300x300.jpg 300w, https:\/\/heisserhamster.de\/waermflasche\/wp-content\/uploads\/2017\/02\/Schurwolle-Bezug-grau-200x200.jpg 200w, https:\/\/heisserhamster.de\/waermflasche\/wp-content\/uploads\/2017\/02\/Schurwolle-Bezug-grau-150x150.jpg 150w, https:\/\/heisserhamster.de\/waermflasche\/wp-content\/uploads\/2017\/02\/Schurwolle-Bezug-grau-144x144.jpg 144w, https:\/\/heisserhamster.de\/waermflasche\/wp-content\/uploads\/2017\/02\/Schurwolle-Bezug-grau-250x250.jpg 250w\" sizes=\"auto, (max-width: 600px) 100vw, 600px\" \/><\/a><\/p>\n<section class=\"row \">\n<div class=\"spb_content_element col-sm-12 spb_text_column\">\n<div class=\"spb-asset-content\">\n<p>&nbsp;<\/p>\n<\/div>\n<\/div>\n<\/section>\n<p>[\/spb_icon_box] [spb_icon_box title=&#8221;MERINOWOLLE&#8221; box_type=&#8221;standard&#8221; animate_svg=&#8221;no&#8221; target=&#8221;_self&#8221; animation=&#8221;none&#8221; animation_delay=&#8221;0&#8243; animated_box_style=&#8221;coloured&#8221; animated_box_rounded=&#8221;yes&#8221; width=&#8221;1\/4&#8243;]<\/p>\n<p><a href=\"http:\/\/heisserhamster.de\/waermflasche\/bezuege-aus-merinowolle\/\"><img loading=\"lazy\" decoding=\"async\" class=\"aligncenter wp-image-14750 size-full\" src=\"http:\/\/heisserhamster.de\/waermflasche\/wp-content\/uploads\/2017\/02\/Merino-Cover-for-hot-water-bottle-chalk.jpg\" width=\"600\" height=\"600\" srcset=\"https:\/\/heisserhamster.de\/waermflasche\/wp-content\/uploads\/2017\/02\/Merino-Cover-for-hot-water-bottle-chalk.jpg 600w, https:\/\/heisserhamster.de\/waermflasche\/wp-content\/uploads\/2017\/02\/Merino-Cover-for-hot-water-bottle-chalk-300x300.jpg 300w, https:\/\/heisserhamster.de\/waermflasche\/wp-content\/uploads\/2017\/02\/Merino-Cover-for-hot-water-bottle-chalk-200x200.jpg 200w, https:\/\/heisserhamster.de\/waermflasche\/wp-content\/uploads\/2017\/02\/Merino-Cover-for-hot-water-bottle-chalk-150x150.jpg 150w, https:\/\/heisserhamster.de\/waermflasche\/wp-content\/uploads\/2017\/02\/Merino-Cover-for-hot-water-bottle-chalk-250x250.jpg 250w\" sizes=\"auto, (max-width: 600px) 100vw, 600px\" \/><\/a><\/p>\n<p>[\/spb_icon_box] [spb_icon_box title=&#8221;KASCHMIRWOLLE&#8221; box_type=&#8221;standard&#8221; animate_svg=&#8221;no&#8221; target=&#8221;_self&#8221; animation=&#8221;none&#8221; animation_delay=&#8221;0&#8243; animated_box_style=&#8221;coloured&#8221; animated_box_rounded=&#8221;yes&#8221; width=&#8221;1\/4&#8243; el_position=&#8221;last&#8221;]<\/p>\n<p><a href=\"http:\/\/heisserhamster.de\/waermflasche\/bezuege-aus-kaschmirwolle\/\"><img loading=\"lazy\" decoding=\"async\" class=\"aligncenter wp-image-15114 size-full\" src=\"http:\/\/heisserhamster.de\/waermflasche\/wp-content\/uploads\/2017\/02\/W\u00e4rmflaschenbezug-aus-Kaschmir-creme.jpg\" alt=\"W\u00e4rmflaschenbezug-aus-Kaschmir-creme\" width=\"600\" height=\"600\" srcset=\"https:\/\/heisserhamster.de\/waermflasche\/wp-content\/uploads\/2017\/02\/W\u00e4rmflaschenbezug-aus-Kaschmir-creme.jpg 600w, https:\/\/heisserhamster.de\/waermflasche\/wp-content\/uploads\/2017\/02\/W\u00e4rmflaschenbezug-aus-Kaschmir-creme-300x300.jpg 300w, https:\/\/heisserhamster.de\/waermflasche\/wp-content\/uploads\/2017\/02\/W\u00e4rmflaschenbezug-aus-Kaschmir-creme-200x200.jpg 200w, https:\/\/heisserhamster.de\/waermflasche\/wp-content\/uploads\/2017\/02\/W\u00e4rmflaschenbezug-aus-Kaschmir-creme-150x150.jpg 150w, https:\/\/heisserhamster.de\/waermflasche\/wp-content\/uploads\/2017\/02\/W\u00e4rmflaschenbezug-aus-Kaschmir-creme-144x144.jpg 144w, https:\/\/heisserhamster.de\/waermflasche\/wp-content\/uploads\/2017\/02\/W\u00e4rmflaschenbezug-aus-Kaschmir-creme-250x250.jpg 250w\" sizes=\"auto, (max-width: 600px) 100vw, 600px\" \/><\/a><\/p>\n<p>[\/spb_icon_box] [spb_icon_box title=&#8221;KAMELHAAR&#8221; box_type=&#8221;standard&#8221; box_icon_type=&#8221;image&#8221; icon=&#8221;sf-im-thumbs-upsmiley&#8221; character=&#8221;jhh&#8221; animate_svg=&#8221;no&#8221; target=&#8221;_self&#8221; animation=&#8221;none&#8221; animation_delay=&#8221;0&#8243; animated_box_style=&#8221;coloured&#8221; animated_box_rounded=&#8221;yes&#8221; width=&#8221;1\/4&#8243; el_position=&#8221;first&#8221;]<\/p>\n<p><a href=\"http:\/\/heisserhamster.de\/waermflasche\/bezuege-aus-kamelhaar\/\"><img loading=\"lazy\" decoding=\"async\" class=\"aligncenter wp-image-15113 size-full\" src=\"http:\/\/heisserhamster.de\/waermflasche\/wp-content\/uploads\/2017\/02\/Waermflaschenbezug-aus-Kamelhaar-1.jpg\" alt=\"Waermflaschenbezug-aus-Kamelhaar\" width=\"600\" height=\"600\" srcset=\"https:\/\/heisserhamster.de\/waermflasche\/wp-content\/uploads\/2017\/02\/Waermflaschenbezug-aus-Kamelhaar-1.jpg 600w, https:\/\/heisserhamster.de\/waermflasche\/wp-content\/uploads\/2017\/02\/Waermflaschenbezug-aus-Kamelhaar-1-300x300.jpg 300w, https:\/\/heisserhamster.de\/waermflasche\/wp-content\/uploads\/2017\/02\/Waermflaschenbezug-aus-Kamelhaar-1-200x200.jpg 200w, https:\/\/heisserhamster.de\/waermflasche\/wp-content\/uploads\/2017\/02\/Waermflaschenbezug-aus-Kamelhaar-1-150x150.jpg 150w, https:\/\/heisserhamster.de\/waermflasche\/wp-content\/uploads\/2017\/02\/Waermflaschenbezug-aus-Kamelhaar-1-144x144.jpg 144w, https:\/\/heisserhamster.de\/waermflasche\/wp-content\/uploads\/2017\/02\/Waermflaschenbezug-aus-Kamelhaar-1-250x250.jpg 250w\" sizes=\"auto, (max-width: 600px) 100vw, 600px\" \/><\/a><\/p>\n<p style=\"text-align: center;\">[\/spb_icon_box] [spb_icon_box title=&#8221;MINI HAMSTER&#8221; box_type=&#8221;standard&#8221; box_icon_type=&#8221;image&#8221; icon=&#8221;fa-list-alt&#8221; animate_svg=&#8221;no&#8221; target=&#8221;_self&#8221; animation=&#8221;none&#8221; animation_delay=&#8221;0&#8243; animated_box_style=&#8221;coloured&#8221; animated_box_rounded=&#8221;yes&#8221; width=&#8221;1\/4&#8243;]<a href=\"http:\/\/heisserhamster.de\/waermflasche\/mini-hamster\/\"><img loading=\"lazy\" decoding=\"async\" class=\"alignnone wp-image-22752 size-medium\" src=\"https:\/\/heisserhamster.de\/waermflasche\/wp-content\/uploads\/2017\/07\/Mini-Hamster-BENNY--300x300.jpg\" alt=\"\" width=\"300\" height=\"300\" srcset=\"https:\/\/heisserhamster.de\/waermflasche\/wp-content\/uploads\/2017\/07\/Mini-Hamster-BENNY--300x300.jpg 300w, https:\/\/heisserhamster.de\/waermflasche\/wp-content\/uploads\/2017\/07\/Mini-Hamster-BENNY--200x200.jpg 200w, https:\/\/heisserhamster.de\/waermflasche\/wp-content\/uploads\/2017\/07\/Mini-Hamster-BENNY--150x150.jpg 150w, https:\/\/heisserhamster.de\/waermflasche\/wp-content\/uploads\/2017\/07\/Mini-Hamster-BENNY--250x250.jpg 250w, https:\/\/heisserhamster.de\/waermflasche\/wp-content\/uploads\/2017\/07\/Mini-Hamster-BENNY-.jpg 595w\" sizes=\"auto, (max-width: 300px) 100vw, 300px\" \/><\/a><\/p>\n<p>&nbsp;<\/p>\n<p>[\/spb_icon_box] [spb_icon_box title=&#8221;HERZW\u00c4RMFLASCHEN&#8221; box_type=&#8221;standard&#8221; animate_svg=&#8221;no&#8221; target=&#8221;_self&#8221; animation=&#8221;none&#8221; animation_delay=&#8221;0&#8243; animated_box_style=&#8221;coloured&#8221; animated_box_rounded=&#8221;yes&#8221; width=&#8221;1\/4&#8243; el_position=&#8221;last&#8221;]<\/p>\n<p><a href=\"http:\/\/heisserhamster.de\/waermflasche\/de\/individuelle-herz-waermflasche\/\"><img loading=\"lazy\" decoding=\"async\" class=\"aligncenter wp-image-15340 size-full\" src=\"https:\/\/heisserhamster.de\/waermflasche\/wp-content\/uploads\/2014\/05\/Herz-W\u00e4rmflaschen.jpg\" alt=\"Herz-W\u00e4rmflaschen\" width=\"600\" height=\"600\" srcset=\"https:\/\/heisserhamster.de\/waermflasche\/wp-content\/uploads\/2014\/05\/Herz-W\u00e4rmflaschen.jpg 600w, https:\/\/heisserhamster.de\/waermflasche\/wp-content\/uploads\/2014\/05\/Herz-W\u00e4rmflaschen-300x300.jpg 300w, https:\/\/heisserhamster.de\/waermflasche\/wp-content\/uploads\/2014\/05\/Herz-W\u00e4rmflaschen-200x200.jpg 200w, https:\/\/heisserhamster.de\/waermflasche\/wp-content\/uploads\/2014\/05\/Herz-W\u00e4rmflaschen-150x150.jpg 150w, https:\/\/heisserhamster.de\/waermflasche\/wp-content\/uploads\/2014\/05\/Herz-W\u00e4rmflaschen-250x250.jpg 250w\" sizes=\"auto, (max-width: 600px) 100vw, 600px\" \/><\/a><\/p>\n<p>[\/spb_icon_box] [spb_blank_spacer height=&#8221;240px&#8221; width=&#8221;1\/1&#8243; el_position=&#8221;first last&#8221;][\/vc_column_text][\/vc_column][\/vc_row]<\/p>\n<\/section>","protected":false},"excerpt":{"rendered":"<p>[vc_row][vc_column][vc_column_text][spb_blank_spacer height=&#8221;60px&#8221; width=&#8221;1\/1&#8243; el_position=&#8221;first last&#8221;] [spb_row element_name=&#8221;Row&#8221; wrap_type=&#8221;full-width&#8221; row_bg_type=&#8221;color&#8221; color_row_height=&#8221;content-height&#8221; bg_type=&#8221;cover&#8221; parallax_image_height=&#8221;content-height&#8221; parallax_image_movement=&#8221;fixed&#8221; parallax_image_speed=&#8221;0.5&#8243; bg_video_loop=&#8221;yes&#8221; parallax_video_height=&#8221;window-height&#8221; row_top_style=&#8221;none&#8221; row_bottom_style=&#8221;none&#8221; parallax_video_overlay=&#8221;none&#8221; row_overlay_opacity=&#8221;0&#8243; remove_element_spacing=&#8221;no&#8221; row_col_pos=&#8221;default&#8221; row_expanding=&#8221;no&#8221; row_animation=&#8221;none&#8221; row_animation_delay=&#8221;0&#8243; minimize_row=&#8221;no&#8221; width=&#8221;1\/1&#8243; el_position=&#8221;first last&#8221;] [spb_text_block animation=&#8221;none&#8221; animation_delay=&#8221;0&#8243; simplified_controls=&#8221;yes&#8221; custom_css_percentage=&#8221;no&#8221; padding_vertical=&#8221;0&#8243; padding_horizontal=&#8221;0&#8243; margin_vertical=&#8221;0&#8243; custom_css=&#8221;margin-top: 0px;margin-bottom: 0px;&#8221; border_size=&#8221;0&#8243; border_styling_global=&#8221;default&#8221; width=&#8221;1\/1&#8243; el_position=&#8221;first last&#8221;] DIE W\u00c4RMFLASCHEN-MANUFAKTUR [\/spb_text_block] [spb_text_block animation=&#8221;none&#8221; animation_delay=&#8221;0&#8243; simplified_controls=&#8221;yes&#8221; custom_css_percentage=&#8221;no&#8221; padding_vertical=&#8221;0&#8243; padding_horizontal=&#8221;0&#8243; margin_vertical=&#8221;0&#8243; custom_css=&#8221;margin-top: 0px;margin-bottom: 0px;&#8221; border_size=&#8221;0&#8243; [&hellip;]<\/p>\n","protected":false},"author":2,"featured_media":0,"parent":0,"menu_order":0,"comment_status":"closed","ping_status":"closed","template":"","meta":{"footnotes":""},"class_list":["post-9","page","type-page","status-publish","hentry"],"yoast_head":"<!-- This site is optimized with the Yoast SEO plugin v27.0 - https:\/\/yoast.com\/product\/yoast-seo-wordpress\/ -->\n<title>heisser hamster - individuelle W\u00e4rmflaschen<\/title>\n<meta name=\"description\" content=\"Hier kannst Du Dir Deine pers\u00f6nliche W\u00e4rmflasche individuell zusammenstellen. Individuelle W\u00e4rmflaschen mit eigenem Namen,Text oder Motiv bedruckt, bestickt\" \/>\n<meta name=\"robots\" content=\"index, follow, max-snippet:-1, max-image-preview:large, max-video-preview:-1\" \/>\n<link rel=\"canonical\" href=\"https:\/\/heisserhamster.de\/waermflasche\/\" \/>\n<meta property=\"og:locale\" content=\"de_DE\" \/>\n<meta property=\"og:type\" content=\"article\" \/>\n<meta property=\"og:title\" content=\"heisser hamster - individuelle W\u00e4rmflaschen\" \/>\n<meta property=\"og:description\" content=\"Hier kannst Du Dir Deine pers\u00f6nliche W\u00e4rmflasche individuell zusammenstellen. Individuelle W\u00e4rmflaschen mit eigenem Namen,Text oder Motiv bedruckt, bestickt\" \/>\n<meta property=\"og:url\" content=\"https:\/\/heisserhamster.de\/waermflasche\/\" \/>\n<meta property=\"article:modified_time\" content=\"2025-11-20T08:49:00+00:00\" \/>\n<meta property=\"og:image\" content=\"https:\/\/heisserhamster.de\/waermflasche\/wp-content\/uploads\/2025\/11\/image-2-e1763479159625.png\" \/>\n\t<meta property=\"og:image:width\" content=\"512\" \/>\n\t<meta property=\"og:image:height\" content=\"512\" \/>\n\t<meta property=\"og:image:type\" content=\"image\/png\" \/>\n<meta name=\"twitter:card\" content=\"summary_large_image\" \/>\n<meta name=\"twitter:label1\" content=\"Gesch\u00e4tzte Lesezeit\" \/>\n\t<meta name=\"twitter:data1\" content=\"4\u00a0Minuten\" \/>\n<script type=\"application\/ld+json\" class=\"yoast-schema-graph\">{\"@context\":\"https:\/\/schema.org\",\"@graph\":[{\"@type\":\"WebPage\",\"@id\":\"https:\/\/heisserhamster.de\/waermflasche\/\",\"url\":\"https:\/\/heisserhamster.de\/waermflasche\/\",\"name\":\"heisser hamster - individuelle W\u00e4rmflaschen\",\"isPartOf\":{\"@id\":\"https:\/\/heisserhamster.de\/waermflasche\/#website\"},\"primaryImageOfPage\":{\"@id\":\"https:\/\/heisserhamster.de\/waermflasche\/#primaryimage\"},\"image\":{\"@id\":\"https:\/\/heisserhamster.de\/waermflasche\/#primaryimage\"},\"thumbnailUrl\":\"https:\/\/heisserhamster.de\/waermflasche\/wp-content\/uploads\/2025\/11\/image-2-300x300.png\",\"datePublished\":\"2014-05-28T11:06:10+00:00\",\"dateModified\":\"2025-11-20T08:49:00+00:00\",\"description\":\"Hier kannst Du Dir Deine pers\u00f6nliche W\u00e4rmflasche individuell zusammenstellen. Individuelle W\u00e4rmflaschen mit eigenem Namen,Text oder Motiv bedruckt, bestickt\",\"breadcrumb\":{\"@id\":\"https:\/\/heisserhamster.de\/waermflasche\/#breadcrumb\"},\"inLanguage\":\"de\",\"potentialAction\":[{\"@type\":\"ReadAction\",\"target\":[\"https:\/\/heisserhamster.de\/waermflasche\/\"]}]},{\"@type\":\"ImageObject\",\"inLanguage\":\"de\",\"@id\":\"https:\/\/heisserhamster.de\/waermflasche\/#primaryimage\",\"url\":\"https:\/\/heisserhamster.de\/waermflasche\/wp-content\/uploads\/2025\/11\/image-2-e1763479159625.png\",\"contentUrl\":\"https:\/\/heisserhamster.de\/waermflasche\/wp-content\/uploads\/2025\/11\/image-2-e1763479159625.png\",\"width\":512,\"height\":512},{\"@type\":\"BreadcrumbList\",\"@id\":\"https:\/\/heisserhamster.de\/waermflasche\/#breadcrumb\",\"itemListElement\":[{\"@type\":\"ListItem\",\"position\":1,\"name\":\"Startseite\",\"item\":\"https:\/\/heisserhamster.de\/waermflasche\/\"},{\"@type\":\"ListItem\",\"position\":2,\"name\":\"Individuell bestickt\"}]},{\"@type\":\"WebSite\",\"@id\":\"https:\/\/heisserhamster.de\/waermflasche\/#website\",\"url\":\"https:\/\/heisserhamster.de\/waermflasche\/\",\"name\":\"\",\"description\":\"\",\"potentialAction\":[{\"@type\":\"SearchAction\",\"target\":{\"@type\":\"EntryPoint\",\"urlTemplate\":\"https:\/\/heisserhamster.de\/waermflasche\/?s={search_term_string}\"},\"query-input\":{\"@type\":\"PropertyValueSpecification\",\"valueRequired\":true,\"valueName\":\"search_term_string\"}}],\"inLanguage\":\"de\"}]}<\/script>\n<!-- \/ Yoast SEO plugin. -->","yoast_head_json":{"title":"heisser hamster - individuelle W\u00e4rmflaschen","description":"Hier kannst Du Dir Deine pers\u00f6nliche W\u00e4rmflasche individuell zusammenstellen. Individuelle W\u00e4rmflaschen mit eigenem Namen,Text oder Motiv bedruckt, bestickt","robots":{"index":"index","follow":"follow","max-snippet":"max-snippet:-1","max-image-preview":"max-image-preview:large","max-video-preview":"max-video-preview:-1"},"canonical":"https:\/\/heisserhamster.de\/waermflasche\/","og_locale":"de_DE","og_type":"article","og_title":"heisser hamster - individuelle W\u00e4rmflaschen","og_description":"Hier kannst Du Dir Deine pers\u00f6nliche W\u00e4rmflasche individuell zusammenstellen. Individuelle W\u00e4rmflaschen mit eigenem Namen,Text oder Motiv bedruckt, bestickt","og_url":"https:\/\/heisserhamster.de\/waermflasche\/","article_modified_time":"2025-11-20T08:49:00+00:00","og_image":[{"width":512,"height":512,"url":"https:\/\/heisserhamster.de\/waermflasche\/wp-content\/uploads\/2025\/11\/image-2-e1763479159625.png","type":"image\/png"}],"twitter_card":"summary_large_image","twitter_misc":{"Gesch\u00e4tzte Lesezeit":"4\u00a0Minuten"},"schema":{"@context":"https:\/\/schema.org","@graph":[{"@type":"WebPage","@id":"https:\/\/heisserhamster.de\/waermflasche\/","url":"https:\/\/heisserhamster.de\/waermflasche\/","name":"heisser hamster - individuelle W\u00e4rmflaschen","isPartOf":{"@id":"https:\/\/heisserhamster.de\/waermflasche\/#website"},"primaryImageOfPage":{"@id":"https:\/\/heisserhamster.de\/waermflasche\/#primaryimage"},"image":{"@id":"https:\/\/heisserhamster.de\/waermflasche\/#primaryimage"},"thumbnailUrl":"https:\/\/heisserhamster.de\/waermflasche\/wp-content\/uploads\/2025\/11\/image-2-300x300.png","datePublished":"2014-05-28T11:06:10+00:00","dateModified":"2025-11-20T08:49:00+00:00","description":"Hier kannst Du Dir Deine pers\u00f6nliche W\u00e4rmflasche individuell zusammenstellen. Individuelle W\u00e4rmflaschen mit eigenem Namen,Text oder Motiv bedruckt, bestickt","breadcrumb":{"@id":"https:\/\/heisserhamster.de\/waermflasche\/#breadcrumb"},"inLanguage":"de","potentialAction":[{"@type":"ReadAction","target":["https:\/\/heisserhamster.de\/waermflasche\/"]}]},{"@type":"ImageObject","inLanguage":"de","@id":"https:\/\/heisserhamster.de\/waermflasche\/#primaryimage","url":"https:\/\/heisserhamster.de\/waermflasche\/wp-content\/uploads\/2025\/11\/image-2-e1763479159625.png","contentUrl":"https:\/\/heisserhamster.de\/waermflasche\/wp-content\/uploads\/2025\/11\/image-2-e1763479159625.png","width":512,"height":512},{"@type":"BreadcrumbList","@id":"https:\/\/heisserhamster.de\/waermflasche\/#breadcrumb","itemListElement":[{"@type":"ListItem","position":1,"name":"Startseite","item":"https:\/\/heisserhamster.de\/waermflasche\/"},{"@type":"ListItem","position":2,"name":"Individuell bestickt"}]},{"@type":"WebSite","@id":"https:\/\/heisserhamster.de\/waermflasche\/#website","url":"https:\/\/heisserhamster.de\/waermflasche\/","name":"","description":"","potentialAction":[{"@type":"SearchAction","target":{"@type":"EntryPoint","urlTemplate":"https:\/\/heisserhamster.de\/waermflasche\/?s={search_term_string}"},"query-input":{"@type":"PropertyValueSpecification","valueRequired":true,"valueName":"search_term_string"}}],"inLanguage":"de"}]}},"_links":{"self":[{"href":"https:\/\/heisserhamster.de\/waermflasche\/wp-json\/wp\/v2\/pages\/9","targetHints":{"allow":["GET"]}}],"collection":[{"href":"https:\/\/heisserhamster.de\/waermflasche\/wp-json\/wp\/v2\/pages"}],"about":[{"href":"https:\/\/heisserhamster.de\/waermflasche\/wp-json\/wp\/v2\/types\/page"}],"author":[{"embeddable":true,"href":"https:\/\/heisserhamster.de\/waermflasche\/wp-json\/wp\/v2\/users\/2"}],"replies":[{"embeddable":true,"href":"https:\/\/heisserhamster.de\/waermflasche\/wp-json\/wp\/v2\/comments?post=9"}],"version-history":[{"count":0,"href":"https:\/\/heisserhamster.de\/waermflasche\/wp-json\/wp\/v2\/pages\/9\/revisions"}],"wp:attachment":[{"href":"https:\/\/heisserhamster.de\/waermflasche\/wp-json\/wp\/v2\/media?parent=9"}],"curies":[{"name":"wp","href":"https:\/\/api.w.org\/{rel}","templated":true}]}}