{"id":46,"date":"2017-02-20T16:53:35","date_gmt":"2017-02-20T15:53:35","guid":{"rendered":"http:\/\/heisserhamster.de\/waermflasche\/?page_id=46"},"modified":"2017-08-20T11:12:05","modified_gmt":"2017-08-20T09:12:05","slug":"heisser-hamster","status":"publish","type":"page","link":"https:\/\/heisserhamster.de\/waermflasche\/heisser-hamster\/","title":{"rendered":"Gestalte Deinen heissen hamster"},"content":{"rendered":"<p>[spb_blank_spacer height=&#8221;30px&#8221; width=&#8221;1\/1&#8243; el_position=&#8221;first last&#8221;] [spb_text_block animation=&#8221;none&#8221; animation_delay=&#8221;0&#8243; simplified_controls=&#8221;yes&#8221; custom_css_percentage=&#8221;no&#8221; padding_vertical=&#8221;0&#8243; padding_horizontal=&#8221;0&#8243; margin_vertical=&#8221;0&#8243; custom_css=&#8221;margin-top: 0px;margin-bottom: 0px;&#8221; border_size=&#8221;0&#8243; border_styling_global=&#8221;default&#8221; width=&#8221;1\/1&#8243; el_position=&#8221;first last&#8221;]<\/p>\n<section class=\"row \">\n<div class=\"spb_content_element col-sm-12 spb_text_column\">\n<div class=\"spb-asset-content\">\n<section class=\"row \">\n<div class=\"spb_content_element col-sm-12 spb_text_column\">\n<div class=\"spb-asset-content\">\n<h2 style=\"text-align: center;\">W\u00e4hle hier die Qualit\u00e4t Deines W\u00e4rmflaschenbezuges aus<\/h2>\n<h3 style=\"text-align: center;\">Aus vielen verschiedenen Qualit\u00e4ten und Farben kannst Du Dir Deine pers\u00f6nliche W\u00e4rmflasche individuell zusammenstellen<\/h3>\n<\/div>\n<\/div>\n<\/section>\n<\/div>\n<\/div>\n<\/section>\n<p>[\/spb_text_block] [spb_icon_box title=&#8221;FLEECE&#8221; box_type=&#8221;standard&#8221; animate_svg=&#8221;no&#8221; target=&#8221;_self&#8221; animation=&#8221;none&#8221; animation_delay=&#8221;0&#8243; animated_box_style=&#8221;coloured&#8221; animated_box_rounded=&#8221;yes&#8221; width=&#8221;1\/4&#8243; el_position=&#8221;first&#8221;]<\/p>\n<p><a href=\"http:\/\/heisserhamster.de\/waermflasche\/bezuege-aus-fleece\/\"><img loading=\"lazy\" decoding=\"async\" class=\"aligncenter wp-image-101 size-full\" src=\"http:\/\/heisserhamster.de\/waermflasche\/wp-content\/uploads\/2017\/02\/Fleece-W\u00e4rmflaschenbezug-rot.jpg\" width=\"600\" height=\"600\" \/><\/a><\/p>\n<p>[\/spb_icon_box] [spb_icon_box title=&#8221;SCHURWOLLE&#8221; box_type=&#8221;standard&#8221; animate_svg=&#8221;no&#8221; target=&#8221;_self&#8221; animation=&#8221;none&#8221; animation_delay=&#8221;0&#8243; animated_box_style=&#8221;coloured&#8221; animated_box_rounded=&#8221;yes&#8221; width=&#8221;1\/4&#8243;]<\/p>\n<p><a href=\"http:\/\/heisserhamster.de\/waermflasche\/bezuege-aus-schurwolle\/\"><img loading=\"lazy\" decoding=\"async\" class=\"aligncenter wp-image-15115 size-full\" src=\"http:\/\/heisserhamster.de\/waermflasche\/wp-content\/uploads\/2017\/02\/Schurwolle-Bezug-grau.jpg\" alt=\"Schurwolle-Bezug- grau\" width=\"600\" height=\"600\" srcset=\"https:\/\/heisserhamster.de\/waermflasche\/wp-content\/uploads\/2017\/02\/Schurwolle-Bezug-grau.jpg 600w, https:\/\/heisserhamster.de\/waermflasche\/wp-content\/uploads\/2017\/02\/Schurwolle-Bezug-grau-300x300.jpg 300w, https:\/\/heisserhamster.de\/waermflasche\/wp-content\/uploads\/2017\/02\/Schurwolle-Bezug-grau-200x200.jpg 200w, https:\/\/heisserhamster.de\/waermflasche\/wp-content\/uploads\/2017\/02\/Schurwolle-Bezug-grau-150x150.jpg 150w, https:\/\/heisserhamster.de\/waermflasche\/wp-content\/uploads\/2017\/02\/Schurwolle-Bezug-grau-144x144.jpg 144w, https:\/\/heisserhamster.de\/waermflasche\/wp-content\/uploads\/2017\/02\/Schurwolle-Bezug-grau-250x250.jpg 250w\" sizes=\"auto, (max-width: 600px) 100vw, 600px\" \/><\/a><\/p>\n<p>[\/spb_icon_box] [spb_icon_box title=&#8221;MERINOWOLLE&#8221; box_type=&#8221;standard&#8221; animate_svg=&#8221;no&#8221; link=&#8221;https:\/\/www.joerg-coblenz.com\/&#8221; target=&#8221;_self&#8221; animation=&#8221;none&#8221; animation_delay=&#8221;0&#8243; animated_box_style=&#8221;coloured&#8221; animated_box_rounded=&#8221;yes&#8221; width=&#8221;1\/4&#8243;]<\/p>\n<p><a href=\"http:\/\/heisserhamster.de\/waermflasche\/bezuege-aus-merinowolle\/\"><img loading=\"lazy\" decoding=\"async\" class=\"aligncenter wp-image-14750 size-full\" src=\"http:\/\/heisserhamster.de\/waermflasche\/wp-content\/uploads\/2017\/02\/Merino-Cover-for-hot-water-bottle-chalk.jpg\" width=\"600\" height=\"600\" srcset=\"https:\/\/heisserhamster.de\/waermflasche\/wp-content\/uploads\/2017\/02\/Merino-Cover-for-hot-water-bottle-chalk.jpg 600w, https:\/\/heisserhamster.de\/waermflasche\/wp-content\/uploads\/2017\/02\/Merino-Cover-for-hot-water-bottle-chalk-300x300.jpg 300w, https:\/\/heisserhamster.de\/waermflasche\/wp-content\/uploads\/2017\/02\/Merino-Cover-for-hot-water-bottle-chalk-200x200.jpg 200w, https:\/\/heisserhamster.de\/waermflasche\/wp-content\/uploads\/2017\/02\/Merino-Cover-for-hot-water-bottle-chalk-150x150.jpg 150w, https:\/\/heisserhamster.de\/waermflasche\/wp-content\/uploads\/2017\/02\/Merino-Cover-for-hot-water-bottle-chalk-250x250.jpg 250w\" sizes=\"auto, (max-width: 600px) 100vw, 600px\" \/><\/a><\/p>\n<p>[\/spb_icon_box] [spb_icon_box title=&#8221;KASCHMIRWOLLE&#8221; box_type=&#8221;standard&#8221; animate_svg=&#8221;no&#8221; target=&#8221;_self&#8221; animation=&#8221;none&#8221; animation_delay=&#8221;0&#8243; animated_box_style=&#8221;coloured&#8221; animated_box_rounded=&#8221;yes&#8221; width=&#8221;1\/4&#8243; el_position=&#8221;last&#8221;]<\/p>\n<p><a href=\"http:\/\/heisserhamster.de\/waermflasche\/bezuege-aus-kaschmirwolle\/\"><img loading=\"lazy\" decoding=\"async\" class=\"aligncenter wp-image-15114 size-full\" src=\"http:\/\/heisserhamster.de\/waermflasche\/wp-content\/uploads\/2017\/02\/W\u00e4rmflaschenbezug-aus-Kaschmir-creme.jpg\" alt=\"W\u00e4rmflaschenbezug-aus-Kaschmir-creme\" width=\"600\" height=\"600\" srcset=\"https:\/\/heisserhamster.de\/waermflasche\/wp-content\/uploads\/2017\/02\/W\u00e4rmflaschenbezug-aus-Kaschmir-creme.jpg 600w, https:\/\/heisserhamster.de\/waermflasche\/wp-content\/uploads\/2017\/02\/W\u00e4rmflaschenbezug-aus-Kaschmir-creme-300x300.jpg 300w, https:\/\/heisserhamster.de\/waermflasche\/wp-content\/uploads\/2017\/02\/W\u00e4rmflaschenbezug-aus-Kaschmir-creme-200x200.jpg 200w, https:\/\/heisserhamster.de\/waermflasche\/wp-content\/uploads\/2017\/02\/W\u00e4rmflaschenbezug-aus-Kaschmir-creme-150x150.jpg 150w, https:\/\/heisserhamster.de\/waermflasche\/wp-content\/uploads\/2017\/02\/W\u00e4rmflaschenbezug-aus-Kaschmir-creme-144x144.jpg 144w, https:\/\/heisserhamster.de\/waermflasche\/wp-content\/uploads\/2017\/02\/W\u00e4rmflaschenbezug-aus-Kaschmir-creme-250x250.jpg 250w\" sizes=\"auto, (max-width: 600px) 100vw, 600px\" \/><\/a><\/p>\n<p>[\/spb_icon_box] [spb_icon_box title=&#8221;KAMELHAAR&#8221; box_type=&#8221;standard&#8221; animate_svg=&#8221;no&#8221; target=&#8221;_self&#8221; animation=&#8221;none&#8221; animation_delay=&#8221;0&#8243; animated_box_style=&#8221;coloured&#8221; animated_box_rounded=&#8221;yes&#8221; width=&#8221;1\/4&#8243; el_position=&#8221;first&#8221;]<\/p>\n<p><a href=\"http:\/\/heisserhamster.de\/waermflasche\/bezuege-aus-kamelhaar\/\"><img loading=\"lazy\" decoding=\"async\" class=\"aligncenter wp-image-15113 size-full\" src=\"http:\/\/heisserhamster.de\/waermflasche\/wp-content\/uploads\/2017\/02\/Waermflaschenbezug-aus-Kamelhaar-1.jpg\" alt=\"Waermflaschenbezug-aus-Kamelhaar\" width=\"600\" height=\"600\" srcset=\"https:\/\/heisserhamster.de\/waermflasche\/wp-content\/uploads\/2017\/02\/Waermflaschenbezug-aus-Kamelhaar-1.jpg 600w, https:\/\/heisserhamster.de\/waermflasche\/wp-content\/uploads\/2017\/02\/Waermflaschenbezug-aus-Kamelhaar-1-300x300.jpg 300w, https:\/\/heisserhamster.de\/waermflasche\/wp-content\/uploads\/2017\/02\/Waermflaschenbezug-aus-Kamelhaar-1-200x200.jpg 200w, https:\/\/heisserhamster.de\/waermflasche\/wp-content\/uploads\/2017\/02\/Waermflaschenbezug-aus-Kamelhaar-1-150x150.jpg 150w, https:\/\/heisserhamster.de\/waermflasche\/wp-content\/uploads\/2017\/02\/Waermflaschenbezug-aus-Kamelhaar-1-144x144.jpg 144w, https:\/\/heisserhamster.de\/waermflasche\/wp-content\/uploads\/2017\/02\/Waermflaschenbezug-aus-Kamelhaar-1-250x250.jpg 250w\" sizes=\"auto, (max-width: 600px) 100vw, 600px\" \/><\/a><\/p>\n<p>[\/spb_icon_box] [spb_icon_box title=&#8221;MINI HAMSTER&#8221; box_type=&#8221;standard&#8221; animate_svg=&#8221;no&#8221; target=&#8221;_self&#8221; animation=&#8221;none&#8221; animation_delay=&#8221;0&#8243; animated_box_style=&#8221;coloured&#8221; animated_box_rounded=&#8221;yes&#8221; width=&#8221;1\/4&#8243;]<\/p>\n<p><a href=\"http:\/\/heisserhamster.de\/waermflasche\/mini-hamster\/\"><img loading=\"lazy\" decoding=\"async\" class=\"aligncenter wp-image-15119 size-full\" src=\"http:\/\/heisserhamster.de\/waermflasche\/wp-content\/uploads\/2017\/02\/Mini-Hamster-rosa-1.jpg\" width=\"600\" height=\"600\" srcset=\"https:\/\/heisserhamster.de\/waermflasche\/wp-content\/uploads\/2017\/02\/Mini-Hamster-rosa-1.jpg 600w, https:\/\/heisserhamster.de\/waermflasche\/wp-content\/uploads\/2017\/02\/Mini-Hamster-rosa-1-300x300.jpg 300w, https:\/\/heisserhamster.de\/waermflasche\/wp-content\/uploads\/2017\/02\/Mini-Hamster-rosa-1-200x200.jpg 200w, https:\/\/heisserhamster.de\/waermflasche\/wp-content\/uploads\/2017\/02\/Mini-Hamster-rosa-1-150x150.jpg 150w, https:\/\/heisserhamster.de\/waermflasche\/wp-content\/uploads\/2017\/02\/Mini-Hamster-rosa-1-144x144.jpg 144w, https:\/\/heisserhamster.de\/waermflasche\/wp-content\/uploads\/2017\/02\/Mini-Hamster-rosa-1-250x250.jpg 250w\" sizes=\"auto, (max-width: 600px) 100vw, 600px\" \/><\/a><\/p>\n<p>[\/spb_icon_box] [spb_icon_box title=&#8221;DER ZOO&#8221; box_type=&#8221;standard&#8221; box_icon_type=&#8221;image&#8221; icon=&#8221;fa-ambulance&#8221; animate_svg=&#8221;no&#8221; target=&#8221;_self&#8221; animation=&#8221;none&#8221; animation_delay=&#8221;0&#8243; animated_box_style=&#8221;coloured&#8221; animated_box_rounded=&#8221;yes&#8221; width=&#8221;1\/4&#8243;]<\/p>\n<p><a href=\"http:\/\/heisserhamster.de\/waermflasche\/der-zoo\/\"><img loading=\"lazy\" decoding=\"async\" class=\"size-medium wp-image-15606 aligncenter\" src=\"http:\/\/heisserhamster.de\/waermflasche\/wp-content\/uploads\/2014\/05\/Waermflasche-Kuh-300x300.jpg\" alt=\"Waermflasche- Kuh\" width=\"300\" height=\"300\" srcset=\"https:\/\/heisserhamster.de\/waermflasche\/wp-content\/uploads\/2014\/05\/Waermflasche-Kuh-300x300.jpg 300w, https:\/\/heisserhamster.de\/waermflasche\/wp-content\/uploads\/2014\/05\/Waermflasche-Kuh-200x200.jpg 200w, https:\/\/heisserhamster.de\/waermflasche\/wp-content\/uploads\/2014\/05\/Waermflasche-Kuh.jpg 600w, https:\/\/heisserhamster.de\/waermflasche\/wp-content\/uploads\/2014\/05\/Waermflasche-Kuh-150x150.jpg 150w, https:\/\/heisserhamster.de\/waermflasche\/wp-content\/uploads\/2014\/05\/Waermflasche-Kuh-250x250.jpg 250w\" sizes=\"auto, (max-width: 300px) 100vw, 300px\" \/><\/a><\/p>\n<p>[\/spb_icon_box] [spb_icon_box title=&#8221;HERZW\u00c4RMFLASCHEN&#8221; box_type=&#8221;standard&#8221; animate_svg=&#8221;no&#8221; target=&#8221;_self&#8221; animation=&#8221;none&#8221; animation_delay=&#8221;0&#8243; animated_box_style=&#8221;coloured&#8221; animated_box_rounded=&#8221;yes&#8221; width=&#8221;1\/4&#8243; el_position=&#8221;last&#8221;]<\/p>\n<p><a href=\"https:\/\/heisserhamster.de\/waermflasche\/de\/individuelle-herz-waermflasche\/\"><img loading=\"lazy\" decoding=\"async\" class=\"alignnone size-medium wp-image-15340 aligncenter\" src=\"http:\/\/heisserhamster.de\/waermflasche\/wp-content\/uploads\/2014\/05\/Herz-W\u00e4rmflaschen-300x300.jpg\" alt=\"Herz-W\u00e4rmflaschen\" width=\"300\" height=\"300\" srcset=\"https:\/\/heisserhamster.de\/waermflasche\/wp-content\/uploads\/2014\/05\/Herz-W\u00e4rmflaschen-300x300.jpg 300w, https:\/\/heisserhamster.de\/waermflasche\/wp-content\/uploads\/2014\/05\/Herz-W\u00e4rmflaschen-200x200.jpg 200w, https:\/\/heisserhamster.de\/waermflasche\/wp-content\/uploads\/2014\/05\/Herz-W\u00e4rmflaschen.jpg 600w, https:\/\/heisserhamster.de\/waermflasche\/wp-content\/uploads\/2014\/05\/Herz-W\u00e4rmflaschen-150x150.jpg 150w, https:\/\/heisserhamster.de\/waermflasche\/wp-content\/uploads\/2014\/05\/Herz-W\u00e4rmflaschen-250x250.jpg 250w\" sizes=\"auto, (max-width: 300px) 100vw, 300px\" \/><\/a><\/p>\n<p>[\/spb_icon_box] [spb_blank_spacer height=&#8221;30px&#8221; width=&#8221;1\/1&#8243; el_position=&#8221;first last&#8221;]<\/p>\n","protected":false},"excerpt":{"rendered":"<p>[spb_blank_spacer height=&#8221;30px&#8221; width=&#8221;1\/1&#8243; el_position=&#8221;first last&#8221;] [spb_text_block animation=&#8221;none&#8221; animation_delay=&#8221;0&#8243; simplified_controls=&#8221;yes&#8221; custom_css_percentage=&#8221;no&#8221; padding_vertical=&#8221;0&#8243; padding_horizontal=&#8221;0&#8243; margin_vertical=&#8221;0&#8243; custom_css=&#8221;margin-top: 0px;margin-bottom: 0px;&#8221; border_size=&#8221;0&#8243; border_styling_global=&#8221;default&#8221; width=&#8221;1\/1&#8243; el_position=&#8221;first last&#8221;] W\u00e4hle hier die Qualit\u00e4t Deines W\u00e4rmflaschenbezuges aus Aus vielen verschiedenen Qualit\u00e4ten und Farben kannst Du Dir Deine pers\u00f6nliche W\u00e4rmflasche individuell zusammenstellen [\/spb_text_block] [spb_icon_box title=&#8221;FLEECE&#8221; box_type=&#8221;standard&#8221; animate_svg=&#8221;no&#8221; target=&#8221;_self&#8221; animation=&#8221;none&#8221; animation_delay=&#8221;0&#8243; animated_box_style=&#8221;coloured&#8221; animated_box_rounded=&#8221;yes&#8221; width=&#8221;1\/4&#8243; el_position=&#8221;first&#8221;] [\/spb_icon_box] [spb_icon_box title=&#8221;SCHURWOLLE&#8221; box_type=&#8221;standard&#8221; animate_svg=&#8221;no&#8221; target=&#8221;_self&#8221; [&hellip;]<\/p>\n","protected":false},"author":2,"featured_media":0,"parent":0,"menu_order":0,"comment_status":"closed","ping_status":"closed","template":"","meta":{"footnotes":""},"class_list":["post-46","page","type-page","status-publish","hentry"],"yoast_head":"<!-- This site is optimized with the Yoast SEO plugin v27.0 - https:\/\/yoast.com\/product\/yoast-seo-wordpress\/ -->\n<title>Gestalte Deine individuelle W\u00e4rmflasche bei heisser hamster<\/title>\n<meta name=\"description\" content=\"Jetzt kannst Du etwas einzigartiges schaffen! Eine individuelle W\u00e4rmflasche von heisser hamster mit eigenem Motiv, Namen oder Text besticken, bedrucken.\" \/>\n<meta name=\"robots\" content=\"index, follow, max-snippet:-1, max-image-preview:large, max-video-preview:-1\" \/>\n<link rel=\"canonical\" href=\"https:\/\/heisserhamster.de\/waermflasche\/heisser-hamster\/\" \/>\n<meta property=\"og:locale\" content=\"de_DE\" \/>\n<meta property=\"og:type\" content=\"article\" \/>\n<meta property=\"og:title\" content=\"Gestalte Deine individuelle W\u00e4rmflasche bei heisser hamster\" \/>\n<meta property=\"og:description\" content=\"Jetzt kannst Du etwas einzigartiges schaffen! Eine individuelle W\u00e4rmflasche von heisser hamster mit eigenem Motiv, Namen oder Text besticken, bedrucken.\" \/>\n<meta property=\"og:url\" content=\"https:\/\/heisserhamster.de\/waermflasche\/heisser-hamster\/\" \/>\n<meta property=\"article:modified_time\" content=\"2017-08-20T09:12:05+00:00\" \/>\n<meta property=\"og:image\" content=\"http:\/\/heisserhamster.de\/waermflasche\/wp-content\/uploads\/2017\/02\/Schurwolle-Bezug-grau.jpg\" \/>\n<meta name=\"twitter:card\" content=\"summary_large_image\" \/>\n<meta name=\"twitter:label1\" content=\"Gesch\u00e4tzte Lesezeit\" \/>\n\t<meta name=\"twitter:data1\" content=\"2\u00a0Minuten\" \/>\n<script type=\"application\/ld+json\" class=\"yoast-schema-graph\">{\"@context\":\"https:\/\/schema.org\",\"@graph\":[{\"@type\":\"WebPage\",\"@id\":\"https:\/\/heisserhamster.de\/waermflasche\/heisser-hamster\/\",\"url\":\"https:\/\/heisserhamster.de\/waermflasche\/heisser-hamster\/\",\"name\":\"Gestalte Deine individuelle W\u00e4rmflasche bei heisser hamster\",\"isPartOf\":{\"@id\":\"https:\/\/heisserhamster.de\/waermflasche\/#website\"},\"primaryImageOfPage\":{\"@id\":\"https:\/\/heisserhamster.de\/waermflasche\/heisser-hamster\/#primaryimage\"},\"image\":{\"@id\":\"https:\/\/heisserhamster.de\/waermflasche\/heisser-hamster\/#primaryimage\"},\"thumbnailUrl\":\"http:\/\/heisserhamster.de\/waermflasche\/wp-content\/uploads\/2017\/02\/Schurwolle-Bezug-grau.jpg\",\"datePublished\":\"2017-02-20T15:53:35+00:00\",\"dateModified\":\"2017-08-20T09:12:05+00:00\",\"description\":\"Jetzt kannst Du etwas einzigartiges schaffen! Eine individuelle W\u00e4rmflasche von heisser hamster mit eigenem Motiv, Namen oder Text besticken, bedrucken.\",\"breadcrumb\":{\"@id\":\"https:\/\/heisserhamster.de\/waermflasche\/heisser-hamster\/#breadcrumb\"},\"inLanguage\":\"de\",\"potentialAction\":[{\"@type\":\"ReadAction\",\"target\":[\"https:\/\/heisserhamster.de\/waermflasche\/heisser-hamster\/\"]}]},{\"@type\":\"ImageObject\",\"inLanguage\":\"de\",\"@id\":\"https:\/\/heisserhamster.de\/waermflasche\/heisser-hamster\/#primaryimage\",\"url\":\"http:\/\/heisserhamster.de\/waermflasche\/wp-content\/uploads\/2017\/02\/Schurwolle-Bezug-grau.jpg\",\"contentUrl\":\"http:\/\/heisserhamster.de\/waermflasche\/wp-content\/uploads\/2017\/02\/Schurwolle-Bezug-grau.jpg\"},{\"@type\":\"BreadcrumbList\",\"@id\":\"https:\/\/heisserhamster.de\/waermflasche\/heisser-hamster\/#breadcrumb\",\"itemListElement\":[{\"@type\":\"ListItem\",\"position\":1,\"name\":\"Startseite\",\"item\":\"https:\/\/heisserhamster.de\/waermflasche\/\"},{\"@type\":\"ListItem\",\"position\":2,\"name\":\"Gestalte Deinen heissen hamster\"}]},{\"@type\":\"WebSite\",\"@id\":\"https:\/\/heisserhamster.de\/waermflasche\/#website\",\"url\":\"https:\/\/heisserhamster.de\/waermflasche\/\",\"name\":\"\",\"description\":\"\",\"potentialAction\":[{\"@type\":\"SearchAction\",\"target\":{\"@type\":\"EntryPoint\",\"urlTemplate\":\"https:\/\/heisserhamster.de\/waermflasche\/?s={search_term_string}\"},\"query-input\":{\"@type\":\"PropertyValueSpecification\",\"valueRequired\":true,\"valueName\":\"search_term_string\"}}],\"inLanguage\":\"de\"}]}<\/script>\n<!-- \/ Yoast SEO plugin. -->","yoast_head_json":{"title":"Gestalte Deine individuelle W\u00e4rmflasche bei heisser hamster","description":"Jetzt kannst Du etwas einzigartiges schaffen! Eine individuelle W\u00e4rmflasche von heisser hamster mit eigenem Motiv, Namen oder Text besticken, bedrucken.","robots":{"index":"index","follow":"follow","max-snippet":"max-snippet:-1","max-image-preview":"max-image-preview:large","max-video-preview":"max-video-preview:-1"},"canonical":"https:\/\/heisserhamster.de\/waermflasche\/heisser-hamster\/","og_locale":"de_DE","og_type":"article","og_title":"Gestalte Deine individuelle W\u00e4rmflasche bei heisser hamster","og_description":"Jetzt kannst Du etwas einzigartiges schaffen! Eine individuelle W\u00e4rmflasche von heisser hamster mit eigenem Motiv, Namen oder Text besticken, bedrucken.","og_url":"https:\/\/heisserhamster.de\/waermflasche\/heisser-hamster\/","article_modified_time":"2017-08-20T09:12:05+00:00","og_image":[{"url":"http:\/\/heisserhamster.de\/waermflasche\/wp-content\/uploads\/2017\/02\/Schurwolle-Bezug-grau.jpg","type":"","width":"","height":""}],"twitter_card":"summary_large_image","twitter_misc":{"Gesch\u00e4tzte Lesezeit":"2\u00a0Minuten"},"schema":{"@context":"https:\/\/schema.org","@graph":[{"@type":"WebPage","@id":"https:\/\/heisserhamster.de\/waermflasche\/heisser-hamster\/","url":"https:\/\/heisserhamster.de\/waermflasche\/heisser-hamster\/","name":"Gestalte Deine individuelle W\u00e4rmflasche bei heisser hamster","isPartOf":{"@id":"https:\/\/heisserhamster.de\/waermflasche\/#website"},"primaryImageOfPage":{"@id":"https:\/\/heisserhamster.de\/waermflasche\/heisser-hamster\/#primaryimage"},"image":{"@id":"https:\/\/heisserhamster.de\/waermflasche\/heisser-hamster\/#primaryimage"},"thumbnailUrl":"http:\/\/heisserhamster.de\/waermflasche\/wp-content\/uploads\/2017\/02\/Schurwolle-Bezug-grau.jpg","datePublished":"2017-02-20T15:53:35+00:00","dateModified":"2017-08-20T09:12:05+00:00","description":"Jetzt kannst Du etwas einzigartiges schaffen! Eine individuelle W\u00e4rmflasche von heisser hamster mit eigenem Motiv, Namen oder Text besticken, bedrucken.","breadcrumb":{"@id":"https:\/\/heisserhamster.de\/waermflasche\/heisser-hamster\/#breadcrumb"},"inLanguage":"de","potentialAction":[{"@type":"ReadAction","target":["https:\/\/heisserhamster.de\/waermflasche\/heisser-hamster\/"]}]},{"@type":"ImageObject","inLanguage":"de","@id":"https:\/\/heisserhamster.de\/waermflasche\/heisser-hamster\/#primaryimage","url":"http:\/\/heisserhamster.de\/waermflasche\/wp-content\/uploads\/2017\/02\/Schurwolle-Bezug-grau.jpg","contentUrl":"http:\/\/heisserhamster.de\/waermflasche\/wp-content\/uploads\/2017\/02\/Schurwolle-Bezug-grau.jpg"},{"@type":"BreadcrumbList","@id":"https:\/\/heisserhamster.de\/waermflasche\/heisser-hamster\/#breadcrumb","itemListElement":[{"@type":"ListItem","position":1,"name":"Startseite","item":"https:\/\/heisserhamster.de\/waermflasche\/"},{"@type":"ListItem","position":2,"name":"Gestalte Deinen heissen hamster"}]},{"@type":"WebSite","@id":"https:\/\/heisserhamster.de\/waermflasche\/#website","url":"https:\/\/heisserhamster.de\/waermflasche\/","name":"","description":"","potentialAction":[{"@type":"SearchAction","target":{"@type":"EntryPoint","urlTemplate":"https:\/\/heisserhamster.de\/waermflasche\/?s={search_term_string}"},"query-input":{"@type":"PropertyValueSpecification","valueRequired":true,"valueName":"search_term_string"}}],"inLanguage":"de"}]}},"_links":{"self":[{"href":"https:\/\/heisserhamster.de\/waermflasche\/wp-json\/wp\/v2\/pages\/46","targetHints":{"allow":["GET"]}}],"collection":[{"href":"https:\/\/heisserhamster.de\/waermflasche\/wp-json\/wp\/v2\/pages"}],"about":[{"href":"https:\/\/heisserhamster.de\/waermflasche\/wp-json\/wp\/v2\/types\/page"}],"author":[{"embeddable":true,"href":"https:\/\/heisserhamster.de\/waermflasche\/wp-json\/wp\/v2\/users\/2"}],"replies":[{"embeddable":true,"href":"https:\/\/heisserhamster.de\/waermflasche\/wp-json\/wp\/v2\/comments?post=46"}],"version-history":[{"count":0,"href":"https:\/\/heisserhamster.de\/waermflasche\/wp-json\/wp\/v2\/pages\/46\/revisions"}],"wp:attachment":[{"href":"https:\/\/heisserhamster.de\/waermflasche\/wp-json\/wp\/v2\/media?parent=46"}],"curies":[{"name":"wp","href":"https:\/\/api.w.org\/{rel}","templated":true}]}}