{"id":23515,"date":"2017-08-01T16:36:28","date_gmt":"2017-08-01T14:36:28","guid":{"rendered":"http:\/\/heisserhamster.de\/waermflasche\/?page_id=23515"},"modified":"2017-08-01T16:38:14","modified_gmt":"2017-08-01T14:38:14","slug":"geschenk-gutschein-zur-goldenen-hochzeit","status":"publish","type":"page","link":"https:\/\/heisserhamster.de\/waermflasche\/geschenk-gutschein-zur-goldenen-hochzeit\/","title":{"rendered":"Ein Geschenk Gutschein zur goldenen Hochzeit"},"content":{"rendered":"<h2 style=\"text-align: center;\">&#8230;mit Kuschelfaktor \ud83d\ude09<\/h2>\n<h2 style=\"text-align: center;\"><img loading=\"lazy\" decoding=\"async\" class=\"alignnone size-full wp-image-23519\" src=\"http:\/\/heisserhamster.de\/waermflasche\/wp-content\/uploads\/2017\/08\/geschenk-gutschein-zur-goldenen-hochzeit-pic4.jpg\" alt=\"\" width=\"595\" height=\"422\" \/><\/h2>\n<p style=\"text-align: center;\"><strong>\u00a0<\/strong><\/p>\n<h4 style=\"text-align: center;\">Schenken kann so sch\u00f6n sein. Anl\u00e4sse gibt es genug. Doch jedes Jahr qu\u00e4len wir uns erneut mit der Frage: Was schenken wir?<\/h4>\n<h4 style=\"text-align: center;\">Hat ein lieber Mensch bald <strong>Geburtstag<\/strong>? Ist pl\u00f6tzlich wieder <strong>Weihnachten<\/strong>? Willst Du Deine Liebe zum <strong>Valentinstag<\/strong> zeigen?<\/h4>\n<h4 style=\"text-align: center;\">Auf der Suche nach dem richtigen Geschenk kann man oft verzweifeln denn es gibt eine \u00dcberzahl an Angeboten.<\/h4>\n<h4 style=\"text-align: center;\">Doch wer will schon mit dem Strom schwimmen.<\/h4>\n<p>&nbsp;<\/p>\n<h4 style=\"text-align: center;\">Ein <strong>individueller Geschenkgutschein<\/strong> ist viel pers\u00f6nlicher und netter als nur von der Stange zu kaufen.<\/h4>\n<h4 style=\"text-align: center;\">Ein <strong>pers\u00f6nlicher Geschenk-Gutschein<\/strong> ist ein Geschenk von Herz zu Herz und zeigt das Du Dir wirklich Gedanken gemacht hast.<\/h4>\n<h4 style=\"text-align: center;\">Nur Du kannst diesen <strong>originellen und einmaligen Gutschein<\/strong> verschenken denn Du kennst die beschenkte Person am besten.<\/h4>\n<h4 style=\"text-align: center;\">Gestalte diesen besonderen Gutschein mit einem <strong>pers\u00f6nlichen Text oder Namen.<\/strong><\/h4>\n<p>&nbsp;<\/p>\n<p style=\"text-align: center;\"><img loading=\"lazy\" decoding=\"async\" class=\"alignnone size-full wp-image-23518\" src=\"http:\/\/heisserhamster.de\/waermflasche\/wp-content\/uploads\/2017\/08\/geschenk-gutschein-zur-goldenen-hochzeit-pic3.jpg\" alt=\"\" width=\"595\" height=\"417\" srcset=\"https:\/\/heisserhamster.de\/waermflasche\/wp-content\/uploads\/2017\/08\/geschenk-gutschein-zur-goldenen-hochzeit-pic3.jpg 595w, https:\/\/heisserhamster.de\/waermflasche\/wp-content\/uploads\/2017\/08\/geschenk-gutschein-zur-goldenen-hochzeit-pic3-200x140.jpg 200w, https:\/\/heisserhamster.de\/waermflasche\/wp-content\/uploads\/2017\/08\/geschenk-gutschein-zur-goldenen-hochzeit-pic3-300x210.jpg 300w\" sizes=\"auto, (max-width: 595px) 100vw, 595px\" \/><\/p>\n<p>&nbsp;<\/p>\n<h3 style=\"text-align: center;\"><strong>Sei dabei wenn dieser Gutschein ein L\u00e4cheln zaubert !<\/strong><\/h3>\n<h4 style=\"text-align: center;\">Egal ob Du einen <strong>Gutschein f\u00fcr Frauen, M\u00e4nner oder Kinder<\/strong> suchst \u2013 individuell kommt besser!<\/h4>\n<h4 style=\"text-align: center;\"><strong>Individuelle Geschenkgutscheine<\/strong> sind Geschenke mit Liebe. Der n\u00e4chste Geburtstag kommt bestimmt.<\/h4>\n<h4 style=\"text-align: center;\">Weihnachtsgeschenke, Hochzeitsgeschenke, Muttertagsgeschenke \u2013 Anl\u00e4sse gibt es genug.<\/h4>\n<p>&nbsp;<\/p>\n<h3 style=\"text-align: center;\"><strong>Exklusive Geschenk-Gutscheine ? Kein Problem !<\/strong><\/h3>\n<h4 style=\"text-align: center;\">Wir m\u00f6chten dass Du ein einzigartiges Geschenk bekommst und wir helfen Dir dabei.<\/h4>\n<h4 style=\"text-align: center;\">Wir fertigen <strong>witzige W\u00e4rmflaschen<\/strong> die erst nach Bestellung speziell f\u00fcr Dich<\/h4>\n<h4 style=\"text-align: center;\">mit Deinem Motiv oder Deiner eigenen Idee <strong>individuell bestickt<\/strong> werden.<\/h4>\n<p>&nbsp;<\/p>\n<p style=\"text-align: center;\"><img loading=\"lazy\" decoding=\"async\" class=\"alignnone size-full wp-image-23516\" src=\"http:\/\/heisserhamster.de\/waermflasche\/wp-content\/uploads\/2017\/08\/geschenk-gutschein-zur-goldenen-hochzeit-pic1.jpg\" alt=\"\" width=\"595\" height=\"417\" srcset=\"https:\/\/heisserhamster.de\/waermflasche\/wp-content\/uploads\/2017\/08\/geschenk-gutschein-zur-goldenen-hochzeit-pic1.jpg 595w, https:\/\/heisserhamster.de\/waermflasche\/wp-content\/uploads\/2017\/08\/geschenk-gutschein-zur-goldenen-hochzeit-pic1-200x140.jpg 200w, https:\/\/heisserhamster.de\/waermflasche\/wp-content\/uploads\/2017\/08\/geschenk-gutschein-zur-goldenen-hochzeit-pic1-300x210.jpg 300w\" sizes=\"auto, (max-width: 595px) 100vw, 595px\" \/><\/p>\n<p>&nbsp;<\/p>\n<h3 style=\"text-align: center;\"><strong>Eine witzige und n\u00fctzliche Geschenkidee f\u00fcr alle !<\/strong><\/h3>\n<h4 style=\"text-align: center;\">Jede W\u00e4rmflasche und deren Motiv wird von uns sorgf\u00e4ltig und in Handarbeit gefertigt.<\/h4>\n<h4 style=\"text-align: center;\">Keine gleicht der anderen und ist somit ein Unikat mit dem Du Dir oder<\/h4>\n<h4 style=\"text-align: center;\">deinen Freunden ein unvergleichliches Geschenk machen kannst.<\/h4>\n<h4 style=\"text-align: center;\"><\/h4>\n<p style=\"text-align: center;\"><img loading=\"lazy\" decoding=\"async\" class=\"alignnone size-full wp-image-23517\" src=\"http:\/\/heisserhamster.de\/waermflasche\/wp-content\/uploads\/2017\/08\/geschenk-gutschein-zur-goldenen-hochzeit-pic2.jpg\" alt=\"\" width=\"595\" height=\"417\" srcset=\"https:\/\/heisserhamster.de\/waermflasche\/wp-content\/uploads\/2017\/08\/geschenk-gutschein-zur-goldenen-hochzeit-pic2.jpg 595w, https:\/\/heisserhamster.de\/waermflasche\/wp-content\/uploads\/2017\/08\/geschenk-gutschein-zur-goldenen-hochzeit-pic2-200x140.jpg 200w, https:\/\/heisserhamster.de\/waermflasche\/wp-content\/uploads\/2017\/08\/geschenk-gutschein-zur-goldenen-hochzeit-pic2-300x210.jpg 300w\" sizes=\"auto, (max-width: 595px) 100vw, 595px\" \/><\/p>\n<p>&nbsp;<\/p>\n<h3 style=\"text-align: center;\"><a href=\"http:\/\/de.wikipedia.org\/wiki\/W%C3%A4rmflasche\"><strong>W\u00e4rmflasche<\/strong><\/a><strong> selbst gestalten<\/strong><\/h3>\n<h4 style=\"text-align: center;\">Sei kreativ ! und gestalte Deine\u00a0<strong>individuelle W\u00e4rmflasche<\/strong> mit unserem neuen<\/h4>\n<h4 style=\"text-align: center;\"><strong><a href=\"http:\/\/heisserhamster.de\/waermflasche\/individuelle-waermflaschen\/\" target=\"_blank\" rel=\"noopener\">W\u00e4rmflaschen \u2013 Designer<\/a><\/strong> oder w\u00e4hle eine unserer vielen lustigen W\u00e4rmflaschen im <strong><a href=\"http:\/\/heisserhamster.de\/witzige-waermflaschen\/\">Shop<\/a><\/strong>.<\/h4>\n<h4 style=\"text-align: center;\">In ganz einfachen Schritten kannst Du Deine pers\u00f6nliche W\u00e4rmflasche <strong>selbst gestalten<\/strong> und<\/h4>\n<h4 style=\"text-align: center;\">zuschauen wie aus Deiner Idee ein tolles Unikat wird.<\/h4>\n<p>&nbsp;<\/p>\n<h3 style=\"text-align: center;\"><strong>Der kreative Gutschein !<\/strong><\/h3>\n<h4 style=\"text-align: center;\">Mit einem Gutschein von heisser hamster kann der Beschenkte<\/h4>\n<h4 style=\"text-align: center;\">seine individuelle W\u00e4rmflasche selbst gestalten.<\/h4>\n<p>&nbsp;<\/p>\n<h4 style=\"text-align: center;\"><a href=\"http:\/\/heisserhamster.de\/waermflasche\/wp-content\/uploads\/2016\/09\/exklusive-Geschenkideen-pic4.jpg\"><img loading=\"lazy\" decoding=\"async\" class=\"alignnone wp-image-9150 \" title=\"Mein heisser hamster !!\" src=\"http:\/\/heisserhamster.de\/waermflasche\/wp-content\/uploads\/2016\/09\/exklusive-Geschenkideen-pic4.jpg\" alt=\"exklusive-Geschenkideen-pic4\" width=\"535\" height=\"401\" \/><\/a><\/h4>\n<h4 style=\"text-align: center;\">Wir w\u00fcnschen Dir viel Spass !<\/h4>\n<h4 style=\"text-align: center;\">Von gl\u00fccklichen Menschen in liebevoller Handarbeit f\u00fcr Dich gefertigt.<\/h4>\n<h2 style=\"text-align: center;\"><strong><a href=\"https:\/\/youtu.be\/4ksAPyDeAHE\">\u2026 <\/a><em><a href=\"https:\/\/youtu.be\/4ksAPyDeAHE\">der absolute Warmsinn<\/a>!<\/em><\/strong><\/h2>\n","protected":false},"excerpt":{"rendered":"<p>&#8230;mit Kuschelfaktor \ud83d\ude09 \u00a0 Schenken kann so sch\u00f6n sein. Anl\u00e4sse gibt es genug. Doch jedes Jahr qu\u00e4len wir uns erneut mit der Frage: Was schenken wir? Hat ein lieber Mensch bald Geburtstag? Ist pl\u00f6tzlich wieder Weihnachten? Willst Du Deine Liebe zum Valentinstag zeigen? Auf der Suche nach dem richtigen Geschenk kann man oft verzweifeln denn es gibt eine \u00dcberzahl an [&hellip;]<\/p>\n","protected":false},"author":2,"featured_media":0,"parent":0,"menu_order":0,"comment_status":"closed","ping_status":"closed","template":"","meta":{"footnotes":""},"class_list":["post-23515","page","type-page","status-publish","hentry"],"yoast_head":"<!-- This site is optimized with the Yoast SEO plugin v27.0 - https:\/\/yoast.com\/product\/yoast-seo-wordpress\/ -->\n<title>Ein Geschenk Gutschein zur goldenen Hochzeit ist romantisch<\/title>\n<meta name=\"description\" content=\"Das habt ihr euch verdient ! Dieser Geschenk Gutschein zur goldenen Hochzeit ist originell. Verschenke W\u00e4rme mit einer individuellen W\u00e4rmflasche\" \/>\n<meta name=\"robots\" content=\"index, follow, max-snippet:-1, max-image-preview:large, max-video-preview:-1\" \/>\n<link rel=\"canonical\" href=\"https:\/\/heisserhamster.de\/waermflasche\/geschenk-gutschein-zur-goldenen-hochzeit\/\" \/>\n<meta property=\"og:locale\" content=\"de_DE\" \/>\n<meta property=\"og:type\" content=\"article\" \/>\n<meta property=\"og:title\" content=\"Ein Geschenk Gutschein zur goldenen Hochzeit ist romantisch\" \/>\n<meta property=\"og:description\" content=\"Das habt ihr euch verdient ! Dieser Geschenk Gutschein zur goldenen Hochzeit ist originell. Verschenke W\u00e4rme mit einer individuellen W\u00e4rmflasche\" \/>\n<meta property=\"og:url\" content=\"https:\/\/heisserhamster.de\/waermflasche\/geschenk-gutschein-zur-goldenen-hochzeit\/\" \/>\n<meta property=\"article:modified_time\" content=\"2017-08-01T14:38:14+00:00\" \/>\n<meta property=\"og:image\" content=\"http:\/\/heisserhamster.de\/waermflasche\/wp-content\/uploads\/2017\/08\/geschenk-gutschein-zur-goldenen-hochzeit-pic4.jpg\" \/>\n<meta name=\"twitter:card\" content=\"summary_large_image\" \/>\n<meta name=\"twitter:label1\" content=\"Gesch\u00e4tzte Lesezeit\" \/>\n\t<meta name=\"twitter:data1\" content=\"2\u00a0Minuten\" \/>\n<script type=\"application\/ld+json\" class=\"yoast-schema-graph\">{\"@context\":\"https:\/\/schema.org\",\"@graph\":[{\"@type\":\"WebPage\",\"@id\":\"https:\/\/heisserhamster.de\/waermflasche\/geschenk-gutschein-zur-goldenen-hochzeit\/\",\"url\":\"https:\/\/heisserhamster.de\/waermflasche\/geschenk-gutschein-zur-goldenen-hochzeit\/\",\"name\":\"Ein Geschenk Gutschein zur goldenen Hochzeit ist romantisch\",\"isPartOf\":{\"@id\":\"https:\/\/heisserhamster.de\/waermflasche\/#website\"},\"primaryImageOfPage\":{\"@id\":\"https:\/\/heisserhamster.de\/waermflasche\/geschenk-gutschein-zur-goldenen-hochzeit\/#primaryimage\"},\"image\":{\"@id\":\"https:\/\/heisserhamster.de\/waermflasche\/geschenk-gutschein-zur-goldenen-hochzeit\/#primaryimage\"},\"thumbnailUrl\":\"http:\/\/heisserhamster.de\/waermflasche\/wp-content\/uploads\/2017\/08\/geschenk-gutschein-zur-goldenen-hochzeit-pic4.jpg\",\"datePublished\":\"2017-08-01T14:36:28+00:00\",\"dateModified\":\"2017-08-01T14:38:14+00:00\",\"description\":\"Das habt ihr euch verdient ! Dieser Geschenk Gutschein zur goldenen Hochzeit ist originell. Verschenke W\u00e4rme mit einer individuellen W\u00e4rmflasche\",\"breadcrumb\":{\"@id\":\"https:\/\/heisserhamster.de\/waermflasche\/geschenk-gutschein-zur-goldenen-hochzeit\/#breadcrumb\"},\"inLanguage\":\"de\",\"potentialAction\":[{\"@type\":\"ReadAction\",\"target\":[\"https:\/\/heisserhamster.de\/waermflasche\/geschenk-gutschein-zur-goldenen-hochzeit\/\"]}]},{\"@type\":\"ImageObject\",\"inLanguage\":\"de\",\"@id\":\"https:\/\/heisserhamster.de\/waermflasche\/geschenk-gutschein-zur-goldenen-hochzeit\/#primaryimage\",\"url\":\"http:\/\/heisserhamster.de\/waermflasche\/wp-content\/uploads\/2017\/08\/geschenk-gutschein-zur-goldenen-hochzeit-pic4.jpg\",\"contentUrl\":\"http:\/\/heisserhamster.de\/waermflasche\/wp-content\/uploads\/2017\/08\/geschenk-gutschein-zur-goldenen-hochzeit-pic4.jpg\"},{\"@type\":\"BreadcrumbList\",\"@id\":\"https:\/\/heisserhamster.de\/waermflasche\/geschenk-gutschein-zur-goldenen-hochzeit\/#breadcrumb\",\"itemListElement\":[{\"@type\":\"ListItem\",\"position\":1,\"name\":\"Startseite\",\"item\":\"https:\/\/heisserhamster.de\/waermflasche\/\"},{\"@type\":\"ListItem\",\"position\":2,\"name\":\"Ein Geschenk Gutschein zur goldenen Hochzeit\"}]},{\"@type\":\"WebSite\",\"@id\":\"https:\/\/heisserhamster.de\/waermflasche\/#website\",\"url\":\"https:\/\/heisserhamster.de\/waermflasche\/\",\"name\":\"\",\"description\":\"\",\"potentialAction\":[{\"@type\":\"SearchAction\",\"target\":{\"@type\":\"EntryPoint\",\"urlTemplate\":\"https:\/\/heisserhamster.de\/waermflasche\/?s={search_term_string}\"},\"query-input\":{\"@type\":\"PropertyValueSpecification\",\"valueRequired\":true,\"valueName\":\"search_term_string\"}}],\"inLanguage\":\"de\"}]}<\/script>\n<!-- \/ Yoast SEO plugin. -->","yoast_head_json":{"title":"Ein Geschenk Gutschein zur goldenen Hochzeit ist romantisch","description":"Das habt ihr euch verdient ! Dieser Geschenk Gutschein zur goldenen Hochzeit ist originell. Verschenke W\u00e4rme mit einer individuellen W\u00e4rmflasche","robots":{"index":"index","follow":"follow","max-snippet":"max-snippet:-1","max-image-preview":"max-image-preview:large","max-video-preview":"max-video-preview:-1"},"canonical":"https:\/\/heisserhamster.de\/waermflasche\/geschenk-gutschein-zur-goldenen-hochzeit\/","og_locale":"de_DE","og_type":"article","og_title":"Ein Geschenk Gutschein zur goldenen Hochzeit ist romantisch","og_description":"Das habt ihr euch verdient ! Dieser Geschenk Gutschein zur goldenen Hochzeit ist originell. Verschenke W\u00e4rme mit einer individuellen W\u00e4rmflasche","og_url":"https:\/\/heisserhamster.de\/waermflasche\/geschenk-gutschein-zur-goldenen-hochzeit\/","article_modified_time":"2017-08-01T14:38:14+00:00","og_image":[{"url":"http:\/\/heisserhamster.de\/waermflasche\/wp-content\/uploads\/2017\/08\/geschenk-gutschein-zur-goldenen-hochzeit-pic4.jpg","type":"","width":"","height":""}],"twitter_card":"summary_large_image","twitter_misc":{"Gesch\u00e4tzte Lesezeit":"2\u00a0Minuten"},"schema":{"@context":"https:\/\/schema.org","@graph":[{"@type":"WebPage","@id":"https:\/\/heisserhamster.de\/waermflasche\/geschenk-gutschein-zur-goldenen-hochzeit\/","url":"https:\/\/heisserhamster.de\/waermflasche\/geschenk-gutschein-zur-goldenen-hochzeit\/","name":"Ein Geschenk Gutschein zur goldenen Hochzeit ist romantisch","isPartOf":{"@id":"https:\/\/heisserhamster.de\/waermflasche\/#website"},"primaryImageOfPage":{"@id":"https:\/\/heisserhamster.de\/waermflasche\/geschenk-gutschein-zur-goldenen-hochzeit\/#primaryimage"},"image":{"@id":"https:\/\/heisserhamster.de\/waermflasche\/geschenk-gutschein-zur-goldenen-hochzeit\/#primaryimage"},"thumbnailUrl":"http:\/\/heisserhamster.de\/waermflasche\/wp-content\/uploads\/2017\/08\/geschenk-gutschein-zur-goldenen-hochzeit-pic4.jpg","datePublished":"2017-08-01T14:36:28+00:00","dateModified":"2017-08-01T14:38:14+00:00","description":"Das habt ihr euch verdient ! Dieser Geschenk Gutschein zur goldenen Hochzeit ist originell. Verschenke W\u00e4rme mit einer individuellen W\u00e4rmflasche","breadcrumb":{"@id":"https:\/\/heisserhamster.de\/waermflasche\/geschenk-gutschein-zur-goldenen-hochzeit\/#breadcrumb"},"inLanguage":"de","potentialAction":[{"@type":"ReadAction","target":["https:\/\/heisserhamster.de\/waermflasche\/geschenk-gutschein-zur-goldenen-hochzeit\/"]}]},{"@type":"ImageObject","inLanguage":"de","@id":"https:\/\/heisserhamster.de\/waermflasche\/geschenk-gutschein-zur-goldenen-hochzeit\/#primaryimage","url":"http:\/\/heisserhamster.de\/waermflasche\/wp-content\/uploads\/2017\/08\/geschenk-gutschein-zur-goldenen-hochzeit-pic4.jpg","contentUrl":"http:\/\/heisserhamster.de\/waermflasche\/wp-content\/uploads\/2017\/08\/geschenk-gutschein-zur-goldenen-hochzeit-pic4.jpg"},{"@type":"BreadcrumbList","@id":"https:\/\/heisserhamster.de\/waermflasche\/geschenk-gutschein-zur-goldenen-hochzeit\/#breadcrumb","itemListElement":[{"@type":"ListItem","position":1,"name":"Startseite","item":"https:\/\/heisserhamster.de\/waermflasche\/"},{"@type":"ListItem","position":2,"name":"Ein Geschenk Gutschein zur goldenen Hochzeit"}]},{"@type":"WebSite","@id":"https:\/\/heisserhamster.de\/waermflasche\/#website","url":"https:\/\/heisserhamster.de\/waermflasche\/","name":"","description":"","potentialAction":[{"@type":"SearchAction","target":{"@type":"EntryPoint","urlTemplate":"https:\/\/heisserhamster.de\/waermflasche\/?s={search_term_string}"},"query-input":{"@type":"PropertyValueSpecification","valueRequired":true,"valueName":"search_term_string"}}],"inLanguage":"de"}]}},"_links":{"self":[{"href":"https:\/\/heisserhamster.de\/waermflasche\/wp-json\/wp\/v2\/pages\/23515","targetHints":{"allow":["GET"]}}],"collection":[{"href":"https:\/\/heisserhamster.de\/waermflasche\/wp-json\/wp\/v2\/pages"}],"about":[{"href":"https:\/\/heisserhamster.de\/waermflasche\/wp-json\/wp\/v2\/types\/page"}],"author":[{"embeddable":true,"href":"https:\/\/heisserhamster.de\/waermflasche\/wp-json\/wp\/v2\/users\/2"}],"replies":[{"embeddable":true,"href":"https:\/\/heisserhamster.de\/waermflasche\/wp-json\/wp\/v2\/comments?post=23515"}],"version-history":[{"count":0,"href":"https:\/\/heisserhamster.de\/waermflasche\/wp-json\/wp\/v2\/pages\/23515\/revisions"}],"wp:attachment":[{"href":"https:\/\/heisserhamster.de\/waermflasche\/wp-json\/wp\/v2\/media?parent=23515"}],"curies":[{"name":"wp","href":"https:\/\/api.w.org\/{rel}","templated":true}]}}