{"id":21921,"date":"2017-07-17T17:24:46","date_gmt":"2017-07-17T15:24:46","guid":{"rendered":"http:\/\/heisserhamster.de\/waermflasche\/?page_id=21921"},"modified":"2018-06-23T17:16:08","modified_gmt":"2018-06-23T15:16:08","slug":"waermekissen-mit-eigenem-namen-oder-text-bedrucken","status":"publish","type":"page","link":"https:\/\/heisserhamster.de\/waermflasche\/waermekissen-mit-eigenem-namen-oder-text-bedrucken\/","title":{"rendered":"W\u00e4rmekissen mit eigenem Namen oder Text bedrucken"},"content":{"rendered":"<h2 style=\"text-align: center;\">&#8230; ist nun nicht mehr schwer \ud83d\ude09<\/h2>\n<p style=\"text-align: center;\">\u00a0<img loading=\"lazy\" decoding=\"async\" class=\"alignnone size-full wp-image-24770\" src=\"https:\/\/heisserhamster.de\/waermflasche\/wp-content\/uploads\/2017\/07\/Waermekissen-mit-eigenem-Namen-oder-Text-bedrucken-pic1.png\" alt=\"\" width=\"600\" height=\"565\" srcset=\"https:\/\/heisserhamster.de\/waermflasche\/wp-content\/uploads\/2017\/07\/Waermekissen-mit-eigenem-Namen-oder-Text-bedrucken-pic1.png 600w, https:\/\/heisserhamster.de\/waermflasche\/wp-content\/uploads\/2017\/07\/Waermekissen-mit-eigenem-Namen-oder-Text-bedrucken-pic1-200x188.png 200w, https:\/\/heisserhamster.de\/waermflasche\/wp-content\/uploads\/2017\/07\/Waermekissen-mit-eigenem-Namen-oder-Text-bedrucken-pic1-300x283.png 300w\" sizes=\"auto, (max-width: 600px) 100vw, 600px\" \/><\/p>\n<p>&nbsp;<\/p>\n<h3 style=\"text-align: center;\"><strong>Wohlige W\u00e4rme mit individuellem W\u00e4rmekissen!<\/strong><\/h3>\n<h4 style=\"text-align: center;\">Wir von heisser hamster m\u00f6chten das Du es kuschelig warm hast.<\/h4>\n<h4 style=\"text-align: center;\">So entwickeln wir st\u00e4ndig neue Produktideen im Kampf gegen kalte F\u00fc\u00dfe und verspannte Nacken.<\/h4>\n<h4 style=\"text-align: center;\">Jeder kennt das Gef\u00fchl am Abend mit Verspannungen von der Arbeit nachhause zu kommen.<\/h4>\n<h4 style=\"text-align: center;\">Der Nacken schmerzt und der R\u00fccken sticht. Dann hei\u00dft es schnell Abhilfe schaffen.<\/h4>\n<h4 style=\"text-align: center;\">Konzentrierte W\u00e4rme an der betroffenen Stelle verschafft Linderung.<\/h4>\n<h4 style=\"text-align: center;\">Doch manchmal ist hier eine W\u00e4rmflasche vielleicht zu schwer oder Du magst es nicht so hei\u00df.<\/h4>\n<h4 style=\"text-align: center;\">Da w\u00e4re ein <strong>sch\u00f6nes W\u00e4rmekissen mit Kirschkernf\u00fcllung<\/strong> genau das richtige f\u00fcr Dich !<\/h4>\n<p>&nbsp;<\/p>\n<p style=\"text-align: center;\"><img loading=\"lazy\" decoding=\"async\" class=\"alignnone size-full wp-image-24772\" src=\"https:\/\/heisserhamster.de\/waermflasche\/wp-content\/uploads\/2017\/07\/Waermekissen-mit-eigenem-Namen-oder-Text-bedrucken-pic5.jpg\" alt=\"\" width=\"450\" height=\"600\" srcset=\"https:\/\/heisserhamster.de\/waermflasche\/wp-content\/uploads\/2017\/07\/Waermekissen-mit-eigenem-Namen-oder-Text-bedrucken-pic5.jpg 450w, https:\/\/heisserhamster.de\/waermflasche\/wp-content\/uploads\/2017\/07\/Waermekissen-mit-eigenem-Namen-oder-Text-bedrucken-pic5-150x200.jpg 150w, https:\/\/heisserhamster.de\/waermflasche\/wp-content\/uploads\/2017\/07\/Waermekissen-mit-eigenem-Namen-oder-Text-bedrucken-pic5-225x300.jpg 225w\" sizes=\"auto, (max-width: 450px) 100vw, 450px\" \/><\/p>\n<p>&nbsp;<\/p>\n<h4 style=\"text-align: center;\">Ein W\u00e4rmekissen mit Kirschkernf\u00fcllung verspricht sanfte W\u00e4rme die man behutsam z.B. in den Nacken legen kann. Sie passen sich jeder K\u00f6rperform geschmeidig an.<\/h4>\n<h4 style=\"text-align: center;\">Auch kleine Kinder m\u00f6gen die sanftere W\u00e4rme und das rasselnde Ger\u00e4usch eines W\u00e4rmekissens mit K\u00f6rnerf\u00fcllung.<\/h4>\n<p>&nbsp;<\/p>\n<p style=\"text-align: center;\"><img loading=\"lazy\" decoding=\"async\" class=\"alignnone wp-image-24776 size-medium\" src=\"https:\/\/heisserhamster.de\/waermflasche\/wp-content\/uploads\/2017\/07\/Waermekissen-mit-eigenem-Namen-oder-Text-bedrucken-pic9-247x300.jpg\" alt=\"\" width=\"247\" height=\"300\" srcset=\"https:\/\/heisserhamster.de\/waermflasche\/wp-content\/uploads\/2017\/07\/Waermekissen-mit-eigenem-Namen-oder-Text-bedrucken-pic9-247x300.jpg 247w, https:\/\/heisserhamster.de\/waermflasche\/wp-content\/uploads\/2017\/07\/Waermekissen-mit-eigenem-Namen-oder-Text-bedrucken-pic9-165x200.jpg 165w, https:\/\/heisserhamster.de\/waermflasche\/wp-content\/uploads\/2017\/07\/Waermekissen-mit-eigenem-Namen-oder-Text-bedrucken-pic9.jpg 494w\" sizes=\"auto, (max-width: 247px) 100vw, 247px\" \/> <img loading=\"lazy\" decoding=\"async\" class=\"alignnone wp-image-24775 size-medium\" src=\"https:\/\/heisserhamster.de\/waermflasche\/wp-content\/uploads\/2017\/07\/Waermekissen-mit-eigenem-Namen-oder-Text-bedrucken-pic8-242x300.jpg\" alt=\"\" width=\"242\" height=\"300\" srcset=\"https:\/\/heisserhamster.de\/waermflasche\/wp-content\/uploads\/2017\/07\/Waermekissen-mit-eigenem-Namen-oder-Text-bedrucken-pic8-242x300.jpg 242w, https:\/\/heisserhamster.de\/waermflasche\/wp-content\/uploads\/2017\/07\/Waermekissen-mit-eigenem-Namen-oder-Text-bedrucken-pic8-161x200.jpg 161w, https:\/\/heisserhamster.de\/waermflasche\/wp-content\/uploads\/2017\/07\/Waermekissen-mit-eigenem-Namen-oder-Text-bedrucken-pic8.jpg 484w\" sizes=\"auto, (max-width: 242px) 100vw, 242px\" \/> <img loading=\"lazy\" decoding=\"async\" class=\"alignnone wp-image-24774 size-medium\" src=\"https:\/\/heisserhamster.de\/waermflasche\/wp-content\/uploads\/2017\/07\/Waermekissen-mit-eigenem-Namen-oder-Text-bedrucken-pic7-244x300.jpg\" alt=\"\" width=\"244\" height=\"300\" srcset=\"https:\/\/heisserhamster.de\/waermflasche\/wp-content\/uploads\/2017\/07\/Waermekissen-mit-eigenem-Namen-oder-Text-bedrucken-pic7-244x300.jpg 244w, https:\/\/heisserhamster.de\/waermflasche\/wp-content\/uploads\/2017\/07\/Waermekissen-mit-eigenem-Namen-oder-Text-bedrucken-pic7-163x200.jpg 163w, https:\/\/heisserhamster.de\/waermflasche\/wp-content\/uploads\/2017\/07\/Waermekissen-mit-eigenem-Namen-oder-Text-bedrucken-pic7.jpg 488w\" sizes=\"auto, (max-width: 244px) 100vw, 244px\" \/><\/p>\n<p>&nbsp;<\/p>\n<h3 style=\"text-align: center;\"><strong>heisser hamster W\u00e4rmekissen in Flaschenform.<\/strong><\/h3>\n<h4 style=\"text-align: center;\">Sieht aus wie eine W\u00e4rmflasche ist aber ein W\u00e4rmekissen mit Kirschkernf\u00fcllung.<\/h4>\n<h4 style=\"text-align: center;\">Unsere W\u00e4rmekissen haben die Form einer W\u00e4rmflasche damit Du sp\u00e4ter einmal w\u00e4hlen kannst ob Du den Bezug nicht auch als W\u00e4rmflaschenbezug weiter nutzt.<\/h4>\n<h4 style=\"text-align: center;\">Einfach die Kerne durch den Hals entnehmen und schon hast Du einen tollen W\u00e4rmflaschenbezug in den jede W\u00e4rmflasche passt.<\/h4>\n<h4 style=\"text-align: center;\">Unsere sch\u00f6nen <strong>W\u00e4rmekissen<\/strong> sind z.b. aus 100 % Schurwolle die gewalkt wurde damit sie die W\u00e4rme noch besser h\u00e4lt.<\/h4>\n<h4 style=\"text-align: center;\">Die Kirschkerne wurden organisch gereinigt ohne Einsatz von Chemie.<\/h4>\n<p>&nbsp;<\/p>\n<h3 style=\"text-align: center;\"><strong>Wir von heisser hamster lieben Individualit\u00e4t !<\/strong><\/h3>\n<h4 style=\"text-align: center;\">Wir fertigen <strong>individuelle W\u00e4rmekissen<\/strong> die erst nach Bestellung speziell f\u00fcr Dich<\/h4>\n<h4 style=\"text-align: center;\">mit Deinem Motiv oder Deiner eigenen Idee <strong>individuell bestickt<\/strong> werden.<\/h4>\n<h4 style=\"text-align: center;\"><\/h4>\n<p style=\"text-align: center;\"><img loading=\"lazy\" decoding=\"async\" class=\"alignnone size-full wp-image-24771\" src=\"https:\/\/heisserhamster.de\/waermflasche\/wp-content\/uploads\/2017\/07\/Waermekissen-mit-eigenem-Namen-oder-Text-bedrucken-pic3.jpg\" alt=\"\" width=\"600\" height=\"450\" srcset=\"https:\/\/heisserhamster.de\/waermflasche\/wp-content\/uploads\/2017\/07\/Waermekissen-mit-eigenem-Namen-oder-Text-bedrucken-pic3.jpg 600w, https:\/\/heisserhamster.de\/waermflasche\/wp-content\/uploads\/2017\/07\/Waermekissen-mit-eigenem-Namen-oder-Text-bedrucken-pic3-200x150.jpg 200w, https:\/\/heisserhamster.de\/waermflasche\/wp-content\/uploads\/2017\/07\/Waermekissen-mit-eigenem-Namen-oder-Text-bedrucken-pic3-300x225.jpg 300w, https:\/\/heisserhamster.de\/waermflasche\/wp-content\/uploads\/2017\/07\/Waermekissen-mit-eigenem-Namen-oder-Text-bedrucken-pic3-94x70.jpg 94w\" sizes=\"auto, (max-width: 600px) 100vw, 600px\" \/><\/p>\n<p>&nbsp;<\/p>\n<h3 style=\"text-align: center;\"><strong>Dein <a href=\"https:\/\/de.wikipedia.org\/wiki\/K%C3%B6rnerkissen\" target=\"_blank\" rel=\"noopener\">W\u00e4rmekissen <\/a>selbst gestalten<\/strong><\/h3>\n<h4 style=\"text-align: center;\">Sei kreativ ! und gestalte Dir Dein <strong>individuelles W\u00e4rmekissen<\/strong> mit unserem <a href=\"http:\/\/heisserhamster.de\/waermflasche\/produktkategorie\/kirschkernkissen\/\" target=\"_blank\" rel=\"noopener\"><strong>W\u00e4rmekissen \u2013 Designer<\/strong> .<\/a><\/h4>\n<h4 style=\"text-align: center;\">In ganz einfachen Schritten kannst Du Dein pers\u00f6nliches W\u00e4rmekissen <strong>selbst gestalten<\/strong> und<\/h4>\n<h4 style=\"text-align: center;\">zuschauen wie aus Deiner Idee ein tolles Unikat wird.<\/h4>\n<p>&nbsp;<\/p>\n<p style=\"text-align: center;\"><img loading=\"lazy\" decoding=\"async\" class=\"alignnone size-full wp-image-24773\" src=\"https:\/\/heisserhamster.de\/waermflasche\/wp-content\/uploads\/2017\/07\/Waermekissen-mit-eigenem-Namen-oder-Text-bedrucken-pic6.jpg\" alt=\"\" width=\"800\" height=\"600\" srcset=\"https:\/\/heisserhamster.de\/waermflasche\/wp-content\/uploads\/2017\/07\/Waermekissen-mit-eigenem-Namen-oder-Text-bedrucken-pic6.jpg 800w, https:\/\/heisserhamster.de\/waermflasche\/wp-content\/uploads\/2017\/07\/Waermekissen-mit-eigenem-Namen-oder-Text-bedrucken-pic6-200x150.jpg 200w, https:\/\/heisserhamster.de\/waermflasche\/wp-content\/uploads\/2017\/07\/Waermekissen-mit-eigenem-Namen-oder-Text-bedrucken-pic6-600x450.jpg 600w, https:\/\/heisserhamster.de\/waermflasche\/wp-content\/uploads\/2017\/07\/Waermekissen-mit-eigenem-Namen-oder-Text-bedrucken-pic6-300x225.jpg 300w, https:\/\/heisserhamster.de\/waermflasche\/wp-content\/uploads\/2017\/07\/Waermekissen-mit-eigenem-Namen-oder-Text-bedrucken-pic6-768x576.jpg 768w, https:\/\/heisserhamster.de\/waermflasche\/wp-content\/uploads\/2017\/07\/Waermekissen-mit-eigenem-Namen-oder-Text-bedrucken-pic6-94x70.jpg 94w\" sizes=\"auto, (max-width: 800px) 100vw, 800px\" \/><\/p>\n<p>&nbsp;<\/p>\n<h4 style=\"text-align: center;\">Wir w\u00fcnschen Dir viel Spass !<\/h4>\n<h4 style=\"text-align: center;\">Von gl\u00fccklichen Menschen in liebevoller Handarbeit f\u00fcr Dich gefertigt.<\/h4>\n<h2 style=\"text-align: center;\"><strong><a href=\"https:\/\/youtu.be\/4ksAPyDeAHE\">\u2026 <\/a><em><a href=\"https:\/\/youtu.be\/4ksAPyDeAHE\">der absolute Warmsinn<\/a>!<\/em><\/strong><\/h2>\n<p>&nbsp;<\/p>\n","protected":false},"excerpt":{"rendered":"<p>&#8230; ist nun nicht mehr schwer \ud83d\ude09 \u00a0 &nbsp; Wohlige W\u00e4rme mit individuellem W\u00e4rmekissen! Wir von heisser hamster m\u00f6chten das Du es kuschelig warm hast. So entwickeln wir st\u00e4ndig neue Produktideen im Kampf gegen kalte F\u00fc\u00dfe und verspannte Nacken. Jeder kennt das Gef\u00fchl am Abend mit Verspannungen von der Arbeit nachhause zu kommen. Der Nacken schmerzt und der R\u00fccken sticht. [&hellip;]<\/p>\n","protected":false},"author":2,"featured_media":0,"parent":0,"menu_order":0,"comment_status":"closed","ping_status":"closed","template":"","meta":{"footnotes":""},"class_list":["post-21921","page","type-page","status-publish","hentry"],"yoast_head":"<!-- This site is optimized with the Yoast SEO plugin v27.0 - https:\/\/yoast.com\/product\/yoast-seo-wordpress\/ -->\n<title>W\u00e4rmekissen mit eigenem Namen oder Text bedrucken<\/title>\n<meta name=\"description\" content=\"So geht das ! Dein individuelles W\u00e4rmekissen mit eigenem Namen oder Text bedrucken, besticken, selbst gestalten. Alles andere ist langweilig !\" \/>\n<meta name=\"robots\" content=\"index, follow, max-snippet:-1, max-image-preview:large, max-video-preview:-1\" \/>\n<link rel=\"canonical\" href=\"https:\/\/heisserhamster.de\/waermflasche\/waermekissen-mit-eigenem-namen-oder-text-bedrucken\/\" \/>\n<meta property=\"og:locale\" content=\"de_DE\" \/>\n<meta property=\"og:type\" content=\"article\" \/>\n<meta property=\"og:title\" content=\"W\u00e4rmekissen mit eigenem Namen oder Text bedrucken\" \/>\n<meta property=\"og:description\" content=\"So geht das ! Dein individuelles W\u00e4rmekissen mit eigenem Namen oder Text bedrucken, besticken, selbst gestalten. Alles andere ist langweilig !\" \/>\n<meta property=\"og:url\" content=\"https:\/\/heisserhamster.de\/waermflasche\/waermekissen-mit-eigenem-namen-oder-text-bedrucken\/\" \/>\n<meta property=\"article:modified_time\" content=\"2018-06-23T15:16:08+00:00\" \/>\n<meta property=\"og:image\" content=\"https:\/\/heisserhamster.de\/waermflasche\/wp-content\/uploads\/2017\/07\/Waermekissen-mit-eigenem-Namen-oder-Text-bedrucken-pic1.png\" \/>\n<meta name=\"twitter:card\" content=\"summary_large_image\" \/>\n<meta name=\"twitter:label1\" content=\"Gesch\u00e4tzte Lesezeit\" \/>\n\t<meta name=\"twitter:data1\" content=\"2\u00a0Minuten\" \/>\n<script type=\"application\/ld+json\" class=\"yoast-schema-graph\">{\"@context\":\"https:\/\/schema.org\",\"@graph\":[{\"@type\":\"WebPage\",\"@id\":\"https:\/\/heisserhamster.de\/waermflasche\/waermekissen-mit-eigenem-namen-oder-text-bedrucken\/\",\"url\":\"https:\/\/heisserhamster.de\/waermflasche\/waermekissen-mit-eigenem-namen-oder-text-bedrucken\/\",\"name\":\"W\u00e4rmekissen mit eigenem Namen oder Text bedrucken\",\"isPartOf\":{\"@id\":\"https:\/\/heisserhamster.de\/waermflasche\/#website\"},\"primaryImageOfPage\":{\"@id\":\"https:\/\/heisserhamster.de\/waermflasche\/waermekissen-mit-eigenem-namen-oder-text-bedrucken\/#primaryimage\"},\"image\":{\"@id\":\"https:\/\/heisserhamster.de\/waermflasche\/waermekissen-mit-eigenem-namen-oder-text-bedrucken\/#primaryimage\"},\"thumbnailUrl\":\"https:\/\/heisserhamster.de\/waermflasche\/wp-content\/uploads\/2017\/07\/Waermekissen-mit-eigenem-Namen-oder-Text-bedrucken-pic1.png\",\"datePublished\":\"2017-07-17T15:24:46+00:00\",\"dateModified\":\"2018-06-23T15:16:08+00:00\",\"description\":\"So geht das ! Dein individuelles W\u00e4rmekissen mit eigenem Namen oder Text bedrucken, besticken, selbst gestalten. Alles andere ist langweilig !\",\"breadcrumb\":{\"@id\":\"https:\/\/heisserhamster.de\/waermflasche\/waermekissen-mit-eigenem-namen-oder-text-bedrucken\/#breadcrumb\"},\"inLanguage\":\"de\",\"potentialAction\":[{\"@type\":\"ReadAction\",\"target\":[\"https:\/\/heisserhamster.de\/waermflasche\/waermekissen-mit-eigenem-namen-oder-text-bedrucken\/\"]}]},{\"@type\":\"ImageObject\",\"inLanguage\":\"de\",\"@id\":\"https:\/\/heisserhamster.de\/waermflasche\/waermekissen-mit-eigenem-namen-oder-text-bedrucken\/#primaryimage\",\"url\":\"https:\/\/heisserhamster.de\/waermflasche\/wp-content\/uploads\/2017\/07\/Waermekissen-mit-eigenem-Namen-oder-Text-bedrucken-pic1.png\",\"contentUrl\":\"https:\/\/heisserhamster.de\/waermflasche\/wp-content\/uploads\/2017\/07\/Waermekissen-mit-eigenem-Namen-oder-Text-bedrucken-pic1.png\",\"width\":600,\"height\":565},{\"@type\":\"BreadcrumbList\",\"@id\":\"https:\/\/heisserhamster.de\/waermflasche\/waermekissen-mit-eigenem-namen-oder-text-bedrucken\/#breadcrumb\",\"itemListElement\":[{\"@type\":\"ListItem\",\"position\":1,\"name\":\"Startseite\",\"item\":\"https:\/\/heisserhamster.de\/waermflasche\/\"},{\"@type\":\"ListItem\",\"position\":2,\"name\":\"W\u00e4rmekissen mit eigenem Namen oder Text bedrucken\"}]},{\"@type\":\"WebSite\",\"@id\":\"https:\/\/heisserhamster.de\/waermflasche\/#website\",\"url\":\"https:\/\/heisserhamster.de\/waermflasche\/\",\"name\":\"\",\"description\":\"\",\"potentialAction\":[{\"@type\":\"SearchAction\",\"target\":{\"@type\":\"EntryPoint\",\"urlTemplate\":\"https:\/\/heisserhamster.de\/waermflasche\/?s={search_term_string}\"},\"query-input\":{\"@type\":\"PropertyValueSpecification\",\"valueRequired\":true,\"valueName\":\"search_term_string\"}}],\"inLanguage\":\"de\"}]}<\/script>\n<!-- \/ Yoast SEO plugin. -->","yoast_head_json":{"title":"W\u00e4rmekissen mit eigenem Namen oder Text bedrucken","description":"So geht das ! Dein individuelles W\u00e4rmekissen mit eigenem Namen oder Text bedrucken, besticken, selbst gestalten. Alles andere ist langweilig !","robots":{"index":"index","follow":"follow","max-snippet":"max-snippet:-1","max-image-preview":"max-image-preview:large","max-video-preview":"max-video-preview:-1"},"canonical":"https:\/\/heisserhamster.de\/waermflasche\/waermekissen-mit-eigenem-namen-oder-text-bedrucken\/","og_locale":"de_DE","og_type":"article","og_title":"W\u00e4rmekissen mit eigenem Namen oder Text bedrucken","og_description":"So geht das ! Dein individuelles W\u00e4rmekissen mit eigenem Namen oder Text bedrucken, besticken, selbst gestalten. Alles andere ist langweilig !","og_url":"https:\/\/heisserhamster.de\/waermflasche\/waermekissen-mit-eigenem-namen-oder-text-bedrucken\/","article_modified_time":"2018-06-23T15:16:08+00:00","og_image":[{"url":"https:\/\/heisserhamster.de\/waermflasche\/wp-content\/uploads\/2017\/07\/Waermekissen-mit-eigenem-Namen-oder-Text-bedrucken-pic1.png","type":"","width":"","height":""}],"twitter_card":"summary_large_image","twitter_misc":{"Gesch\u00e4tzte Lesezeit":"2\u00a0Minuten"},"schema":{"@context":"https:\/\/schema.org","@graph":[{"@type":"WebPage","@id":"https:\/\/heisserhamster.de\/waermflasche\/waermekissen-mit-eigenem-namen-oder-text-bedrucken\/","url":"https:\/\/heisserhamster.de\/waermflasche\/waermekissen-mit-eigenem-namen-oder-text-bedrucken\/","name":"W\u00e4rmekissen mit eigenem Namen oder Text bedrucken","isPartOf":{"@id":"https:\/\/heisserhamster.de\/waermflasche\/#website"},"primaryImageOfPage":{"@id":"https:\/\/heisserhamster.de\/waermflasche\/waermekissen-mit-eigenem-namen-oder-text-bedrucken\/#primaryimage"},"image":{"@id":"https:\/\/heisserhamster.de\/waermflasche\/waermekissen-mit-eigenem-namen-oder-text-bedrucken\/#primaryimage"},"thumbnailUrl":"https:\/\/heisserhamster.de\/waermflasche\/wp-content\/uploads\/2017\/07\/Waermekissen-mit-eigenem-Namen-oder-Text-bedrucken-pic1.png","datePublished":"2017-07-17T15:24:46+00:00","dateModified":"2018-06-23T15:16:08+00:00","description":"So geht das ! Dein individuelles W\u00e4rmekissen mit eigenem Namen oder Text bedrucken, besticken, selbst gestalten. Alles andere ist langweilig !","breadcrumb":{"@id":"https:\/\/heisserhamster.de\/waermflasche\/waermekissen-mit-eigenem-namen-oder-text-bedrucken\/#breadcrumb"},"inLanguage":"de","potentialAction":[{"@type":"ReadAction","target":["https:\/\/heisserhamster.de\/waermflasche\/waermekissen-mit-eigenem-namen-oder-text-bedrucken\/"]}]},{"@type":"ImageObject","inLanguage":"de","@id":"https:\/\/heisserhamster.de\/waermflasche\/waermekissen-mit-eigenem-namen-oder-text-bedrucken\/#primaryimage","url":"https:\/\/heisserhamster.de\/waermflasche\/wp-content\/uploads\/2017\/07\/Waermekissen-mit-eigenem-Namen-oder-Text-bedrucken-pic1.png","contentUrl":"https:\/\/heisserhamster.de\/waermflasche\/wp-content\/uploads\/2017\/07\/Waermekissen-mit-eigenem-Namen-oder-Text-bedrucken-pic1.png","width":600,"height":565},{"@type":"BreadcrumbList","@id":"https:\/\/heisserhamster.de\/waermflasche\/waermekissen-mit-eigenem-namen-oder-text-bedrucken\/#breadcrumb","itemListElement":[{"@type":"ListItem","position":1,"name":"Startseite","item":"https:\/\/heisserhamster.de\/waermflasche\/"},{"@type":"ListItem","position":2,"name":"W\u00e4rmekissen mit eigenem Namen oder Text bedrucken"}]},{"@type":"WebSite","@id":"https:\/\/heisserhamster.de\/waermflasche\/#website","url":"https:\/\/heisserhamster.de\/waermflasche\/","name":"","description":"","potentialAction":[{"@type":"SearchAction","target":{"@type":"EntryPoint","urlTemplate":"https:\/\/heisserhamster.de\/waermflasche\/?s={search_term_string}"},"query-input":{"@type":"PropertyValueSpecification","valueRequired":true,"valueName":"search_term_string"}}],"inLanguage":"de"}]}},"_links":{"self":[{"href":"https:\/\/heisserhamster.de\/waermflasche\/wp-json\/wp\/v2\/pages\/21921","targetHints":{"allow":["GET"]}}],"collection":[{"href":"https:\/\/heisserhamster.de\/waermflasche\/wp-json\/wp\/v2\/pages"}],"about":[{"href":"https:\/\/heisserhamster.de\/waermflasche\/wp-json\/wp\/v2\/types\/page"}],"author":[{"embeddable":true,"href":"https:\/\/heisserhamster.de\/waermflasche\/wp-json\/wp\/v2\/users\/2"}],"replies":[{"embeddable":true,"href":"https:\/\/heisserhamster.de\/waermflasche\/wp-json\/wp\/v2\/comments?post=21921"}],"version-history":[{"count":0,"href":"https:\/\/heisserhamster.de\/waermflasche\/wp-json\/wp\/v2\/pages\/21921\/revisions"}],"wp:attachment":[{"href":"https:\/\/heisserhamster.de\/waermflasche\/wp-json\/wp\/v2\/media?parent=21921"}],"curies":[{"name":"wp","href":"https:\/\/api.w.org\/{rel}","templated":true}]}}