{"id":21054,"date":"2017-07-10T12:30:57","date_gmt":"2017-07-10T10:30:57","guid":{"rendered":"http:\/\/heisserhamster.de\/waermflasche\/?page_id=21054"},"modified":"2017-07-10T12:32:27","modified_gmt":"2017-07-10T10:32:27","slug":"lustige-werbegeschenke","status":"publish","type":"page","link":"https:\/\/heisserhamster.de\/waermflasche\/lustige-werbegeschenke\/","title":{"rendered":"Lustige Werbegeschenke"},"content":{"rendered":"<h2 style=\"text-align: center;\">&#8230;individuell selbst gestalten!<strong><br \/>\n<\/strong><\/h2>\n<p>&nbsp;<\/p>\n<h4 style=\"text-align: center;\">Ihr sucht ein <strong>Werbegeschenk<\/strong>, das einmal anders ist ? Dann seid Ihr hier richtig !<\/h4>\n<h4 style=\"text-align: center;\">Wir bieten f\u00fcr Firmenkunden individuell gestaltete <a href=\"https:\/\/de.wikipedia.org\/wiki\/W%C3%A4rmflasche\" target=\"_blank\" rel=\"noopener\"><strong>W\u00e4rmflaschen<\/strong><\/a> in\u00a0 jeder St\u00fcckzahl, Material und Farbe.<\/h4>\n<h4 style=\"text-align: center;\">Eure <strong>individuelle W\u00e4rmflasche<\/strong> wird von uns in liebevoller Handarbeit gefertigt.<\/h4>\n<h4 style=\"text-align: center;\">Die W\u00e4rmflaschen sind nat\u00fcrlich T\u00dcV gepr\u00fcft und zertifiziert.<\/h4>\n<p>&nbsp;<\/p>\n<p style=\"text-align: center;\"><img loading=\"lazy\" decoding=\"async\" class=\"alignnone size-full wp-image-21056\" src=\"http:\/\/heisserhamster.de\/waermflasche\/wp-content\/uploads\/2017\/07\/lustige-werbegeschenke-pic7.jpg\" alt=\"\" width=\"600\" height=\"413\" srcset=\"https:\/\/heisserhamster.de\/waermflasche\/wp-content\/uploads\/2017\/07\/lustige-werbegeschenke-pic7.jpg 600w, https:\/\/heisserhamster.de\/waermflasche\/wp-content\/uploads\/2017\/07\/lustige-werbegeschenke-pic7-200x138.jpg 200w, https:\/\/heisserhamster.de\/waermflasche\/wp-content\/uploads\/2017\/07\/lustige-werbegeschenke-pic7-300x207.jpg 300w, https:\/\/heisserhamster.de\/waermflasche\/wp-content\/uploads\/2017\/07\/lustige-werbegeschenke-pic7-220x150.jpg 220w\" sizes=\"auto, (max-width: 600px) 100vw, 600px\" \/><\/p>\n<p>&nbsp;<\/p>\n<h3 style=\"text-align: center;\"><strong>Sonderanfertigungen ganz nach Eurem Wunsch sind unser Spezialgebiet !<\/strong><\/h3>\n<h4 style=\"text-align: center;\">Vom individuellem Webetikett bis hin zur repr\u00e4sentativen Einzelverpackung ist alles m\u00f6glich.<\/h4>\n<h4 style=\"text-align: center;\">Viele trendige Farben in verschiedenen Qualit\u00e4ten stehen zur Auswahl bereit.<\/h4>\n<p>&nbsp;<\/p>\n<p style=\"text-align: center;\"><img loading=\"lazy\" decoding=\"async\" class=\"alignnone size-full wp-image-21057\" src=\"http:\/\/heisserhamster.de\/waermflasche\/wp-content\/uploads\/2017\/07\/lustige-werbegeschenke-pic8.jpg\" alt=\"\" width=\"600\" height=\"426\" srcset=\"https:\/\/heisserhamster.de\/waermflasche\/wp-content\/uploads\/2017\/07\/lustige-werbegeschenke-pic8.jpg 600w, https:\/\/heisserhamster.de\/waermflasche\/wp-content\/uploads\/2017\/07\/lustige-werbegeschenke-pic8-200x142.jpg 200w, https:\/\/heisserhamster.de\/waermflasche\/wp-content\/uploads\/2017\/07\/lustige-werbegeschenke-pic8-300x213.jpg 300w\" sizes=\"auto, (max-width: 600px) 100vw, 600px\" \/><\/p>\n<p>&nbsp;<\/p>\n<h3 style=\"text-align: center;\"><strong>Lustige Werbegeschenke! Das k\u00f6nnen wir \ud83d\ude09<\/strong><\/h3>\n<h4 style=\"text-align: center;\">Wir beraten Dich gerne und sorgen daf\u00fcr,<\/h4>\n<h4 style=\"text-align: center;\">dass Du ganz genau den passenden heissen hamster zu Deinem Markenauftritt erh\u00e4ltst.<\/h4>\n<p>&nbsp;<\/p>\n<p style=\"text-align: center;\"><img loading=\"lazy\" decoding=\"async\" class=\"alignnone size-full wp-image-21058\" src=\"http:\/\/heisserhamster.de\/waermflasche\/wp-content\/uploads\/2017\/07\/lustige-werbegeschenke-pic9.jpg\" alt=\"\" width=\"600\" height=\"420\" srcset=\"https:\/\/heisserhamster.de\/waermflasche\/wp-content\/uploads\/2017\/07\/lustige-werbegeschenke-pic9.jpg 600w, https:\/\/heisserhamster.de\/waermflasche\/wp-content\/uploads\/2017\/07\/lustige-werbegeschenke-pic9-200x140.jpg 200w, https:\/\/heisserhamster.de\/waermflasche\/wp-content\/uploads\/2017\/07\/lustige-werbegeschenke-pic9-300x210.jpg 300w\" sizes=\"auto, (max-width: 600px) 100vw, 600px\" \/><\/p>\n<p>&nbsp;<\/p>\n<h4 style=\"text-align: center;\">Ein super <strong>Giveaway<\/strong> f\u00fcr Eure Kunden, Lieferanten und Mitarbeiter.<\/h4>\n<h4 style=\"text-align: center;\">Nehmt Kontakt mit uns auf und wir besprechen das !\u00a0\u00a0\u00a0\u00a0\u00a0 <a title=\"post@heisserhamster.de\" href=\"mailto:post@heisserhamster.de\" target=\"_blank\" rel=\"noopener\"><strong>post@heisserhamster.de<\/strong><\/a><\/h4>\n<p>&nbsp;<\/p>\n<p style=\"text-align: center;\"><img loading=\"lazy\" decoding=\"async\" class=\"alignnone size-full wp-image-21055\" src=\"http:\/\/heisserhamster.de\/waermflasche\/wp-content\/uploads\/2017\/07\/lustige-werbegeschenke-pic1.jpg\" alt=\"\" width=\"600\" height=\"420\" srcset=\"https:\/\/heisserhamster.de\/waermflasche\/wp-content\/uploads\/2017\/07\/lustige-werbegeschenke-pic1.jpg 600w, https:\/\/heisserhamster.de\/waermflasche\/wp-content\/uploads\/2017\/07\/lustige-werbegeschenke-pic1-200x140.jpg 200w, https:\/\/heisserhamster.de\/waermflasche\/wp-content\/uploads\/2017\/07\/lustige-werbegeschenke-pic1-300x210.jpg 300w\" sizes=\"auto, (max-width: 600px) 100vw, 600px\" \/><\/p>\n<h2 style=\"text-align: center;\"><em><a href=\"https:\/\/www.youtube.com\/watch?v=4ksAPyDeAHE\" target=\"_blank\" rel=\"noopener\">&#8230;der absolute Warmsinn !<\/a><\/em><\/h2>\n","protected":false},"excerpt":{"rendered":"<p>&#8230;individuell selbst gestalten! &nbsp; Ihr sucht ein Werbegeschenk, das einmal anders ist ? Dann seid Ihr hier richtig ! Wir bieten f\u00fcr Firmenkunden individuell gestaltete W\u00e4rmflaschen in\u00a0 jeder St\u00fcckzahl, Material und Farbe. Eure individuelle W\u00e4rmflasche wird von uns in liebevoller Handarbeit gefertigt. Die W\u00e4rmflaschen sind nat\u00fcrlich T\u00dcV gepr\u00fcft und zertifiziert. &nbsp; &nbsp; Sonderanfertigungen ganz nach Eurem Wunsch sind unser Spezialgebiet [&hellip;]<\/p>\n","protected":false},"author":2,"featured_media":0,"parent":0,"menu_order":0,"comment_status":"closed","ping_status":"closed","template":"","meta":{"footnotes":""},"class_list":["post-21054","page","type-page","status-publish","hentry"],"yoast_head":"<!-- This site is optimized with the Yoast SEO plugin v27.0 - https:\/\/yoast.com\/product\/yoast-seo-wordpress\/ -->\n<title>Lustige Werbegeschenke individuell mit eigenem Logo besticken<\/title>\n<meta name=\"description\" content=\"lustige Werbegeschenke sind cool! Dein Werbegeschenk individuell mit eigenem Logo,Motiv oder Text bedruckt,bestickt,gestrickt,selbst gestalten\" \/>\n<meta name=\"robots\" content=\"index, follow, max-snippet:-1, max-image-preview:large, max-video-preview:-1\" \/>\n<link rel=\"canonical\" href=\"https:\/\/heisserhamster.de\/waermflasche\/lustige-werbegeschenke\/\" \/>\n<meta property=\"og:locale\" content=\"de_DE\" \/>\n<meta property=\"og:type\" content=\"article\" \/>\n<meta property=\"og:title\" content=\"Lustige Werbegeschenke individuell mit eigenem Logo besticken\" \/>\n<meta property=\"og:description\" content=\"lustige Werbegeschenke sind cool! Dein Werbegeschenk individuell mit eigenem Logo,Motiv oder Text bedruckt,bestickt,gestrickt,selbst gestalten\" \/>\n<meta property=\"og:url\" content=\"https:\/\/heisserhamster.de\/waermflasche\/lustige-werbegeschenke\/\" \/>\n<meta property=\"article:modified_time\" content=\"2017-07-10T10:32:27+00:00\" \/>\n<meta property=\"og:image\" content=\"http:\/\/heisserhamster.de\/waermflasche\/wp-content\/uploads\/2017\/07\/lustige-werbegeschenke-pic7.jpg\" \/>\n<meta name=\"twitter:card\" content=\"summary_large_image\" \/>\n<meta name=\"twitter:label1\" content=\"Gesch\u00e4tzte Lesezeit\" \/>\n\t<meta name=\"twitter:data1\" content=\"1\u00a0Minute\" \/>\n<script type=\"application\/ld+json\" class=\"yoast-schema-graph\">{\"@context\":\"https:\/\/schema.org\",\"@graph\":[{\"@type\":\"WebPage\",\"@id\":\"https:\/\/heisserhamster.de\/waermflasche\/lustige-werbegeschenke\/\",\"url\":\"https:\/\/heisserhamster.de\/waermflasche\/lustige-werbegeschenke\/\",\"name\":\"Lustige Werbegeschenke individuell mit eigenem Logo besticken\",\"isPartOf\":{\"@id\":\"https:\/\/heisserhamster.de\/waermflasche\/#website\"},\"primaryImageOfPage\":{\"@id\":\"https:\/\/heisserhamster.de\/waermflasche\/lustige-werbegeschenke\/#primaryimage\"},\"image\":{\"@id\":\"https:\/\/heisserhamster.de\/waermflasche\/lustige-werbegeschenke\/#primaryimage\"},\"thumbnailUrl\":\"http:\/\/heisserhamster.de\/waermflasche\/wp-content\/uploads\/2017\/07\/lustige-werbegeschenke-pic7.jpg\",\"datePublished\":\"2017-07-10T10:30:57+00:00\",\"dateModified\":\"2017-07-10T10:32:27+00:00\",\"description\":\"lustige Werbegeschenke sind cool! Dein Werbegeschenk individuell mit eigenem Logo,Motiv oder Text bedruckt,bestickt,gestrickt,selbst gestalten\",\"breadcrumb\":{\"@id\":\"https:\/\/heisserhamster.de\/waermflasche\/lustige-werbegeschenke\/#breadcrumb\"},\"inLanguage\":\"de\",\"potentialAction\":[{\"@type\":\"ReadAction\",\"target\":[\"https:\/\/heisserhamster.de\/waermflasche\/lustige-werbegeschenke\/\"]}]},{\"@type\":\"ImageObject\",\"inLanguage\":\"de\",\"@id\":\"https:\/\/heisserhamster.de\/waermflasche\/lustige-werbegeschenke\/#primaryimage\",\"url\":\"http:\/\/heisserhamster.de\/waermflasche\/wp-content\/uploads\/2017\/07\/lustige-werbegeschenke-pic7.jpg\",\"contentUrl\":\"http:\/\/heisserhamster.de\/waermflasche\/wp-content\/uploads\/2017\/07\/lustige-werbegeschenke-pic7.jpg\"},{\"@type\":\"BreadcrumbList\",\"@id\":\"https:\/\/heisserhamster.de\/waermflasche\/lustige-werbegeschenke\/#breadcrumb\",\"itemListElement\":[{\"@type\":\"ListItem\",\"position\":1,\"name\":\"Startseite\",\"item\":\"https:\/\/heisserhamster.de\/waermflasche\/\"},{\"@type\":\"ListItem\",\"position\":2,\"name\":\"Lustige Werbegeschenke\"}]},{\"@type\":\"WebSite\",\"@id\":\"https:\/\/heisserhamster.de\/waermflasche\/#website\",\"url\":\"https:\/\/heisserhamster.de\/waermflasche\/\",\"name\":\"\",\"description\":\"\",\"potentialAction\":[{\"@type\":\"SearchAction\",\"target\":{\"@type\":\"EntryPoint\",\"urlTemplate\":\"https:\/\/heisserhamster.de\/waermflasche\/?s={search_term_string}\"},\"query-input\":{\"@type\":\"PropertyValueSpecification\",\"valueRequired\":true,\"valueName\":\"search_term_string\"}}],\"inLanguage\":\"de\"}]}<\/script>\n<!-- \/ Yoast SEO plugin. -->","yoast_head_json":{"title":"Lustige Werbegeschenke individuell mit eigenem Logo besticken","description":"lustige Werbegeschenke sind cool! Dein Werbegeschenk individuell mit eigenem Logo,Motiv oder Text bedruckt,bestickt,gestrickt,selbst gestalten","robots":{"index":"index","follow":"follow","max-snippet":"max-snippet:-1","max-image-preview":"max-image-preview:large","max-video-preview":"max-video-preview:-1"},"canonical":"https:\/\/heisserhamster.de\/waermflasche\/lustige-werbegeschenke\/","og_locale":"de_DE","og_type":"article","og_title":"Lustige Werbegeschenke individuell mit eigenem Logo besticken","og_description":"lustige Werbegeschenke sind cool! Dein Werbegeschenk individuell mit eigenem Logo,Motiv oder Text bedruckt,bestickt,gestrickt,selbst gestalten","og_url":"https:\/\/heisserhamster.de\/waermflasche\/lustige-werbegeschenke\/","article_modified_time":"2017-07-10T10:32:27+00:00","og_image":[{"url":"http:\/\/heisserhamster.de\/waermflasche\/wp-content\/uploads\/2017\/07\/lustige-werbegeschenke-pic7.jpg","type":"","width":"","height":""}],"twitter_card":"summary_large_image","twitter_misc":{"Gesch\u00e4tzte Lesezeit":"1\u00a0Minute"},"schema":{"@context":"https:\/\/schema.org","@graph":[{"@type":"WebPage","@id":"https:\/\/heisserhamster.de\/waermflasche\/lustige-werbegeschenke\/","url":"https:\/\/heisserhamster.de\/waermflasche\/lustige-werbegeschenke\/","name":"Lustige Werbegeschenke individuell mit eigenem Logo besticken","isPartOf":{"@id":"https:\/\/heisserhamster.de\/waermflasche\/#website"},"primaryImageOfPage":{"@id":"https:\/\/heisserhamster.de\/waermflasche\/lustige-werbegeschenke\/#primaryimage"},"image":{"@id":"https:\/\/heisserhamster.de\/waermflasche\/lustige-werbegeschenke\/#primaryimage"},"thumbnailUrl":"http:\/\/heisserhamster.de\/waermflasche\/wp-content\/uploads\/2017\/07\/lustige-werbegeschenke-pic7.jpg","datePublished":"2017-07-10T10:30:57+00:00","dateModified":"2017-07-10T10:32:27+00:00","description":"lustige Werbegeschenke sind cool! Dein Werbegeschenk individuell mit eigenem Logo,Motiv oder Text bedruckt,bestickt,gestrickt,selbst gestalten","breadcrumb":{"@id":"https:\/\/heisserhamster.de\/waermflasche\/lustige-werbegeschenke\/#breadcrumb"},"inLanguage":"de","potentialAction":[{"@type":"ReadAction","target":["https:\/\/heisserhamster.de\/waermflasche\/lustige-werbegeschenke\/"]}]},{"@type":"ImageObject","inLanguage":"de","@id":"https:\/\/heisserhamster.de\/waermflasche\/lustige-werbegeschenke\/#primaryimage","url":"http:\/\/heisserhamster.de\/waermflasche\/wp-content\/uploads\/2017\/07\/lustige-werbegeschenke-pic7.jpg","contentUrl":"http:\/\/heisserhamster.de\/waermflasche\/wp-content\/uploads\/2017\/07\/lustige-werbegeschenke-pic7.jpg"},{"@type":"BreadcrumbList","@id":"https:\/\/heisserhamster.de\/waermflasche\/lustige-werbegeschenke\/#breadcrumb","itemListElement":[{"@type":"ListItem","position":1,"name":"Startseite","item":"https:\/\/heisserhamster.de\/waermflasche\/"},{"@type":"ListItem","position":2,"name":"Lustige Werbegeschenke"}]},{"@type":"WebSite","@id":"https:\/\/heisserhamster.de\/waermflasche\/#website","url":"https:\/\/heisserhamster.de\/waermflasche\/","name":"","description":"","potentialAction":[{"@type":"SearchAction","target":{"@type":"EntryPoint","urlTemplate":"https:\/\/heisserhamster.de\/waermflasche\/?s={search_term_string}"},"query-input":{"@type":"PropertyValueSpecification","valueRequired":true,"valueName":"search_term_string"}}],"inLanguage":"de"}]}},"_links":{"self":[{"href":"https:\/\/heisserhamster.de\/waermflasche\/wp-json\/wp\/v2\/pages\/21054","targetHints":{"allow":["GET"]}}],"collection":[{"href":"https:\/\/heisserhamster.de\/waermflasche\/wp-json\/wp\/v2\/pages"}],"about":[{"href":"https:\/\/heisserhamster.de\/waermflasche\/wp-json\/wp\/v2\/types\/page"}],"author":[{"embeddable":true,"href":"https:\/\/heisserhamster.de\/waermflasche\/wp-json\/wp\/v2\/users\/2"}],"replies":[{"embeddable":true,"href":"https:\/\/heisserhamster.de\/waermflasche\/wp-json\/wp\/v2\/comments?post=21054"}],"version-history":[{"count":0,"href":"https:\/\/heisserhamster.de\/waermflasche\/wp-json\/wp\/v2\/pages\/21054\/revisions"}],"wp:attachment":[{"href":"https:\/\/heisserhamster.de\/waermflasche\/wp-json\/wp\/v2\/media?parent=21054"}],"curies":[{"name":"wp","href":"https:\/\/api.w.org\/{rel}","templated":true}]}}