{"id":20513,"date":"2017-07-06T22:25:10","date_gmt":"2017-07-06T20:25:10","guid":{"rendered":"http:\/\/heisserhamster.de\/waermflasche\/?page_id=20513"},"modified":"2017-07-06T23:03:18","modified_gmt":"2017-07-06T21:03:18","slug":"originelle-werbeartikel-zu-weihnachten","status":"publish","type":"page","link":"https:\/\/heisserhamster.de\/waermflasche\/originelle-werbeartikel-zu-weihnachten\/","title":{"rendered":"Originelle Werbeartikel zu Weihnachten"},"content":{"rendered":"<h2 style=\"text-align: center;\">&#8230;individuell selbst gestalten!<strong><br \/>\n<\/strong><\/h2>\n<h4 style=\"text-align: center;\">Ihr sucht ein <strong>Werbegeschenk<\/strong>, das einmal anders ist ? Dann seid Ihr hier richtig !<\/h4>\n<h4 style=\"text-align: center;\">Wir bieten f\u00fcr Firmenkunden individuell gestaltete <a href=\"https:\/\/de.wikipedia.org\/wiki\/W%C3%A4rmflasche\" target=\"_blank\" rel=\"noopener\"><strong>W\u00e4rmflaschen<\/strong><\/a> in\u00a0 jeder St\u00fcckzahl, Material und Farbe.<\/h4>\n<h4 style=\"text-align: center;\">Eure <strong>individuelle W\u00e4rmflasche<\/strong> wird von uns in liebevoller Handarbeit in Deutschland gefertigt.<\/h4>\n<h4 style=\"text-align: center;\">Die W\u00e4rmflaschen sind nat\u00fcrlich T\u00dcV gepr\u00fcft und zertifiziert.<\/h4>\n<p>&nbsp;<\/p>\n<h4 style=\"text-align: center;\"><img loading=\"lazy\" decoding=\"async\" class=\"alignnone size-full wp-image-20515\" src=\"http:\/\/heisserhamster.de\/waermflasche\/wp-content\/uploads\/2017\/07\/originelle-werbeartikel-zu-weihnachten-pic7.jpg\" alt=\"\" width=\"600\" height=\"413\" srcset=\"https:\/\/heisserhamster.de\/waermflasche\/wp-content\/uploads\/2017\/07\/originelle-werbeartikel-zu-weihnachten-pic7.jpg 600w, https:\/\/heisserhamster.de\/waermflasche\/wp-content\/uploads\/2017\/07\/originelle-werbeartikel-zu-weihnachten-pic7-200x138.jpg 200w, https:\/\/heisserhamster.de\/waermflasche\/wp-content\/uploads\/2017\/07\/originelle-werbeartikel-zu-weihnachten-pic7-300x207.jpg 300w, https:\/\/heisserhamster.de\/waermflasche\/wp-content\/uploads\/2017\/07\/originelle-werbeartikel-zu-weihnachten-pic7-220x150.jpg 220w\" sizes=\"auto, (max-width: 600px) 100vw, 600px\" \/><\/h4>\n<p>&nbsp;<\/p>\n<h3 style=\"text-align: center;\"><strong>Sonderanfertigungen ganz nach Eurem Wunsch sind unser Spezialgebiet !<\/strong><\/h3>\n<h4 style=\"text-align: center;\">Vom individuellem Webetikett bis hin zur repr\u00e4sentativen Einzelverpackung ist alles m\u00f6glich.<\/h4>\n<h4 style=\"text-align: center;\">Viele trendige Farben in verschiedenen Qualit\u00e4ten stehen zur Auswahl bereit.<\/h4>\n<p>&nbsp;<\/p>\n<p style=\"text-align: center;\"><img loading=\"lazy\" decoding=\"async\" class=\"alignnone size-full wp-image-20516\" src=\"http:\/\/heisserhamster.de\/waermflasche\/wp-content\/uploads\/2017\/07\/originelle-werbeartikel-zu-weihnachten-pic8.jpg\" alt=\"\" width=\"600\" height=\"426\" srcset=\"https:\/\/heisserhamster.de\/waermflasche\/wp-content\/uploads\/2017\/07\/originelle-werbeartikel-zu-weihnachten-pic8.jpg 600w, https:\/\/heisserhamster.de\/waermflasche\/wp-content\/uploads\/2017\/07\/originelle-werbeartikel-zu-weihnachten-pic8-200x142.jpg 200w, https:\/\/heisserhamster.de\/waermflasche\/wp-content\/uploads\/2017\/07\/originelle-werbeartikel-zu-weihnachten-pic8-300x213.jpg 300w\" sizes=\"auto, (max-width: 600px) 100vw, 600px\" \/><\/p>\n<p>&nbsp;<\/p>\n<h3 style=\"text-align: center;\"><strong>Das k\u00f6nnen wir \ud83d\ude09<\/strong><\/h3>\n<h4 style=\"text-align: center;\">Wir beraten Dich gerne und sorgen daf\u00fcr,<\/h4>\n<h4 style=\"text-align: center;\">dass Du ganz genau den passenden heissen hamster zu Deinem Markenauftritt erh\u00e4ltst.<\/h4>\n<h4 style=\"text-align: center;\"><\/h4>\n<p style=\"text-align: center;\"><img loading=\"lazy\" decoding=\"async\" class=\"alignnone size-full wp-image-20517\" src=\"http:\/\/heisserhamster.de\/waermflasche\/wp-content\/uploads\/2017\/07\/originelle-werbeartikel-zu-weihnachten-pic9.jpg\" alt=\"\" width=\"600\" height=\"420\" srcset=\"https:\/\/heisserhamster.de\/waermflasche\/wp-content\/uploads\/2017\/07\/originelle-werbeartikel-zu-weihnachten-pic9.jpg 600w, https:\/\/heisserhamster.de\/waermflasche\/wp-content\/uploads\/2017\/07\/originelle-werbeartikel-zu-weihnachten-pic9-200x140.jpg 200w, https:\/\/heisserhamster.de\/waermflasche\/wp-content\/uploads\/2017\/07\/originelle-werbeartikel-zu-weihnachten-pic9-300x210.jpg 300w\" sizes=\"auto, (max-width: 600px) 100vw, 600px\" \/><\/p>\n<p>&nbsp;<\/p>\n<h4 style=\"text-align: center;\">Ein super <strong>Giveaway<\/strong> f\u00fcr Eure Kunden, Lieferanten und Mitarbeiter.<\/h4>\n<h4 style=\"text-align: center;\">Nehmt Kontakt mit uns auf und wir besprechen das !\u00a0\u00a0\u00a0\u00a0\u00a0 <a title=\"post@heisserhamster.de\" href=\"mailto:post@heisserhamster.de\" target=\"_blank\" rel=\"noopener\"><strong>post@heisserhamster.de<\/strong><\/a><\/h4>\n<p>&nbsp;<\/p>\n<p style=\"text-align: center;\">\u00a0<img loading=\"lazy\" decoding=\"async\" class=\"alignnone size-full wp-image-20514\" src=\"http:\/\/heisserhamster.de\/waermflasche\/wp-content\/uploads\/2017\/07\/originelle-werbeartikel-zu-weihnachten-pic1.jpg\" alt=\"\" width=\"600\" height=\"420\" srcset=\"https:\/\/heisserhamster.de\/waermflasche\/wp-content\/uploads\/2017\/07\/originelle-werbeartikel-zu-weihnachten-pic1.jpg 600w, https:\/\/heisserhamster.de\/waermflasche\/wp-content\/uploads\/2017\/07\/originelle-werbeartikel-zu-weihnachten-pic1-200x140.jpg 200w, https:\/\/heisserhamster.de\/waermflasche\/wp-content\/uploads\/2017\/07\/originelle-werbeartikel-zu-weihnachten-pic1-300x210.jpg 300w\" sizes=\"auto, (max-width: 600px) 100vw, 600px\" \/><\/p>\n<h2 style=\"text-align: center;\"><em><a href=\"https:\/\/www.youtube.com\/watch?v=4ksAPyDeAHE\" target=\"_blank\" rel=\"noopener\">&#8230;der absolute Warmsinn !<\/a><\/em><\/h2>\n","protected":false},"excerpt":{"rendered":"<p>&#8230;individuell selbst gestalten! Ihr sucht ein Werbegeschenk, das einmal anders ist ? Dann seid Ihr hier richtig ! Wir bieten f\u00fcr Firmenkunden individuell gestaltete W\u00e4rmflaschen in\u00a0 jeder St\u00fcckzahl, Material und Farbe. Eure individuelle W\u00e4rmflasche wird von uns in liebevoller Handarbeit in Deutschland gefertigt. Die W\u00e4rmflaschen sind nat\u00fcrlich T\u00dcV gepr\u00fcft und zertifiziert. &nbsp; &nbsp; Sonderanfertigungen ganz nach Eurem Wunsch sind unser [&hellip;]<\/p>\n","protected":false},"author":2,"featured_media":0,"parent":0,"menu_order":0,"comment_status":"closed","ping_status":"closed","template":"","meta":{"footnotes":""},"class_list":["post-20513","page","type-page","status-publish","hentry"],"yoast_head":"<!-- This site is optimized with the Yoast SEO plugin v27.0 - https:\/\/yoast.com\/product\/yoast-seo-wordpress\/ -->\n<title>Originelle Werbeartikel zu Weihnachten mit eigenem Logo bestickt<\/title>\n<meta name=\"description\" content=\"originelle Werbeartikel zu Weihnachten sind einzigartig! Dein originelles Werbegeschenk individuell mit eigenem Logo, Text oder Motiv selbst gestalten\" \/>\n<meta name=\"robots\" content=\"index, follow, max-snippet:-1, max-image-preview:large, max-video-preview:-1\" \/>\n<link rel=\"canonical\" href=\"https:\/\/heisserhamster.de\/waermflasche\/originelle-werbeartikel-zu-weihnachten\/\" \/>\n<meta property=\"og:locale\" content=\"de_DE\" \/>\n<meta property=\"og:type\" content=\"article\" \/>\n<meta property=\"og:title\" content=\"Originelle Werbeartikel zu Weihnachten mit eigenem Logo bestickt\" \/>\n<meta property=\"og:description\" content=\"originelle Werbeartikel zu Weihnachten sind einzigartig! Dein originelles Werbegeschenk individuell mit eigenem Logo, Text oder Motiv selbst gestalten\" \/>\n<meta property=\"og:url\" content=\"https:\/\/heisserhamster.de\/waermflasche\/originelle-werbeartikel-zu-weihnachten\/\" \/>\n<meta property=\"article:modified_time\" content=\"2017-07-06T21:03:18+00:00\" \/>\n<meta property=\"og:image\" content=\"http:\/\/heisserhamster.de\/waermflasche\/wp-content\/uploads\/2017\/07\/originelle-werbeartikel-zu-weihnachten-pic7.jpg\" \/>\n<meta name=\"twitter:card\" content=\"summary_large_image\" \/>\n<meta name=\"twitter:label1\" content=\"Gesch\u00e4tzte Lesezeit\" \/>\n\t<meta name=\"twitter:data1\" content=\"1\u00a0Minute\" \/>\n<script type=\"application\/ld+json\" class=\"yoast-schema-graph\">{\"@context\":\"https:\/\/schema.org\",\"@graph\":[{\"@type\":\"WebPage\",\"@id\":\"https:\/\/heisserhamster.de\/waermflasche\/originelle-werbeartikel-zu-weihnachten\/\",\"url\":\"https:\/\/heisserhamster.de\/waermflasche\/originelle-werbeartikel-zu-weihnachten\/\",\"name\":\"Originelle Werbeartikel zu Weihnachten mit eigenem Logo bestickt\",\"isPartOf\":{\"@id\":\"https:\/\/heisserhamster.de\/waermflasche\/#website\"},\"primaryImageOfPage\":{\"@id\":\"https:\/\/heisserhamster.de\/waermflasche\/originelle-werbeartikel-zu-weihnachten\/#primaryimage\"},\"image\":{\"@id\":\"https:\/\/heisserhamster.de\/waermflasche\/originelle-werbeartikel-zu-weihnachten\/#primaryimage\"},\"thumbnailUrl\":\"http:\/\/heisserhamster.de\/waermflasche\/wp-content\/uploads\/2017\/07\/originelle-werbeartikel-zu-weihnachten-pic7.jpg\",\"datePublished\":\"2017-07-06T20:25:10+00:00\",\"dateModified\":\"2017-07-06T21:03:18+00:00\",\"description\":\"originelle Werbeartikel zu Weihnachten sind einzigartig! Dein originelles Werbegeschenk individuell mit eigenem Logo, Text oder Motiv selbst gestalten\",\"breadcrumb\":{\"@id\":\"https:\/\/heisserhamster.de\/waermflasche\/originelle-werbeartikel-zu-weihnachten\/#breadcrumb\"},\"inLanguage\":\"de\",\"potentialAction\":[{\"@type\":\"ReadAction\",\"target\":[\"https:\/\/heisserhamster.de\/waermflasche\/originelle-werbeartikel-zu-weihnachten\/\"]}]},{\"@type\":\"ImageObject\",\"inLanguage\":\"de\",\"@id\":\"https:\/\/heisserhamster.de\/waermflasche\/originelle-werbeartikel-zu-weihnachten\/#primaryimage\",\"url\":\"http:\/\/heisserhamster.de\/waermflasche\/wp-content\/uploads\/2017\/07\/originelle-werbeartikel-zu-weihnachten-pic7.jpg\",\"contentUrl\":\"http:\/\/heisserhamster.de\/waermflasche\/wp-content\/uploads\/2017\/07\/originelle-werbeartikel-zu-weihnachten-pic7.jpg\"},{\"@type\":\"BreadcrumbList\",\"@id\":\"https:\/\/heisserhamster.de\/waermflasche\/originelle-werbeartikel-zu-weihnachten\/#breadcrumb\",\"itemListElement\":[{\"@type\":\"ListItem\",\"position\":1,\"name\":\"Startseite\",\"item\":\"https:\/\/heisserhamster.de\/waermflasche\/\"},{\"@type\":\"ListItem\",\"position\":2,\"name\":\"Originelle Werbeartikel zu Weihnachten\"}]},{\"@type\":\"WebSite\",\"@id\":\"https:\/\/heisserhamster.de\/waermflasche\/#website\",\"url\":\"https:\/\/heisserhamster.de\/waermflasche\/\",\"name\":\"\",\"description\":\"\",\"potentialAction\":[{\"@type\":\"SearchAction\",\"target\":{\"@type\":\"EntryPoint\",\"urlTemplate\":\"https:\/\/heisserhamster.de\/waermflasche\/?s={search_term_string}\"},\"query-input\":{\"@type\":\"PropertyValueSpecification\",\"valueRequired\":true,\"valueName\":\"search_term_string\"}}],\"inLanguage\":\"de\"}]}<\/script>\n<!-- \/ Yoast SEO plugin. -->","yoast_head_json":{"title":"Originelle Werbeartikel zu Weihnachten mit eigenem Logo bestickt","description":"originelle Werbeartikel zu Weihnachten sind einzigartig! Dein originelles Werbegeschenk individuell mit eigenem Logo, Text oder Motiv selbst gestalten","robots":{"index":"index","follow":"follow","max-snippet":"max-snippet:-1","max-image-preview":"max-image-preview:large","max-video-preview":"max-video-preview:-1"},"canonical":"https:\/\/heisserhamster.de\/waermflasche\/originelle-werbeartikel-zu-weihnachten\/","og_locale":"de_DE","og_type":"article","og_title":"Originelle Werbeartikel zu Weihnachten mit eigenem Logo bestickt","og_description":"originelle Werbeartikel zu Weihnachten sind einzigartig! Dein originelles Werbegeschenk individuell mit eigenem Logo, Text oder Motiv selbst gestalten","og_url":"https:\/\/heisserhamster.de\/waermflasche\/originelle-werbeartikel-zu-weihnachten\/","article_modified_time":"2017-07-06T21:03:18+00:00","og_image":[{"url":"http:\/\/heisserhamster.de\/waermflasche\/wp-content\/uploads\/2017\/07\/originelle-werbeartikel-zu-weihnachten-pic7.jpg","type":"","width":"","height":""}],"twitter_card":"summary_large_image","twitter_misc":{"Gesch\u00e4tzte Lesezeit":"1\u00a0Minute"},"schema":{"@context":"https:\/\/schema.org","@graph":[{"@type":"WebPage","@id":"https:\/\/heisserhamster.de\/waermflasche\/originelle-werbeartikel-zu-weihnachten\/","url":"https:\/\/heisserhamster.de\/waermflasche\/originelle-werbeartikel-zu-weihnachten\/","name":"Originelle Werbeartikel zu Weihnachten mit eigenem Logo bestickt","isPartOf":{"@id":"https:\/\/heisserhamster.de\/waermflasche\/#website"},"primaryImageOfPage":{"@id":"https:\/\/heisserhamster.de\/waermflasche\/originelle-werbeartikel-zu-weihnachten\/#primaryimage"},"image":{"@id":"https:\/\/heisserhamster.de\/waermflasche\/originelle-werbeartikel-zu-weihnachten\/#primaryimage"},"thumbnailUrl":"http:\/\/heisserhamster.de\/waermflasche\/wp-content\/uploads\/2017\/07\/originelle-werbeartikel-zu-weihnachten-pic7.jpg","datePublished":"2017-07-06T20:25:10+00:00","dateModified":"2017-07-06T21:03:18+00:00","description":"originelle Werbeartikel zu Weihnachten sind einzigartig! Dein originelles Werbegeschenk individuell mit eigenem Logo, Text oder Motiv selbst gestalten","breadcrumb":{"@id":"https:\/\/heisserhamster.de\/waermflasche\/originelle-werbeartikel-zu-weihnachten\/#breadcrumb"},"inLanguage":"de","potentialAction":[{"@type":"ReadAction","target":["https:\/\/heisserhamster.de\/waermflasche\/originelle-werbeartikel-zu-weihnachten\/"]}]},{"@type":"ImageObject","inLanguage":"de","@id":"https:\/\/heisserhamster.de\/waermflasche\/originelle-werbeartikel-zu-weihnachten\/#primaryimage","url":"http:\/\/heisserhamster.de\/waermflasche\/wp-content\/uploads\/2017\/07\/originelle-werbeartikel-zu-weihnachten-pic7.jpg","contentUrl":"http:\/\/heisserhamster.de\/waermflasche\/wp-content\/uploads\/2017\/07\/originelle-werbeartikel-zu-weihnachten-pic7.jpg"},{"@type":"BreadcrumbList","@id":"https:\/\/heisserhamster.de\/waermflasche\/originelle-werbeartikel-zu-weihnachten\/#breadcrumb","itemListElement":[{"@type":"ListItem","position":1,"name":"Startseite","item":"https:\/\/heisserhamster.de\/waermflasche\/"},{"@type":"ListItem","position":2,"name":"Originelle Werbeartikel zu Weihnachten"}]},{"@type":"WebSite","@id":"https:\/\/heisserhamster.de\/waermflasche\/#website","url":"https:\/\/heisserhamster.de\/waermflasche\/","name":"","description":"","potentialAction":[{"@type":"SearchAction","target":{"@type":"EntryPoint","urlTemplate":"https:\/\/heisserhamster.de\/waermflasche\/?s={search_term_string}"},"query-input":{"@type":"PropertyValueSpecification","valueRequired":true,"valueName":"search_term_string"}}],"inLanguage":"de"}]}},"_links":{"self":[{"href":"https:\/\/heisserhamster.de\/waermflasche\/wp-json\/wp\/v2\/pages\/20513","targetHints":{"allow":["GET"]}}],"collection":[{"href":"https:\/\/heisserhamster.de\/waermflasche\/wp-json\/wp\/v2\/pages"}],"about":[{"href":"https:\/\/heisserhamster.de\/waermflasche\/wp-json\/wp\/v2\/types\/page"}],"author":[{"embeddable":true,"href":"https:\/\/heisserhamster.de\/waermflasche\/wp-json\/wp\/v2\/users\/2"}],"replies":[{"embeddable":true,"href":"https:\/\/heisserhamster.de\/waermflasche\/wp-json\/wp\/v2\/comments?post=20513"}],"version-history":[{"count":0,"href":"https:\/\/heisserhamster.de\/waermflasche\/wp-json\/wp\/v2\/pages\/20513\/revisions"}],"wp:attachment":[{"href":"https:\/\/heisserhamster.de\/waermflasche\/wp-json\/wp\/v2\/media?parent=20513"}],"curies":[{"name":"wp","href":"https:\/\/api.w.org\/{rel}","templated":true}]}}