{"id":20104,"date":"2017-07-03T17:34:29","date_gmt":"2017-07-03T15:34:29","guid":{"rendered":"http:\/\/heisserhamster.de\/waermflasche\/?page_id=20104"},"modified":"2017-07-03T17:34:29","modified_gmt":"2017-07-03T15:34:29","slug":"ausgefallene-weihnachtsgeschenke-fuer-frauen","status":"publish","type":"page","link":"https:\/\/heisserhamster.de\/waermflasche\/ausgefallene-weihnachtsgeschenke-fuer-frauen\/","title":{"rendered":"Ausgefallene Weihnachtsgeschenke f\u00fcr Frauen"},"content":{"rendered":"<h2 style=\"text-align: center;\">&#8230;machen mehr Freude !<\/h2>\n<p style=\"text-align: center;\">\n<h2 style=\"text-align: center;\"><span style=\"color: #ff6600;\"><a href=\"http:\/\/heisserhamster.de\/waermflasche\/wp-content\/uploads\/2016\/08\/ausgefallene-Weihnachtsgeschenke-fuer-Frauen-pic1.png\"><img loading=\"lazy\" decoding=\"async\" class=\"alignnone wp-image-7429 size-full\" title=\"Deine individuelle W\u00e4rmflasche!\" src=\"http:\/\/heisserhamster.de\/waermflasche\/wp-content\/uploads\/2016\/08\/ausgefallene-Weihnachtsgeschenke-fuer-Frauen-pic1.png\" alt=\"ausgefallene-weihnachtsgeschenke-fuer-frauen-pic1\" width=\"600\" height=\"565\" \/><\/a><\/span><\/h2>\n<p style=\"text-align: center;\"><strong>\u00a0<\/strong><\/p>\n<h4 style=\"text-align: center;\">Jedes Jahr zu Weihnachten wird das Fest der Liebe gefeiert. Menschen denken an Ihre N\u00e4chsten und m\u00f6chten gerne etwas Besonderes verschenken.<\/h4>\n<h4 style=\"text-align: center;\">Nicht immer f\u00e4llt es aber leicht sofort das Passende zu finden denn das Angebot ist gro\u00df und oft un\u00fcbersichtlich.<\/h4>\n<h4 style=\"text-align: center;\">Gerade in der Vorweihnachtszeit ist man leicht \u00fcberfordert mit dem \u00dcberangebot ein Geschenkm\u00f6glichkeiten.<\/h4>\n<p style=\"text-align: center;\">\n<h2 style=\"text-align: center;\">Ausgefallene Weihnachtsgeschenke f\u00fcr Frauen sind cooler !<\/h2>\n<h4 style=\"text-align: center;\">Doch wer will schon von der Stange kaufen. <strong>Individuelle Weihnachtsgeschenke<\/strong> w\u00e4ren doch viel sch\u00f6ner.<\/h4>\n<h4 style=\"text-align: center;\">Ein <strong>pers\u00f6nliches Weihnachtsgeschenk<\/strong> zu finden, ist mit viel Einf\u00fchlungsverm\u00f6gen und Aufmerksamkeit verbunden.<\/h4>\n<h4 style=\"text-align: center;\">Und macht dazu noch Spa\u00df.<\/h4>\n<h4 style=\"text-align: center;\">Die Freude des Empf\u00e4ngers wird riesig sein denn er sieht das Du Dir wirklich Gedanken gemacht hast um f\u00fcr Ihn etwas ganz Pers\u00f6nliches zu gestalten.<\/h4>\n<p style=\"text-align: center;\">\n<p style=\"text-align: center;\"><a href=\"http:\/\/heisserhamster.de\/waermflasche\/wp-content\/uploads\/2016\/08\/ausgefallene-Weihnachtsgeschenke-fuer-Frauen-pic3.jpg\"><img loading=\"lazy\" decoding=\"async\" class=\"alignnone wp-image-7431 size-medium\" title=\"Herzw\u00e4rmflaschen\" src=\"http:\/\/heisserhamster.de\/waermflasche\/wp-content\/uploads\/2016\/08\/ausgefallene-Weihnachtsgeschenke-fuer-Frauen-pic3-201x300.jpg\" alt=\"ausgefallene-weihnachtsgeschenke-fuer-frauen-pic3\" width=\"201\" height=\"300\" \/><\/a><a href=\"http:\/\/heisserhamster.de\/waermflasche\/wp-content\/uploads\/2016\/08\/ausgefallene-Weihnachtsgeschenke-fuer-Frauen-pic4.jpg\"><img loading=\"lazy\" decoding=\"async\" class=\"alignnone wp-image-7432 size-medium\" title=\"Meine W\u00e4rmflasche\" src=\"http:\/\/heisserhamster.de\/waermflasche\/wp-content\/uploads\/2016\/08\/ausgefallene-Weihnachtsgeschenke-fuer-Frauen-pic4-210x300.jpg\" alt=\"ausgefallene-weihnachtsgeschenke-fuer-frauen-pic4\" width=\"210\" height=\"300\" \/><\/a><a href=\"http:\/\/heisserhamster.de\/waermflasche\/wp-content\/uploads\/2016\/08\/ausgefallene-Weihnachtsgeschenke-fuer-Frauen-pic5.jpg\"><img loading=\"lazy\" decoding=\"async\" class=\"alignnone wp-image-7433 size-medium\" title=\"Verpackung f\u00fcr W\u00e4rmflaschen\" src=\"http:\/\/heisserhamster.de\/waermflasche\/wp-content\/uploads\/2016\/08\/ausgefallene-Weihnachtsgeschenke-fuer-Frauen-pic5-225x300.jpg\" alt=\"ausgefallene-weihnachtsgeschenke-fuer-frauen-pic5\" width=\"225\" height=\"300\" \/><\/a><\/p>\n<p style=\"text-align: center;\">\n<h2 style=\"text-align: center;\">Wir von heisser hamster lieben die Individualit\u00e4t!<\/h2>\n<h4 style=\"text-align: center;\">Wir m\u00f6chten dass Du ein <strong>einzigartiges Weihnachtsgeschenk<\/strong> bekommst und wir helfen Dir dabei.<\/h4>\n<h4 style=\"text-align: center;\">Wir fertigen <strong>witzige W\u00e4rmflaschen<\/strong> die erst nach Bestellung speziell f\u00fcr Dich<\/h4>\n<h4 style=\"text-align: center;\">mit Deinem Motiv oder Deiner eigenen Idee <strong>individuell bestickt<\/strong> werden.<\/h4>\n<p style=\"text-align: center;\">\n<h2 style=\"text-align: center;\">Eine witzige und n\u00fctzliche Geschenkidee f\u00fcr alle !<\/h2>\n<h4 style=\"text-align: center;\">Jede W\u00e4rmflasche und deren Motiv wird von uns sorgf\u00e4ltig und in Handarbeit gefertigt.<\/h4>\n<h4 style=\"text-align: center;\">Keine gleicht der anderen und ist somit ein Unikat mit dem Du Dir oder<\/h4>\n<h4 style=\"text-align: center;\">deinen Freunden ein unvergleichliches Geschenk machen kannst.<\/h4>\n<h4 style=\"text-align: center;\"><\/h4>\n<p style=\"text-align: center;\"><a href=\"http:\/\/heisserhamster.de\/waermflasche\/wp-content\/uploads\/2016\/08\/ausgefallene-Weihnachtsgeschenke-fuer-Frauen-pic8.jpg\"><img loading=\"lazy\" decoding=\"async\" class=\"alignnone wp-image-7436 size-medium\" title=\"lustige W\u00e4rmflasche\" src=\"http:\/\/heisserhamster.de\/waermflasche\/wp-content\/uploads\/2016\/08\/ausgefallene-Weihnachtsgeschenke-fuer-Frauen-pic8-300x300.jpg\" alt=\"ausgefallene-weihnachtsgeschenke-fuer-frauen-pic8\" width=\"300\" height=\"300\" \/><\/a><a href=\"http:\/\/heisserhamster.de\/waermflasche\/wp-content\/uploads\/2016\/08\/ausgefallene-Weihnachtsgeschenke-fuer-Frauen-pic7.jpg\"><img loading=\"lazy\" decoding=\"async\" class=\"alignnone wp-image-7435 size-medium\" title=\"witzige W\u00e4rmflaschen\" src=\"http:\/\/heisserhamster.de\/waermflasche\/wp-content\/uploads\/2016\/08\/ausgefallene-Weihnachtsgeschenke-fuer-Frauen-pic7-300x300.jpg\" alt=\"ausgefallene-weihnachtsgeschenke-fuer-frauen-pic7\" width=\"300\" height=\"300\" \/><\/a><a href=\"http:\/\/heisserhamster.de\/waermflasche\/wp-content\/uploads\/2016\/08\/ausgefallene-Weihnachtsgeschenke-fuer-Frauen-pic6.jpg\"><img loading=\"lazy\" decoding=\"async\" class=\"alignnone wp-image-7434 size-medium\" title=\"individuelle W\u00e4rmflaschen\" src=\"http:\/\/heisserhamster.de\/waermflasche\/wp-content\/uploads\/2016\/08\/ausgefallene-Weihnachtsgeschenke-fuer-Frauen-pic6-254x300.jpg\" alt=\"ausgefallene-weihnachtsgeschenke-fuer-frauen-pic6\" width=\"254\" height=\"300\" \/><\/a><\/p>\n<p style=\"text-align: center;\">\n<h2 style=\"text-align: center;\">Deine <a href=\"http:\/\/de.wikipedia.org\/wiki\/W%C3%A4rmflasche\">W\u00e4rmflasche<\/a> selbst gestalten<\/h2>\n<h4 style=\"text-align: center;\">Sei kreativ ! und gestalte Dir Deine\u00a0<strong>individuelle W\u00e4rmflasche<\/strong> mit unserem neuen<\/h4>\n<h4 style=\"text-align: center;\"><strong><a href=\"http:\/\/heisserhamster.de\/waermflasche\/individuelle-waermflaschen\/\">W\u00e4rmflaschen \u2013 Designer<\/a><\/strong> oder w\u00e4hle eine unserer vielen lustigen W\u00e4rmflaschen im <strong><a href=\"http:\/\/heisserhamster.de\/witzige-waermflaschen\/\">Shop<\/a><\/strong>.<\/h4>\n<h4 style=\"text-align: center;\">In ganz einfachen Schritten kannst Du Deine pers\u00f6nliche W\u00e4rmflasche <strong>selbst gestalten<\/strong> und<\/h4>\n<h4 style=\"text-align: center;\">zuschauen wie aus Deiner Idee ein tolles Unikat wird.<\/h4>\n<p style=\"text-align: center;\">\n<p style=\"text-align: center;\"><a href=\"http:\/\/heisserhamster.de\/waermflasche\/wp-content\/uploads\/2016\/08\/ausgefallene-Weihnachtsgeschenke-fuer-Frauen-pic9.jpg\"><img loading=\"lazy\" decoding=\"async\" class=\"alignnone wp-image-7437 size-medium\" title=\"W\u00e4rmflaschen selbst gestalten\" src=\"http:\/\/heisserhamster.de\/waermflasche\/wp-content\/uploads\/2016\/08\/ausgefallene-Weihnachtsgeschenke-fuer-Frauen-pic9-300x212.jpg\" alt=\"ausgefallene-weihnachtsgeschenke-fuer-frauen-pic9\" width=\"300\" height=\"212\" \/><\/a><a href=\"http:\/\/heisserhamster.de\/waermflasche\/wp-content\/uploads\/2016\/08\/ausgefallene-Weihnachtsgeschenke-fuer-Frauen-pic10.jpg\"><img loading=\"lazy\" decoding=\"async\" class=\"alignnone wp-image-7438 size-medium\" title=\"W\u00e4rmflaschen in vielen Farben\" src=\"http:\/\/heisserhamster.de\/waermflasche\/wp-content\/uploads\/2016\/08\/ausgefallene-Weihnachtsgeschenke-fuer-Frauen-pic10-191x300.jpg\" alt=\"ausgefallene-weihnachtsgeschenke-fuer-frauen-pic10\" width=\"191\" height=\"300\" \/><\/a><\/p>\n<p style=\"text-align: center;\">\n<h4 style=\"text-align: center;\">Von gl\u00fccklichen Menschen in liebevoller Handarbeit f\u00fcr Dich gefertigt.<\/h4>\n<h4 style=\"text-align: center;\">Wir w\u00fcnschen Dir viel Spass !<\/h4>\n<p style=\"text-align: center;\"><a href=\"http:\/\/heisserhamster.de\/waermflasche\/wp-content\/uploads\/2016\/08\/ausgefallene-Weihnachtsgeschenke-fuer-Frauen-pic2.jpg\"><img loading=\"lazy\" decoding=\"async\" class=\"alignnone wp-image-7430 size-medium\" title=\"Mein heisser hamster !\" src=\"http:\/\/heisserhamster.de\/waermflasche\/wp-content\/uploads\/2016\/08\/ausgefallene-Weihnachtsgeschenke-fuer-Frauen-pic2-225x300.jpg\" alt=\"ausgefallene-weihnachtsgeschenke-fuer-frauen-pic2\" width=\"225\" height=\"300\" \/><\/a><\/p>\n<p style=\"text-align: center;\">\n<h2 style=\"text-align: center;\"><strong><a href=\"https:\/\/youtu.be\/4ksAPyDeAHE\">\u2026 <\/a><\/strong><em><a href=\"https:\/\/youtu.be\/4ksAPyDeAHE\">der absolute Warmsinn<\/a>!<\/em><\/h2>\n<p style=\"text-align: center;\">\n<p style=\"text-align: center;\">\n<p>&nbsp;<\/p>\n","protected":false},"excerpt":{"rendered":"<p>&#8230;machen mehr Freude ! \u00a0 Jedes Jahr zu Weihnachten wird das Fest der Liebe gefeiert. Menschen denken an Ihre N\u00e4chsten und m\u00f6chten gerne etwas Besonderes verschenken. Nicht immer f\u00e4llt es aber leicht sofort das Passende zu finden denn das Angebot ist gro\u00df und oft un\u00fcbersichtlich. Gerade in der Vorweihnachtszeit ist man leicht \u00fcberfordert mit dem \u00dcberangebot ein Geschenkm\u00f6glichkeiten. Ausgefallene Weihnachtsgeschenke [&hellip;]<\/p>\n","protected":false},"author":2,"featured_media":0,"parent":0,"menu_order":0,"comment_status":"closed","ping_status":"closed","template":"","meta":{"footnotes":""},"class_list":["post-20104","page","type-page","status-publish","hentry"],"yoast_head":"<!-- This site is optimized with the Yoast SEO plugin v27.0 - https:\/\/yoast.com\/product\/yoast-seo-wordpress\/ -->\n<title>Ausgefallene Weihnachtsgeschenke f\u00fcr Frauen selbst gestalten<\/title>\n<meta name=\"description\" content=\"ausgefallene Weihnachtsgeschenke f\u00fcr Frauen sind toll! \u2764 Ihre pers\u00f6nliche W\u00e4rmflasche individuell mit eigenem Motiv, Namen oder Text bestickt\u2714bedruckt\u2714\" \/>\n<meta name=\"robots\" content=\"index, follow, max-snippet:-1, max-image-preview:large, max-video-preview:-1\" \/>\n<link rel=\"canonical\" href=\"https:\/\/heisserhamster.de\/waermflasche\/ausgefallene-weihnachtsgeschenke-fuer-frauen\/\" \/>\n<meta property=\"og:locale\" content=\"de_DE\" \/>\n<meta property=\"og:type\" content=\"article\" \/>\n<meta property=\"og:title\" content=\"Ausgefallene Weihnachtsgeschenke f\u00fcr Frauen selbst gestalten\" \/>\n<meta property=\"og:description\" content=\"ausgefallene Weihnachtsgeschenke f\u00fcr Frauen sind toll! \u2764 Ihre pers\u00f6nliche W\u00e4rmflasche individuell mit eigenem Motiv, Namen oder Text bestickt\u2714bedruckt\u2714\" \/>\n<meta property=\"og:url\" content=\"https:\/\/heisserhamster.de\/waermflasche\/ausgefallene-weihnachtsgeschenke-fuer-frauen\/\" \/>\n<meta property=\"og:image\" content=\"http:\/\/heisserhamster.de\/waermflasche\/wp-content\/uploads\/2016\/08\/ausgefallene-Weihnachtsgeschenke-fuer-Frauen-pic1.png\" \/>\n<meta name=\"twitter:card\" content=\"summary_large_image\" \/>\n<meta name=\"twitter:label1\" content=\"Gesch\u00e4tzte Lesezeit\" \/>\n\t<meta name=\"twitter:data1\" content=\"1\u00a0Minute\" \/>\n<script type=\"application\/ld+json\" class=\"yoast-schema-graph\">{\"@context\":\"https:\/\/schema.org\",\"@graph\":[{\"@type\":\"WebPage\",\"@id\":\"https:\/\/heisserhamster.de\/waermflasche\/ausgefallene-weihnachtsgeschenke-fuer-frauen\/\",\"url\":\"https:\/\/heisserhamster.de\/waermflasche\/ausgefallene-weihnachtsgeschenke-fuer-frauen\/\",\"name\":\"Ausgefallene Weihnachtsgeschenke f\u00fcr Frauen selbst gestalten\",\"isPartOf\":{\"@id\":\"https:\/\/heisserhamster.de\/waermflasche\/#website\"},\"primaryImageOfPage\":{\"@id\":\"https:\/\/heisserhamster.de\/waermflasche\/ausgefallene-weihnachtsgeschenke-fuer-frauen\/#primaryimage\"},\"image\":{\"@id\":\"https:\/\/heisserhamster.de\/waermflasche\/ausgefallene-weihnachtsgeschenke-fuer-frauen\/#primaryimage\"},\"thumbnailUrl\":\"http:\/\/heisserhamster.de\/waermflasche\/wp-content\/uploads\/2016\/08\/ausgefallene-Weihnachtsgeschenke-fuer-Frauen-pic1.png\",\"datePublished\":\"2017-07-03T15:34:29+00:00\",\"description\":\"ausgefallene Weihnachtsgeschenke f\u00fcr Frauen sind toll! \u2764 Ihre pers\u00f6nliche W\u00e4rmflasche individuell mit eigenem Motiv, Namen oder Text bestickt\u2714bedruckt\u2714\",\"breadcrumb\":{\"@id\":\"https:\/\/heisserhamster.de\/waermflasche\/ausgefallene-weihnachtsgeschenke-fuer-frauen\/#breadcrumb\"},\"inLanguage\":\"de\",\"potentialAction\":[{\"@type\":\"ReadAction\",\"target\":[\"https:\/\/heisserhamster.de\/waermflasche\/ausgefallene-weihnachtsgeschenke-fuer-frauen\/\"]}]},{\"@type\":\"ImageObject\",\"inLanguage\":\"de\",\"@id\":\"https:\/\/heisserhamster.de\/waermflasche\/ausgefallene-weihnachtsgeschenke-fuer-frauen\/#primaryimage\",\"url\":\"http:\/\/heisserhamster.de\/waermflasche\/wp-content\/uploads\/2016\/08\/ausgefallene-Weihnachtsgeschenke-fuer-Frauen-pic1.png\",\"contentUrl\":\"http:\/\/heisserhamster.de\/waermflasche\/wp-content\/uploads\/2016\/08\/ausgefallene-Weihnachtsgeschenke-fuer-Frauen-pic1.png\"},{\"@type\":\"BreadcrumbList\",\"@id\":\"https:\/\/heisserhamster.de\/waermflasche\/ausgefallene-weihnachtsgeschenke-fuer-frauen\/#breadcrumb\",\"itemListElement\":[{\"@type\":\"ListItem\",\"position\":1,\"name\":\"Startseite\",\"item\":\"https:\/\/heisserhamster.de\/waermflasche\/\"},{\"@type\":\"ListItem\",\"position\":2,\"name\":\"Ausgefallene Weihnachtsgeschenke f\u00fcr Frauen\"}]},{\"@type\":\"WebSite\",\"@id\":\"https:\/\/heisserhamster.de\/waermflasche\/#website\",\"url\":\"https:\/\/heisserhamster.de\/waermflasche\/\",\"name\":\"\",\"description\":\"\",\"potentialAction\":[{\"@type\":\"SearchAction\",\"target\":{\"@type\":\"EntryPoint\",\"urlTemplate\":\"https:\/\/heisserhamster.de\/waermflasche\/?s={search_term_string}\"},\"query-input\":{\"@type\":\"PropertyValueSpecification\",\"valueRequired\":true,\"valueName\":\"search_term_string\"}}],\"inLanguage\":\"de\"}]}<\/script>\n<!-- \/ Yoast SEO plugin. -->","yoast_head_json":{"title":"Ausgefallene Weihnachtsgeschenke f\u00fcr Frauen selbst gestalten","description":"ausgefallene Weihnachtsgeschenke f\u00fcr Frauen sind toll! \u2764 Ihre pers\u00f6nliche W\u00e4rmflasche individuell mit eigenem Motiv, Namen oder Text bestickt\u2714bedruckt\u2714","robots":{"index":"index","follow":"follow","max-snippet":"max-snippet:-1","max-image-preview":"max-image-preview:large","max-video-preview":"max-video-preview:-1"},"canonical":"https:\/\/heisserhamster.de\/waermflasche\/ausgefallene-weihnachtsgeschenke-fuer-frauen\/","og_locale":"de_DE","og_type":"article","og_title":"Ausgefallene Weihnachtsgeschenke f\u00fcr Frauen selbst gestalten","og_description":"ausgefallene Weihnachtsgeschenke f\u00fcr Frauen sind toll! \u2764 Ihre pers\u00f6nliche W\u00e4rmflasche individuell mit eigenem Motiv, Namen oder Text bestickt\u2714bedruckt\u2714","og_url":"https:\/\/heisserhamster.de\/waermflasche\/ausgefallene-weihnachtsgeschenke-fuer-frauen\/","og_image":[{"url":"http:\/\/heisserhamster.de\/waermflasche\/wp-content\/uploads\/2016\/08\/ausgefallene-Weihnachtsgeschenke-fuer-Frauen-pic1.png","type":"","width":"","height":""}],"twitter_card":"summary_large_image","twitter_misc":{"Gesch\u00e4tzte Lesezeit":"1\u00a0Minute"},"schema":{"@context":"https:\/\/schema.org","@graph":[{"@type":"WebPage","@id":"https:\/\/heisserhamster.de\/waermflasche\/ausgefallene-weihnachtsgeschenke-fuer-frauen\/","url":"https:\/\/heisserhamster.de\/waermflasche\/ausgefallene-weihnachtsgeschenke-fuer-frauen\/","name":"Ausgefallene Weihnachtsgeschenke f\u00fcr Frauen selbst gestalten","isPartOf":{"@id":"https:\/\/heisserhamster.de\/waermflasche\/#website"},"primaryImageOfPage":{"@id":"https:\/\/heisserhamster.de\/waermflasche\/ausgefallene-weihnachtsgeschenke-fuer-frauen\/#primaryimage"},"image":{"@id":"https:\/\/heisserhamster.de\/waermflasche\/ausgefallene-weihnachtsgeschenke-fuer-frauen\/#primaryimage"},"thumbnailUrl":"http:\/\/heisserhamster.de\/waermflasche\/wp-content\/uploads\/2016\/08\/ausgefallene-Weihnachtsgeschenke-fuer-Frauen-pic1.png","datePublished":"2017-07-03T15:34:29+00:00","description":"ausgefallene Weihnachtsgeschenke f\u00fcr Frauen sind toll! \u2764 Ihre pers\u00f6nliche W\u00e4rmflasche individuell mit eigenem Motiv, Namen oder Text bestickt\u2714bedruckt\u2714","breadcrumb":{"@id":"https:\/\/heisserhamster.de\/waermflasche\/ausgefallene-weihnachtsgeschenke-fuer-frauen\/#breadcrumb"},"inLanguage":"de","potentialAction":[{"@type":"ReadAction","target":["https:\/\/heisserhamster.de\/waermflasche\/ausgefallene-weihnachtsgeschenke-fuer-frauen\/"]}]},{"@type":"ImageObject","inLanguage":"de","@id":"https:\/\/heisserhamster.de\/waermflasche\/ausgefallene-weihnachtsgeschenke-fuer-frauen\/#primaryimage","url":"http:\/\/heisserhamster.de\/waermflasche\/wp-content\/uploads\/2016\/08\/ausgefallene-Weihnachtsgeschenke-fuer-Frauen-pic1.png","contentUrl":"http:\/\/heisserhamster.de\/waermflasche\/wp-content\/uploads\/2016\/08\/ausgefallene-Weihnachtsgeschenke-fuer-Frauen-pic1.png"},{"@type":"BreadcrumbList","@id":"https:\/\/heisserhamster.de\/waermflasche\/ausgefallene-weihnachtsgeschenke-fuer-frauen\/#breadcrumb","itemListElement":[{"@type":"ListItem","position":1,"name":"Startseite","item":"https:\/\/heisserhamster.de\/waermflasche\/"},{"@type":"ListItem","position":2,"name":"Ausgefallene Weihnachtsgeschenke f\u00fcr Frauen"}]},{"@type":"WebSite","@id":"https:\/\/heisserhamster.de\/waermflasche\/#website","url":"https:\/\/heisserhamster.de\/waermflasche\/","name":"","description":"","potentialAction":[{"@type":"SearchAction","target":{"@type":"EntryPoint","urlTemplate":"https:\/\/heisserhamster.de\/waermflasche\/?s={search_term_string}"},"query-input":{"@type":"PropertyValueSpecification","valueRequired":true,"valueName":"search_term_string"}}],"inLanguage":"de"}]}},"_links":{"self":[{"href":"https:\/\/heisserhamster.de\/waermflasche\/wp-json\/wp\/v2\/pages\/20104","targetHints":{"allow":["GET"]}}],"collection":[{"href":"https:\/\/heisserhamster.de\/waermflasche\/wp-json\/wp\/v2\/pages"}],"about":[{"href":"https:\/\/heisserhamster.de\/waermflasche\/wp-json\/wp\/v2\/types\/page"}],"author":[{"embeddable":true,"href":"https:\/\/heisserhamster.de\/waermflasche\/wp-json\/wp\/v2\/users\/2"}],"replies":[{"embeddable":true,"href":"https:\/\/heisserhamster.de\/waermflasche\/wp-json\/wp\/v2\/comments?post=20104"}],"version-history":[{"count":0,"href":"https:\/\/heisserhamster.de\/waermflasche\/wp-json\/wp\/v2\/pages\/20104\/revisions"}],"wp:attachment":[{"href":"https:\/\/heisserhamster.de\/waermflasche\/wp-json\/wp\/v2\/media?parent=20104"}],"curies":[{"name":"wp","href":"https:\/\/api.w.org\/{rel}","templated":true}]}}