{"id":19817,"date":"2017-06-30T11:07:14","date_gmt":"2017-06-30T09:07:14","guid":{"rendered":"http:\/\/heisserhamster.de\/waermflasche\/?page_id=19817"},"modified":"2017-06-30T11:07:14","modified_gmt":"2017-06-30T09:07:14","slug":"originelle-geschenkideen-fuer-senioren","status":"publish","type":"page","link":"https:\/\/heisserhamster.de\/waermflasche\/originelle-geschenkideen-fuer-senioren\/","title":{"rendered":"Originelle Geschenkideen f\u00fcr Senioren"},"content":{"rendered":"<h2 style=\"text-align: center;\">&#8230;mit Kuschelfaktor \ud83d\ude09<\/h2>\n<p style=\"text-align: center;\">\n<h2 style=\"text-align: center;\"><span style=\"color: #ff6600;\"><a href=\"http:\/\/heisserhamster.de\/waermflasche\/wp-content\/uploads\/2016\/07\/originelle-Geschenkideen-fuer-Senioren-pic1.png\"><img loading=\"lazy\" decoding=\"async\" class=\"alignnone wp-image-8050 size-full\" title=\"Deine individuelle W\u00e4rmflasche!\" src=\"http:\/\/heisserhamster.de\/waermflasche\/wp-content\/uploads\/2016\/07\/originelle-Geschenkideen-fuer-Senioren-pic1.png\" alt=\"originelle-geschenkideen-fuer-senioren-pic1\" width=\"600\" height=\"565\" \/><\/a><\/span><\/h2>\n<p style=\"text-align: center;\"><strong>\u00a0<\/strong><\/p>\n<h4 style=\"text-align: center;\">Schenken kann so sch\u00f6n sein. Anl\u00e4sse gibt es genug. Doch jedes Jahr qu\u00e4len wir uns erneut mit der Frage: Was schenken wir?<\/h4>\n<h4 style=\"text-align: center;\">Hat ein lieber Mensch bald <strong>Geburtstag<\/strong>? Ist pl\u00f6tzlich wieder <strong>Weihnachten<\/strong>? Willst Du Deine Liebe zum <strong>Valentinstag<\/strong> zeigen?<\/h4>\n<h4 style=\"text-align: center;\">Auf der Suche nach dem richtigen Geschenk kann man oft verzweifeln denn es gibt eine \u00dcberzahl an Angeboten.<\/h4>\n<h4 style=\"text-align: center;\">Doch wer will schon mit dem Strom schwimmen.<\/h4>\n<h4 style=\"text-align: center;\">Pers\u00f6nliche Geburtstagsgeschenke selbst gestalten ist viel sch\u00f6ner und netter als nur von der Stange zu kaufen.<\/h4>\n<h4 style=\"text-align: center;\">Ein <strong>pers\u00f6nliches Geschenk<\/strong> ist ein Geschenk von Herz zu Herz und zeigt das Du Dir wirklich Gedanken gemacht hast.<\/h4>\n<h4 style=\"text-align: center;\">Nur Du kannst dies <strong>originelle und einmalige Geschenk<\/strong> verschenken denn Du kennst die beschenkte Person am besten.<\/h4>\n<h4 style=\"text-align: center;\">Gestalte diese besondere Geschenkidee mit einem <strong>pers\u00f6nlichen Text, Namen oder Motiv.<\/strong><\/h4>\n<p style=\"text-align: center;\">\n<p style=\"text-align: center;\"><a href=\"http:\/\/heisserhamster.de\/waermflasche\/wp-content\/uploads\/2016\/07\/originelle-Geschenkideen-fuer-Senioren-pic2.jpg\"><img loading=\"lazy\" decoding=\"async\" class=\"alignnone wp-image-8051 size-medium\" title=\"Herzw\u00e4rmflaschen\" src=\"http:\/\/heisserhamster.de\/waermflasche\/wp-content\/uploads\/2016\/07\/originelle-Geschenkideen-fuer-Senioren-pic2-201x300.jpg\" alt=\"originelle-geschenkideen-fuer-senioren-pic2\" width=\"201\" height=\"300\" \/><\/a><a href=\"http:\/\/heisserhamster.de\/waermflasche\/wp-content\/uploads\/2016\/07\/originelle-Geschenkideen-fuer-Senioren-pic4.jpg\"><img loading=\"lazy\" decoding=\"async\" class=\"alignnone wp-image-8053 size-medium\" title=\"Mein pers\u00f6nliche W\u00e4rmflasche\" src=\"http:\/\/heisserhamster.de\/waermflasche\/wp-content\/uploads\/2016\/07\/originelle-Geschenkideen-fuer-Senioren-pic4-210x300.jpg\" alt=\"originelle-geschenkideen-fuer-senioren-pic4\" width=\"210\" height=\"300\" \/><\/a><a href=\"http:\/\/heisserhamster.de\/waermflasche\/wp-content\/uploads\/2016\/07\/originelle-Geschenkideen-fuer-Senioren-pic5.jpg\"><img loading=\"lazy\" decoding=\"async\" class=\"alignnone wp-image-8054 size-medium\" title=\"Verpackung f\u00fcr W\u00e4rmflaschen\" src=\"http:\/\/heisserhamster.de\/waermflasche\/wp-content\/uploads\/2016\/07\/originelle-Geschenkideen-fuer-Senioren-pic5-225x300.jpg\" alt=\"originelle-geschenkideen-fuer-senioren-pic5\" width=\"225\" height=\"300\" \/><\/a><\/p>\n<p style=\"text-align: center;\">\n<h2 style=\"text-align: center;\">Originelle Geschenkideen f\u00fcr Senioren? Kein Problem !<\/h2>\n<h4 style=\"text-align: center;\">Egal ob Du ein <strong>Geburtstagsgeschenk f\u00fcr Frauen, M\u00e4nner oder Kinder<\/strong> suchst \u2013 individuell kommt besser!<\/h4>\n<h4 style=\"text-align: center;\"><strong>Personalisierte Geburtstagsgeschenke mit eigenem Text<\/strong>\u00a0sind Geschenke mit Liebe. Der n\u00e4chste Geburtstag kommt bestimmt.<\/h4>\n<h4 style=\"text-align: center;\">Weihnachtsgeschenke, Hochzeitsgeschenke, Muttertagsgeschenke \u2013 Anl\u00e4sse gibt es genug.<\/h4>\n<h4 style=\"text-align: center;\">Und das jedes Jahr wieder!<\/h4>\n<p style=\"text-align: center;\"><a href=\"http:\/\/heisserhamster.de\/waermflasche\/wp-content\/uploads\/2016\/07\/originelle-Geschenkideen-fuer-Senioren-pic3.jpg\"><img loading=\"lazy\" decoding=\"async\" class=\"alignnone wp-image-8052 size-full\" title=\"Sch\u00f6n kuschelig mit W\u00e4rmflasche\" src=\"http:\/\/heisserhamster.de\/waermflasche\/wp-content\/uploads\/2016\/07\/originelle-Geschenkideen-fuer-Senioren-pic3.jpg\" alt=\"originelle-Geschenkideen-fuer-Senioren-pic3\" width=\"600\" height=\"450\" \/><\/a><\/p>\n<p style=\"text-align: center;\">\n<h2 style=\"text-align: center;\">Wir von heisser hamster lieben die Individualit\u00e4t!<\/h2>\n<h4 style=\"text-align: center;\">Wir m\u00f6chten dass Du ein einzigartiges Geschenk bekommst und wir helfen Dir dabei.<\/h4>\n<h4 style=\"text-align: center;\">Wir fertigen <strong>witzige W\u00e4rmflaschen<\/strong> die erst nach Bestellung speziell f\u00fcr Dich<\/h4>\n<h4 style=\"text-align: center;\">mit Deinem Motiv oder Deiner eigenen Idee <strong>individuell bestickt<\/strong> werden.<\/h4>\n<p style=\"text-align: center;\">\n<p style=\"text-align: center;\"><a href=\"http:\/\/heisserhamster.de\/waermflasche\/wp-content\/uploads\/2016\/07\/originelle-Geschenkideen-fuer-Senioren-pic6.jpg\"><img loading=\"lazy\" decoding=\"async\" class=\"alignnone wp-image-8055 size-medium\" title=\"lustige W\u00e4rmflasche\" src=\"http:\/\/heisserhamster.de\/waermflasche\/wp-content\/uploads\/2016\/07\/originelle-Geschenkideen-fuer-Senioren-pic6-220x300.jpg\" alt=\"originelle-geschenkideen-fuer-senioren-pic6\" width=\"220\" height=\"300\" \/><\/a><a href=\"http:\/\/heisserhamster.de\/waermflasche\/wp-content\/uploads\/2016\/07\/originelle-Geschenkideen-fuer-Senioren-pic7.jpg\"><img loading=\"lazy\" decoding=\"async\" class=\"alignnone wp-image-8056 size-medium\" title=\"witzige W\u00e4rmflasche\" src=\"http:\/\/heisserhamster.de\/waermflasche\/wp-content\/uploads\/2016\/07\/originelle-Geschenkideen-fuer-Senioren-pic7-209x300.jpg\" alt=\"originelle-geschenkideen-fuer-senioren-pic7\" width=\"209\" height=\"300\" \/><\/a><a href=\"http:\/\/heisserhamster.de\/waermflasche\/wp-content\/uploads\/2016\/07\/originelle-Geschenkideen-fuer-Senioren-pic8.jpg\"><img loading=\"lazy\" decoding=\"async\" class=\"alignnone wp-image-8057 size-medium\" title=\"originelle W\u00e4rmflaschen\" src=\"http:\/\/heisserhamster.de\/waermflasche\/wp-content\/uploads\/2016\/07\/originelle-Geschenkideen-fuer-Senioren-pic8-227x300.jpg\" alt=\"originelle-geschenkideen-fuer-senioren-pic8\" width=\"227\" height=\"300\" \/><\/a><\/p>\n<p style=\"text-align: center;\">\n<h2 style=\"text-align: center;\">Eine witzige und n\u00fctzliche Geschenkidee f\u00fcr alle !<\/h2>\n<h4 style=\"text-align: center;\">Jede W\u00e4rmflasche und deren Motiv wird von uns sorgf\u00e4ltig und in Handarbeit gefertigt.<\/h4>\n<h4 style=\"text-align: center;\">Keine gleicht der anderen und ist somit ein Unikat mit dem Du Dir oder<\/h4>\n<h4 style=\"text-align: center;\">deinen Freunden ein unvergleichliches Geschenk machen kannst.<\/h4>\n<p style=\"text-align: center;\">\n<h2 style=\"text-align: center;\">Deine <a href=\"http:\/\/de.wikipedia.org\/wiki\/W%C3%A4rmflasche\">W\u00e4rmflasche<\/a> selbst gestalten<\/h2>\n<h4 style=\"text-align: center;\">Sei kreativ ! und gestalte Dir Deine\u00a0<strong>individuelle W\u00e4rmflasche<\/strong> mit unserem neuen<\/h4>\n<h4 style=\"text-align: center;\"><strong><a href=\"http:\/\/heisserhamster.de\/waermflasche\/individuelle-waermflaschen\/\" target=\"_blank\" rel=\"noopener\">W\u00e4rmflaschen \u2013 Designer<\/a><\/strong> oder w\u00e4hle eine unserer vielen lustigen W\u00e4rmflaschen im <strong><a href=\"http:\/\/heisserhamster.de\/witzige-waermflaschen\/\">Shop<\/a><\/strong>.<\/h4>\n<h4 style=\"text-align: center;\">In ganz einfachen Schritten kannst Du Deine pers\u00f6nliche W\u00e4rmflasche <strong>selbst gestalten<\/strong> und<\/h4>\n<h4 style=\"text-align: center;\">zuschauen wie aus Deiner Idee ein tolles Unikat wird.<\/h4>\n<p style=\"text-align: center;\"><a href=\"http:\/\/heisserhamster.de\/waermflasche\/wp-content\/uploads\/2016\/07\/originelle-Geschenkideen-fuer-Senioren-pic9.jpg\"><img loading=\"lazy\" decoding=\"async\" class=\"alignnone wp-image-8058 size-full\" title=\"Mein heisser hamster !\" src=\"http:\/\/heisserhamster.de\/waermflasche\/wp-content\/uploads\/2016\/07\/originelle-Geschenkideen-fuer-Senioren-pic9.jpg\" alt=\"originelle-Geschenkideen-fuer-Senioren-pic9\" width=\"800\" height=\"600\" \/><\/a><\/p>\n<h4 style=\"text-align: center;\">Wir w\u00fcnschen Dir viel Spass !<\/h4>\n<h4 style=\"text-align: center;\">Von gl\u00fccklichen Menschen in liebevoller Handarbeit f\u00fcr Dich gefertigt.<\/h4>\n<h2 style=\"text-align: center;\"><strong><a href=\"https:\/\/youtu.be\/4ksAPyDeAHE\">\u2026 <\/a><em><a href=\"https:\/\/youtu.be\/4ksAPyDeAHE\">der absolute Warmsinn<\/a>!<\/em><\/strong><\/h2>\n","protected":false},"excerpt":{"rendered":"<p>&#8230;mit Kuschelfaktor \ud83d\ude09 \u00a0 Schenken kann so sch\u00f6n sein. Anl\u00e4sse gibt es genug. Doch jedes Jahr qu\u00e4len wir uns erneut mit der Frage: Was schenken wir? Hat ein lieber Mensch bald Geburtstag? Ist pl\u00f6tzlich wieder Weihnachten? Willst Du Deine Liebe zum Valentinstag zeigen? Auf der Suche nach dem richtigen Geschenk kann man oft verzweifeln denn es gibt eine \u00dcberzahl an [&hellip;]<\/p>\n","protected":false},"author":2,"featured_media":0,"parent":0,"menu_order":0,"comment_status":"closed","ping_status":"closed","template":"","meta":{"footnotes":""},"class_list":["post-19817","page","type-page","status-publish","hentry"],"yoast_head":"<!-- This site is optimized with the Yoast SEO plugin v27.0 - https:\/\/yoast.com\/product\/yoast-seo-wordpress\/ -->\n<title>Originelle Geschenkideen f\u00fcr Senioren bei heisser hamster<\/title>\n<meta name=\"description\" content=\"originelle Geschenkideen f\u00fcr Senioren sind einzigartig! Deine Geschenkidee individuell mit eigenem Text, Namen oder Motiv selbst gestalten.Geschenke\" \/>\n<meta name=\"robots\" content=\"index, follow, max-snippet:-1, max-image-preview:large, max-video-preview:-1\" \/>\n<link rel=\"canonical\" href=\"https:\/\/heisserhamster.de\/waermflasche\/originelle-geschenkideen-fuer-senioren\/\" \/>\n<meta property=\"og:locale\" content=\"de_DE\" \/>\n<meta property=\"og:type\" content=\"article\" \/>\n<meta property=\"og:title\" content=\"Originelle Geschenkideen f\u00fcr Senioren bei heisser hamster\" \/>\n<meta property=\"og:description\" content=\"originelle Geschenkideen f\u00fcr Senioren sind einzigartig! Deine Geschenkidee individuell mit eigenem Text, Namen oder Motiv selbst gestalten.Geschenke\" \/>\n<meta property=\"og:url\" content=\"https:\/\/heisserhamster.de\/waermflasche\/originelle-geschenkideen-fuer-senioren\/\" \/>\n<meta property=\"og:image\" content=\"http:\/\/heisserhamster.de\/waermflasche\/wp-content\/uploads\/2016\/07\/originelle-Geschenkideen-fuer-Senioren-pic1.png\" \/>\n<meta name=\"twitter:card\" content=\"summary_large_image\" \/>\n<meta name=\"twitter:label1\" content=\"Gesch\u00e4tzte Lesezeit\" \/>\n\t<meta name=\"twitter:data1\" content=\"2\u00a0Minuten\" \/>\n<script type=\"application\/ld+json\" class=\"yoast-schema-graph\">{\"@context\":\"https:\/\/schema.org\",\"@graph\":[{\"@type\":\"WebPage\",\"@id\":\"https:\/\/heisserhamster.de\/waermflasche\/originelle-geschenkideen-fuer-senioren\/\",\"url\":\"https:\/\/heisserhamster.de\/waermflasche\/originelle-geschenkideen-fuer-senioren\/\",\"name\":\"Originelle Geschenkideen f\u00fcr Senioren bei heisser hamster\",\"isPartOf\":{\"@id\":\"https:\/\/heisserhamster.de\/waermflasche\/#website\"},\"primaryImageOfPage\":{\"@id\":\"https:\/\/heisserhamster.de\/waermflasche\/originelle-geschenkideen-fuer-senioren\/#primaryimage\"},\"image\":{\"@id\":\"https:\/\/heisserhamster.de\/waermflasche\/originelle-geschenkideen-fuer-senioren\/#primaryimage\"},\"thumbnailUrl\":\"http:\/\/heisserhamster.de\/waermflasche\/wp-content\/uploads\/2016\/07\/originelle-Geschenkideen-fuer-Senioren-pic1.png\",\"datePublished\":\"2017-06-30T09:07:14+00:00\",\"description\":\"originelle Geschenkideen f\u00fcr Senioren sind einzigartig! Deine Geschenkidee individuell mit eigenem Text, Namen oder Motiv selbst gestalten.Geschenke\",\"breadcrumb\":{\"@id\":\"https:\/\/heisserhamster.de\/waermflasche\/originelle-geschenkideen-fuer-senioren\/#breadcrumb\"},\"inLanguage\":\"de\",\"potentialAction\":[{\"@type\":\"ReadAction\",\"target\":[\"https:\/\/heisserhamster.de\/waermflasche\/originelle-geschenkideen-fuer-senioren\/\"]}]},{\"@type\":\"ImageObject\",\"inLanguage\":\"de\",\"@id\":\"https:\/\/heisserhamster.de\/waermflasche\/originelle-geschenkideen-fuer-senioren\/#primaryimage\",\"url\":\"http:\/\/heisserhamster.de\/waermflasche\/wp-content\/uploads\/2016\/07\/originelle-Geschenkideen-fuer-Senioren-pic1.png\",\"contentUrl\":\"http:\/\/heisserhamster.de\/waermflasche\/wp-content\/uploads\/2016\/07\/originelle-Geschenkideen-fuer-Senioren-pic1.png\"},{\"@type\":\"BreadcrumbList\",\"@id\":\"https:\/\/heisserhamster.de\/waermflasche\/originelle-geschenkideen-fuer-senioren\/#breadcrumb\",\"itemListElement\":[{\"@type\":\"ListItem\",\"position\":1,\"name\":\"Startseite\",\"item\":\"https:\/\/heisserhamster.de\/waermflasche\/\"},{\"@type\":\"ListItem\",\"position\":2,\"name\":\"Originelle Geschenkideen f\u00fcr Senioren\"}]},{\"@type\":\"WebSite\",\"@id\":\"https:\/\/heisserhamster.de\/waermflasche\/#website\",\"url\":\"https:\/\/heisserhamster.de\/waermflasche\/\",\"name\":\"\",\"description\":\"\",\"potentialAction\":[{\"@type\":\"SearchAction\",\"target\":{\"@type\":\"EntryPoint\",\"urlTemplate\":\"https:\/\/heisserhamster.de\/waermflasche\/?s={search_term_string}\"},\"query-input\":{\"@type\":\"PropertyValueSpecification\",\"valueRequired\":true,\"valueName\":\"search_term_string\"}}],\"inLanguage\":\"de\"}]}<\/script>\n<!-- \/ Yoast SEO plugin. -->","yoast_head_json":{"title":"Originelle Geschenkideen f\u00fcr Senioren bei heisser hamster","description":"originelle Geschenkideen f\u00fcr Senioren sind einzigartig! Deine Geschenkidee individuell mit eigenem Text, Namen oder Motiv selbst gestalten.Geschenke","robots":{"index":"index","follow":"follow","max-snippet":"max-snippet:-1","max-image-preview":"max-image-preview:large","max-video-preview":"max-video-preview:-1"},"canonical":"https:\/\/heisserhamster.de\/waermflasche\/originelle-geschenkideen-fuer-senioren\/","og_locale":"de_DE","og_type":"article","og_title":"Originelle Geschenkideen f\u00fcr Senioren bei heisser hamster","og_description":"originelle Geschenkideen f\u00fcr Senioren sind einzigartig! Deine Geschenkidee individuell mit eigenem Text, Namen oder Motiv selbst gestalten.Geschenke","og_url":"https:\/\/heisserhamster.de\/waermflasche\/originelle-geschenkideen-fuer-senioren\/","og_image":[{"url":"http:\/\/heisserhamster.de\/waermflasche\/wp-content\/uploads\/2016\/07\/originelle-Geschenkideen-fuer-Senioren-pic1.png","type":"","width":"","height":""}],"twitter_card":"summary_large_image","twitter_misc":{"Gesch\u00e4tzte Lesezeit":"2\u00a0Minuten"},"schema":{"@context":"https:\/\/schema.org","@graph":[{"@type":"WebPage","@id":"https:\/\/heisserhamster.de\/waermflasche\/originelle-geschenkideen-fuer-senioren\/","url":"https:\/\/heisserhamster.de\/waermflasche\/originelle-geschenkideen-fuer-senioren\/","name":"Originelle Geschenkideen f\u00fcr Senioren bei heisser hamster","isPartOf":{"@id":"https:\/\/heisserhamster.de\/waermflasche\/#website"},"primaryImageOfPage":{"@id":"https:\/\/heisserhamster.de\/waermflasche\/originelle-geschenkideen-fuer-senioren\/#primaryimage"},"image":{"@id":"https:\/\/heisserhamster.de\/waermflasche\/originelle-geschenkideen-fuer-senioren\/#primaryimage"},"thumbnailUrl":"http:\/\/heisserhamster.de\/waermflasche\/wp-content\/uploads\/2016\/07\/originelle-Geschenkideen-fuer-Senioren-pic1.png","datePublished":"2017-06-30T09:07:14+00:00","description":"originelle Geschenkideen f\u00fcr Senioren sind einzigartig! Deine Geschenkidee individuell mit eigenem Text, Namen oder Motiv selbst gestalten.Geschenke","breadcrumb":{"@id":"https:\/\/heisserhamster.de\/waermflasche\/originelle-geschenkideen-fuer-senioren\/#breadcrumb"},"inLanguage":"de","potentialAction":[{"@type":"ReadAction","target":["https:\/\/heisserhamster.de\/waermflasche\/originelle-geschenkideen-fuer-senioren\/"]}]},{"@type":"ImageObject","inLanguage":"de","@id":"https:\/\/heisserhamster.de\/waermflasche\/originelle-geschenkideen-fuer-senioren\/#primaryimage","url":"http:\/\/heisserhamster.de\/waermflasche\/wp-content\/uploads\/2016\/07\/originelle-Geschenkideen-fuer-Senioren-pic1.png","contentUrl":"http:\/\/heisserhamster.de\/waermflasche\/wp-content\/uploads\/2016\/07\/originelle-Geschenkideen-fuer-Senioren-pic1.png"},{"@type":"BreadcrumbList","@id":"https:\/\/heisserhamster.de\/waermflasche\/originelle-geschenkideen-fuer-senioren\/#breadcrumb","itemListElement":[{"@type":"ListItem","position":1,"name":"Startseite","item":"https:\/\/heisserhamster.de\/waermflasche\/"},{"@type":"ListItem","position":2,"name":"Originelle Geschenkideen f\u00fcr Senioren"}]},{"@type":"WebSite","@id":"https:\/\/heisserhamster.de\/waermflasche\/#website","url":"https:\/\/heisserhamster.de\/waermflasche\/","name":"","description":"","potentialAction":[{"@type":"SearchAction","target":{"@type":"EntryPoint","urlTemplate":"https:\/\/heisserhamster.de\/waermflasche\/?s={search_term_string}"},"query-input":{"@type":"PropertyValueSpecification","valueRequired":true,"valueName":"search_term_string"}}],"inLanguage":"de"}]}},"_links":{"self":[{"href":"https:\/\/heisserhamster.de\/waermflasche\/wp-json\/wp\/v2\/pages\/19817","targetHints":{"allow":["GET"]}}],"collection":[{"href":"https:\/\/heisserhamster.de\/waermflasche\/wp-json\/wp\/v2\/pages"}],"about":[{"href":"https:\/\/heisserhamster.de\/waermflasche\/wp-json\/wp\/v2\/types\/page"}],"author":[{"embeddable":true,"href":"https:\/\/heisserhamster.de\/waermflasche\/wp-json\/wp\/v2\/users\/2"}],"replies":[{"embeddable":true,"href":"https:\/\/heisserhamster.de\/waermflasche\/wp-json\/wp\/v2\/comments?post=19817"}],"version-history":[{"count":0,"href":"https:\/\/heisserhamster.de\/waermflasche\/wp-json\/wp\/v2\/pages\/19817\/revisions"}],"wp:attachment":[{"href":"https:\/\/heisserhamster.de\/waermflasche\/wp-json\/wp\/v2\/media?parent=19817"}],"curies":[{"name":"wp","href":"https:\/\/api.w.org\/{rel}","templated":true}]}}