{"id":18912,"date":"2017-06-23T15:35:55","date_gmt":"2017-06-23T13:35:55","guid":{"rendered":"http:\/\/heisserhamster.de\/waermflasche\/?page_id=18912"},"modified":"2017-06-23T15:35:55","modified_gmt":"2017-06-23T13:35:55","slug":"huelle-fuer-waermflasche","status":"publish","type":"page","link":"https:\/\/heisserhamster.de\/waermflasche\/huelle-fuer-waermflasche\/","title":{"rendered":"Eine H\u00fclle f\u00fcr W\u00e4rmflasche"},"content":{"rendered":"<div id=\"cc-matrix-2825296924\">\n<h2 style=\"text-align: center;\">&#8230;die einzigartig ist !<\/h2>\n<h4 style=\"text-align: center;\">Willkommen im <strong>heisser hamster<\/strong> Shop. Hier findest Du <strong>lustige W\u00e4rmflaschen<\/strong> die einzigartig sind!<\/h4>\n<h4 style=\"text-align: center;\">Wir fertigen <strong>witzige W\u00e4rmflaschen<\/strong> die erst nach Bestellung speziell f\u00fcr Dich mit Deinem <strong>eigenem Namen<\/strong><\/h4>\n<h4 style=\"text-align: center;\"><strong>oder Text<\/strong> individuell bestickt werden.<\/h4>\n<p style=\"text-align: center;\"><a href=\"http:\/\/heisserhamster.de\/waermflasche\/wp-content\/uploads\/2014\/11\/wp31.jpg\"><img loading=\"lazy\" decoding=\"async\" class=\"alignnone wp-image-694 size-medium\" src=\"http:\/\/heisserhamster.de\/waermflasche\/wp-content\/uploads\/2014\/11\/wp31-300x300.jpg\" alt=\"H\u00fclle f\u00fcr W\u00e4rmflasche\" width=\"300\" height=\"300\" \/><\/a><\/p>\n<p style=\"text-align: center;\">\n<h2 class=\"western\" style=\"text-align: center;\">Dein W\u00e4rmflaschenbezug personalisiert mit Deiner Idee !<\/h2>\n<h4 style=\"text-align: center;\">Jede W\u00e4rmflasche und deren Motiv wird von uns sorgf\u00e4ltig und in Handarbeit gefertigt.<\/h4>\n<h4 style=\"text-align: center;\">Keine gleicht der Anderen und ist somit ein Unikat mit dem Du Dir oder<\/h4>\n<h4 style=\"text-align: center;\">deinen Freunden ein unvergleichliches Geschenk machen kannst.<\/h4>\n<p style=\"text-align: center;\">\n<p style=\"text-align: center;\"><a href=\"http:\/\/heisserhamster.de\/waermflasche\/wp-content\/uploads\/2014\/11\/wp41.jpg\"><img loading=\"lazy\" decoding=\"async\" class=\"alignnone wp-image-714 size-medium\" src=\"http:\/\/heisserhamster.de\/waermflasche\/wp-content\/uploads\/2014\/11\/wp41-300x300.jpg\" alt=\"H\u00fclle f\u00fcr W\u00e4rmflasche\" width=\"300\" height=\"300\" \/><\/a><\/p>\n<p style=\"text-align: center;\">\n<h2 class=\"western\" style=\"text-align: center;\">Deine <a href=\"http:\/\/de.wikipedia.org\/wiki\/W%C3%A4rmflasche\" target=\"_blank\" rel=\"noopener\">W\u00e4rmflasche<\/a> selbst gestalten !<\/h2>\n<h4 style=\"text-align: center;\">Sei kreativ ! und gestalte Dir Deine\u00a0<strong>individuelle W\u00e4rmflasche<\/strong> mit unserem neuen<\/h4>\n<h4 style=\"text-align: center;\"><a href=\"http:\/\/heisserhamster.de\/waermflasche\/individuelle-waermflaschen\/\" target=\"_blank\" rel=\"noopener\"><strong>W\u00e4rmflaschen \u2013 Designer<\/strong><\/a> oder w\u00e4hle eine unserer vielen lustigen W\u00e4rmflaschen im <strong><a href=\"http:\/\/heisserhamster.de\/witzige-waermflaschen\/\" target=\"_blank\" rel=\"noopener\">Shop<\/a><\/strong>.<\/h4>\n<h4 style=\"text-align: center;\">In ganz einfachen Schritten kannst Du Deine pers\u00f6nliche W\u00e4rmflasche <strong>selbst gestalten<\/strong> und<\/h4>\n<h4 style=\"text-align: center;\">zuschauen wie aus Deiner Idee ein tolles Unikat wird.<\/h4>\n<p style=\"text-align: center;\">\n<p style=\"text-align: center;\">\n<h2 style=\"text-align: center;\">Eine H\u00fclle f\u00fcr W\u00e4rmflaschen! Das k\u00f6nnen wir \ud83d\ude09<\/h2>\n<h4 style=\"text-align: center;\">Viele trendige Farben in verschiedenen Qualit\u00e4ten stehen f\u00fcr Dich zur Auswahl bereit.<\/h4>\n<h4 style=\"text-align: center;\">Kombiniere Deinen Wunschtext mit einem witzigen Motiv aus unser Bibliothek.<\/h4>\n<p style=\"text-align: center;\">\n<p style=\"text-align: center;\">\n<p style=\"text-align: center;\">\n<h4 style=\"text-align: center;\">Wir w\u00fcnschen Dir viel Spass !<\/h4>\n<h4 style=\"text-align: center;\">Von gl\u00fccklichen Menschen in liebevoller Handarbeit f\u00fcr Dich gefertigt.<\/h4>\n<h2 style=\"text-align: center;\"><a href=\"https:\/\/www.youtube.com\/watch?v=4ksAPyDeAHE\" target=\"_blank\" rel=\"noopener\">\u2026 <i>der absolute Warmsinn!<\/i><\/a><\/h2>\n<\/div>\n<p style=\"text-align: center;\">\n<p style=\"text-align: center;\">\n<div id=\"cc-matrix-2825296924\" style=\"text-align: center;\"><\/div>\n","protected":false},"excerpt":{"rendered":"<p>&#8230;die einzigartig ist ! Willkommen im heisser hamster Shop. Hier findest Du lustige W\u00e4rmflaschen die einzigartig sind! Wir fertigen witzige W\u00e4rmflaschen die erst nach Bestellung speziell f\u00fcr Dich mit Deinem eigenem Namen oder Text individuell bestickt werden. Dein W\u00e4rmflaschenbezug personalisiert mit Deiner Idee ! Jede W\u00e4rmflasche und deren Motiv wird von uns sorgf\u00e4ltig und in Handarbeit gefertigt. Keine gleicht der [&hellip;]<\/p>\n","protected":false},"author":2,"featured_media":0,"parent":0,"menu_order":0,"comment_status":"closed","ping_status":"closed","template":"","meta":{"footnotes":""},"class_list":["post-18912","page","type-page","status-publish","hentry"],"yoast_head":"<!-- This site is optimized with the Yoast SEO plugin v27.0 - https:\/\/yoast.com\/product\/yoast-seo-wordpress\/ -->\n<title>Eine H\u00fclle f\u00fcr W\u00e4rmflasche mit eigenem Logo bedruckt<\/title>\n<meta name=\"description\" content=\"Eine H\u00fclle f\u00fcr W\u00e4rmflasche die einzigartig ist! Deine pers\u00f6nliche W\u00e4rmflaschenh\u00fclle individuell mit eigenem Motiv,Namen oder Text bedruckt,bestickt.\" \/>\n<meta name=\"robots\" content=\"index, follow, max-snippet:-1, max-image-preview:large, max-video-preview:-1\" \/>\n<link rel=\"canonical\" href=\"https:\/\/heisserhamster.de\/waermflasche\/huelle-fuer-waermflasche\/\" \/>\n<meta property=\"og:locale\" content=\"de_DE\" \/>\n<meta property=\"og:type\" content=\"article\" \/>\n<meta property=\"og:title\" content=\"Eine H\u00fclle f\u00fcr W\u00e4rmflasche mit eigenem Logo bedruckt\" \/>\n<meta property=\"og:description\" content=\"Eine H\u00fclle f\u00fcr W\u00e4rmflasche die einzigartig ist! Deine pers\u00f6nliche W\u00e4rmflaschenh\u00fclle individuell mit eigenem Motiv,Namen oder Text bedruckt,bestickt.\" \/>\n<meta property=\"og:url\" content=\"https:\/\/heisserhamster.de\/waermflasche\/huelle-fuer-waermflasche\/\" \/>\n<meta property=\"og:image\" content=\"http:\/\/heisserhamster.de\/waermflasche\/wp-content\/uploads\/2014\/11\/wp31-300x300.jpg\" \/>\n<meta name=\"twitter:card\" content=\"summary_large_image\" \/>\n<meta name=\"twitter:label1\" content=\"Gesch\u00e4tzte Lesezeit\" \/>\n\t<meta name=\"twitter:data1\" content=\"1\u00a0Minute\" \/>\n<script type=\"application\/ld+json\" class=\"yoast-schema-graph\">{\"@context\":\"https:\/\/schema.org\",\"@graph\":[{\"@type\":\"WebPage\",\"@id\":\"https:\/\/heisserhamster.de\/waermflasche\/huelle-fuer-waermflasche\/\",\"url\":\"https:\/\/heisserhamster.de\/waermflasche\/huelle-fuer-waermflasche\/\",\"name\":\"Eine H\u00fclle f\u00fcr W\u00e4rmflasche mit eigenem Logo bedruckt\",\"isPartOf\":{\"@id\":\"https:\/\/heisserhamster.de\/waermflasche\/#website\"},\"primaryImageOfPage\":{\"@id\":\"https:\/\/heisserhamster.de\/waermflasche\/huelle-fuer-waermflasche\/#primaryimage\"},\"image\":{\"@id\":\"https:\/\/heisserhamster.de\/waermflasche\/huelle-fuer-waermflasche\/#primaryimage\"},\"thumbnailUrl\":\"http:\/\/heisserhamster.de\/waermflasche\/wp-content\/uploads\/2014\/11\/wp31-300x300.jpg\",\"datePublished\":\"2017-06-23T13:35:55+00:00\",\"description\":\"Eine H\u00fclle f\u00fcr W\u00e4rmflasche die einzigartig ist! Deine pers\u00f6nliche W\u00e4rmflaschenh\u00fclle individuell mit eigenem Motiv,Namen oder Text bedruckt,bestickt.\",\"breadcrumb\":{\"@id\":\"https:\/\/heisserhamster.de\/waermflasche\/huelle-fuer-waermflasche\/#breadcrumb\"},\"inLanguage\":\"de\",\"potentialAction\":[{\"@type\":\"ReadAction\",\"target\":[\"https:\/\/heisserhamster.de\/waermflasche\/huelle-fuer-waermflasche\/\"]}]},{\"@type\":\"ImageObject\",\"inLanguage\":\"de\",\"@id\":\"https:\/\/heisserhamster.de\/waermflasche\/huelle-fuer-waermflasche\/#primaryimage\",\"url\":\"http:\/\/heisserhamster.de\/waermflasche\/wp-content\/uploads\/2014\/11\/wp31-300x300.jpg\",\"contentUrl\":\"http:\/\/heisserhamster.de\/waermflasche\/wp-content\/uploads\/2014\/11\/wp31-300x300.jpg\"},{\"@type\":\"BreadcrumbList\",\"@id\":\"https:\/\/heisserhamster.de\/waermflasche\/huelle-fuer-waermflasche\/#breadcrumb\",\"itemListElement\":[{\"@type\":\"ListItem\",\"position\":1,\"name\":\"Startseite\",\"item\":\"https:\/\/heisserhamster.de\/waermflasche\/\"},{\"@type\":\"ListItem\",\"position\":2,\"name\":\"Eine H\u00fclle f\u00fcr W\u00e4rmflasche\"}]},{\"@type\":\"WebSite\",\"@id\":\"https:\/\/heisserhamster.de\/waermflasche\/#website\",\"url\":\"https:\/\/heisserhamster.de\/waermflasche\/\",\"name\":\"\",\"description\":\"\",\"potentialAction\":[{\"@type\":\"SearchAction\",\"target\":{\"@type\":\"EntryPoint\",\"urlTemplate\":\"https:\/\/heisserhamster.de\/waermflasche\/?s={search_term_string}\"},\"query-input\":{\"@type\":\"PropertyValueSpecification\",\"valueRequired\":true,\"valueName\":\"search_term_string\"}}],\"inLanguage\":\"de\"}]}<\/script>\n<!-- \/ Yoast SEO plugin. -->","yoast_head_json":{"title":"Eine H\u00fclle f\u00fcr W\u00e4rmflasche mit eigenem Logo bedruckt","description":"Eine H\u00fclle f\u00fcr W\u00e4rmflasche die einzigartig ist! Deine pers\u00f6nliche W\u00e4rmflaschenh\u00fclle individuell mit eigenem Motiv,Namen oder Text bedruckt,bestickt.","robots":{"index":"index","follow":"follow","max-snippet":"max-snippet:-1","max-image-preview":"max-image-preview:large","max-video-preview":"max-video-preview:-1"},"canonical":"https:\/\/heisserhamster.de\/waermflasche\/huelle-fuer-waermflasche\/","og_locale":"de_DE","og_type":"article","og_title":"Eine H\u00fclle f\u00fcr W\u00e4rmflasche mit eigenem Logo bedruckt","og_description":"Eine H\u00fclle f\u00fcr W\u00e4rmflasche die einzigartig ist! Deine pers\u00f6nliche W\u00e4rmflaschenh\u00fclle individuell mit eigenem Motiv,Namen oder Text bedruckt,bestickt.","og_url":"https:\/\/heisserhamster.de\/waermflasche\/huelle-fuer-waermflasche\/","og_image":[{"url":"http:\/\/heisserhamster.de\/waermflasche\/wp-content\/uploads\/2014\/11\/wp31-300x300.jpg","type":"","width":"","height":""}],"twitter_card":"summary_large_image","twitter_misc":{"Gesch\u00e4tzte Lesezeit":"1\u00a0Minute"},"schema":{"@context":"https:\/\/schema.org","@graph":[{"@type":"WebPage","@id":"https:\/\/heisserhamster.de\/waermflasche\/huelle-fuer-waermflasche\/","url":"https:\/\/heisserhamster.de\/waermflasche\/huelle-fuer-waermflasche\/","name":"Eine H\u00fclle f\u00fcr W\u00e4rmflasche mit eigenem Logo bedruckt","isPartOf":{"@id":"https:\/\/heisserhamster.de\/waermflasche\/#website"},"primaryImageOfPage":{"@id":"https:\/\/heisserhamster.de\/waermflasche\/huelle-fuer-waermflasche\/#primaryimage"},"image":{"@id":"https:\/\/heisserhamster.de\/waermflasche\/huelle-fuer-waermflasche\/#primaryimage"},"thumbnailUrl":"http:\/\/heisserhamster.de\/waermflasche\/wp-content\/uploads\/2014\/11\/wp31-300x300.jpg","datePublished":"2017-06-23T13:35:55+00:00","description":"Eine H\u00fclle f\u00fcr W\u00e4rmflasche die einzigartig ist! Deine pers\u00f6nliche W\u00e4rmflaschenh\u00fclle individuell mit eigenem Motiv,Namen oder Text bedruckt,bestickt.","breadcrumb":{"@id":"https:\/\/heisserhamster.de\/waermflasche\/huelle-fuer-waermflasche\/#breadcrumb"},"inLanguage":"de","potentialAction":[{"@type":"ReadAction","target":["https:\/\/heisserhamster.de\/waermflasche\/huelle-fuer-waermflasche\/"]}]},{"@type":"ImageObject","inLanguage":"de","@id":"https:\/\/heisserhamster.de\/waermflasche\/huelle-fuer-waermflasche\/#primaryimage","url":"http:\/\/heisserhamster.de\/waermflasche\/wp-content\/uploads\/2014\/11\/wp31-300x300.jpg","contentUrl":"http:\/\/heisserhamster.de\/waermflasche\/wp-content\/uploads\/2014\/11\/wp31-300x300.jpg"},{"@type":"BreadcrumbList","@id":"https:\/\/heisserhamster.de\/waermflasche\/huelle-fuer-waermflasche\/#breadcrumb","itemListElement":[{"@type":"ListItem","position":1,"name":"Startseite","item":"https:\/\/heisserhamster.de\/waermflasche\/"},{"@type":"ListItem","position":2,"name":"Eine H\u00fclle f\u00fcr W\u00e4rmflasche"}]},{"@type":"WebSite","@id":"https:\/\/heisserhamster.de\/waermflasche\/#website","url":"https:\/\/heisserhamster.de\/waermflasche\/","name":"","description":"","potentialAction":[{"@type":"SearchAction","target":{"@type":"EntryPoint","urlTemplate":"https:\/\/heisserhamster.de\/waermflasche\/?s={search_term_string}"},"query-input":{"@type":"PropertyValueSpecification","valueRequired":true,"valueName":"search_term_string"}}],"inLanguage":"de"}]}},"_links":{"self":[{"href":"https:\/\/heisserhamster.de\/waermflasche\/wp-json\/wp\/v2\/pages\/18912","targetHints":{"allow":["GET"]}}],"collection":[{"href":"https:\/\/heisserhamster.de\/waermflasche\/wp-json\/wp\/v2\/pages"}],"about":[{"href":"https:\/\/heisserhamster.de\/waermflasche\/wp-json\/wp\/v2\/types\/page"}],"author":[{"embeddable":true,"href":"https:\/\/heisserhamster.de\/waermflasche\/wp-json\/wp\/v2\/users\/2"}],"replies":[{"embeddable":true,"href":"https:\/\/heisserhamster.de\/waermflasche\/wp-json\/wp\/v2\/comments?post=18912"}],"version-history":[{"count":0,"href":"https:\/\/heisserhamster.de\/waermflasche\/wp-json\/wp\/v2\/pages\/18912\/revisions"}],"wp:attachment":[{"href":"https:\/\/heisserhamster.de\/waermflasche\/wp-json\/wp\/v2\/media?parent=18912"}],"curies":[{"name":"wp","href":"https:\/\/api.w.org\/{rel}","templated":true}]}}