{"id":18568,"date":"2017-06-21T17:21:07","date_gmt":"2017-06-21T15:21:07","guid":{"rendered":"http:\/\/heisserhamster.de\/waermflasche\/?page_id=18568"},"modified":"2017-06-22T20:05:53","modified_gmt":"2017-06-22T18:05:53","slug":"personalisierte-waermflasche-mit-namen","status":"publish","type":"page","link":"https:\/\/heisserhamster.de\/waermflasche\/personalisierte-waermflasche-mit-namen\/","title":{"rendered":"Eine personalisierte W\u00e4rmflasche mit Namen"},"content":{"rendered":"<div id=\"cc-matrix-2825296924\">\n<h2 style=\"text-align: center;\">&#8230;ist der absolute Hingucker \ud83d\ude09<\/h2>\n<h3 style=\"text-align: center;\"><span style=\"color: #ff6600;\">\u00a0&#8220;Das Schenken sei Gebers sowie Nehmers Lust&#8221;(unbekannt)<\/span><\/h3>\n<h2 style=\"text-align: center;\"><a href=\"http:\/\/heisserhamster.de\/waermflasche\/wp-content\/uploads\/2015\/08\/personalisierte-W\u00e4rmflasche-mit-Namen-pic1.png\"><img loading=\"lazy\" decoding=\"async\" class=\"alignnone wp-image-7646 size-full\" title=\"Deine individuelle W\u00e4rmflasche!\" src=\"http:\/\/heisserhamster.de\/waermflasche\/wp-content\/uploads\/2015\/08\/personalisierte-W\u00e4rmflasche-mit-Namen-pic1.png\" alt=\"personalisierte-waermflasche-mit-namen-pic1\" width=\"600\" height=\"565\" \/><\/a><\/h2>\n<p style=\"text-align: center;\"><strong>\u00a0<\/strong><\/p>\n<h4 style=\"text-align: center;\">Schenken kann so sch\u00f6n sein. Anl\u00e4sse gibt es genug. Doch jedes Jahr qu\u00e4len wir uns erneut mit der Frage: Was schenken wir?<\/h4>\n<h4 style=\"text-align: center;\">Hat ein lieber Mensch bald <strong>Geburtstag<\/strong>? Ist pl\u00f6tzlich wieder <strong>Weihnachten<\/strong>? Willst Du Deine Liebe zum <strong>Valentinstag<\/strong> zeigen?<\/h4>\n<h4 style=\"text-align: center;\">Auf der Suche nach dem richtigen Geschenk kann man oft verzweifeln denn es gibt eine \u00dcberzahl an Angeboten.<\/h4>\n<h4 style=\"text-align: center;\">Doch wer will schon mit dem Strom schwimmen.<\/h4>\n<h4 style=\"text-align: center;\">Eine <strong>individuelle Geschenkidee<\/strong> ist viel pers\u00f6nlicher und netter als nur von der Stange zu kaufen.<\/h4>\n<h4 style=\"text-align: center;\">Ein <strong>pers\u00f6nliches Geschenk<\/strong> ist ein Geschenk von Herz zu Herz und zeigt das Du Dir wirklich Gedanken gemacht hast.<\/h4>\n<h4 style=\"text-align: center;\">Nur Du kannst dies <strong>originelle und einmalige Geschenk<\/strong> verschenken denn Du kennst die beschenkte Person am besten.<\/h4>\n<h4 style=\"text-align: center;\">Gestalte diese besondere Geschenkidee mit einem <strong>pers\u00f6nlichen Text, Namen oder Motiv.<\/strong><\/h4>\n<\/div>\n<p style=\"text-align: center;\"><a href=\"http:\/\/heisserhamster.de\/waermflasche\/wp-content\/uploads\/2015\/08\/personalisierte-W\u00e4rmflasche-mit-Namen-pic2.jpg\"><img loading=\"lazy\" decoding=\"async\" class=\"alignnone wp-image-7647 size-medium\" title=\"Herzw\u00e4rmflaschen\" src=\"http:\/\/heisserhamster.de\/waermflasche\/wp-content\/uploads\/2015\/08\/personalisierte-W\u00e4rmflasche-mit-Namen-pic2-201x300.jpg\" alt=\"personalisierte-waermflasche-mit-namen-pic2\" width=\"201\" height=\"300\" \/><\/a><a href=\"http:\/\/heisserhamster.de\/waermflasche\/wp-content\/uploads\/2015\/08\/personalisierte-W\u00e4rmflasche-mit-Namen-pic4.jpg\"><img loading=\"lazy\" decoding=\"async\" class=\"alignnone wp-image-7649 size-medium\" title=\"Meine pers\u00f6nliche W\u00e4rmflasche\" src=\"http:\/\/heisserhamster.de\/waermflasche\/wp-content\/uploads\/2015\/08\/personalisierte-W\u00e4rmflasche-mit-Namen-pic4-210x300.jpg\" alt=\"personalisierte-waermflasche-mit-namen-pic4\" width=\"210\" height=\"300\" \/><\/a><a href=\"http:\/\/heisserhamster.de\/waermflasche\/wp-content\/uploads\/2015\/08\/personalisierte-W\u00e4rmflasche-mit-Namen-pic5.jpg\"><img loading=\"lazy\" decoding=\"async\" class=\"alignnone wp-image-7650 size-medium\" title=\"Verpackung f\u00fcr W\u00e4rmflaschen\" src=\"http:\/\/heisserhamster.de\/waermflasche\/wp-content\/uploads\/2015\/08\/personalisierte-W\u00e4rmflasche-mit-Namen-pic5-225x300.jpg\" alt=\"personalisierte-waermflasche-mit-namen-pic5\" width=\"225\" height=\"300\" \/><\/a><\/p>\n<div id=\"cc-matrix-2825296924\" style=\"text-align: center;\">\n<p>&nbsp;<\/p>\n<h2>Sei dabei wenn aus Deiner Idee ein einmaliges Geschenk wird!<\/h2>\n<h4>Egal ob Du ein <strong>Geburtstagsgeschenk f\u00fcr Frauen, M\u00e4nner oder Kinder<\/strong> suchst \u2013 individuell kommt besser!<\/h4>\n<h4><strong>Individuelle Geburtstagsgeschenke<\/strong> sind Geschenke mit Liebe. Der n\u00e4chste Geburtstag kommt bestimmt.<\/h4>\n<h4>Weihnachtsgeschenke, Hochzeitsgeschenke, Muttertagsgeschenke \u2013 Anl\u00e4sse gibt es genug.<\/h4>\n<h4>Und das jedes Jahr wieder!<\/h4>\n<p>&nbsp;<\/p>\n<h2>Personalisierte W\u00e4rmflasche mit Namen.Das k\u00f6nnen wir !<\/h2>\n<h4>Wir m\u00f6chten dass Du ein einzigartiges Geschenk bekommst und wir helfen Dir dabei.<\/h4>\n<h4>Wir fertigen <strong>witzige W\u00e4rmflaschen<\/strong> die erst nach Bestellung speziell f\u00fcr Dich<\/h4>\n<h4>mit Deinem Motiv oder Deiner eigenen Idee <strong>individuell bestickt<\/strong> werden.<\/h4>\n<p>&nbsp;<\/p>\n<p><a href=\"http:\/\/heisserhamster.de\/waermflasche\/wp-content\/uploads\/2015\/08\/personalisierte-W\u00e4rmflasche-mit-Namen-pic3.jpg\"><img loading=\"lazy\" decoding=\"async\" class=\"alignnone wp-image-7648 size-full\" title=\"Sch\u00f6n kuschelig mit W\u00e4rmflasche\" src=\"http:\/\/heisserhamster.de\/waermflasche\/wp-content\/uploads\/2015\/08\/personalisierte-W\u00e4rmflasche-mit-Namen-pic3.jpg\" alt=\"personalisierte-W\u00e4rmflasche-mit-Namen-pic3.jpg\" width=\"600\" height=\"450\" \/><\/a><\/p>\n<p>&nbsp;<\/p>\n<h2>Eine witzige und n\u00fctzliche Geschenkidee f\u00fcr alle !<\/h2>\n<h4>Jede W\u00e4rmflasche und deren Motiv wird von uns sorgf\u00e4ltig und in Handarbeit gefertigt.<\/h4>\n<h4>Keine gleicht der anderen und ist somit ein Unikat mit dem Du Dir oder<\/h4>\n<h4>deinen Freunden ein unvergleichliches Geschenk machen kannst.<\/h4>\n<p>&nbsp;<\/p>\n<p><a href=\"http:\/\/heisserhamster.de\/waermflasche\/wp-content\/uploads\/2015\/08\/personalisierte-W\u00e4rmflasche-mit-Namen-pic6.jpg\"><img loading=\"lazy\" decoding=\"async\" class=\"alignnone wp-image-7651 size-medium\" title=\"lustige W\u00e4rmflaschen\" src=\"http:\/\/heisserhamster.de\/waermflasche\/wp-content\/uploads\/2015\/08\/personalisierte-W\u00e4rmflasche-mit-Namen-pic6-220x300.jpg\" alt=\"personalisierte-waermflasche-mit-namen-pic6\" width=\"220\" height=\"300\" \/><\/a><a href=\"http:\/\/heisserhamster.de\/waermflasche\/wp-content\/uploads\/2015\/08\/personalisierte-W\u00e4rmflasche-mit-Namen-pic7.jpg\"><img loading=\"lazy\" decoding=\"async\" class=\"alignnone wp-image-7652 size-medium\" title=\"witzige W\u00e4rmflaschen\" src=\"http:\/\/heisserhamster.de\/waermflasche\/wp-content\/uploads\/2015\/08\/personalisierte-W\u00e4rmflasche-mit-Namen-pic7-209x300.jpg\" alt=\"personalisierte-waermflasche-mit-namen-pic7\" width=\"209\" height=\"300\" \/><\/a><a href=\"http:\/\/heisserhamster.de\/waermflasche\/wp-content\/uploads\/2015\/08\/personalisierte-W\u00e4rmflasche-mit-Namen-pic8.jpg\"><img loading=\"lazy\" decoding=\"async\" class=\"alignnone wp-image-7653 size-medium\" title=\"individuelle W\u00e4rmflaschen\" src=\"http:\/\/heisserhamster.de\/waermflasche\/wp-content\/uploads\/2015\/08\/personalisierte-W\u00e4rmflasche-mit-Namen-pic8-227x300.jpg\" alt=\"personalisierte-waermflasche-mit-namen-pic8\" width=\"227\" height=\"300\" \/><\/a><\/p>\n<p>&nbsp;<\/p>\n<h2>Deine <a href=\"http:\/\/de.wikipedia.org\/wiki\/W%C3%A4rmflasche\">W\u00e4rmflasche<\/a> selbst gestalten<\/h2>\n<h4>Sei kreativ ! und gestalte Dir Deine\u00a0<strong>individuelle W\u00e4rmflasche<\/strong> mit unserem neuen<\/h4>\n<h4><strong><a href=\"http:\/\/heisserhamster.de\/waermflasche\/individuelle-waermflaschen\/\" target=\"_blank\" rel=\"noopener\">W\u00e4rmflaschen \u2013 Designer<\/a><\/strong> oder w\u00e4hle eine unserer vielen lustigen W\u00e4rmflaschen im <strong><a href=\"http:\/\/heisserhamster.de\/witzige-waermflaschen\/\">Shop<\/a><\/strong>.<\/h4>\n<h4>In ganz einfachen Schritten kannst Du Deine pers\u00f6nliche W\u00e4rmflasche <strong>selbst gestalten<\/strong> und<\/h4>\n<h4>zuschauen wie aus Deiner Idee ein tolles Unikat wird.<\/h4>\n<p>&nbsp;<\/p>\n<\/div>\n<p style=\"text-align: center;\"><a href=\"http:\/\/heisserhamster.de\/waermflasche\/wp-content\/uploads\/2015\/08\/personalisierte-W\u00e4rmflasche-mit-Namen-pic9.jpg\"><img loading=\"lazy\" decoding=\"async\" class=\"alignnone wp-image-7654 size-full\" title=\"Mein heisser hamster !\" src=\"http:\/\/heisserhamster.de\/waermflasche\/wp-content\/uploads\/2015\/08\/personalisierte-W\u00e4rmflasche-mit-Namen-pic9.jpg\" alt=\"personalisierte-W\u00e4rmflasche-mit-Namen-pic9.jpg\" width=\"800\" height=\"600\" \/><\/a><\/p>\n<div id=\"cc-matrix-2825296924\" style=\"text-align: center;\">\n<h4>Wir w\u00fcnschen Dir viel Spass !<\/h4>\n<h4>Von gl\u00fccklichen Menschen in liebevoller Handarbeit f\u00fcr Dich gefertigt.<\/h4>\n<p>&nbsp;<\/p>\n<h2><strong><a href=\"https:\/\/youtu.be\/4ksAPyDeAHE\">\u2026 <\/a><em><a href=\"https:\/\/youtu.be\/4ksAPyDeAHE\">der absolute Warmsinn<\/a>!<\/em><\/strong><\/h2>\n<\/div>\n<p style=\"text-align: center;\">\n","protected":false},"excerpt":{"rendered":"<p>&#8230;ist der absolute Hingucker \ud83d\ude09 \u00a0&#8220;Das Schenken sei Gebers sowie Nehmers Lust&#8221;(unbekannt) \u00a0 Schenken kann so sch\u00f6n sein. Anl\u00e4sse gibt es genug. Doch jedes Jahr qu\u00e4len wir uns erneut mit der Frage: Was schenken wir? Hat ein lieber Mensch bald Geburtstag? Ist pl\u00f6tzlich wieder Weihnachten? Willst Du Deine Liebe zum Valentinstag zeigen? Auf der Suche nach dem richtigen Geschenk kann [&hellip;]<\/p>\n","protected":false},"author":2,"featured_media":0,"parent":0,"menu_order":0,"comment_status":"closed","ping_status":"closed","template":"","meta":{"footnotes":""},"class_list":["post-18568","page","type-page","status-publish","hentry"],"yoast_head":"<!-- This site is optimized with the Yoast SEO plugin v27.0 - https:\/\/yoast.com\/product\/yoast-seo-wordpress\/ -->\n<title>Eine personalisierte W\u00e4rmflasche mit Namen von heisser hamster<\/title>\n<meta name=\"description\" content=\"Wir fertigen Deine personalisierte W\u00e4rmflasche mit Namen die erst nach Bestellung speziell f\u00fcr Dich individuell bestickt wird ! Jeder W\u00e4rmflasche ein Unikat\" \/>\n<meta name=\"robots\" content=\"index, follow, max-snippet:-1, max-image-preview:large, max-video-preview:-1\" \/>\n<link rel=\"canonical\" href=\"https:\/\/heisserhamster.de\/waermflasche\/personalisierte-waermflasche-mit-namen\/\" \/>\n<meta property=\"og:locale\" content=\"de_DE\" \/>\n<meta property=\"og:type\" content=\"article\" \/>\n<meta property=\"og:title\" content=\"Eine personalisierte W\u00e4rmflasche mit Namen von heisser hamster\" \/>\n<meta property=\"og:description\" content=\"Wir fertigen Deine personalisierte W\u00e4rmflasche mit Namen die erst nach Bestellung speziell f\u00fcr Dich individuell bestickt wird ! Jeder W\u00e4rmflasche ein Unikat\" \/>\n<meta property=\"og:url\" content=\"https:\/\/heisserhamster.de\/waermflasche\/personalisierte-waermflasche-mit-namen\/\" \/>\n<meta property=\"article:modified_time\" content=\"2017-06-22T18:05:53+00:00\" \/>\n<meta name=\"twitter:card\" content=\"summary_large_image\" \/>\n<meta name=\"twitter:label1\" content=\"Gesch\u00e4tzte Lesezeit\" \/>\n\t<meta name=\"twitter:data1\" content=\"2\u00a0Minuten\" \/>\n<script type=\"application\/ld+json\" class=\"yoast-schema-graph\">{\"@context\":\"https:\/\/schema.org\",\"@graph\":[{\"@type\":\"WebPage\",\"@id\":\"https:\/\/heisserhamster.de\/waermflasche\/personalisierte-waermflasche-mit-namen\/\",\"url\":\"https:\/\/heisserhamster.de\/waermflasche\/personalisierte-waermflasche-mit-namen\/\",\"name\":\"Eine personalisierte W\u00e4rmflasche mit Namen von heisser hamster\",\"isPartOf\":{\"@id\":\"https:\/\/heisserhamster.de\/waermflasche\/#website\"},\"datePublished\":\"2017-06-21T15:21:07+00:00\",\"dateModified\":\"2017-06-22T18:05:53+00:00\",\"description\":\"Wir fertigen Deine personalisierte W\u00e4rmflasche mit Namen die erst nach Bestellung speziell f\u00fcr Dich individuell bestickt wird ! Jeder W\u00e4rmflasche ein Unikat\",\"breadcrumb\":{\"@id\":\"https:\/\/heisserhamster.de\/waermflasche\/personalisierte-waermflasche-mit-namen\/#breadcrumb\"},\"inLanguage\":\"de\",\"potentialAction\":[{\"@type\":\"ReadAction\",\"target\":[\"https:\/\/heisserhamster.de\/waermflasche\/personalisierte-waermflasche-mit-namen\/\"]}]},{\"@type\":\"BreadcrumbList\",\"@id\":\"https:\/\/heisserhamster.de\/waermflasche\/personalisierte-waermflasche-mit-namen\/#breadcrumb\",\"itemListElement\":[{\"@type\":\"ListItem\",\"position\":1,\"name\":\"Startseite\",\"item\":\"https:\/\/heisserhamster.de\/waermflasche\/\"},{\"@type\":\"ListItem\",\"position\":2,\"name\":\"Eine personalisierte W\u00e4rmflasche mit Namen\"}]},{\"@type\":\"WebSite\",\"@id\":\"https:\/\/heisserhamster.de\/waermflasche\/#website\",\"url\":\"https:\/\/heisserhamster.de\/waermflasche\/\",\"name\":\"\",\"description\":\"\",\"potentialAction\":[{\"@type\":\"SearchAction\",\"target\":{\"@type\":\"EntryPoint\",\"urlTemplate\":\"https:\/\/heisserhamster.de\/waermflasche\/?s={search_term_string}\"},\"query-input\":{\"@type\":\"PropertyValueSpecification\",\"valueRequired\":true,\"valueName\":\"search_term_string\"}}],\"inLanguage\":\"de\"}]}<\/script>\n<!-- \/ Yoast SEO plugin. -->","yoast_head_json":{"title":"Eine personalisierte W\u00e4rmflasche mit Namen von heisser hamster","description":"Wir fertigen Deine personalisierte W\u00e4rmflasche mit Namen die erst nach Bestellung speziell f\u00fcr Dich individuell bestickt wird ! Jeder W\u00e4rmflasche ein Unikat","robots":{"index":"index","follow":"follow","max-snippet":"max-snippet:-1","max-image-preview":"max-image-preview:large","max-video-preview":"max-video-preview:-1"},"canonical":"https:\/\/heisserhamster.de\/waermflasche\/personalisierte-waermflasche-mit-namen\/","og_locale":"de_DE","og_type":"article","og_title":"Eine personalisierte W\u00e4rmflasche mit Namen von heisser hamster","og_description":"Wir fertigen Deine personalisierte W\u00e4rmflasche mit Namen die erst nach Bestellung speziell f\u00fcr Dich individuell bestickt wird ! Jeder W\u00e4rmflasche ein Unikat","og_url":"https:\/\/heisserhamster.de\/waermflasche\/personalisierte-waermflasche-mit-namen\/","article_modified_time":"2017-06-22T18:05:53+00:00","twitter_card":"summary_large_image","twitter_misc":{"Gesch\u00e4tzte Lesezeit":"2\u00a0Minuten"},"schema":{"@context":"https:\/\/schema.org","@graph":[{"@type":"WebPage","@id":"https:\/\/heisserhamster.de\/waermflasche\/personalisierte-waermflasche-mit-namen\/","url":"https:\/\/heisserhamster.de\/waermflasche\/personalisierte-waermflasche-mit-namen\/","name":"Eine personalisierte W\u00e4rmflasche mit Namen von heisser hamster","isPartOf":{"@id":"https:\/\/heisserhamster.de\/waermflasche\/#website"},"datePublished":"2017-06-21T15:21:07+00:00","dateModified":"2017-06-22T18:05:53+00:00","description":"Wir fertigen Deine personalisierte W\u00e4rmflasche mit Namen die erst nach Bestellung speziell f\u00fcr Dich individuell bestickt wird ! Jeder W\u00e4rmflasche ein Unikat","breadcrumb":{"@id":"https:\/\/heisserhamster.de\/waermflasche\/personalisierte-waermflasche-mit-namen\/#breadcrumb"},"inLanguage":"de","potentialAction":[{"@type":"ReadAction","target":["https:\/\/heisserhamster.de\/waermflasche\/personalisierte-waermflasche-mit-namen\/"]}]},{"@type":"BreadcrumbList","@id":"https:\/\/heisserhamster.de\/waermflasche\/personalisierte-waermflasche-mit-namen\/#breadcrumb","itemListElement":[{"@type":"ListItem","position":1,"name":"Startseite","item":"https:\/\/heisserhamster.de\/waermflasche\/"},{"@type":"ListItem","position":2,"name":"Eine personalisierte W\u00e4rmflasche mit Namen"}]},{"@type":"WebSite","@id":"https:\/\/heisserhamster.de\/waermflasche\/#website","url":"https:\/\/heisserhamster.de\/waermflasche\/","name":"","description":"","potentialAction":[{"@type":"SearchAction","target":{"@type":"EntryPoint","urlTemplate":"https:\/\/heisserhamster.de\/waermflasche\/?s={search_term_string}"},"query-input":{"@type":"PropertyValueSpecification","valueRequired":true,"valueName":"search_term_string"}}],"inLanguage":"de"}]}},"_links":{"self":[{"href":"https:\/\/heisserhamster.de\/waermflasche\/wp-json\/wp\/v2\/pages\/18568","targetHints":{"allow":["GET"]}}],"collection":[{"href":"https:\/\/heisserhamster.de\/waermflasche\/wp-json\/wp\/v2\/pages"}],"about":[{"href":"https:\/\/heisserhamster.de\/waermflasche\/wp-json\/wp\/v2\/types\/page"}],"author":[{"embeddable":true,"href":"https:\/\/heisserhamster.de\/waermflasche\/wp-json\/wp\/v2\/users\/2"}],"replies":[{"embeddable":true,"href":"https:\/\/heisserhamster.de\/waermflasche\/wp-json\/wp\/v2\/comments?post=18568"}],"version-history":[{"count":0,"href":"https:\/\/heisserhamster.de\/waermflasche\/wp-json\/wp\/v2\/pages\/18568\/revisions"}],"wp:attachment":[{"href":"https:\/\/heisserhamster.de\/waermflasche\/wp-json\/wp\/v2\/media?parent=18568"}],"curies":[{"name":"wp","href":"https:\/\/api.w.org\/{rel}","templated":true}]}}