{"id":15276,"date":"2017-03-02T14:15:07","date_gmt":"2017-03-02T13:15:07","guid":{"rendered":"http:\/\/heisserhamster.de\/waermflasche\/?page_id=15276"},"modified":"2023-08-10T15:04:03","modified_gmt":"2023-08-10T13:04:03","slug":"mini-hamster","status":"publish","type":"page","link":"https:\/\/heisserhamster.de\/waermflasche\/mini-hamster\/","title":{"rendered":"Mini Hamster"},"content":{"rendered":"<section class=\"wpb-content-wrapper\"><p>[vc_row][vc_column][vc_column_text][spb_text_block animation=&#8221;none&#8221; animation_delay=&#8221;0&#8243; simplified_controls=&#8221;yes&#8221; custom_css_percentage=&#8221;no&#8221; padding_vertical=&#8221;0&#8243; padding_horizontal=&#8221;0&#8243; margin_vertical=&#8221;0&#8243; custom_css=&#8221;margin-top: 0px;margin-bottom: 0px;&#8221; border_size=&#8221;0&#8243; border_styling_global=&#8221;default&#8221; width=&#8221;1\/1&#8243; el_position=&#8221;first last&#8221;]<\/p>\n<h1 style=\"text-align: center;\">F\u00fcr die Kleinen und die Zarten !<\/h1>\n<h3 style=\"text-align: center;\">Wenn Dir eine Standard W\u00e4rmflasche mit 2 Liter Inhalt zu schwer ist kannst Du hier unsere Mini Hamster mit 0,8 Liter Inhalt w\u00e4hlen.<\/h3>\n<h3 style=\"text-align: center;\"><strong>Beruhigende W\u00e4rme in perfekte Sicherheit geh\u00fcllt \u2013 speziell f\u00fcr Kinder:<\/strong><\/h3>\n<h3 style=\"text-align: center;\">Gummi-W\u00e4rmflaschen aus einem Guss mit 0,8 Liter Fassungsverm\u00f6gen und deshalb weniger Gewicht. Allerh\u00f6chste Sicherheit durch nahtlose Konstruktion.<\/h3>\n<p>&nbsp;<\/p>\n<p>&nbsp;<\/p>\n<p style=\"text-align: center;\">[\/spb_text_block] [spb_blank_spacer height=&#8221;30px&#8221; width=&#8221;1\/1&#8243; el_position=&#8221;first last&#8221;] [spb_products asset_type=&#8221;best-sellers&#8221; category=&#8221;mini-hamster&#8221; display_type=&#8221;standard&#8221; display_layout=&#8221;standard&#8221; multi_masonry=&#8221;no&#8221; carousel=&#8221;no&#8221; fullwidth=&#8221;no&#8221; columns=&#8221;4&#8243; item_count=&#8221;8&#8243; order=&#8221;DESC&#8221; button_enabled=&#8221;no&#8221; width=&#8221;1\/1&#8243; el_position=&#8221;first last&#8221;]<\/p>\n<p>[\/vc_column_text][\/vc_column][\/vc_row]<\/p>\n<\/section>","protected":false},"excerpt":{"rendered":"<p>[vc_row][vc_column][vc_column_text][spb_text_block animation=&#8221;none&#8221; animation_delay=&#8221;0&#8243; simplified_controls=&#8221;yes&#8221; custom_css_percentage=&#8221;no&#8221; padding_vertical=&#8221;0&#8243; padding_horizontal=&#8221;0&#8243; margin_vertical=&#8221;0&#8243; custom_css=&#8221;margin-top: 0px;margin-bottom: 0px;&#8221; border_size=&#8221;0&#8243; border_styling_global=&#8221;default&#8221; width=&#8221;1\/1&#8243; el_position=&#8221;first last&#8221;] F\u00fcr die Kleinen und die Zarten ! Wenn Dir eine Standard W\u00e4rmflasche mit 2 Liter Inhalt zu schwer ist kannst Du hier unsere Mini Hamster mit 0,8 Liter Inhalt w\u00e4hlen. Beruhigende W\u00e4rme in perfekte Sicherheit geh\u00fcllt \u2013 speziell f\u00fcr Kinder: Gummi-W\u00e4rmflaschen aus einem Guss [&hellip;]<\/p>\n","protected":false},"author":2,"featured_media":0,"parent":0,"menu_order":0,"comment_status":"closed","ping_status":"closed","template":"","meta":{"footnotes":""},"class_list":["post-15276","page","type-page","status-publish","hentry"],"yoast_head":"<!-- This site is optimized with the Yoast SEO plugin v27.0 - https:\/\/yoast.com\/product\/yoast-seo-wordpress\/ -->\n<title>Mini Hamster -<\/title>\n<meta name=\"robots\" content=\"index, follow, max-snippet:-1, max-image-preview:large, max-video-preview:-1\" \/>\n<link rel=\"canonical\" href=\"https:\/\/heisserhamster.de\/waermflasche\/mini-hamster\/\" \/>\n<meta property=\"og:locale\" content=\"de_DE\" \/>\n<meta property=\"og:type\" content=\"article\" \/>\n<meta property=\"og:title\" content=\"Mini Hamster -\" \/>\n<meta property=\"og:description\" content=\"[vc_row][vc_column][vc_column_text][spb_text_block animation=&#8221;none&#8221; animation_delay=&#8221;0&#8243; simplified_controls=&#8221;yes&#8221; custom_css_percentage=&#8221;no&#8221; padding_vertical=&#8221;0&#8243; padding_horizontal=&#8221;0&#8243; margin_vertical=&#8221;0&#8243; custom_css=&#8221;margin-top: 0px;margin-bottom: 0px;&#8221; border_size=&#8221;0&#8243; border_styling_global=&#8221;default&#8221; width=&#8221;1\/1&#8243; el_position=&#8221;first last&#8221;] F\u00fcr die Kleinen und die Zarten ! Wenn Dir eine Standard W\u00e4rmflasche mit 2 Liter Inhalt zu schwer ist kannst Du hier unsere Mini Hamster mit 0,8 Liter Inhalt w\u00e4hlen. Beruhigende W\u00e4rme in perfekte Sicherheit geh\u00fcllt \u2013 speziell f\u00fcr Kinder: Gummi-W\u00e4rmflaschen aus einem Guss [&hellip;]\" \/>\n<meta property=\"og:url\" content=\"https:\/\/heisserhamster.de\/waermflasche\/mini-hamster\/\" \/>\n<meta property=\"article:modified_time\" content=\"2023-08-10T13:04:03+00:00\" \/>\n<meta name=\"twitter:card\" content=\"summary_large_image\" \/>\n<meta name=\"twitter:label1\" content=\"Gesch\u00e4tzte Lesezeit\" \/>\n\t<meta name=\"twitter:data1\" content=\"1\u00a0Minute\" \/>\n<script type=\"application\/ld+json\" class=\"yoast-schema-graph\">{\"@context\":\"https:\/\/schema.org\",\"@graph\":[{\"@type\":\"WebPage\",\"@id\":\"https:\/\/heisserhamster.de\/waermflasche\/mini-hamster\/\",\"url\":\"https:\/\/heisserhamster.de\/waermflasche\/mini-hamster\/\",\"name\":\"Mini Hamster -\",\"isPartOf\":{\"@id\":\"https:\/\/heisserhamster.de\/waermflasche\/#website\"},\"datePublished\":\"2017-03-02T13:15:07+00:00\",\"dateModified\":\"2023-08-10T13:04:03+00:00\",\"breadcrumb\":{\"@id\":\"https:\/\/heisserhamster.de\/waermflasche\/mini-hamster\/#breadcrumb\"},\"inLanguage\":\"de\",\"potentialAction\":[{\"@type\":\"ReadAction\",\"target\":[\"https:\/\/heisserhamster.de\/waermflasche\/mini-hamster\/\"]}]},{\"@type\":\"BreadcrumbList\",\"@id\":\"https:\/\/heisserhamster.de\/waermflasche\/mini-hamster\/#breadcrumb\",\"itemListElement\":[{\"@type\":\"ListItem\",\"position\":1,\"name\":\"Startseite\",\"item\":\"https:\/\/heisserhamster.de\/waermflasche\/\"},{\"@type\":\"ListItem\",\"position\":2,\"name\":\"Mini Hamster\"}]},{\"@type\":\"WebSite\",\"@id\":\"https:\/\/heisserhamster.de\/waermflasche\/#website\",\"url\":\"https:\/\/heisserhamster.de\/waermflasche\/\",\"name\":\"\",\"description\":\"\",\"potentialAction\":[{\"@type\":\"SearchAction\",\"target\":{\"@type\":\"EntryPoint\",\"urlTemplate\":\"https:\/\/heisserhamster.de\/waermflasche\/?s={search_term_string}\"},\"query-input\":{\"@type\":\"PropertyValueSpecification\",\"valueRequired\":true,\"valueName\":\"search_term_string\"}}],\"inLanguage\":\"de\"}]}<\/script>\n<!-- \/ Yoast SEO plugin. -->","yoast_head_json":{"title":"Mini Hamster -","robots":{"index":"index","follow":"follow","max-snippet":"max-snippet:-1","max-image-preview":"max-image-preview:large","max-video-preview":"max-video-preview:-1"},"canonical":"https:\/\/heisserhamster.de\/waermflasche\/mini-hamster\/","og_locale":"de_DE","og_type":"article","og_title":"Mini Hamster -","og_description":"[vc_row][vc_column][vc_column_text][spb_text_block animation=&#8221;none&#8221; animation_delay=&#8221;0&#8243; simplified_controls=&#8221;yes&#8221; custom_css_percentage=&#8221;no&#8221; padding_vertical=&#8221;0&#8243; padding_horizontal=&#8221;0&#8243; margin_vertical=&#8221;0&#8243; custom_css=&#8221;margin-top: 0px;margin-bottom: 0px;&#8221; border_size=&#8221;0&#8243; border_styling_global=&#8221;default&#8221; width=&#8221;1\/1&#8243; el_position=&#8221;first last&#8221;] F\u00fcr die Kleinen und die Zarten ! Wenn Dir eine Standard W\u00e4rmflasche mit 2 Liter Inhalt zu schwer ist kannst Du hier unsere Mini Hamster mit 0,8 Liter Inhalt w\u00e4hlen. Beruhigende W\u00e4rme in perfekte Sicherheit geh\u00fcllt \u2013 speziell f\u00fcr Kinder: Gummi-W\u00e4rmflaschen aus einem Guss [&hellip;]","og_url":"https:\/\/heisserhamster.de\/waermflasche\/mini-hamster\/","article_modified_time":"2023-08-10T13:04:03+00:00","twitter_card":"summary_large_image","twitter_misc":{"Gesch\u00e4tzte Lesezeit":"1\u00a0Minute"},"schema":{"@context":"https:\/\/schema.org","@graph":[{"@type":"WebPage","@id":"https:\/\/heisserhamster.de\/waermflasche\/mini-hamster\/","url":"https:\/\/heisserhamster.de\/waermflasche\/mini-hamster\/","name":"Mini Hamster -","isPartOf":{"@id":"https:\/\/heisserhamster.de\/waermflasche\/#website"},"datePublished":"2017-03-02T13:15:07+00:00","dateModified":"2023-08-10T13:04:03+00:00","breadcrumb":{"@id":"https:\/\/heisserhamster.de\/waermflasche\/mini-hamster\/#breadcrumb"},"inLanguage":"de","potentialAction":[{"@type":"ReadAction","target":["https:\/\/heisserhamster.de\/waermflasche\/mini-hamster\/"]}]},{"@type":"BreadcrumbList","@id":"https:\/\/heisserhamster.de\/waermflasche\/mini-hamster\/#breadcrumb","itemListElement":[{"@type":"ListItem","position":1,"name":"Startseite","item":"https:\/\/heisserhamster.de\/waermflasche\/"},{"@type":"ListItem","position":2,"name":"Mini Hamster"}]},{"@type":"WebSite","@id":"https:\/\/heisserhamster.de\/waermflasche\/#website","url":"https:\/\/heisserhamster.de\/waermflasche\/","name":"","description":"","potentialAction":[{"@type":"SearchAction","target":{"@type":"EntryPoint","urlTemplate":"https:\/\/heisserhamster.de\/waermflasche\/?s={search_term_string}"},"query-input":{"@type":"PropertyValueSpecification","valueRequired":true,"valueName":"search_term_string"}}],"inLanguage":"de"}]}},"_links":{"self":[{"href":"https:\/\/heisserhamster.de\/waermflasche\/wp-json\/wp\/v2\/pages\/15276","targetHints":{"allow":["GET"]}}],"collection":[{"href":"https:\/\/heisserhamster.de\/waermflasche\/wp-json\/wp\/v2\/pages"}],"about":[{"href":"https:\/\/heisserhamster.de\/waermflasche\/wp-json\/wp\/v2\/types\/page"}],"author":[{"embeddable":true,"href":"https:\/\/heisserhamster.de\/waermflasche\/wp-json\/wp\/v2\/users\/2"}],"replies":[{"embeddable":true,"href":"https:\/\/heisserhamster.de\/waermflasche\/wp-json\/wp\/v2\/comments?post=15276"}],"version-history":[{"count":0,"href":"https:\/\/heisserhamster.de\/waermflasche\/wp-json\/wp\/v2\/pages\/15276\/revisions"}],"wp:attachment":[{"href":"https:\/\/heisserhamster.de\/waermflasche\/wp-json\/wp\/v2\/media?parent=15276"}],"curies":[{"name":"wp","href":"https:\/\/api.w.org\/{rel}","templated":true}]}}