{"id":15273,"date":"2017-03-02T14:12:57","date_gmt":"2017-03-02T13:12:57","guid":{"rendered":"http:\/\/heisserhamster.de\/waermflasche\/?page_id=15273"},"modified":"2023-11-16T14:47:00","modified_gmt":"2023-11-16T13:47:00","slug":"bezuege-aus-kamelhaar","status":"publish","type":"page","link":"https:\/\/heisserhamster.de\/waermflasche\/bezuege-aus-kamelhaar\/","title":{"rendered":"Bez\u00fcge aus Kamelhaar"},"content":{"rendered":"<section class=\"wpb-content-wrapper\"><p>[vc_row][vc_column][vc_column_text][spb_text_block animation=&#8221;none&#8221; animation_delay=&#8221;0&#8243; simplified_controls=&#8221;yes&#8221; custom_css_percentage=&#8221;no&#8221; padding_vertical=&#8221;0&#8243; padding_horizontal=&#8221;0&#8243; margin_vertical=&#8221;0&#8243; custom_css=&#8221;margin-top: 0px;margin-bottom: 0px;&#8221; border_size=&#8221;0&#8243; border_styling_global=&#8221;default&#8221; width=&#8221;1\/1&#8243; el_position=&#8221;first last&#8221;]<\/p>\n<h1>Schmusig weich! Ein wahrer Luxus.<\/h1>\n<h3><img loading=\"lazy\" decoding=\"async\" class=\"alignnone size-medium wp-image-30985\" src=\"https:\/\/heisserhamster.de\/waermflasche\/wp-content\/uploads\/2023\/11\/heiha-300x240.png\" alt=\"\" width=\"300\" height=\"240\" srcset=\"https:\/\/heisserhamster.de\/waermflasche\/wp-content\/uploads\/2023\/11\/heiha-300x240.png 300w, https:\/\/heisserhamster.de\/waermflasche\/wp-content\/uploads\/2023\/11\/heiha-200x160.png 200w, https:\/\/heisserhamster.de\/waermflasche\/wp-content\/uploads\/2023\/11\/heiha-600x480.png 600w, https:\/\/heisserhamster.de\/waermflasche\/wp-content\/uploads\/2023\/11\/heiha-1024x820.png 1024w, https:\/\/heisserhamster.de\/waermflasche\/wp-content\/uploads\/2023\/11\/heiha-768x615.png 768w, https:\/\/heisserhamster.de\/waermflasche\/wp-content\/uploads\/2023\/11\/heiha-1000x800.png 1000w, https:\/\/heisserhamster.de\/waermflasche\/wp-content\/uploads\/2023\/11\/heiha.png 1087w\" sizes=\"auto, (max-width: 300px) 100vw, 300px\" \/><\/h3>\n<h3>Wir verwenden nur 100% hochwertiges Kamelhaar aus kontrollierter Produktion:<\/h3>\n<h3>Aufgrund starker Temperaturschwankungen und rauem Klima, dem Kamele in ihren Heimatl\u00e4ndern ausgesetzt sind, bilden sie ein besonders weiches Unterhaar.<\/h3>\n<h3>Dieses Haar hat hervorragende W\u00e4rmeeigenschaften. Im Fr\u00fchjahr verlieren Kamele ihr Winterfell, das eingesammelt, gereinigt und industriell weiter verarbeitet wird.<\/h3>\n<h3>Vier bis f\u00fcnf Kilo Brusthaar (das haupts\u00e4chlich verwendet wird), verliert ein Kamel pro Jahr.<\/h3>\n<h2><strong>\u00a0<\/strong><\/h2>\n<p>[\/spb_text_block] [spb_products asset_type=&#8221;best-sellers&#8221; category=&#8221;bezuege-aus-kamelhaar&#8221; display_type=&#8221;standard&#8221; display_layout=&#8221;standard&#8221; multi_masonry=&#8221;no&#8221; carousel=&#8221;no&#8221; fullwidth=&#8221;no&#8221; columns=&#8221;3&#8243; item_count=&#8221;8&#8243; order=&#8221;DESC&#8221; button_enabled=&#8221;no&#8221; width=&#8221;1\/1&#8243; el_position=&#8221;first last&#8221;][\/vc_column_text][\/vc_column][\/vc_row]<\/p>\n<\/section>","protected":false},"excerpt":{"rendered":"<p>[vc_row][vc_column][vc_column_text][spb_text_block animation=&#8221;none&#8221; animation_delay=&#8221;0&#8243; simplified_controls=&#8221;yes&#8221; custom_css_percentage=&#8221;no&#8221; padding_vertical=&#8221;0&#8243; padding_horizontal=&#8221;0&#8243; margin_vertical=&#8221;0&#8243; custom_css=&#8221;margin-top: 0px;margin-bottom: 0px;&#8221; border_size=&#8221;0&#8243; border_styling_global=&#8221;default&#8221; width=&#8221;1\/1&#8243; el_position=&#8221;first last&#8221;] Schmusig weich! Ein wahrer Luxus. Wir verwenden nur 100% hochwertiges Kamelhaar aus kontrollierter Produktion: Aufgrund starker Temperaturschwankungen und rauem Klima, dem Kamele in ihren Heimatl\u00e4ndern ausgesetzt sind, bilden sie ein besonders weiches Unterhaar. Dieses Haar hat hervorragende W\u00e4rmeeigenschaften. Im Fr\u00fchjahr verlieren Kamele ihr Winterfell, [&hellip;]<\/p>\n","protected":false},"author":2,"featured_media":0,"parent":0,"menu_order":0,"comment_status":"closed","ping_status":"closed","template":"","meta":{"footnotes":""},"class_list":["post-15273","page","type-page","status-publish","hentry"],"yoast_head":"<!-- This site is optimized with the Yoast SEO plugin v27.0 - https:\/\/yoast.com\/product\/yoast-seo-wordpress\/ -->\n<title>Bez\u00fcge aus Kamelhaar -<\/title>\n<meta name=\"robots\" content=\"index, follow, max-snippet:-1, max-image-preview:large, max-video-preview:-1\" \/>\n<link rel=\"canonical\" href=\"https:\/\/heisserhamster.de\/waermflasche\/bezuege-aus-kamelhaar\/\" \/>\n<meta property=\"og:locale\" content=\"de_DE\" \/>\n<meta property=\"og:type\" content=\"article\" \/>\n<meta property=\"og:title\" content=\"Bez\u00fcge aus Kamelhaar -\" \/>\n<meta property=\"og:description\" content=\"[vc_row][vc_column][vc_column_text][spb_text_block animation=&#8221;none&#8221; animation_delay=&#8221;0&#8243; simplified_controls=&#8221;yes&#8221; custom_css_percentage=&#8221;no&#8221; padding_vertical=&#8221;0&#8243; padding_horizontal=&#8221;0&#8243; margin_vertical=&#8221;0&#8243; custom_css=&#8221;margin-top: 0px;margin-bottom: 0px;&#8221; border_size=&#8221;0&#8243; border_styling_global=&#8221;default&#8221; width=&#8221;1\/1&#8243; el_position=&#8221;first last&#8221;] Schmusig weich! Ein wahrer Luxus. Wir verwenden nur 100% hochwertiges Kamelhaar aus kontrollierter Produktion: Aufgrund starker Temperaturschwankungen und rauem Klima, dem Kamele in ihren Heimatl\u00e4ndern ausgesetzt sind, bilden sie ein besonders weiches Unterhaar. Dieses Haar hat hervorragende W\u00e4rmeeigenschaften. Im Fr\u00fchjahr verlieren Kamele ihr Winterfell, [&hellip;]\" \/>\n<meta property=\"og:url\" content=\"https:\/\/heisserhamster.de\/waermflasche\/bezuege-aus-kamelhaar\/\" \/>\n<meta property=\"article:modified_time\" content=\"2023-11-16T13:47:00+00:00\" \/>\n<meta property=\"og:image\" content=\"https:\/\/heisserhamster.de\/waermflasche\/wp-content\/uploads\/2023\/11\/heiha-300x240.png\" \/>\n<meta name=\"twitter:card\" content=\"summary_large_image\" \/>\n<meta name=\"twitter:label1\" content=\"Gesch\u00e4tzte Lesezeit\" \/>\n\t<meta name=\"twitter:data1\" content=\"1\u00a0Minute\" \/>\n<script type=\"application\/ld+json\" class=\"yoast-schema-graph\">{\"@context\":\"https:\/\/schema.org\",\"@graph\":[{\"@type\":\"WebPage\",\"@id\":\"https:\/\/heisserhamster.de\/waermflasche\/bezuege-aus-kamelhaar\/\",\"url\":\"https:\/\/heisserhamster.de\/waermflasche\/bezuege-aus-kamelhaar\/\",\"name\":\"Bez\u00fcge aus Kamelhaar -\",\"isPartOf\":{\"@id\":\"https:\/\/heisserhamster.de\/waermflasche\/#website\"},\"primaryImageOfPage\":{\"@id\":\"https:\/\/heisserhamster.de\/waermflasche\/bezuege-aus-kamelhaar\/#primaryimage\"},\"image\":{\"@id\":\"https:\/\/heisserhamster.de\/waermflasche\/bezuege-aus-kamelhaar\/#primaryimage\"},\"thumbnailUrl\":\"https:\/\/heisserhamster.de\/waermflasche\/wp-content\/uploads\/2023\/11\/heiha-300x240.png\",\"datePublished\":\"2017-03-02T13:12:57+00:00\",\"dateModified\":\"2023-11-16T13:47:00+00:00\",\"breadcrumb\":{\"@id\":\"https:\/\/heisserhamster.de\/waermflasche\/bezuege-aus-kamelhaar\/#breadcrumb\"},\"inLanguage\":\"de\",\"potentialAction\":[{\"@type\":\"ReadAction\",\"target\":[\"https:\/\/heisserhamster.de\/waermflasche\/bezuege-aus-kamelhaar\/\"]}]},{\"@type\":\"ImageObject\",\"inLanguage\":\"de\",\"@id\":\"https:\/\/heisserhamster.de\/waermflasche\/bezuege-aus-kamelhaar\/#primaryimage\",\"url\":\"https:\/\/heisserhamster.de\/waermflasche\/wp-content\/uploads\/2023\/11\/heiha.png\",\"contentUrl\":\"https:\/\/heisserhamster.de\/waermflasche\/wp-content\/uploads\/2023\/11\/heiha.png\",\"width\":1087,\"height\":870},{\"@type\":\"BreadcrumbList\",\"@id\":\"https:\/\/heisserhamster.de\/waermflasche\/bezuege-aus-kamelhaar\/#breadcrumb\",\"itemListElement\":[{\"@type\":\"ListItem\",\"position\":1,\"name\":\"Startseite\",\"item\":\"https:\/\/heisserhamster.de\/waermflasche\/\"},{\"@type\":\"ListItem\",\"position\":2,\"name\":\"Bez\u00fcge aus Kamelhaar\"}]},{\"@type\":\"WebSite\",\"@id\":\"https:\/\/heisserhamster.de\/waermflasche\/#website\",\"url\":\"https:\/\/heisserhamster.de\/waermflasche\/\",\"name\":\"\",\"description\":\"\",\"potentialAction\":[{\"@type\":\"SearchAction\",\"target\":{\"@type\":\"EntryPoint\",\"urlTemplate\":\"https:\/\/heisserhamster.de\/waermflasche\/?s={search_term_string}\"},\"query-input\":{\"@type\":\"PropertyValueSpecification\",\"valueRequired\":true,\"valueName\":\"search_term_string\"}}],\"inLanguage\":\"de\"}]}<\/script>\n<!-- \/ Yoast SEO plugin. -->","yoast_head_json":{"title":"Bez\u00fcge aus Kamelhaar -","robots":{"index":"index","follow":"follow","max-snippet":"max-snippet:-1","max-image-preview":"max-image-preview:large","max-video-preview":"max-video-preview:-1"},"canonical":"https:\/\/heisserhamster.de\/waermflasche\/bezuege-aus-kamelhaar\/","og_locale":"de_DE","og_type":"article","og_title":"Bez\u00fcge aus Kamelhaar -","og_description":"[vc_row][vc_column][vc_column_text][spb_text_block animation=&#8221;none&#8221; animation_delay=&#8221;0&#8243; simplified_controls=&#8221;yes&#8221; custom_css_percentage=&#8221;no&#8221; padding_vertical=&#8221;0&#8243; padding_horizontal=&#8221;0&#8243; margin_vertical=&#8221;0&#8243; custom_css=&#8221;margin-top: 0px;margin-bottom: 0px;&#8221; border_size=&#8221;0&#8243; border_styling_global=&#8221;default&#8221; width=&#8221;1\/1&#8243; el_position=&#8221;first last&#8221;] Schmusig weich! Ein wahrer Luxus. Wir verwenden nur 100% hochwertiges Kamelhaar aus kontrollierter Produktion: Aufgrund starker Temperaturschwankungen und rauem Klima, dem Kamele in ihren Heimatl\u00e4ndern ausgesetzt sind, bilden sie ein besonders weiches Unterhaar. Dieses Haar hat hervorragende W\u00e4rmeeigenschaften. Im Fr\u00fchjahr verlieren Kamele ihr Winterfell, [&hellip;]","og_url":"https:\/\/heisserhamster.de\/waermflasche\/bezuege-aus-kamelhaar\/","article_modified_time":"2023-11-16T13:47:00+00:00","og_image":[{"url":"https:\/\/heisserhamster.de\/waermflasche\/wp-content\/uploads\/2023\/11\/heiha-300x240.png","type":"","width":"","height":""}],"twitter_card":"summary_large_image","twitter_misc":{"Gesch\u00e4tzte Lesezeit":"1\u00a0Minute"},"schema":{"@context":"https:\/\/schema.org","@graph":[{"@type":"WebPage","@id":"https:\/\/heisserhamster.de\/waermflasche\/bezuege-aus-kamelhaar\/","url":"https:\/\/heisserhamster.de\/waermflasche\/bezuege-aus-kamelhaar\/","name":"Bez\u00fcge aus Kamelhaar -","isPartOf":{"@id":"https:\/\/heisserhamster.de\/waermflasche\/#website"},"primaryImageOfPage":{"@id":"https:\/\/heisserhamster.de\/waermflasche\/bezuege-aus-kamelhaar\/#primaryimage"},"image":{"@id":"https:\/\/heisserhamster.de\/waermflasche\/bezuege-aus-kamelhaar\/#primaryimage"},"thumbnailUrl":"https:\/\/heisserhamster.de\/waermflasche\/wp-content\/uploads\/2023\/11\/heiha-300x240.png","datePublished":"2017-03-02T13:12:57+00:00","dateModified":"2023-11-16T13:47:00+00:00","breadcrumb":{"@id":"https:\/\/heisserhamster.de\/waermflasche\/bezuege-aus-kamelhaar\/#breadcrumb"},"inLanguage":"de","potentialAction":[{"@type":"ReadAction","target":["https:\/\/heisserhamster.de\/waermflasche\/bezuege-aus-kamelhaar\/"]}]},{"@type":"ImageObject","inLanguage":"de","@id":"https:\/\/heisserhamster.de\/waermflasche\/bezuege-aus-kamelhaar\/#primaryimage","url":"https:\/\/heisserhamster.de\/waermflasche\/wp-content\/uploads\/2023\/11\/heiha.png","contentUrl":"https:\/\/heisserhamster.de\/waermflasche\/wp-content\/uploads\/2023\/11\/heiha.png","width":1087,"height":870},{"@type":"BreadcrumbList","@id":"https:\/\/heisserhamster.de\/waermflasche\/bezuege-aus-kamelhaar\/#breadcrumb","itemListElement":[{"@type":"ListItem","position":1,"name":"Startseite","item":"https:\/\/heisserhamster.de\/waermflasche\/"},{"@type":"ListItem","position":2,"name":"Bez\u00fcge aus Kamelhaar"}]},{"@type":"WebSite","@id":"https:\/\/heisserhamster.de\/waermflasche\/#website","url":"https:\/\/heisserhamster.de\/waermflasche\/","name":"","description":"","potentialAction":[{"@type":"SearchAction","target":{"@type":"EntryPoint","urlTemplate":"https:\/\/heisserhamster.de\/waermflasche\/?s={search_term_string}"},"query-input":{"@type":"PropertyValueSpecification","valueRequired":true,"valueName":"search_term_string"}}],"inLanguage":"de"}]}},"_links":{"self":[{"href":"https:\/\/heisserhamster.de\/waermflasche\/wp-json\/wp\/v2\/pages\/15273","targetHints":{"allow":["GET"]}}],"collection":[{"href":"https:\/\/heisserhamster.de\/waermflasche\/wp-json\/wp\/v2\/pages"}],"about":[{"href":"https:\/\/heisserhamster.de\/waermflasche\/wp-json\/wp\/v2\/types\/page"}],"author":[{"embeddable":true,"href":"https:\/\/heisserhamster.de\/waermflasche\/wp-json\/wp\/v2\/users\/2"}],"replies":[{"embeddable":true,"href":"https:\/\/heisserhamster.de\/waermflasche\/wp-json\/wp\/v2\/comments?post=15273"}],"version-history":[{"count":0,"href":"https:\/\/heisserhamster.de\/waermflasche\/wp-json\/wp\/v2\/pages\/15273\/revisions"}],"wp:attachment":[{"href":"https:\/\/heisserhamster.de\/waermflasche\/wp-json\/wp\/v2\/media?parent=15273"}],"curies":[{"name":"wp","href":"https:\/\/api.w.org\/{rel}","templated":true}]}}