{"id":15270,"date":"2017-03-02T14:10:28","date_gmt":"2017-03-02T13:10:28","guid":{"rendered":"http:\/\/heisserhamster.de\/waermflasche\/?page_id=15270"},"modified":"2023-11-16T14:37:12","modified_gmt":"2023-11-16T13:37:12","slug":"bezuege-aus-kaschmirwolle","status":"publish","type":"page","link":"https:\/\/heisserhamster.de\/waermflasche\/bezuege-aus-kaschmirwolle\/","title":{"rendered":"Bez\u00fcge aus Kaschmirwolle"},"content":{"rendered":"<section class=\"wpb-content-wrapper\"><p>[vc_row][vc_column][vc_column_text][spb_text_block animation=&#8221;none&#8221; animation_delay=&#8221;0&#8243; simplified_controls=&#8221;yes&#8221; custom_css_percentage=&#8221;no&#8221; padding_vertical=&#8221;0&#8243; padding_horizontal=&#8221;0&#8243; margin_vertical=&#8221;0&#8243; custom_css=&#8221;margin-top: 0px;margin-bottom: 0px;&#8221; border_size=&#8221;0&#8243; border_styling_global=&#8221;default&#8221; width=&#8221;1\/1&#8243; el_position=&#8221;first last&#8221;]<\/p>\n<h1>100% reines Kaschmir.<\/h1>\n<h1>Wenn das Beste gerade gut genug ist f\u00fcr Dich !<\/h1>\n<h3><img loading=\"lazy\" decoding=\"async\" class=\"alignnone size-full wp-image-30982\" src=\"https:\/\/heisserhamster.de\/waermflasche\/wp-content\/uploads\/2023\/11\/images.jpeg\" alt=\"\" width=\"219\" height=\"230\" srcset=\"https:\/\/heisserhamster.de\/waermflasche\/wp-content\/uploads\/2023\/11\/images.jpeg 219w, https:\/\/heisserhamster.de\/waermflasche\/wp-content\/uploads\/2023\/11\/images-190x200.jpeg 190w\" sizes=\"auto, (max-width: 219px) 100vw, 219px\" \/><\/h3>\n<h3>Hier w\u00e4hlst Du einen edlen Kaschmir Bezug mit einer T\u00dcV gepr\u00fcften W\u00e4rmflasche.<\/h3>\n<h3>Kaschmir ist eine der kostbarsten und feinsten Fasern der Welt, max. 100 Gramm werden pro Jahr aus dem Flaumhaar der Kaschmirziege gek\u00e4mmt.<\/h3>\n<h3>Diese Tiere leben im Himalayagebiet in gro\u00dfer H\u00f6he und extremer K\u00e4lte, ihre Wolle ist besonders weich und angenehm.<\/h3>\n<p>[\/spb_text_block] [spb_blank_spacer height=&#8221;60px&#8221; width=&#8221;1\/1&#8243; el_position=&#8221;first last&#8221;] [spb_products asset_type=&#8221;best-sellers&#8221; category=&#8221;bezuege-aus-kaschmir&#8221; display_type=&#8221;standard&#8221; display_layout=&#8221;standard&#8221; multi_masonry=&#8221;no&#8221; carousel=&#8221;no&#8221; fullwidth=&#8221;no&#8221; columns=&#8221;3&#8243; item_count=&#8221;8&#8243; order=&#8221;DESC&#8221; button_enabled=&#8221;no&#8221; width=&#8221;1\/1&#8243; el_position=&#8221;first last&#8221;][\/vc_column_text][\/vc_column][\/vc_row]<\/p>\n<\/section>","protected":false},"excerpt":{"rendered":"<p>[vc_row][vc_column][vc_column_text][spb_text_block animation=&#8221;none&#8221; animation_delay=&#8221;0&#8243; simplified_controls=&#8221;yes&#8221; custom_css_percentage=&#8221;no&#8221; padding_vertical=&#8221;0&#8243; padding_horizontal=&#8221;0&#8243; margin_vertical=&#8221;0&#8243; custom_css=&#8221;margin-top: 0px;margin-bottom: 0px;&#8221; border_size=&#8221;0&#8243; border_styling_global=&#8221;default&#8221; width=&#8221;1\/1&#8243; el_position=&#8221;first last&#8221;] 100% reines Kaschmir. Wenn das Beste gerade gut genug ist f\u00fcr Dich ! Hier w\u00e4hlst Du einen edlen Kaschmir Bezug mit einer T\u00dcV gepr\u00fcften W\u00e4rmflasche. Kaschmir ist eine der kostbarsten und feinsten Fasern der Welt, max. 100 Gramm werden pro Jahr aus dem Flaumhaar [&hellip;]<\/p>\n","protected":false},"author":2,"featured_media":0,"parent":0,"menu_order":0,"comment_status":"closed","ping_status":"closed","template":"","meta":{"footnotes":""},"class_list":["post-15270","page","type-page","status-publish","hentry"],"yoast_head":"<!-- This site is optimized with the Yoast SEO plugin v27.0 - https:\/\/yoast.com\/product\/yoast-seo-wordpress\/ -->\n<title>Bez\u00fcge aus Kaschmirwolle -<\/title>\n<meta name=\"robots\" content=\"index, follow, max-snippet:-1, max-image-preview:large, max-video-preview:-1\" \/>\n<link rel=\"canonical\" href=\"https:\/\/heisserhamster.de\/waermflasche\/bezuege-aus-kaschmirwolle\/\" \/>\n<meta property=\"og:locale\" content=\"de_DE\" \/>\n<meta property=\"og:type\" content=\"article\" \/>\n<meta property=\"og:title\" content=\"Bez\u00fcge aus Kaschmirwolle -\" \/>\n<meta property=\"og:description\" content=\"[vc_row][vc_column][vc_column_text][spb_text_block animation=&#8221;none&#8221; animation_delay=&#8221;0&#8243; simplified_controls=&#8221;yes&#8221; custom_css_percentage=&#8221;no&#8221; padding_vertical=&#8221;0&#8243; padding_horizontal=&#8221;0&#8243; margin_vertical=&#8221;0&#8243; custom_css=&#8221;margin-top: 0px;margin-bottom: 0px;&#8221; border_size=&#8221;0&#8243; border_styling_global=&#8221;default&#8221; width=&#8221;1\/1&#8243; el_position=&#8221;first last&#8221;] 100% reines Kaschmir. Wenn das Beste gerade gut genug ist f\u00fcr Dich ! Hier w\u00e4hlst Du einen edlen Kaschmir Bezug mit einer T\u00dcV gepr\u00fcften W\u00e4rmflasche. Kaschmir ist eine der kostbarsten und feinsten Fasern der Welt, max. 100 Gramm werden pro Jahr aus dem Flaumhaar [&hellip;]\" \/>\n<meta property=\"og:url\" content=\"https:\/\/heisserhamster.de\/waermflasche\/bezuege-aus-kaschmirwolle\/\" \/>\n<meta property=\"article:modified_time\" content=\"2023-11-16T13:37:12+00:00\" \/>\n<meta property=\"og:image\" content=\"https:\/\/heisserhamster.de\/waermflasche\/wp-content\/uploads\/2023\/11\/images.jpeg\" \/>\n<meta name=\"twitter:card\" content=\"summary_large_image\" \/>\n<meta name=\"twitter:label1\" content=\"Gesch\u00e4tzte Lesezeit\" \/>\n\t<meta name=\"twitter:data1\" content=\"1\u00a0Minute\" \/>\n<script type=\"application\/ld+json\" class=\"yoast-schema-graph\">{\"@context\":\"https:\/\/schema.org\",\"@graph\":[{\"@type\":\"WebPage\",\"@id\":\"https:\/\/heisserhamster.de\/waermflasche\/bezuege-aus-kaschmirwolle\/\",\"url\":\"https:\/\/heisserhamster.de\/waermflasche\/bezuege-aus-kaschmirwolle\/\",\"name\":\"Bez\u00fcge aus Kaschmirwolle -\",\"isPartOf\":{\"@id\":\"https:\/\/heisserhamster.de\/waermflasche\/#website\"},\"primaryImageOfPage\":{\"@id\":\"https:\/\/heisserhamster.de\/waermflasche\/bezuege-aus-kaschmirwolle\/#primaryimage\"},\"image\":{\"@id\":\"https:\/\/heisserhamster.de\/waermflasche\/bezuege-aus-kaschmirwolle\/#primaryimage\"},\"thumbnailUrl\":\"https:\/\/heisserhamster.de\/waermflasche\/wp-content\/uploads\/2023\/11\/images.jpeg\",\"datePublished\":\"2017-03-02T13:10:28+00:00\",\"dateModified\":\"2023-11-16T13:37:12+00:00\",\"breadcrumb\":{\"@id\":\"https:\/\/heisserhamster.de\/waermflasche\/bezuege-aus-kaschmirwolle\/#breadcrumb\"},\"inLanguage\":\"de\",\"potentialAction\":[{\"@type\":\"ReadAction\",\"target\":[\"https:\/\/heisserhamster.de\/waermflasche\/bezuege-aus-kaschmirwolle\/\"]}]},{\"@type\":\"ImageObject\",\"inLanguage\":\"de\",\"@id\":\"https:\/\/heisserhamster.de\/waermflasche\/bezuege-aus-kaschmirwolle\/#primaryimage\",\"url\":\"https:\/\/heisserhamster.de\/waermflasche\/wp-content\/uploads\/2023\/11\/images.jpeg\",\"contentUrl\":\"https:\/\/heisserhamster.de\/waermflasche\/wp-content\/uploads\/2023\/11\/images.jpeg\",\"width\":219,\"height\":230},{\"@type\":\"BreadcrumbList\",\"@id\":\"https:\/\/heisserhamster.de\/waermflasche\/bezuege-aus-kaschmirwolle\/#breadcrumb\",\"itemListElement\":[{\"@type\":\"ListItem\",\"position\":1,\"name\":\"Startseite\",\"item\":\"https:\/\/heisserhamster.de\/waermflasche\/\"},{\"@type\":\"ListItem\",\"position\":2,\"name\":\"Bez\u00fcge aus Kaschmirwolle\"}]},{\"@type\":\"WebSite\",\"@id\":\"https:\/\/heisserhamster.de\/waermflasche\/#website\",\"url\":\"https:\/\/heisserhamster.de\/waermflasche\/\",\"name\":\"\",\"description\":\"\",\"potentialAction\":[{\"@type\":\"SearchAction\",\"target\":{\"@type\":\"EntryPoint\",\"urlTemplate\":\"https:\/\/heisserhamster.de\/waermflasche\/?s={search_term_string}\"},\"query-input\":{\"@type\":\"PropertyValueSpecification\",\"valueRequired\":true,\"valueName\":\"search_term_string\"}}],\"inLanguage\":\"de\"}]}<\/script>\n<!-- \/ Yoast SEO plugin. -->","yoast_head_json":{"title":"Bez\u00fcge aus Kaschmirwolle -","robots":{"index":"index","follow":"follow","max-snippet":"max-snippet:-1","max-image-preview":"max-image-preview:large","max-video-preview":"max-video-preview:-1"},"canonical":"https:\/\/heisserhamster.de\/waermflasche\/bezuege-aus-kaschmirwolle\/","og_locale":"de_DE","og_type":"article","og_title":"Bez\u00fcge aus Kaschmirwolle -","og_description":"[vc_row][vc_column][vc_column_text][spb_text_block animation=&#8221;none&#8221; animation_delay=&#8221;0&#8243; simplified_controls=&#8221;yes&#8221; custom_css_percentage=&#8221;no&#8221; padding_vertical=&#8221;0&#8243; padding_horizontal=&#8221;0&#8243; margin_vertical=&#8221;0&#8243; custom_css=&#8221;margin-top: 0px;margin-bottom: 0px;&#8221; border_size=&#8221;0&#8243; border_styling_global=&#8221;default&#8221; width=&#8221;1\/1&#8243; el_position=&#8221;first last&#8221;] 100% reines Kaschmir. Wenn das Beste gerade gut genug ist f\u00fcr Dich ! Hier w\u00e4hlst Du einen edlen Kaschmir Bezug mit einer T\u00dcV gepr\u00fcften W\u00e4rmflasche. Kaschmir ist eine der kostbarsten und feinsten Fasern der Welt, max. 100 Gramm werden pro Jahr aus dem Flaumhaar [&hellip;]","og_url":"https:\/\/heisserhamster.de\/waermflasche\/bezuege-aus-kaschmirwolle\/","article_modified_time":"2023-11-16T13:37:12+00:00","og_image":[{"url":"https:\/\/heisserhamster.de\/waermflasche\/wp-content\/uploads\/2023\/11\/images.jpeg","type":"","width":"","height":""}],"twitter_card":"summary_large_image","twitter_misc":{"Gesch\u00e4tzte Lesezeit":"1\u00a0Minute"},"schema":{"@context":"https:\/\/schema.org","@graph":[{"@type":"WebPage","@id":"https:\/\/heisserhamster.de\/waermflasche\/bezuege-aus-kaschmirwolle\/","url":"https:\/\/heisserhamster.de\/waermflasche\/bezuege-aus-kaschmirwolle\/","name":"Bez\u00fcge aus Kaschmirwolle -","isPartOf":{"@id":"https:\/\/heisserhamster.de\/waermflasche\/#website"},"primaryImageOfPage":{"@id":"https:\/\/heisserhamster.de\/waermflasche\/bezuege-aus-kaschmirwolle\/#primaryimage"},"image":{"@id":"https:\/\/heisserhamster.de\/waermflasche\/bezuege-aus-kaschmirwolle\/#primaryimage"},"thumbnailUrl":"https:\/\/heisserhamster.de\/waermflasche\/wp-content\/uploads\/2023\/11\/images.jpeg","datePublished":"2017-03-02T13:10:28+00:00","dateModified":"2023-11-16T13:37:12+00:00","breadcrumb":{"@id":"https:\/\/heisserhamster.de\/waermflasche\/bezuege-aus-kaschmirwolle\/#breadcrumb"},"inLanguage":"de","potentialAction":[{"@type":"ReadAction","target":["https:\/\/heisserhamster.de\/waermflasche\/bezuege-aus-kaschmirwolle\/"]}]},{"@type":"ImageObject","inLanguage":"de","@id":"https:\/\/heisserhamster.de\/waermflasche\/bezuege-aus-kaschmirwolle\/#primaryimage","url":"https:\/\/heisserhamster.de\/waermflasche\/wp-content\/uploads\/2023\/11\/images.jpeg","contentUrl":"https:\/\/heisserhamster.de\/waermflasche\/wp-content\/uploads\/2023\/11\/images.jpeg","width":219,"height":230},{"@type":"BreadcrumbList","@id":"https:\/\/heisserhamster.de\/waermflasche\/bezuege-aus-kaschmirwolle\/#breadcrumb","itemListElement":[{"@type":"ListItem","position":1,"name":"Startseite","item":"https:\/\/heisserhamster.de\/waermflasche\/"},{"@type":"ListItem","position":2,"name":"Bez\u00fcge aus Kaschmirwolle"}]},{"@type":"WebSite","@id":"https:\/\/heisserhamster.de\/waermflasche\/#website","url":"https:\/\/heisserhamster.de\/waermflasche\/","name":"","description":"","potentialAction":[{"@type":"SearchAction","target":{"@type":"EntryPoint","urlTemplate":"https:\/\/heisserhamster.de\/waermflasche\/?s={search_term_string}"},"query-input":{"@type":"PropertyValueSpecification","valueRequired":true,"valueName":"search_term_string"}}],"inLanguage":"de"}]}},"_links":{"self":[{"href":"https:\/\/heisserhamster.de\/waermflasche\/wp-json\/wp\/v2\/pages\/15270","targetHints":{"allow":["GET"]}}],"collection":[{"href":"https:\/\/heisserhamster.de\/waermflasche\/wp-json\/wp\/v2\/pages"}],"about":[{"href":"https:\/\/heisserhamster.de\/waermflasche\/wp-json\/wp\/v2\/types\/page"}],"author":[{"embeddable":true,"href":"https:\/\/heisserhamster.de\/waermflasche\/wp-json\/wp\/v2\/users\/2"}],"replies":[{"embeddable":true,"href":"https:\/\/heisserhamster.de\/waermflasche\/wp-json\/wp\/v2\/comments?post=15270"}],"version-history":[{"count":0,"href":"https:\/\/heisserhamster.de\/waermflasche\/wp-json\/wp\/v2\/pages\/15270\/revisions"}],"wp:attachment":[{"href":"https:\/\/heisserhamster.de\/waermflasche\/wp-json\/wp\/v2\/media?parent=15270"}],"curies":[{"name":"wp","href":"https:\/\/api.w.org\/{rel}","templated":true}]}}