{"id":15267,"date":"2017-03-02T14:07:55","date_gmt":"2017-03-02T13:07:55","guid":{"rendered":"http:\/\/heisserhamster.de\/waermflasche\/?page_id=15267"},"modified":"2024-06-21T10:20:27","modified_gmt":"2024-06-21T08:20:27","slug":"bezuege-aus-merinowolle","status":"publish","type":"page","link":"https:\/\/heisserhamster.de\/waermflasche\/bezuege-aus-merinowolle\/","title":{"rendered":"Bez\u00fcge aus Merinowolle"},"content":{"rendered":"<section class=\"wpb-content-wrapper\"><p>[vc_row][vc_column][vc_column_text][spb_text_block animation=&#8221;none&#8221; animation_delay=&#8221;0&#8243; simplified_controls=&#8221;yes&#8221; custom_css_percentage=&#8221;no&#8221; padding_vertical=&#8221;0&#8243; padding_horizontal=&#8221;0&#8243; margin_vertical=&#8221;0&#8243; custom_css=&#8221;margin-top: 0px;margin-bottom: 0px;&#8221; border_size=&#8221;0&#8243; border_styling_global=&#8221;default&#8221; width=&#8221;1\/1&#8243; el_position=&#8221;first last&#8221;]<\/p>\n<div class=\"term-description\">\n<h1>Luxus pur: 100% reine Merinowolle<\/h1>\n<h3><img loading=\"lazy\" decoding=\"async\" class=\"alignnone size-medium wp-image-30976\" src=\"https:\/\/heisserhamster.de\/waermflasche\/wp-content\/uploads\/2023\/11\/MERINO_800x800-300x300.png\" alt=\"\" width=\"300\" height=\"300\" srcset=\"https:\/\/heisserhamster.de\/waermflasche\/wp-content\/uploads\/2023\/11\/MERINO_800x800-300x300.png 300w, https:\/\/heisserhamster.de\/waermflasche\/wp-content\/uploads\/2023\/11\/MERINO_800x800-200x200.png 200w, https:\/\/heisserhamster.de\/waermflasche\/wp-content\/uploads\/2023\/11\/MERINO_800x800-600x600.png 600w, https:\/\/heisserhamster.de\/waermflasche\/wp-content\/uploads\/2023\/11\/MERINO_800x800-150x150.png 150w, https:\/\/heisserhamster.de\/waermflasche\/wp-content\/uploads\/2023\/11\/MERINO_800x800-768x768.png 768w, https:\/\/heisserhamster.de\/waermflasche\/wp-content\/uploads\/2023\/11\/MERINO_800x800-250x250.png 250w, https:\/\/heisserhamster.de\/waermflasche\/wp-content\/uploads\/2023\/11\/MERINO_800x800.png 800w\" sizes=\"auto, (max-width: 300px) 100vw, 300px\" \/><\/h3>\n<h3>Diese \u00fcberaus feine Wolle stammt von Merinoschafen, die vorwiegend in Australien, S\u00fcdafrika und S\u00fcdamerika leben.<\/h3>\n<h3>Durch die milden klimatischen Bedingungen in diesen L\u00e4ndern wird die Wolle stark gekr\u00e4uselt, weich und sehr elastisch.<\/h3>\n<h3>Im Gegensatz zu Kunstfasern oder auch Baumwolle ist Merinowolle \u00fcberaus atmungsaktiv und feuchtigkeitsregulierend.<\/h3>\n<h3>Auch f\u00fcr Kinder und Allergiker bestens geeignet!<\/h3>\n<h3>Wolle ist von Natur aus schmutzabweisend, viele Flecken lassen sich einfach abwischen.<\/h3>\n<h3>Die Bez\u00fcge k\u00f6nnen natu\u0308rlich auch bei 30\u00b0 C im Wollwaschgang gewaschen werden.<\/h3>\n<p>&nbsp;<\/p>\n<h3>M\u00f6chtest eine individuelle Corporate Identity Farbe?<\/h3>\n<h3>Kein Problem.<\/h3>\n<h3>Ab einer St\u00fcckzahl von 250 k\u00f6nnen wir die Merinowolle speziell f\u00fcr Dich in Deine Firmenfarbe einf\u00e4rben.<\/h3>\n<p>&nbsp;<\/p>\n<\/div>\n<p>[\/spb_text_block] [spb_blank_spacer height=&#8221;30px&#8221; width=&#8221;1\/1&#8243; el_position=&#8221;first last&#8221;] [spb_products asset_type=&#8221;best-sellers&#8221; category=&#8221;bezuege-aus-merinowolle&#8221; display_type=&#8221;standard&#8221; display_layout=&#8221;standard&#8221; multi_masonry=&#8221;no&#8221; carousel=&#8221;no&#8221; fullwidth=&#8221;no&#8221; columns=&#8221;4&#8243; item_count=&#8221;100&#8243; order=&#8221;DESC&#8221; button_enabled=&#8221;no&#8221; width=&#8221;1\/1&#8243; el_position=&#8221;first last&#8221;][\/vc_column_text][\/vc_column][\/vc_row]<\/p>\n<p>&nbsp;<\/p>\n<p>&nbsp;<\/p>\n<p>&nbsp;<\/p>\n<\/section>","protected":false},"excerpt":{"rendered":"<p>[vc_row][vc_column][vc_column_text][spb_text_block animation=&#8221;none&#8221; animation_delay=&#8221;0&#8243; simplified_controls=&#8221;yes&#8221; custom_css_percentage=&#8221;no&#8221; padding_vertical=&#8221;0&#8243; padding_horizontal=&#8221;0&#8243; margin_vertical=&#8221;0&#8243; custom_css=&#8221;margin-top: 0px;margin-bottom: 0px;&#8221; border_size=&#8221;0&#8243; border_styling_global=&#8221;default&#8221; width=&#8221;1\/1&#8243; el_position=&#8221;first last&#8221;] Luxus pur: 100% reine Merinowolle Diese \u00fcberaus feine Wolle stammt von Merinoschafen, die vorwiegend in Australien, S\u00fcdafrika und S\u00fcdamerika leben. Durch die milden klimatischen Bedingungen in diesen L\u00e4ndern wird die Wolle stark gekr\u00e4uselt, weich und sehr elastisch. Im Gegensatz zu Kunstfasern oder auch Baumwolle [&hellip;]<\/p>\n","protected":false},"author":2,"featured_media":0,"parent":0,"menu_order":0,"comment_status":"closed","ping_status":"closed","template":"","meta":{"footnotes":""},"class_list":["post-15267","page","type-page","status-publish","hentry"],"yoast_head":"<!-- This site is optimized with the Yoast SEO plugin v27.0 - https:\/\/yoast.com\/product\/yoast-seo-wordpress\/ -->\n<title>Bez\u00fcge aus Merinowolle -<\/title>\n<meta name=\"robots\" content=\"index, follow, max-snippet:-1, max-image-preview:large, max-video-preview:-1\" \/>\n<link rel=\"canonical\" href=\"https:\/\/heisserhamster.de\/waermflasche\/bezuege-aus-merinowolle\/\" \/>\n<meta property=\"og:locale\" content=\"de_DE\" \/>\n<meta property=\"og:type\" content=\"article\" \/>\n<meta property=\"og:title\" content=\"Bez\u00fcge aus Merinowolle -\" \/>\n<meta property=\"og:description\" content=\"[vc_row][vc_column][vc_column_text][spb_text_block animation=&#8221;none&#8221; animation_delay=&#8221;0&#8243; simplified_controls=&#8221;yes&#8221; custom_css_percentage=&#8221;no&#8221; padding_vertical=&#8221;0&#8243; padding_horizontal=&#8221;0&#8243; margin_vertical=&#8221;0&#8243; custom_css=&#8221;margin-top: 0px;margin-bottom: 0px;&#8221; border_size=&#8221;0&#8243; border_styling_global=&#8221;default&#8221; width=&#8221;1\/1&#8243; el_position=&#8221;first last&#8221;] Luxus pur: 100% reine Merinowolle Diese \u00fcberaus feine Wolle stammt von Merinoschafen, die vorwiegend in Australien, S\u00fcdafrika und S\u00fcdamerika leben. Durch die milden klimatischen Bedingungen in diesen L\u00e4ndern wird die Wolle stark gekr\u00e4uselt, weich und sehr elastisch. Im Gegensatz zu Kunstfasern oder auch Baumwolle [&hellip;]\" \/>\n<meta property=\"og:url\" content=\"https:\/\/heisserhamster.de\/waermflasche\/bezuege-aus-merinowolle\/\" \/>\n<meta property=\"article:modified_time\" content=\"2024-06-21T08:20:27+00:00\" \/>\n<meta property=\"og:image\" content=\"https:\/\/heisserhamster.de\/waermflasche\/wp-content\/uploads\/2023\/11\/MERINO_800x800-300x300.png\" \/>\n<meta name=\"twitter:card\" content=\"summary_large_image\" \/>\n<meta name=\"twitter:label1\" content=\"Gesch\u00e4tzte Lesezeit\" \/>\n\t<meta name=\"twitter:data1\" content=\"1\u00a0Minute\" \/>\n<script type=\"application\/ld+json\" class=\"yoast-schema-graph\">{\"@context\":\"https:\/\/schema.org\",\"@graph\":[{\"@type\":\"WebPage\",\"@id\":\"https:\/\/heisserhamster.de\/waermflasche\/bezuege-aus-merinowolle\/\",\"url\":\"https:\/\/heisserhamster.de\/waermflasche\/bezuege-aus-merinowolle\/\",\"name\":\"Bez\u00fcge aus Merinowolle -\",\"isPartOf\":{\"@id\":\"https:\/\/heisserhamster.de\/waermflasche\/#website\"},\"primaryImageOfPage\":{\"@id\":\"https:\/\/heisserhamster.de\/waermflasche\/bezuege-aus-merinowolle\/#primaryimage\"},\"image\":{\"@id\":\"https:\/\/heisserhamster.de\/waermflasche\/bezuege-aus-merinowolle\/#primaryimage\"},\"thumbnailUrl\":\"https:\/\/heisserhamster.de\/waermflasche\/wp-content\/uploads\/2023\/11\/MERINO_800x800-300x300.png\",\"datePublished\":\"2017-03-02T13:07:55+00:00\",\"dateModified\":\"2024-06-21T08:20:27+00:00\",\"breadcrumb\":{\"@id\":\"https:\/\/heisserhamster.de\/waermflasche\/bezuege-aus-merinowolle\/#breadcrumb\"},\"inLanguage\":\"de\",\"potentialAction\":[{\"@type\":\"ReadAction\",\"target\":[\"https:\/\/heisserhamster.de\/waermflasche\/bezuege-aus-merinowolle\/\"]}]},{\"@type\":\"ImageObject\",\"inLanguage\":\"de\",\"@id\":\"https:\/\/heisserhamster.de\/waermflasche\/bezuege-aus-merinowolle\/#primaryimage\",\"url\":\"https:\/\/heisserhamster.de\/waermflasche\/wp-content\/uploads\/2023\/11\/MERINO_800x800.png\",\"contentUrl\":\"https:\/\/heisserhamster.de\/waermflasche\/wp-content\/uploads\/2023\/11\/MERINO_800x800.png\",\"width\":800,\"height\":800},{\"@type\":\"BreadcrumbList\",\"@id\":\"https:\/\/heisserhamster.de\/waermflasche\/bezuege-aus-merinowolle\/#breadcrumb\",\"itemListElement\":[{\"@type\":\"ListItem\",\"position\":1,\"name\":\"Startseite\",\"item\":\"https:\/\/heisserhamster.de\/waermflasche\/\"},{\"@type\":\"ListItem\",\"position\":2,\"name\":\"Bez\u00fcge aus Merinowolle\"}]},{\"@type\":\"WebSite\",\"@id\":\"https:\/\/heisserhamster.de\/waermflasche\/#website\",\"url\":\"https:\/\/heisserhamster.de\/waermflasche\/\",\"name\":\"\",\"description\":\"\",\"potentialAction\":[{\"@type\":\"SearchAction\",\"target\":{\"@type\":\"EntryPoint\",\"urlTemplate\":\"https:\/\/heisserhamster.de\/waermflasche\/?s={search_term_string}\"},\"query-input\":{\"@type\":\"PropertyValueSpecification\",\"valueRequired\":true,\"valueName\":\"search_term_string\"}}],\"inLanguage\":\"de\"}]}<\/script>\n<!-- \/ Yoast SEO plugin. -->","yoast_head_json":{"title":"Bez\u00fcge aus Merinowolle -","robots":{"index":"index","follow":"follow","max-snippet":"max-snippet:-1","max-image-preview":"max-image-preview:large","max-video-preview":"max-video-preview:-1"},"canonical":"https:\/\/heisserhamster.de\/waermflasche\/bezuege-aus-merinowolle\/","og_locale":"de_DE","og_type":"article","og_title":"Bez\u00fcge aus Merinowolle -","og_description":"[vc_row][vc_column][vc_column_text][spb_text_block animation=&#8221;none&#8221; animation_delay=&#8221;0&#8243; simplified_controls=&#8221;yes&#8221; custom_css_percentage=&#8221;no&#8221; padding_vertical=&#8221;0&#8243; padding_horizontal=&#8221;0&#8243; margin_vertical=&#8221;0&#8243; custom_css=&#8221;margin-top: 0px;margin-bottom: 0px;&#8221; border_size=&#8221;0&#8243; border_styling_global=&#8221;default&#8221; width=&#8221;1\/1&#8243; el_position=&#8221;first last&#8221;] Luxus pur: 100% reine Merinowolle Diese \u00fcberaus feine Wolle stammt von Merinoschafen, die vorwiegend in Australien, S\u00fcdafrika und S\u00fcdamerika leben. Durch die milden klimatischen Bedingungen in diesen L\u00e4ndern wird die Wolle stark gekr\u00e4uselt, weich und sehr elastisch. Im Gegensatz zu Kunstfasern oder auch Baumwolle [&hellip;]","og_url":"https:\/\/heisserhamster.de\/waermflasche\/bezuege-aus-merinowolle\/","article_modified_time":"2024-06-21T08:20:27+00:00","og_image":[{"url":"https:\/\/heisserhamster.de\/waermflasche\/wp-content\/uploads\/2023\/11\/MERINO_800x800-300x300.png","type":"","width":"","height":""}],"twitter_card":"summary_large_image","twitter_misc":{"Gesch\u00e4tzte Lesezeit":"1\u00a0Minute"},"schema":{"@context":"https:\/\/schema.org","@graph":[{"@type":"WebPage","@id":"https:\/\/heisserhamster.de\/waermflasche\/bezuege-aus-merinowolle\/","url":"https:\/\/heisserhamster.de\/waermflasche\/bezuege-aus-merinowolle\/","name":"Bez\u00fcge aus Merinowolle -","isPartOf":{"@id":"https:\/\/heisserhamster.de\/waermflasche\/#website"},"primaryImageOfPage":{"@id":"https:\/\/heisserhamster.de\/waermflasche\/bezuege-aus-merinowolle\/#primaryimage"},"image":{"@id":"https:\/\/heisserhamster.de\/waermflasche\/bezuege-aus-merinowolle\/#primaryimage"},"thumbnailUrl":"https:\/\/heisserhamster.de\/waermflasche\/wp-content\/uploads\/2023\/11\/MERINO_800x800-300x300.png","datePublished":"2017-03-02T13:07:55+00:00","dateModified":"2024-06-21T08:20:27+00:00","breadcrumb":{"@id":"https:\/\/heisserhamster.de\/waermflasche\/bezuege-aus-merinowolle\/#breadcrumb"},"inLanguage":"de","potentialAction":[{"@type":"ReadAction","target":["https:\/\/heisserhamster.de\/waermflasche\/bezuege-aus-merinowolle\/"]}]},{"@type":"ImageObject","inLanguage":"de","@id":"https:\/\/heisserhamster.de\/waermflasche\/bezuege-aus-merinowolle\/#primaryimage","url":"https:\/\/heisserhamster.de\/waermflasche\/wp-content\/uploads\/2023\/11\/MERINO_800x800.png","contentUrl":"https:\/\/heisserhamster.de\/waermflasche\/wp-content\/uploads\/2023\/11\/MERINO_800x800.png","width":800,"height":800},{"@type":"BreadcrumbList","@id":"https:\/\/heisserhamster.de\/waermflasche\/bezuege-aus-merinowolle\/#breadcrumb","itemListElement":[{"@type":"ListItem","position":1,"name":"Startseite","item":"https:\/\/heisserhamster.de\/waermflasche\/"},{"@type":"ListItem","position":2,"name":"Bez\u00fcge aus Merinowolle"}]},{"@type":"WebSite","@id":"https:\/\/heisserhamster.de\/waermflasche\/#website","url":"https:\/\/heisserhamster.de\/waermflasche\/","name":"","description":"","potentialAction":[{"@type":"SearchAction","target":{"@type":"EntryPoint","urlTemplate":"https:\/\/heisserhamster.de\/waermflasche\/?s={search_term_string}"},"query-input":{"@type":"PropertyValueSpecification","valueRequired":true,"valueName":"search_term_string"}}],"inLanguage":"de"}]}},"_links":{"self":[{"href":"https:\/\/heisserhamster.de\/waermflasche\/wp-json\/wp\/v2\/pages\/15267","targetHints":{"allow":["GET"]}}],"collection":[{"href":"https:\/\/heisserhamster.de\/waermflasche\/wp-json\/wp\/v2\/pages"}],"about":[{"href":"https:\/\/heisserhamster.de\/waermflasche\/wp-json\/wp\/v2\/types\/page"}],"author":[{"embeddable":true,"href":"https:\/\/heisserhamster.de\/waermflasche\/wp-json\/wp\/v2\/users\/2"}],"replies":[{"embeddable":true,"href":"https:\/\/heisserhamster.de\/waermflasche\/wp-json\/wp\/v2\/comments?post=15267"}],"version-history":[{"count":0,"href":"https:\/\/heisserhamster.de\/waermflasche\/wp-json\/wp\/v2\/pages\/15267\/revisions"}],"wp:attachment":[{"href":"https:\/\/heisserhamster.de\/waermflasche\/wp-json\/wp\/v2\/media?parent=15267"}],"curies":[{"name":"wp","href":"https:\/\/api.w.org\/{rel}","templated":true}]}}