{"id":15264,"date":"2017-03-02T14:04:20","date_gmt":"2017-03-02T13:04:20","guid":{"rendered":"http:\/\/heisserhamster.de\/waermflasche\/?page_id=15264"},"modified":"2023-11-16T16:29:24","modified_gmt":"2023-11-16T15:29:24","slug":"bezuege-aus-schurwolle","status":"publish","type":"page","link":"https:\/\/heisserhamster.de\/waermflasche\/bezuege-aus-schurwolle\/","title":{"rendered":"Bez\u00fcge aus Schurwolle"},"content":{"rendered":"<section class=\"wpb-content-wrapper\"><p>[vc_row][vc_column][vc_column_text][spb_text_block animation=&#8221;none&#8221; animation_delay=&#8221;0&#8243; simplified_controls=&#8221;yes&#8221; custom_css_percentage=&#8221;no&#8221; padding_vertical=&#8221;0&#8243; padding_horizontal=&#8221;0&#8243; margin_vertical=&#8221;0&#8243; custom_css=&#8221;margin-top: 0px;margin-bottom: 0px;&#8221; border_size=&#8221;0&#8243; border_styling_global=&#8221;default&#8221; width=&#8221;1\/1&#8243; el_position=&#8221;first last&#8221;]<\/p>\n<div class=\"term-description\">\n<h1>100% reine Schaf-Schurwolle: Natur pur !<\/h1>\n<\/div>\n<p><img loading=\"lazy\" decoding=\"async\" class=\"alignnone size-medium wp-image-30979\" src=\"https:\/\/heisserhamster.de\/waermflasche\/wp-content\/uploads\/2023\/11\/heisserhamster-300x274.jpg\" alt=\"\" width=\"300\" height=\"274\" srcset=\"https:\/\/heisserhamster.de\/waermflasche\/wp-content\/uploads\/2023\/11\/heisserhamster-300x274.jpg 300w, https:\/\/heisserhamster.de\/waermflasche\/wp-content\/uploads\/2023\/11\/heisserhamster-200x183.jpg 200w, https:\/\/heisserhamster.de\/waermflasche\/wp-content\/uploads\/2023\/11\/heisserhamster.jpg 450w\" sizes=\"auto, (max-width: 300px) 100vw, 300px\" \/><\/p>\n<div class=\"term-description\">\n<h3>Bez\u00fcge aus 100% reiner Schaf-Schurwolle mit T\u00fcv gepr\u00fcfter W\u00e4rmflasche<\/h3>\n<h3>Dank ihrer feinen Faserstruktur kann Naturwolle gro\u00dfe Mengen an Luft speichern und wirkt daher isolierend.<\/h3>\n<h3>Im Vergleich zu synthetischen Stoffen ist Schurwolle \u00fcberdurchschnittlich atmungsaktiv und feuchtigkeitsregulierend.<\/h3>\n<h3>Aus diesem Grund sind sie auch f\u00fcr Kinder und Allergiker bestens geeignet.<\/h3>\n<h3>Durch ihren nat\u00fcrlichen Fettgehalt ist Wolle von Natur aus schmutzabweisend.<\/h3>\n<h3>Die Bez\u00fcge k\u00f6nnen bei 30 Grad in der Waschmaschine und nat\u00fcrlich mit der Hand und Wollwaschmittel gewaschen werden.<\/h3>\n<\/div>\n<p>[\/spb_text_block] [spb_blank_spacer height=&#8221;30px&#8221; width=&#8221;1\/1&#8243; el_position=&#8221;first last&#8221;] [spb_products asset_type=&#8221;latest-products&#8221; category=&#8221;bezuege-aus-schurwolle&#8221; display_type=&#8221;standard&#8221; display_layout=&#8221;standard&#8221; multi_masonry=&#8221;no&#8221; carousel=&#8221;no&#8221; fullwidth=&#8221;no&#8221; columns=&#8221;4&#8243; item_count=&#8221;8&#8243; order=&#8221;DESC&#8221; button_enabled=&#8221;no&#8221; width=&#8221;1\/1&#8243; el_position=&#8221;first last&#8221;][\/vc_column_text][\/vc_column][\/vc_row]<\/p>\n<\/section>","protected":false},"excerpt":{"rendered":"<p>[vc_row][vc_column][vc_column_text][spb_text_block animation=&#8221;none&#8221; animation_delay=&#8221;0&#8243; simplified_controls=&#8221;yes&#8221; custom_css_percentage=&#8221;no&#8221; padding_vertical=&#8221;0&#8243; padding_horizontal=&#8221;0&#8243; margin_vertical=&#8221;0&#8243; custom_css=&#8221;margin-top: 0px;margin-bottom: 0px;&#8221; border_size=&#8221;0&#8243; border_styling_global=&#8221;default&#8221; width=&#8221;1\/1&#8243; el_position=&#8221;first last&#8221;] 100% reine Schaf-Schurwolle: Natur pur ! Bez\u00fcge aus 100% reiner Schaf-Schurwolle mit T\u00fcv gepr\u00fcfter W\u00e4rmflasche Dank ihrer feinen Faserstruktur kann Naturwolle gro\u00dfe Mengen an Luft speichern und wirkt daher isolierend. Im Vergleich zu synthetischen Stoffen ist Schurwolle \u00fcberdurchschnittlich atmungsaktiv und feuchtigkeitsregulierend. Aus diesem Grund [&hellip;]<\/p>\n","protected":false},"author":2,"featured_media":0,"parent":0,"menu_order":0,"comment_status":"closed","ping_status":"closed","template":"","meta":{"footnotes":""},"class_list":["post-15264","page","type-page","status-publish","hentry"],"yoast_head":"<!-- This site is optimized with the Yoast SEO plugin v27.0 - https:\/\/yoast.com\/product\/yoast-seo-wordpress\/ -->\n<title>Bez\u00fcge aus Schurwolle -<\/title>\n<meta name=\"robots\" content=\"index, follow, max-snippet:-1, max-image-preview:large, max-video-preview:-1\" \/>\n<link rel=\"canonical\" href=\"https:\/\/heisserhamster.de\/waermflasche\/bezuege-aus-schurwolle\/\" \/>\n<meta property=\"og:locale\" content=\"de_DE\" \/>\n<meta property=\"og:type\" content=\"article\" \/>\n<meta property=\"og:title\" content=\"Bez\u00fcge aus Schurwolle -\" \/>\n<meta property=\"og:description\" content=\"[vc_row][vc_column][vc_column_text][spb_text_block animation=&#8221;none&#8221; animation_delay=&#8221;0&#8243; simplified_controls=&#8221;yes&#8221; custom_css_percentage=&#8221;no&#8221; padding_vertical=&#8221;0&#8243; padding_horizontal=&#8221;0&#8243; margin_vertical=&#8221;0&#8243; custom_css=&#8221;margin-top: 0px;margin-bottom: 0px;&#8221; border_size=&#8221;0&#8243; border_styling_global=&#8221;default&#8221; width=&#8221;1\/1&#8243; el_position=&#8221;first last&#8221;] 100% reine Schaf-Schurwolle: Natur pur ! Bez\u00fcge aus 100% reiner Schaf-Schurwolle mit T\u00fcv gepr\u00fcfter W\u00e4rmflasche Dank ihrer feinen Faserstruktur kann Naturwolle gro\u00dfe Mengen an Luft speichern und wirkt daher isolierend. Im Vergleich zu synthetischen Stoffen ist Schurwolle \u00fcberdurchschnittlich atmungsaktiv und feuchtigkeitsregulierend. Aus diesem Grund [&hellip;]\" \/>\n<meta property=\"og:url\" content=\"https:\/\/heisserhamster.de\/waermflasche\/bezuege-aus-schurwolle\/\" \/>\n<meta property=\"article:modified_time\" content=\"2023-11-16T15:29:24+00:00\" \/>\n<meta property=\"og:image\" content=\"https:\/\/heisserhamster.de\/waermflasche\/wp-content\/uploads\/2023\/11\/heisserhamster-300x274.jpg\" \/>\n<meta name=\"twitter:card\" content=\"summary_large_image\" \/>\n<meta name=\"twitter:label1\" content=\"Gesch\u00e4tzte Lesezeit\" \/>\n\t<meta name=\"twitter:data1\" content=\"1\u00a0Minute\" \/>\n<script type=\"application\/ld+json\" class=\"yoast-schema-graph\">{\"@context\":\"https:\/\/schema.org\",\"@graph\":[{\"@type\":\"WebPage\",\"@id\":\"https:\/\/heisserhamster.de\/waermflasche\/bezuege-aus-schurwolle\/\",\"url\":\"https:\/\/heisserhamster.de\/waermflasche\/bezuege-aus-schurwolle\/\",\"name\":\"Bez\u00fcge aus Schurwolle -\",\"isPartOf\":{\"@id\":\"https:\/\/heisserhamster.de\/waermflasche\/#website\"},\"primaryImageOfPage\":{\"@id\":\"https:\/\/heisserhamster.de\/waermflasche\/bezuege-aus-schurwolle\/#primaryimage\"},\"image\":{\"@id\":\"https:\/\/heisserhamster.de\/waermflasche\/bezuege-aus-schurwolle\/#primaryimage\"},\"thumbnailUrl\":\"https:\/\/heisserhamster.de\/waermflasche\/wp-content\/uploads\/2023\/11\/heisserhamster-300x274.jpg\",\"datePublished\":\"2017-03-02T13:04:20+00:00\",\"dateModified\":\"2023-11-16T15:29:24+00:00\",\"breadcrumb\":{\"@id\":\"https:\/\/heisserhamster.de\/waermflasche\/bezuege-aus-schurwolle\/#breadcrumb\"},\"inLanguage\":\"de\",\"potentialAction\":[{\"@type\":\"ReadAction\",\"target\":[\"https:\/\/heisserhamster.de\/waermflasche\/bezuege-aus-schurwolle\/\"]}]},{\"@type\":\"ImageObject\",\"inLanguage\":\"de\",\"@id\":\"https:\/\/heisserhamster.de\/waermflasche\/bezuege-aus-schurwolle\/#primaryimage\",\"url\":\"https:\/\/heisserhamster.de\/waermflasche\/wp-content\/uploads\/2023\/11\/heisserhamster.jpg\",\"contentUrl\":\"https:\/\/heisserhamster.de\/waermflasche\/wp-content\/uploads\/2023\/11\/heisserhamster.jpg\",\"width\":450,\"height\":411},{\"@type\":\"BreadcrumbList\",\"@id\":\"https:\/\/heisserhamster.de\/waermflasche\/bezuege-aus-schurwolle\/#breadcrumb\",\"itemListElement\":[{\"@type\":\"ListItem\",\"position\":1,\"name\":\"Startseite\",\"item\":\"https:\/\/heisserhamster.de\/waermflasche\/\"},{\"@type\":\"ListItem\",\"position\":2,\"name\":\"Bez\u00fcge aus Schurwolle\"}]},{\"@type\":\"WebSite\",\"@id\":\"https:\/\/heisserhamster.de\/waermflasche\/#website\",\"url\":\"https:\/\/heisserhamster.de\/waermflasche\/\",\"name\":\"\",\"description\":\"\",\"potentialAction\":[{\"@type\":\"SearchAction\",\"target\":{\"@type\":\"EntryPoint\",\"urlTemplate\":\"https:\/\/heisserhamster.de\/waermflasche\/?s={search_term_string}\"},\"query-input\":{\"@type\":\"PropertyValueSpecification\",\"valueRequired\":true,\"valueName\":\"search_term_string\"}}],\"inLanguage\":\"de\"}]}<\/script>\n<!-- \/ Yoast SEO plugin. -->","yoast_head_json":{"title":"Bez\u00fcge aus Schurwolle -","robots":{"index":"index","follow":"follow","max-snippet":"max-snippet:-1","max-image-preview":"max-image-preview:large","max-video-preview":"max-video-preview:-1"},"canonical":"https:\/\/heisserhamster.de\/waermflasche\/bezuege-aus-schurwolle\/","og_locale":"de_DE","og_type":"article","og_title":"Bez\u00fcge aus Schurwolle -","og_description":"[vc_row][vc_column][vc_column_text][spb_text_block animation=&#8221;none&#8221; animation_delay=&#8221;0&#8243; simplified_controls=&#8221;yes&#8221; custom_css_percentage=&#8221;no&#8221; padding_vertical=&#8221;0&#8243; padding_horizontal=&#8221;0&#8243; margin_vertical=&#8221;0&#8243; custom_css=&#8221;margin-top: 0px;margin-bottom: 0px;&#8221; border_size=&#8221;0&#8243; border_styling_global=&#8221;default&#8221; width=&#8221;1\/1&#8243; el_position=&#8221;first last&#8221;] 100% reine Schaf-Schurwolle: Natur pur ! Bez\u00fcge aus 100% reiner Schaf-Schurwolle mit T\u00fcv gepr\u00fcfter W\u00e4rmflasche Dank ihrer feinen Faserstruktur kann Naturwolle gro\u00dfe Mengen an Luft speichern und wirkt daher isolierend. Im Vergleich zu synthetischen Stoffen ist Schurwolle \u00fcberdurchschnittlich atmungsaktiv und feuchtigkeitsregulierend. Aus diesem Grund [&hellip;]","og_url":"https:\/\/heisserhamster.de\/waermflasche\/bezuege-aus-schurwolle\/","article_modified_time":"2023-11-16T15:29:24+00:00","og_image":[{"url":"https:\/\/heisserhamster.de\/waermflasche\/wp-content\/uploads\/2023\/11\/heisserhamster-300x274.jpg","type":"","width":"","height":""}],"twitter_card":"summary_large_image","twitter_misc":{"Gesch\u00e4tzte Lesezeit":"1\u00a0Minute"},"schema":{"@context":"https:\/\/schema.org","@graph":[{"@type":"WebPage","@id":"https:\/\/heisserhamster.de\/waermflasche\/bezuege-aus-schurwolle\/","url":"https:\/\/heisserhamster.de\/waermflasche\/bezuege-aus-schurwolle\/","name":"Bez\u00fcge aus Schurwolle -","isPartOf":{"@id":"https:\/\/heisserhamster.de\/waermflasche\/#website"},"primaryImageOfPage":{"@id":"https:\/\/heisserhamster.de\/waermflasche\/bezuege-aus-schurwolle\/#primaryimage"},"image":{"@id":"https:\/\/heisserhamster.de\/waermflasche\/bezuege-aus-schurwolle\/#primaryimage"},"thumbnailUrl":"https:\/\/heisserhamster.de\/waermflasche\/wp-content\/uploads\/2023\/11\/heisserhamster-300x274.jpg","datePublished":"2017-03-02T13:04:20+00:00","dateModified":"2023-11-16T15:29:24+00:00","breadcrumb":{"@id":"https:\/\/heisserhamster.de\/waermflasche\/bezuege-aus-schurwolle\/#breadcrumb"},"inLanguage":"de","potentialAction":[{"@type":"ReadAction","target":["https:\/\/heisserhamster.de\/waermflasche\/bezuege-aus-schurwolle\/"]}]},{"@type":"ImageObject","inLanguage":"de","@id":"https:\/\/heisserhamster.de\/waermflasche\/bezuege-aus-schurwolle\/#primaryimage","url":"https:\/\/heisserhamster.de\/waermflasche\/wp-content\/uploads\/2023\/11\/heisserhamster.jpg","contentUrl":"https:\/\/heisserhamster.de\/waermflasche\/wp-content\/uploads\/2023\/11\/heisserhamster.jpg","width":450,"height":411},{"@type":"BreadcrumbList","@id":"https:\/\/heisserhamster.de\/waermflasche\/bezuege-aus-schurwolle\/#breadcrumb","itemListElement":[{"@type":"ListItem","position":1,"name":"Startseite","item":"https:\/\/heisserhamster.de\/waermflasche\/"},{"@type":"ListItem","position":2,"name":"Bez\u00fcge aus Schurwolle"}]},{"@type":"WebSite","@id":"https:\/\/heisserhamster.de\/waermflasche\/#website","url":"https:\/\/heisserhamster.de\/waermflasche\/","name":"","description":"","potentialAction":[{"@type":"SearchAction","target":{"@type":"EntryPoint","urlTemplate":"https:\/\/heisserhamster.de\/waermflasche\/?s={search_term_string}"},"query-input":{"@type":"PropertyValueSpecification","valueRequired":true,"valueName":"search_term_string"}}],"inLanguage":"de"}]}},"_links":{"self":[{"href":"https:\/\/heisserhamster.de\/waermflasche\/wp-json\/wp\/v2\/pages\/15264","targetHints":{"allow":["GET"]}}],"collection":[{"href":"https:\/\/heisserhamster.de\/waermflasche\/wp-json\/wp\/v2\/pages"}],"about":[{"href":"https:\/\/heisserhamster.de\/waermflasche\/wp-json\/wp\/v2\/types\/page"}],"author":[{"embeddable":true,"href":"https:\/\/heisserhamster.de\/waermflasche\/wp-json\/wp\/v2\/users\/2"}],"replies":[{"embeddable":true,"href":"https:\/\/heisserhamster.de\/waermflasche\/wp-json\/wp\/v2\/comments?post=15264"}],"version-history":[{"count":0,"href":"https:\/\/heisserhamster.de\/waermflasche\/wp-json\/wp\/v2\/pages\/15264\/revisions"}],"wp:attachment":[{"href":"https:\/\/heisserhamster.de\/waermflasche\/wp-json\/wp\/v2\/media?parent=15264"}],"curies":[{"name":"wp","href":"https:\/\/api.w.org\/{rel}","templated":true}]}}