{"id":14833,"date":"2017-02-23T09:57:36","date_gmt":"2017-02-23T08:57:36","guid":{"rendered":"http:\/\/heisserhamster.de\/waermflasche\/?page_id=14833"},"modified":"2023-09-05T11:25:20","modified_gmt":"2023-09-05T09:25:20","slug":"impressum","status":"publish","type":"page","link":"https:\/\/heisserhamster.de\/waermflasche\/impressum\/","title":{"rendered":"Impressum"},"content":{"rendered":"<h5>heisser hamster\u00a9 ist ein eingetragenes Warenzeichen der:<\/h5>\n<h5>valut-concepts UG (haftungsbeschr\u00e4nkt)<\/h5>\n<h5>Konsul-Smidtstr.8d<br \/>\nSpeicher 1, 28217 Bremen<br \/>\nDeutschland<\/h5>\n<h5>Gesch\u00e4ftsf\u00fchrer: J\u00f6rg Coblenz<\/h5>\n<h5><a href=\"mailto:post@heisserhamster.de\">post@heisserhamster.de<\/a><\/h5>\n<p>&nbsp;<\/p>\n<p><a href=\"http:\/\/du-projekt.de\/\" target=\"_blank\" rel=\"noopener noreferrer\"><img loading=\"lazy\" decoding=\"async\" class=\"alignnone wp-image-15733\" src=\"http:\/\/heisserhamster.de\/waermflasche\/wp-content\/uploads\/2017\/03\/du-projekt-logo-300x100.png\" alt=\"\" width=\"153\" height=\"51\" srcset=\"https:\/\/heisserhamster.de\/waermflasche\/wp-content\/uploads\/2017\/03\/du-projekt-logo-300x100.png 300w, https:\/\/heisserhamster.de\/waermflasche\/wp-content\/uploads\/2017\/03\/du-projekt-logo-200x67.png 200w, https:\/\/heisserhamster.de\/waermflasche\/wp-content\/uploads\/2017\/03\/du-projekt-logo.png 368w\" sizes=\"auto, (max-width: 153px) 100vw, 153px\" \/><\/a><\/p>\n<p>&nbsp;<\/p>\n<p>&nbsp;<\/p>\n<h5>Handelsregister des Amtsgerichts Bremen unter HRB 31199 HB<\/h5>\n<h5><strong>Steueridentifikation<\/strong><br \/>\nUSt-IdNr.: DE 305794934<\/h5>\n<p>&nbsp;<\/p>\n<h5>Plattform der EU-Kommission zur Online-Streitbeilegung: <a href=\"https:\/\/webgate.ec.europa.eu\/odr\/main\/index.cfm?event=main.home.chooseLanguage\">www.ec.europa.eu\/consumers\/odr<\/a><\/h5>\n<h5><\/h5>\n<p>Registriert bei:<\/p>\n<h5><a href=\"https:\/\/www.gruener-punkt.de\/\"><img loading=\"lazy\" decoding=\"async\" class=\"alignnone wp-image-6779 size-medium\" src=\"https:\/\/bremer-box.com\/wp-content\/uploads\/2019\/07\/DerGruenePunkt-300x146.jpg\" sizes=\"auto, (max-width: 300px) 100vw, 300px\" srcset=\"https:\/\/bremer-box.com\/wp-content\/uploads\/2019\/07\/DerGruenePunkt-300x146.jpg 300w, https:\/\/bremer-box.com\/wp-content\/uploads\/2019\/07\/DerGruenePunkt-200x98.jpg 200w, https:\/\/bremer-box.com\/wp-content\/uploads\/2019\/07\/DerGruenePunkt.jpg 326w\" alt=\"\" width=\"300\" height=\"146\" \/><\/a><\/h5>\n<p>und<\/p>\n<h5><a href=\"https:\/\/lucid.verpackungsregister.org\/\"><img loading=\"lazy\" decoding=\"async\" class=\"alignnone wp-image-6783 size-full\" src=\"https:\/\/bremer-box.com\/wp-content\/uploads\/2019\/07\/LucidLogo_45x149.png\" alt=\"\" width=\"149\" height=\"45\" \/><\/a><\/h5>\n<p>Reg.Nr.:DE5397552407749<\/p>\n<p>&nbsp;<\/p>\n","protected":false},"excerpt":{"rendered":"<p>heisser hamster\u00a9 ist ein eingetragenes Warenzeichen der: valut-concepts UG (haftungsbeschr\u00e4nkt) Konsul-Smidtstr.8d Speicher 1, 28217 Bremen Deutschland Gesch\u00e4ftsf\u00fchrer: J\u00f6rg Coblenz post@heisserhamster.de &nbsp; &nbsp; &nbsp; Handelsregister des Amtsgerichts Bremen unter HRB 31199 HB Steueridentifikation USt-IdNr.: DE 305794934 &nbsp; Plattform der EU-Kommission zur Online-Streitbeilegung: www.ec.europa.eu\/consumers\/odr Registriert bei: und Reg.Nr.:DE5397552407749 &nbsp;<\/p>\n","protected":false},"author":2,"featured_media":0,"parent":0,"menu_order":0,"comment_status":"closed","ping_status":"closed","template":"","meta":{"footnotes":""},"class_list":["post-14833","page","type-page","status-publish","hentry"],"yoast_head":"<!-- This site is optimized with the Yoast SEO plugin v27.0 - https:\/\/yoast.com\/product\/yoast-seo-wordpress\/ -->\n<title>Impressum -<\/title>\n<meta name=\"robots\" content=\"index, follow, max-snippet:-1, max-image-preview:large, max-video-preview:-1\" \/>\n<link rel=\"canonical\" href=\"https:\/\/heisserhamster.de\/waermflasche\/impressum\/\" \/>\n<meta property=\"og:locale\" content=\"de_DE\" \/>\n<meta property=\"og:type\" content=\"article\" \/>\n<meta property=\"og:title\" content=\"Impressum -\" \/>\n<meta property=\"og:description\" content=\"heisser hamster\u00a9 ist ein eingetragenes Warenzeichen der: valut-concepts UG (haftungsbeschr\u00e4nkt) Konsul-Smidtstr.8d Speicher 1, 28217 Bremen Deutschland Gesch\u00e4ftsf\u00fchrer: J\u00f6rg Coblenz post@heisserhamster.de &nbsp; &nbsp; &nbsp; Handelsregister des Amtsgerichts Bremen unter HRB 31199 HB Steueridentifikation USt-IdNr.: DE 305794934 &nbsp; Plattform der EU-Kommission zur Online-Streitbeilegung: www.ec.europa.eu\/consumers\/odr Registriert bei: und Reg.Nr.:DE5397552407749 &nbsp;\" \/>\n<meta property=\"og:url\" content=\"https:\/\/heisserhamster.de\/waermflasche\/impressum\/\" \/>\n<meta property=\"article:modified_time\" content=\"2023-09-05T09:25:20+00:00\" \/>\n<meta property=\"og:image\" content=\"http:\/\/heisserhamster.de\/waermflasche\/wp-content\/uploads\/2017\/03\/du-projekt-logo-300x100.png\" \/>\n<meta name=\"twitter:card\" content=\"summary_large_image\" \/>\n<meta name=\"twitter:label1\" content=\"Gesch\u00e4tzte Lesezeit\" \/>\n\t<meta name=\"twitter:data1\" content=\"1\u00a0Minute\" \/>\n<script type=\"application\/ld+json\" class=\"yoast-schema-graph\">{\"@context\":\"https:\/\/schema.org\",\"@graph\":[{\"@type\":\"WebPage\",\"@id\":\"https:\/\/heisserhamster.de\/waermflasche\/impressum\/\",\"url\":\"https:\/\/heisserhamster.de\/waermflasche\/impressum\/\",\"name\":\"Impressum -\",\"isPartOf\":{\"@id\":\"https:\/\/heisserhamster.de\/waermflasche\/#website\"},\"primaryImageOfPage\":{\"@id\":\"https:\/\/heisserhamster.de\/waermflasche\/impressum\/#primaryimage\"},\"image\":{\"@id\":\"https:\/\/heisserhamster.de\/waermflasche\/impressum\/#primaryimage\"},\"thumbnailUrl\":\"http:\/\/heisserhamster.de\/waermflasche\/wp-content\/uploads\/2017\/03\/du-projekt-logo-300x100.png\",\"datePublished\":\"2017-02-23T08:57:36+00:00\",\"dateModified\":\"2023-09-05T09:25:20+00:00\",\"breadcrumb\":{\"@id\":\"https:\/\/heisserhamster.de\/waermflasche\/impressum\/#breadcrumb\"},\"inLanguage\":\"de\",\"potentialAction\":[{\"@type\":\"ReadAction\",\"target\":[\"https:\/\/heisserhamster.de\/waermflasche\/impressum\/\"]}]},{\"@type\":\"ImageObject\",\"inLanguage\":\"de\",\"@id\":\"https:\/\/heisserhamster.de\/waermflasche\/impressum\/#primaryimage\",\"url\":\"http:\/\/heisserhamster.de\/waermflasche\/wp-content\/uploads\/2017\/03\/du-projekt-logo-300x100.png\",\"contentUrl\":\"http:\/\/heisserhamster.de\/waermflasche\/wp-content\/uploads\/2017\/03\/du-projekt-logo-300x100.png\"},{\"@type\":\"BreadcrumbList\",\"@id\":\"https:\/\/heisserhamster.de\/waermflasche\/impressum\/#breadcrumb\",\"itemListElement\":[{\"@type\":\"ListItem\",\"position\":1,\"name\":\"Startseite\",\"item\":\"https:\/\/heisserhamster.de\/waermflasche\/\"},{\"@type\":\"ListItem\",\"position\":2,\"name\":\"Impressum\"}]},{\"@type\":\"WebSite\",\"@id\":\"https:\/\/heisserhamster.de\/waermflasche\/#website\",\"url\":\"https:\/\/heisserhamster.de\/waermflasche\/\",\"name\":\"\",\"description\":\"\",\"potentialAction\":[{\"@type\":\"SearchAction\",\"target\":{\"@type\":\"EntryPoint\",\"urlTemplate\":\"https:\/\/heisserhamster.de\/waermflasche\/?s={search_term_string}\"},\"query-input\":{\"@type\":\"PropertyValueSpecification\",\"valueRequired\":true,\"valueName\":\"search_term_string\"}}],\"inLanguage\":\"de\"}]}<\/script>\n<!-- \/ Yoast SEO plugin. -->","yoast_head_json":{"title":"Impressum -","robots":{"index":"index","follow":"follow","max-snippet":"max-snippet:-1","max-image-preview":"max-image-preview:large","max-video-preview":"max-video-preview:-1"},"canonical":"https:\/\/heisserhamster.de\/waermflasche\/impressum\/","og_locale":"de_DE","og_type":"article","og_title":"Impressum -","og_description":"heisser hamster\u00a9 ist ein eingetragenes Warenzeichen der: valut-concepts UG (haftungsbeschr\u00e4nkt) Konsul-Smidtstr.8d Speicher 1, 28217 Bremen Deutschland Gesch\u00e4ftsf\u00fchrer: J\u00f6rg Coblenz post@heisserhamster.de &nbsp; &nbsp; &nbsp; Handelsregister des Amtsgerichts Bremen unter HRB 31199 HB Steueridentifikation USt-IdNr.: DE 305794934 &nbsp; Plattform der EU-Kommission zur Online-Streitbeilegung: www.ec.europa.eu\/consumers\/odr Registriert bei: und Reg.Nr.:DE5397552407749 &nbsp;","og_url":"https:\/\/heisserhamster.de\/waermflasche\/impressum\/","article_modified_time":"2023-09-05T09:25:20+00:00","og_image":[{"url":"http:\/\/heisserhamster.de\/waermflasche\/wp-content\/uploads\/2017\/03\/du-projekt-logo-300x100.png","type":"","width":"","height":""}],"twitter_card":"summary_large_image","twitter_misc":{"Gesch\u00e4tzte Lesezeit":"1\u00a0Minute"},"schema":{"@context":"https:\/\/schema.org","@graph":[{"@type":"WebPage","@id":"https:\/\/heisserhamster.de\/waermflasche\/impressum\/","url":"https:\/\/heisserhamster.de\/waermflasche\/impressum\/","name":"Impressum -","isPartOf":{"@id":"https:\/\/heisserhamster.de\/waermflasche\/#website"},"primaryImageOfPage":{"@id":"https:\/\/heisserhamster.de\/waermflasche\/impressum\/#primaryimage"},"image":{"@id":"https:\/\/heisserhamster.de\/waermflasche\/impressum\/#primaryimage"},"thumbnailUrl":"http:\/\/heisserhamster.de\/waermflasche\/wp-content\/uploads\/2017\/03\/du-projekt-logo-300x100.png","datePublished":"2017-02-23T08:57:36+00:00","dateModified":"2023-09-05T09:25:20+00:00","breadcrumb":{"@id":"https:\/\/heisserhamster.de\/waermflasche\/impressum\/#breadcrumb"},"inLanguage":"de","potentialAction":[{"@type":"ReadAction","target":["https:\/\/heisserhamster.de\/waermflasche\/impressum\/"]}]},{"@type":"ImageObject","inLanguage":"de","@id":"https:\/\/heisserhamster.de\/waermflasche\/impressum\/#primaryimage","url":"http:\/\/heisserhamster.de\/waermflasche\/wp-content\/uploads\/2017\/03\/du-projekt-logo-300x100.png","contentUrl":"http:\/\/heisserhamster.de\/waermflasche\/wp-content\/uploads\/2017\/03\/du-projekt-logo-300x100.png"},{"@type":"BreadcrumbList","@id":"https:\/\/heisserhamster.de\/waermflasche\/impressum\/#breadcrumb","itemListElement":[{"@type":"ListItem","position":1,"name":"Startseite","item":"https:\/\/heisserhamster.de\/waermflasche\/"},{"@type":"ListItem","position":2,"name":"Impressum"}]},{"@type":"WebSite","@id":"https:\/\/heisserhamster.de\/waermflasche\/#website","url":"https:\/\/heisserhamster.de\/waermflasche\/","name":"","description":"","potentialAction":[{"@type":"SearchAction","target":{"@type":"EntryPoint","urlTemplate":"https:\/\/heisserhamster.de\/waermflasche\/?s={search_term_string}"},"query-input":{"@type":"PropertyValueSpecification","valueRequired":true,"valueName":"search_term_string"}}],"inLanguage":"de"}]}},"_links":{"self":[{"href":"https:\/\/heisserhamster.de\/waermflasche\/wp-json\/wp\/v2\/pages\/14833","targetHints":{"allow":["GET"]}}],"collection":[{"href":"https:\/\/heisserhamster.de\/waermflasche\/wp-json\/wp\/v2\/pages"}],"about":[{"href":"https:\/\/heisserhamster.de\/waermflasche\/wp-json\/wp\/v2\/types\/page"}],"author":[{"embeddable":true,"href":"https:\/\/heisserhamster.de\/waermflasche\/wp-json\/wp\/v2\/users\/2"}],"replies":[{"embeddable":true,"href":"https:\/\/heisserhamster.de\/waermflasche\/wp-json\/wp\/v2\/comments?post=14833"}],"version-history":[{"count":0,"href":"https:\/\/heisserhamster.de\/waermflasche\/wp-json\/wp\/v2\/pages\/14833\/revisions"}],"wp:attachment":[{"href":"https:\/\/heisserhamster.de\/waermflasche\/wp-json\/wp\/v2\/media?parent=14833"}],"curies":[{"name":"wp","href":"https:\/\/api.w.org\/{rel}","templated":true}]}}