{"id":14831,"date":"2017-02-23T09:55:31","date_gmt":"2017-02-23T08:55:31","guid":{"rendered":"http:\/\/heisserhamster.de\/waermflasche\/?page_id=14831"},"modified":"2025-08-30T17:12:46","modified_gmt":"2025-08-30T15:12:46","slug":"agb","status":"publish","type":"page","link":"https:\/\/heisserhamster.de\/waermflasche\/agb\/","title":{"rendered":"AGB"},"content":{"rendered":"<div>\n<p>heisser hamster\u00a9 ist ein eingetragenes Warenzeichen der valut concepts UG (haftungsbeschr\u00e4nkt), Bremen<\/p>\n<p>\u00a71. GELTUNGSBEREICH<\/p>\n<p>Die nachstehenden allgemeinen Gesch\u00e4ftsbedingungen gelten f\u00fcr alle zwischen der valut concepts UG (haftungsbeschr\u00e4nkt)\u00a0 und dem Besteller zustande kommenden Vertr\u00e4ge in ihrer jeweils zum Zeitpunkt der Bestellung g\u00fcltigen Fassung.<\/p>\n<p>\u00a72. PREISE<\/p>\n<p>Alle Preise verstehen sich in Euro. In den angegebenen Preisen ist die jeweils g\u00fcltige Mehrwertsteuer enthalten. Sonderpreise (Angebot des Monats, etc.) gelten nur, solange der Vorrat reicht. Der Besteller tr\u00e4gt die Kosten der Versendung ab dem Ort der Niederlassung der valut concepts UG (haftungsbeschr\u00e4nkt). Die jeweils anfallenden aktuellen Versandkosten sind unserer Website zu entnehmen.<\/p>\n<p>\u00a73. ANGEBOT, LEISTUNGSBEDINGUNGEN<\/p>\n<p>(1) Die auf dieser Internetseite aufgef\u00fchrten Produkte und Leistungen stellen kein valut concepts UG (haftungsbeschr\u00e4nkt) bindendes Angebot dar; sie stellen eine Aufforderung an den Kunden dar, der valut concepts UG (haftungsbeschr\u00e4nkt) ein verbindliches Angebot zu unterbreiten. (2) Nach Abgabe und Bezahlung seiner Bestellung und damit der Abgabe eines Angebots auf Vertragsschluss erh\u00e4lt der Besteller eine Auftragsbest\u00e4tigung an die von ihm angegebene E-Mail-Adresse zugesandt. Diese stellt die Annahme des Vertrages durch die valut concepts UG (haftungsbeschr\u00e4nkt) und damit den Vertragsschluss dar. (3) Die valut concepts UG (haftungsbeschr\u00e4nkt) \u00fcbernimmt kein Beschaffungsrisiko und ist berechtigt, vom Vertrag zur\u00fcckzutreten, soweit sie trotz des vorherigen Abschlusses eines Kaufvertrages ihrerseits die gekaufte Ware nicht erh\u00e4lt; die Verantwortlichkeit des Verk\u00e4ufers f\u00fcr Vorsatz und Fahrl\u00e4ssigkeit bleibt hiervon unber\u00fchrt. Die valut concepts UG (haftungsbeschr\u00e4nkt) wird den K\u00e4ufer unverz\u00fcglich \u00fcber die nicht rechtzeitige Verf\u00fcgbarkeit der gekauften Ware informieren und, wenn sie zur\u00fccktreten will, das R\u00fccktrittsrecht unverz\u00fcglich aus\u00fcben; valut concepts UG (haftungsbeschr\u00e4nkt) wird dem Besteller im Falle des R\u00fccktritts einen bereits bezahlten Kaufpreis sofort erstatten.<\/p>\n<p>\u00a73 a. PRODUKTBESCHREIBUNG<\/p>\n<p>Die Agentur valut concepts UG (haftungsbeschr\u00e4nkt) produziert unter dem Markennamen &#8220;heisser hamster&#8221; W\u00e4rmflaschenh\u00fcllen die individuell f\u00fcr den Kunden gefertigt werden. Da es sich um individuelle Anfertigungen handelt kann es ggf. zu\u00a0 produktionsbedingten minimalen Abweichungen im Bereich Motivgr\u00f6sse, Materialfarbe und\u00a0 Fadenfarbe kommen.Der Kunde akzeptiert dies mit der Annahme der AGB\u00b4s.<\/p>\n<p>valut concepts UG (haftungsbeschr\u00e4nkt) liefert dazu passende W\u00e4rmflaschen die T\u00dcV gepr\u00fcft sind und der British Standard Norm B.S. 1970:2012 entsprechen.valut concepts UG (haftungsbeschr\u00e4nkt) beh\u00e4lt sich vor Hersteller und Farbe der W\u00e4rmflasche zu w\u00e4hlen wenn vom Kunden nicht audr\u00fccklich in schriftlicher Form anders gew\u00fcnscht und dies von valut concepts UG (haftungsbeschr\u00e4nkt) schriftlich best\u00e4tigt wird.<\/p>\n<p>\u00a73b.Eine Stornierung nach erfolgtem Vertragsschluss ist ausgeschlossen. Erfolgt eine Stornierung auf Kulanz, werden mindestens 30 % des Auftragswerts als Stornogeb\u00fchr f\u00e4llig.\u201c<\/p>\n<p>\u00a74. ZAHLUNGSBEDINGUNGEN<\/p>\n<p>(1) Die Kaufpreiszahlung ist in vollem Umfange unverz\u00fcglich nach Vertragsschluss f\u00e4llig und ist sofort auf das Konto der valut concepts UG (haftungsbeschr\u00e4nkt) zu zahlen. Die Zahlung der Waren erfolgt per Vorkasse d.h. \u00dcberweisung des Gesamtbetrages (errechnet aus dem angegebenen Kaufpreis zuz\u00fcglich der anfallenden Versandkosten) auf das Konto der valut concepts UG (haftungsbeschr\u00e4nkt): Konto: valut concepts UG (haftungsbeschr\u00e4nkt) Kontonummer: DE30 2415 1235\u00a0<strong>1410 2650 27<\/strong> Sparkasse Rotenburg Osterholz. Ohne Angabe einer korrekten Bestellnummer kann diese der Zahlung nicht zugeordnet werden. Bitte daher stets angeben. F\u00fcr \u00dcberweisungen aus dem Ausland: BIC (SWIFT): BRLADE21ROB, IBAN: DE30 2415 1235 <strong>1410 2650 27<\/strong> (2) F\u00fcr den Fall, dass der Besteller mit der Zahlung des Kaufpreises in Verzug ger\u00e4t, kann die valut concepts UG (haftungsbeschr\u00e4nkt) die Zahlung von Verzugszinsen in H\u00f6he von f\u00fcnf Prozentpunkten \u00fcber dem jeweils geltenden Basiszinssatz pro Jahr verlangen. (3) Kommt es im Rahmen der Zahlungsabwicklung zu einer vom Kunden zu vertretenden R\u00fccklastschrift oder Fehl\u00fcberweisung, hat der Nutzer die hierbei entstehenden zus\u00e4tzlichen Kosten in H\u00f6he von 10 EUR zu ersetzen, es sei denn der Nutzer weist einen geringeren Schaden nach. (4) Ferner akzeptiert die valut concepts UG (haftungsbeschr\u00e4nkt) Gutschriften auf dem PayPal-Konto der valut concepts UG (haftungsbeschr\u00e4nkt) erf\u00fcllungshalber (\u00a7 364 II BGB) (Anbieter ist PayPal (Europe) S.\u00e0 r.l. &amp; Cie, S.C.A., 5. Etage, 22-24 Boulevard Royal, L-2449, Luxemburg). Die Vertragsbeziehungen zwischen PayPal und seinen Kunden richten sich ausschlie\u00dflich nach den Nutzungsbedingungen von PayPal. (5) Ferner erlaubt die valut concepts UG (haftungsbeschr\u00e4nkt) das Einl\u00f6sen von ihr selbst herausgegebenen Gutscheinen. Pro Bestellung kann nur ein Gutschein eingel\u00f6st werden. Die Auszahlung des Gutscheinbetrages ist nicht m\u00f6glich.<\/p>\n<p>\u00a75. M\u00c4NGELHAFTUNG<\/p>\n<p>(1) Im Falle eines Mangels gelten die gesetzlichen Vorschriften. (2) Die valut concepts UG (haftungsbeschr\u00e4nkt) \u00fcbernimmt insbesondere keine Gew\u00e4hr f\u00fcr M\u00e4ngel die durch eine fehlerhafte Anwendung der gelieferten Produkte durch den Besteller entstanden sind. Zwischen der Vorschau der Produkte am Bildschirm und der Lieferung kann es technisch bedingt zu Farbabweichungen oder sonstigen Abweichungen kommen. (3) Der Besteller soll zur Vermeidung von Nachteilen offensichtliche M\u00e4ngel unverz\u00fcglich gegen\u00fcber der valut concepts UG (haftungsbeschr\u00e4nkt) schriftlich oder in Textform (z.B. E-Mail) innerhalb von 5 Arbeitstagen anzeigen.<\/p>\n<p>\u00a76 EIGENTUMSVORBEHALT<\/p>\n<p>S\u00e4mtliche Waren bleiben bis zur vollst\u00e4ndigen Bezahlung Eigentum der valut concepts UG (haftungsbeschr\u00e4nkt).<\/p>\n<p>\u00a77 HAFTUNGSBESCHR\u00c4NKUNG<\/p>\n<p>(1) F\u00fcr Sch\u00e4den, die durch die valut concepts UG (haftungsbeschr\u00e4nkt) oder durch dessen gesetzlichen Vertreter, leitende Angestellte oder einfache Erf\u00fcllungsgehilfen vors\u00e4tzlich oder grob fahrl\u00e4ssig verursacht wurde, haftet die valut concepts UG (haftungsbeschr\u00e4nkt) unbeschr\u00e4nkt. (2) In F\u00e4llen der leicht fahrl\u00e4ssigen Verletzung von nur unwesentlichen Vertragspflichten haftet die valut concepts UG (haftungsbeschr\u00e4nkt) nicht. Im \u00dcbrigen ist die Haftung der valut concepts UG (haftungsbeschr\u00e4nkt) f\u00fcr leicht fahrl\u00e4ssig verursachte Sch\u00e4den auf die diejenigen Sch\u00e4den beschr\u00e4nkt, mit deren Entstehung im Rahmen des jeweiligen Vertragsverh\u00e4ltnisses typischerweise gerechnet werden muss (vertragstypisch vorhersehbare Sch\u00e4den). Dies gilt auch bei leicht fahrl\u00e4ssigen Pflichtverletzungen der gesetzlichen Vertreter, leitenden Angestellten bzw. einfachen Erf\u00fcllungsgehilfen der valut concepts UG (haftungsbeschr\u00e4nkt). (3) Die vorstehende Haftungsbeschr\u00e4nkung gilt nicht im Falle von Arglist, im Falle von K\u00f6rper- bzw. Personensch\u00e4den, f\u00fcr die Verletzung von Garantien sowie f\u00fcr Anspr\u00fcche aus Produkthaftung.<\/p>\n<p>\u00a78 WIDERRUFSBELEHRUNG<\/p>\n<p>Nach \u00a7 312 Abs. 4 Nr. 1 BGB besteht ein Widerrufsrecht nicht bei Fernabsatzvertr\u00e4gen zur Lieferung von Waren, die nach Kundenspezifikation angefertigt werden oder eindeutig auf die pers\u00f6nlichen Bed\u00fcrfnisse zugeschnitten. Wir weisen darauf hin, dass die Produkte grunds\u00e4tzlich speziell und individuell nach Kundenwunsch angefertigt werden. Ein Widerrufsrecht besteht daher regelm\u00e4\u00dfig nicht. Dieser Ausschluss des Widerrufsrecht gilt nicht, wenn der Kunde nicht auf Kundenwunsch gefertigte Produkte bei der valut concepts UG (haftungsbeschr\u00e4nkt) bestellt. In diesem Fall gilt folgende Widerrufsbelehrung: Widerrufsrecht Der Kunde der valut concepts UG (haftungsbeschr\u00e4nkt) kann die Vertragserkl\u00e4rung binnen vierzehn Tagen ohne Angabe von Gr\u00fcnden in Textform (z.B. Brief, Fax, E-Mail) oder &#8211; wenn die Sache vor Fristablauf \u00fcberlassen wurde &#8211; durch R\u00fccksendung der Sache widerrufen. Die Frist beginnt nach Erhalt dieser Belehrung in Textform, jedoch nicht vor Eingang der Ware beim Empf\u00e4nger und auch nicht vor Erf\u00fcllung der Informationspflichten der valut concepts UG (haftungsbeschr\u00e4nkt) gem\u00e4\u00df \u00a7 312 c Abs. 2 BGB in Verbindung mit \u00a7 1 Abs.1, 2 und 4 BGB &#8211; InfoV sowie der Pflichten der valut concepts UG (haftungsbeschr\u00e4nkt) gem\u00e4\u00df \u00a7 312 e Abs. 1 Satz 1 BGB in Verbindung mit \u00a7 3 BGB InfoV. Zur Wahrung der Widerrufsfrist gen\u00fcgt die rechtzeitige Absendung des Widerrufes oder der Sache. Der Widerruf ist zu richten an: valut concepts UG (haftungsbeschr\u00e4nkt) Konsul Smidtstr.8d 28217 Bremen E-Mail Adresse: post@valut-concepts.de. Widerrufsfolgen Im Fall eines wirksamen Widerrufs sind die beiderseits empfangenen Leistungen zur\u00fcckzugew\u00e4hren und ggf. gezogene Nutzungen (z.B. Zinsen) herauszugeben. Kann der Kunde die empfangene Leistung ganz oder teilweise nicht oder nur in verschlechtertem Zustand zur\u00fcckgew\u00e4hren, muss dieser der valut concepts UG (haftungsbeschr\u00e4nkt) insoweit ggf. Wertersatz leisten. Bei der \u00dcberlassung von Sachen gilt dies nicht, wenn die Verschlechterung der Sache ausschlie\u00dflich auf deren Pr\u00fcfung &#8211; wie sie dem Kunden beispielsweise im Ladengesch\u00e4ft m\u00f6glich gewesen w\u00e4re &#8211; zur\u00fcckzuf\u00fchren ist. F\u00fcr eine durch die bestimmungsgem\u00e4\u00dfe Ingebrauchnahme der Sache entstandene Verschlechterung m\u00fcssen Sie keinen Wertersatz leisten. Paketversandf\u00e4hige Sachen sind auf Gefahr der valut concepts UG (haftungsbeschr\u00e4nkt) zur\u00fcckzusenden. Der Kunde hat die Kosten der R\u00fccksendung zu tragen, wenn die gelieferte Ware der bestellten entspricht und wenn der Preis der zur\u00fcckzusendenden Sache einen Betrag von 40 \u20ac nicht \u00fcbersteigt oder wenn der Kunde bei einem h\u00f6heren Preis der Sache zum Zeitpunkt des Widerrufes noch nicht die Gegenleistung oder eine vertraglich vereinbarte Teilzahlung erbracht hat. Andernfalls ist die R\u00fccksendung f\u00fcr den Kunden kostenfrei. Nicht paketversandf\u00e4hige Sachen werden beim Kunden abgeholt. Verpflichtungen zur Erstattung von Zahlungen m\u00fcssen innerhalb von 30 Tagen erf\u00fcllt werden. Die Frist beginnt f\u00fcr den Kunden mit der Absendung seiner Widerrufserkl\u00e4rung oder der Sache f\u00fcr die valut concepts UG (haftungsbeschr\u00e4nkt) mit deren Empfang. Ende der Widerrufsbelehrung<\/p>\n<p>\u00a79 AUSLANDSBESTELLUNGEN<\/p>\n<p>Die valut concepts UG (haftungsbeschr\u00e4nkt) versendet auch nach \u00d6sterreich und in die Schweiz. In das restliche europ\u00e4ische Ausland kann ebenfalls versandt werden. Ggf. anfallende Zusatzgeb\u00fchren und\/oder Zollgeb\u00fchren gehen zu Lasten des Bestellers.<\/p>\n<p>\u00a710 LIEFERUNG, VERSAND<\/p>\n<p>(1) Die Lieferung erfolgt durch Versand der Waren an die vom Kunden angegebene Versandadresse. (2) Der Versand von Gutscheinen erfolgt kostenlos per E-Mail. (3) Die Produktion der Produkte erfolgt nach Zahlungseingang auf dem angegebenen Konto der valut concepts UG (haftungsbeschr\u00e4nkt) oder ihrem PayPal-Konto gem\u00e4\u00df \u00a74 dieser AGB. (4) Ist der Kunde Verbraucher im Sinne des \u00a7 13 BGB, so tr\u00e4gt die valut concepts UG (haftungsbeschr\u00e4nkt) das Versandrisiko unabh\u00e4ngig von einer im Einzelfall gew\u00e4hlten Versandart. Tritt der Kunde nicht als Verbraucher auf, kann versicherter Versand auf Anfrage vereinbart werden. (5) Gesch\u00e4ftskunden, H\u00e4ndler und Gro\u00dfh\u00e4ndler sind dazu angehalten, die Bestellung im Vorhinein mit der valut concepts UG (haftungsbeschr\u00e4nkt) abzusprechen. (6) Hinweis zur Verordnung \u00fcber die Vermeidung und Verwertung von Verpackungsabf\u00e4llen: Als Hersteller und Vertreiber bzw. Gewerbetreibender muss die valut concepts UG (haftungsbeschr\u00e4nkt) Verpackungen, wenn sie ihren Zweck erf\u00fcllt haben, zur\u00fccknehmen und einer umweltgerechten Verwertung zuf\u00fchren. Die valut concepts UG (haftungsbeschr\u00e4nkt) nennt ihren Kunden gern eine \u00f6ffentliche R\u00fccknahmestelle in zumutbarer Entfernung zur kostenlosen Entsorgung. Sollte dem Kunden keine derartige Stelle zur Verf\u00fcgung stehen, kann die Verpackung kostenfrei (unfrei) an die valut concepts UG (haftungsbeschr\u00e4nkt), Konsul Smidtstr.8 d, 28217 Bremen, zur\u00fcckgesendet werden, damit diese einer umweltgerechten Verwertung zugef\u00fchrt werden kann. (7) Die valut concepts UG (haftungsbeschr\u00e4nkt) gibt keine verbindlichen Liefertermine an. Die unverbindliche Lieferzeit betr\u00e4gt in aller Regel zwischen 5 und 7 Werktagen nach Produktionsbeginn. (8) Die Lieferung erfolgt an die vom Kunden in seinem Kundenkonto hinterlegte Lieferadresse. (9) <span class=\"st\">Lieferungen erfolgen nur<strong><em>\u00a0einmalig<\/em><\/strong>\u00a0je Bestellung<\/span>. Weitere Anlieferungen und Anlieferungsversuche der gleichen Bestellung sind kostenpflichtig. Wir behalten uns vor, durch falsche Adressangaben (z. B. fehlende Hausnummer, falsche PLZ, Angabe einer Packstation) entstandene R\u00fccksendekosten in Rechnung zu stellen.<\/p>\n<p><span style=\"color: #ff0000;\">Hinweis: Sollte die Produktion durch einen aktuellen Corona-Virus SARS-CoV-2 Ausbruch eingeschr\u00e4nkt werden, behalten wir uns vor, abgestimmte und best\u00e4tige Termine nicht einhalten zu k\u00f6nnen. Hierzu bedarf es einer gesonderten Absprache.<\/span><\/p>\n<p>(10) valut concepts UG (haftungsbeschr\u00e4nkt) haftet nicht f\u00fcr eine durch den Packetdienstleister verursachten Fehllieferung oder Versp\u00e4tung der bestellten Ware (11) Die Fertigung und Lieferung erfolgt ausdr\u00fccklich erst nach Zahlungseingang des Gesamtbetrages auf dem unter \u00a74 angegebenen Konto oder bei Gutschriften im Sinne von \u00a72, \u00a75 und \u00a76 dieser AGB.<\/p>\n<p>\u00a711 AUFRECHNUNGBESCHR\u00c4NKUNG<\/p>\n<p>Das Recht zur Aufrechnung steht dem Besteller nur zu, wenn seine Gegenanspr\u00fcche rechtskr\u00e4ftig festgestellt oder von der valut concepts UG (haftungsbeschr\u00e4nkt) anerkannt sind.<\/p>\n<p>\u00a712 ERF\u00dcLLUNGSORT, GERICHTSSTAND UND ANWENDBARES RECHT<\/p>\n<p>(1) Es gilt deutsches Recht unter Ausschluss des UN-Kaufrechts. Bei Vertr\u00e4gen mit Kaufleuten, mit juristischen Personen des \u00f6ffentlichen Rechts oder \u00f6ffentlich-rechtlichem Sonderverm\u00f6gen wird als ausschlie\u00dflicher Gerichtsstand f\u00fcr alle aus der Gesch\u00e4ftsbeziehung sich ergebenden Rechtsstreitigkeiten, einschlie\u00dflich Wechsel- und Scheckklagen, der Sitz der valut concepts UG (haftungsbeschr\u00e4nkt) vereinbart.<\/p>\n<p>\u00a713 SALVATORISCHE KLAUSEL<\/p>\n<p>Sofern eine Bestimmung dieser AGB unwirksam ist, bleiben die \u00fcbrigen Bestimmungen davon unber\u00fchrt.<\/p>\n<p>AGB der valut concepts UG (haftungsbeschr\u00e4nkt) Konsul Smidstr.8d, D-28217 Bremen Tel.: +49 (0421) 5785886\u00a0 USt-IdNr.: DE305794934<\/p>\n<p>Stand 14.03.2016, eingetragen im Handelsregister des Amtsgerichts Bremen unter HRB 31199 HB<\/p>\n<p>&nbsp;<\/p>\n<\/div>\n<hr class=\"Separator\" \/>\n","protected":false},"excerpt":{"rendered":"<p>heisser hamster\u00a9 ist ein eingetragenes Warenzeichen der valut concepts UG (haftungsbeschr\u00e4nkt), Bremen \u00a71. GELTUNGSBEREICH Die nachstehenden allgemeinen Gesch\u00e4ftsbedingungen gelten f\u00fcr alle zwischen der valut concepts UG (haftungsbeschr\u00e4nkt)\u00a0 und dem Besteller zustande kommenden Vertr\u00e4ge in ihrer jeweils zum Zeitpunkt der Bestellung g\u00fcltigen Fassung. \u00a72. PREISE Alle Preise verstehen sich in Euro. In den angegebenen Preisen ist die jeweils g\u00fcltige Mehrwertsteuer enthalten. [&hellip;]<\/p>\n","protected":false},"author":2,"featured_media":0,"parent":0,"menu_order":0,"comment_status":"closed","ping_status":"closed","template":"","meta":{"footnotes":""},"class_list":["post-14831","page","type-page","status-publish","hentry"],"yoast_head":"<!-- This site is optimized with the Yoast SEO plugin v27.0 - https:\/\/yoast.com\/product\/yoast-seo-wordpress\/ -->\n<title>AGB -<\/title>\n<meta name=\"robots\" content=\"index, follow, max-snippet:-1, max-image-preview:large, max-video-preview:-1\" \/>\n<link rel=\"canonical\" href=\"https:\/\/heisserhamster.de\/waermflasche\/agb\/\" \/>\n<meta property=\"og:locale\" content=\"de_DE\" \/>\n<meta property=\"og:type\" content=\"article\" \/>\n<meta property=\"og:title\" content=\"AGB -\" \/>\n<meta property=\"og:description\" content=\"heisser hamster\u00a9 ist ein eingetragenes Warenzeichen der valut concepts UG (haftungsbeschr\u00e4nkt), Bremen \u00a71. GELTUNGSBEREICH Die nachstehenden allgemeinen Gesch\u00e4ftsbedingungen gelten f\u00fcr alle zwischen der valut concepts UG (haftungsbeschr\u00e4nkt)\u00a0 und dem Besteller zustande kommenden Vertr\u00e4ge in ihrer jeweils zum Zeitpunkt der Bestellung g\u00fcltigen Fassung. \u00a72. PREISE Alle Preise verstehen sich in Euro. In den angegebenen Preisen ist die jeweils g\u00fcltige Mehrwertsteuer enthalten. [&hellip;]\" \/>\n<meta property=\"og:url\" content=\"https:\/\/heisserhamster.de\/waermflasche\/agb\/\" \/>\n<meta property=\"article:modified_time\" content=\"2025-08-30T15:12:46+00:00\" \/>\n<meta name=\"twitter:card\" content=\"summary_large_image\" \/>\n<meta name=\"twitter:label1\" content=\"Gesch\u00e4tzte Lesezeit\" \/>\n\t<meta name=\"twitter:data1\" content=\"11\u00a0Minuten\" \/>\n<script type=\"application\/ld+json\" class=\"yoast-schema-graph\">{\"@context\":\"https:\/\/schema.org\",\"@graph\":[{\"@type\":\"WebPage\",\"@id\":\"https:\/\/heisserhamster.de\/waermflasche\/agb\/\",\"url\":\"https:\/\/heisserhamster.de\/waermflasche\/agb\/\",\"name\":\"AGB -\",\"isPartOf\":{\"@id\":\"https:\/\/heisserhamster.de\/waermflasche\/#website\"},\"datePublished\":\"2017-02-23T08:55:31+00:00\",\"dateModified\":\"2025-08-30T15:12:46+00:00\",\"breadcrumb\":{\"@id\":\"https:\/\/heisserhamster.de\/waermflasche\/agb\/#breadcrumb\"},\"inLanguage\":\"de\",\"potentialAction\":[{\"@type\":\"ReadAction\",\"target\":[\"https:\/\/heisserhamster.de\/waermflasche\/agb\/\"]}]},{\"@type\":\"BreadcrumbList\",\"@id\":\"https:\/\/heisserhamster.de\/waermflasche\/agb\/#breadcrumb\",\"itemListElement\":[{\"@type\":\"ListItem\",\"position\":1,\"name\":\"Startseite\",\"item\":\"https:\/\/heisserhamster.de\/waermflasche\/\"},{\"@type\":\"ListItem\",\"position\":2,\"name\":\"AGB\"}]},{\"@type\":\"WebSite\",\"@id\":\"https:\/\/heisserhamster.de\/waermflasche\/#website\",\"url\":\"https:\/\/heisserhamster.de\/waermflasche\/\",\"name\":\"\",\"description\":\"\",\"potentialAction\":[{\"@type\":\"SearchAction\",\"target\":{\"@type\":\"EntryPoint\",\"urlTemplate\":\"https:\/\/heisserhamster.de\/waermflasche\/?s={search_term_string}\"},\"query-input\":{\"@type\":\"PropertyValueSpecification\",\"valueRequired\":true,\"valueName\":\"search_term_string\"}}],\"inLanguage\":\"de\"}]}<\/script>\n<!-- \/ Yoast SEO plugin. -->","yoast_head_json":{"title":"AGB -","robots":{"index":"index","follow":"follow","max-snippet":"max-snippet:-1","max-image-preview":"max-image-preview:large","max-video-preview":"max-video-preview:-1"},"canonical":"https:\/\/heisserhamster.de\/waermflasche\/agb\/","og_locale":"de_DE","og_type":"article","og_title":"AGB -","og_description":"heisser hamster\u00a9 ist ein eingetragenes Warenzeichen der valut concepts UG (haftungsbeschr\u00e4nkt), Bremen \u00a71. GELTUNGSBEREICH Die nachstehenden allgemeinen Gesch\u00e4ftsbedingungen gelten f\u00fcr alle zwischen der valut concepts UG (haftungsbeschr\u00e4nkt)\u00a0 und dem Besteller zustande kommenden Vertr\u00e4ge in ihrer jeweils zum Zeitpunkt der Bestellung g\u00fcltigen Fassung. \u00a72. PREISE Alle Preise verstehen sich in Euro. In den angegebenen Preisen ist die jeweils g\u00fcltige Mehrwertsteuer enthalten. [&hellip;]","og_url":"https:\/\/heisserhamster.de\/waermflasche\/agb\/","article_modified_time":"2025-08-30T15:12:46+00:00","twitter_card":"summary_large_image","twitter_misc":{"Gesch\u00e4tzte Lesezeit":"11\u00a0Minuten"},"schema":{"@context":"https:\/\/schema.org","@graph":[{"@type":"WebPage","@id":"https:\/\/heisserhamster.de\/waermflasche\/agb\/","url":"https:\/\/heisserhamster.de\/waermflasche\/agb\/","name":"AGB -","isPartOf":{"@id":"https:\/\/heisserhamster.de\/waermflasche\/#website"},"datePublished":"2017-02-23T08:55:31+00:00","dateModified":"2025-08-30T15:12:46+00:00","breadcrumb":{"@id":"https:\/\/heisserhamster.de\/waermflasche\/agb\/#breadcrumb"},"inLanguage":"de","potentialAction":[{"@type":"ReadAction","target":["https:\/\/heisserhamster.de\/waermflasche\/agb\/"]}]},{"@type":"BreadcrumbList","@id":"https:\/\/heisserhamster.de\/waermflasche\/agb\/#breadcrumb","itemListElement":[{"@type":"ListItem","position":1,"name":"Startseite","item":"https:\/\/heisserhamster.de\/waermflasche\/"},{"@type":"ListItem","position":2,"name":"AGB"}]},{"@type":"WebSite","@id":"https:\/\/heisserhamster.de\/waermflasche\/#website","url":"https:\/\/heisserhamster.de\/waermflasche\/","name":"","description":"","potentialAction":[{"@type":"SearchAction","target":{"@type":"EntryPoint","urlTemplate":"https:\/\/heisserhamster.de\/waermflasche\/?s={search_term_string}"},"query-input":{"@type":"PropertyValueSpecification","valueRequired":true,"valueName":"search_term_string"}}],"inLanguage":"de"}]}},"_links":{"self":[{"href":"https:\/\/heisserhamster.de\/waermflasche\/wp-json\/wp\/v2\/pages\/14831","targetHints":{"allow":["GET"]}}],"collection":[{"href":"https:\/\/heisserhamster.de\/waermflasche\/wp-json\/wp\/v2\/pages"}],"about":[{"href":"https:\/\/heisserhamster.de\/waermflasche\/wp-json\/wp\/v2\/types\/page"}],"author":[{"embeddable":true,"href":"https:\/\/heisserhamster.de\/waermflasche\/wp-json\/wp\/v2\/users\/2"}],"replies":[{"embeddable":true,"href":"https:\/\/heisserhamster.de\/waermflasche\/wp-json\/wp\/v2\/comments?post=14831"}],"version-history":[{"count":0,"href":"https:\/\/heisserhamster.de\/waermflasche\/wp-json\/wp\/v2\/pages\/14831\/revisions"}],"wp:attachment":[{"href":"https:\/\/heisserhamster.de\/waermflasche\/wp-json\/wp\/v2\/media?parent=14831"}],"curies":[{"name":"wp","href":"https:\/\/api.w.org\/{rel}","templated":true}]}}