{"id":14700,"date":"2017-02-22T11:01:50","date_gmt":"2017-02-22T10:01:50","guid":{"rendered":"http:\/\/heisserhamster.de\/waermflasche\/?page_id=14700"},"modified":"2021-08-13T15:33:44","modified_gmt":"2021-08-13T13:33:44","slug":"ueber-uns","status":"publish","type":"page","link":"https:\/\/heisserhamster.de\/waermflasche\/ueber-uns\/","title":{"rendered":"\u00dcber uns"},"content":{"rendered":"<p>[spb_image_banner image=&#8221;17141&#8243; image_size=&#8221;full&#8221; content_pos=&#8221;left&#8221; content_textalign=&#8221;left&#8221; animation=&#8221;none&#8221; animation_delay=&#8221;200&#8243; link_target=&#8221;_self&#8221; width=&#8221;1\/1&#8243; el_position=&#8221;first last&#8221;][\/spb_image_banner] [spb_blank_spacer height=&#8221;30px&#8221; width=&#8221;1\/1&#8243; el_position=&#8221;first last&#8221;] [spb_text_block animation=&#8221;none&#8221; animation_delay=&#8221;0&#8243; simplified_controls=&#8221;yes&#8221; custom_css_percentage=&#8221;no&#8221; padding_vertical=&#8221;0&#8243; padding_horizontal=&#8221;0&#8243; margin_vertical=&#8221;0&#8243; custom_css=&#8221;margin-top: 0px;margin-bottom: 0px;&#8221; border_size=&#8221;0&#8243; border_styling_global=&#8221;default&#8221; width=&#8221;1\/1&#8243; el_position=&#8221;first last&#8221;]<\/p>\n<h2>DIE W\u00c4RMFLASCHEN-MANUFAKTUR<\/h2>\n<h3>Willkommen bei heisser hamster !<\/h3>\n<p>&nbsp;<\/p>\n<h3>Wir entwerfen und fertigen seit 2011 W\u00e4rmflaschen die erst nach Bestellung speziell f\u00fcr Dich mit Deinem Motiv oder Deiner eigenen Idee gefertigt und individuell bestickt werden.<\/h3>\n<h3>Jede W\u00e4rmflasche und deren Motiv wird von uns sorgf\u00e4ltig und in Handarbeit in Deutschland gefertigt.<\/h3>\n<p>&nbsp;<\/p>\n<div>\n<h3>Sei kreativ ! und gestalte Dir Deine individuelle W\u00e4rmflasche mit unserer Hilfe oder unserem W\u00e4rmflaschen \u2013 Designer.<\/h3>\n<h3>In ganz einfachen Schritten kannst Du Deine pers\u00f6nliche W\u00e4rmflasche selbst gestalten und zuschauen wie aus Deiner Idee ein tolles Unikat wird.<\/h3>\n<p>&nbsp;<\/p>\n<\/div>\n<h3>Hast Du Fragen besondere W\u00fcnsche, Vorstellungen oder Anregungen?<\/h3>\n<h3><a href=\"https:\/\/heisserhamster.de\/waermflasche\/kontakt\/\">Dann schreib uns! \ud83d\udce9<\/a><\/h3>\n<p>&nbsp;<\/p>\n<div>\n<h3>Wir w\u00fcnschen Dir viel Spa\u00df !<\/h3>\n<h3>Von gl\u00fccklichen Menschen in liebevoller Handarbeit f\u00fcr Dich gefertigt.<\/h3>\n<p>&nbsp;<\/p>\n<h2><a href=\"https:\/\/youtu.be\/4ksAPyDeAHE\" target=\"_blank\" rel=\"noopener\">\u2026 <\/a><i><a href=\"https:\/\/youtu.be\/4ksAPyDeAHE\" target=\"_blank\" rel=\"noopener\">der absolute Warmsinn<\/a>!<\/i><\/h2>\n<\/div>\n<p>[\/spb_text_block]<\/p>\n","protected":false},"excerpt":{"rendered":"<p>[spb_image_banner image=&#8221;17141&#8243; image_size=&#8221;full&#8221; content_pos=&#8221;left&#8221; content_textalign=&#8221;left&#8221; animation=&#8221;none&#8221; animation_delay=&#8221;200&#8243; link_target=&#8221;_self&#8221; width=&#8221;1\/1&#8243; el_position=&#8221;first last&#8221;][\/spb_image_banner] [spb_blank_spacer height=&#8221;30px&#8221; width=&#8221;1\/1&#8243; el_position=&#8221;first last&#8221;] [spb_text_block animation=&#8221;none&#8221; animation_delay=&#8221;0&#8243; simplified_controls=&#8221;yes&#8221; custom_css_percentage=&#8221;no&#8221; padding_vertical=&#8221;0&#8243; padding_horizontal=&#8221;0&#8243; margin_vertical=&#8221;0&#8243; custom_css=&#8221;margin-top: 0px;margin-bottom: 0px;&#8221; border_size=&#8221;0&#8243; border_styling_global=&#8221;default&#8221; width=&#8221;1\/1&#8243; el_position=&#8221;first last&#8221;] DIE W\u00c4RMFLASCHEN-MANUFAKTUR Willkommen bei heisser hamster ! &nbsp; Wir entwerfen und fertigen seit 2011 W\u00e4rmflaschen die erst nach Bestellung speziell f\u00fcr Dich mit Deinem Motiv oder Deiner eigenen [&hellip;]<\/p>\n","protected":false},"author":2,"featured_media":0,"parent":0,"menu_order":0,"comment_status":"closed","ping_status":"closed","template":"","meta":{"footnotes":""},"class_list":["post-14700","page","type-page","status-publish","hentry"],"yoast_head":"<!-- This site is optimized with the Yoast SEO plugin v27.0 - https:\/\/yoast.com\/product\/yoast-seo-wordpress\/ -->\n<title>\u00dcber uns -<\/title>\n<meta name=\"robots\" content=\"index, follow, max-snippet:-1, max-image-preview:large, max-video-preview:-1\" \/>\n<link rel=\"canonical\" href=\"https:\/\/heisserhamster.de\/waermflasche\/ueber-uns\/\" \/>\n<meta property=\"og:locale\" content=\"de_DE\" \/>\n<meta property=\"og:type\" content=\"article\" \/>\n<meta property=\"og:title\" content=\"\u00dcber uns -\" \/>\n<meta property=\"og:description\" content=\"[spb_image_banner image=&#8221;17141&#8243; image_size=&#8221;full&#8221; content_pos=&#8221;left&#8221; content_textalign=&#8221;left&#8221; animation=&#8221;none&#8221; animation_delay=&#8221;200&#8243; link_target=&#8221;_self&#8221; width=&#8221;1\/1&#8243; el_position=&#8221;first last&#8221;][\/spb_image_banner] [spb_blank_spacer height=&#8221;30px&#8221; width=&#8221;1\/1&#8243; el_position=&#8221;first last&#8221;] [spb_text_block animation=&#8221;none&#8221; animation_delay=&#8221;0&#8243; simplified_controls=&#8221;yes&#8221; custom_css_percentage=&#8221;no&#8221; padding_vertical=&#8221;0&#8243; padding_horizontal=&#8221;0&#8243; margin_vertical=&#8221;0&#8243; custom_css=&#8221;margin-top: 0px;margin-bottom: 0px;&#8221; border_size=&#8221;0&#8243; border_styling_global=&#8221;default&#8221; width=&#8221;1\/1&#8243; el_position=&#8221;first last&#8221;] DIE W\u00c4RMFLASCHEN-MANUFAKTUR Willkommen bei heisser hamster ! &nbsp; Wir entwerfen und fertigen seit 2011 W\u00e4rmflaschen die erst nach Bestellung speziell f\u00fcr Dich mit Deinem Motiv oder Deiner eigenen [&hellip;]\" \/>\n<meta property=\"og:url\" content=\"https:\/\/heisserhamster.de\/waermflasche\/ueber-uns\/\" \/>\n<meta property=\"article:modified_time\" content=\"2021-08-13T13:33:44+00:00\" \/>\n<meta name=\"twitter:card\" content=\"summary_large_image\" \/>\n<meta name=\"twitter:label1\" content=\"Gesch\u00e4tzte Lesezeit\" \/>\n\t<meta name=\"twitter:data1\" content=\"1\u00a0Minute\" \/>\n<script type=\"application\/ld+json\" class=\"yoast-schema-graph\">{\"@context\":\"https:\/\/schema.org\",\"@graph\":[{\"@type\":\"WebPage\",\"@id\":\"https:\/\/heisserhamster.de\/waermflasche\/ueber-uns\/\",\"url\":\"https:\/\/heisserhamster.de\/waermflasche\/ueber-uns\/\",\"name\":\"\u00dcber uns -\",\"isPartOf\":{\"@id\":\"https:\/\/heisserhamster.de\/waermflasche\/#website\"},\"datePublished\":\"2017-02-22T10:01:50+00:00\",\"dateModified\":\"2021-08-13T13:33:44+00:00\",\"breadcrumb\":{\"@id\":\"https:\/\/heisserhamster.de\/waermflasche\/ueber-uns\/#breadcrumb\"},\"inLanguage\":\"de\",\"potentialAction\":[{\"@type\":\"ReadAction\",\"target\":[\"https:\/\/heisserhamster.de\/waermflasche\/ueber-uns\/\"]}]},{\"@type\":\"BreadcrumbList\",\"@id\":\"https:\/\/heisserhamster.de\/waermflasche\/ueber-uns\/#breadcrumb\",\"itemListElement\":[{\"@type\":\"ListItem\",\"position\":1,\"name\":\"Startseite\",\"item\":\"https:\/\/heisserhamster.de\/waermflasche\/\"},{\"@type\":\"ListItem\",\"position\":2,\"name\":\"\u00dcber uns\"}]},{\"@type\":\"WebSite\",\"@id\":\"https:\/\/heisserhamster.de\/waermflasche\/#website\",\"url\":\"https:\/\/heisserhamster.de\/waermflasche\/\",\"name\":\"\",\"description\":\"\",\"potentialAction\":[{\"@type\":\"SearchAction\",\"target\":{\"@type\":\"EntryPoint\",\"urlTemplate\":\"https:\/\/heisserhamster.de\/waermflasche\/?s={search_term_string}\"},\"query-input\":{\"@type\":\"PropertyValueSpecification\",\"valueRequired\":true,\"valueName\":\"search_term_string\"}}],\"inLanguage\":\"de\"}]}<\/script>\n<!-- \/ Yoast SEO plugin. -->","yoast_head_json":{"title":"\u00dcber uns -","robots":{"index":"index","follow":"follow","max-snippet":"max-snippet:-1","max-image-preview":"max-image-preview:large","max-video-preview":"max-video-preview:-1"},"canonical":"https:\/\/heisserhamster.de\/waermflasche\/ueber-uns\/","og_locale":"de_DE","og_type":"article","og_title":"\u00dcber uns -","og_description":"[spb_image_banner image=&#8221;17141&#8243; image_size=&#8221;full&#8221; content_pos=&#8221;left&#8221; content_textalign=&#8221;left&#8221; animation=&#8221;none&#8221; animation_delay=&#8221;200&#8243; link_target=&#8221;_self&#8221; width=&#8221;1\/1&#8243; el_position=&#8221;first last&#8221;][\/spb_image_banner] [spb_blank_spacer height=&#8221;30px&#8221; width=&#8221;1\/1&#8243; el_position=&#8221;first last&#8221;] [spb_text_block animation=&#8221;none&#8221; animation_delay=&#8221;0&#8243; simplified_controls=&#8221;yes&#8221; custom_css_percentage=&#8221;no&#8221; padding_vertical=&#8221;0&#8243; padding_horizontal=&#8221;0&#8243; margin_vertical=&#8221;0&#8243; custom_css=&#8221;margin-top: 0px;margin-bottom: 0px;&#8221; border_size=&#8221;0&#8243; border_styling_global=&#8221;default&#8221; width=&#8221;1\/1&#8243; el_position=&#8221;first last&#8221;] DIE W\u00c4RMFLASCHEN-MANUFAKTUR Willkommen bei heisser hamster ! &nbsp; Wir entwerfen und fertigen seit 2011 W\u00e4rmflaschen die erst nach Bestellung speziell f\u00fcr Dich mit Deinem Motiv oder Deiner eigenen [&hellip;]","og_url":"https:\/\/heisserhamster.de\/waermflasche\/ueber-uns\/","article_modified_time":"2021-08-13T13:33:44+00:00","twitter_card":"summary_large_image","twitter_misc":{"Gesch\u00e4tzte Lesezeit":"1\u00a0Minute"},"schema":{"@context":"https:\/\/schema.org","@graph":[{"@type":"WebPage","@id":"https:\/\/heisserhamster.de\/waermflasche\/ueber-uns\/","url":"https:\/\/heisserhamster.de\/waermflasche\/ueber-uns\/","name":"\u00dcber uns -","isPartOf":{"@id":"https:\/\/heisserhamster.de\/waermflasche\/#website"},"datePublished":"2017-02-22T10:01:50+00:00","dateModified":"2021-08-13T13:33:44+00:00","breadcrumb":{"@id":"https:\/\/heisserhamster.de\/waermflasche\/ueber-uns\/#breadcrumb"},"inLanguage":"de","potentialAction":[{"@type":"ReadAction","target":["https:\/\/heisserhamster.de\/waermflasche\/ueber-uns\/"]}]},{"@type":"BreadcrumbList","@id":"https:\/\/heisserhamster.de\/waermflasche\/ueber-uns\/#breadcrumb","itemListElement":[{"@type":"ListItem","position":1,"name":"Startseite","item":"https:\/\/heisserhamster.de\/waermflasche\/"},{"@type":"ListItem","position":2,"name":"\u00dcber uns"}]},{"@type":"WebSite","@id":"https:\/\/heisserhamster.de\/waermflasche\/#website","url":"https:\/\/heisserhamster.de\/waermflasche\/","name":"","description":"","potentialAction":[{"@type":"SearchAction","target":{"@type":"EntryPoint","urlTemplate":"https:\/\/heisserhamster.de\/waermflasche\/?s={search_term_string}"},"query-input":{"@type":"PropertyValueSpecification","valueRequired":true,"valueName":"search_term_string"}}],"inLanguage":"de"}]}},"_links":{"self":[{"href":"https:\/\/heisserhamster.de\/waermflasche\/wp-json\/wp\/v2\/pages\/14700","targetHints":{"allow":["GET"]}}],"collection":[{"href":"https:\/\/heisserhamster.de\/waermflasche\/wp-json\/wp\/v2\/pages"}],"about":[{"href":"https:\/\/heisserhamster.de\/waermflasche\/wp-json\/wp\/v2\/types\/page"}],"author":[{"embeddable":true,"href":"https:\/\/heisserhamster.de\/waermflasche\/wp-json\/wp\/v2\/users\/2"}],"replies":[{"embeddable":true,"href":"https:\/\/heisserhamster.de\/waermflasche\/wp-json\/wp\/v2\/comments?post=14700"}],"version-history":[{"count":0,"href":"https:\/\/heisserhamster.de\/waermflasche\/wp-json\/wp\/v2\/pages\/14700\/revisions"}],"wp:attachment":[{"href":"https:\/\/heisserhamster.de\/waermflasche\/wp-json\/wp\/v2\/media?parent=14700"}],"curies":[{"name":"wp","href":"https:\/\/api.w.org\/{rel}","templated":true}]}}